{"id":40874,"date":"2025-10-09T20:19:47","date_gmt":"2025-10-10T00:19:47","guid":{"rendered":"https:\/\/pontscouverts.com\/blogue\/?page_id=40874"},"modified":"2025-10-09T23:32:13","modified_gmt":"2025-10-10T03:32:13","slug":"pont-edward-0riginal","status":"publish","type":"page","link":"https:\/\/pontscouverts.com\/blogue\/pont-edward-0riginal\/","title":{"rendered":"Pont Edward original"},"content":{"rendered":"\n<h1 class=\"has-text-color has-medium-font-size\" style=\"color:#85c942\">Estrie<\/h1>\n\n\n\n<h2>Hillhurst<\/h2>\n\n\n\n<figure class=\"wp-block-image size-large\"><a href=\"https:\/\/pontscouverts.com\/blogue\/wp-content\/uploads\/2025\/09\/edwar-5.jpg\"><img loading=\"lazy\" width=\"1024\" height=\"776\" src=\"https:\/\/pontscouverts.com\/blogue\/wp-content\/uploads\/2025\/09\/edwar-5-1024x776.jpg\" alt=\"\" class=\"wp-image-40806\" srcset=\"https:\/\/pontscouverts.com\/blogue\/wp-content\/uploads\/2025\/09\/edwar-5-1024x776.jpg 1024w, https:\/\/pontscouverts.com\/blogue\/wp-content\/uploads\/2025\/09\/edwar-5-300x227.jpg 300w, https:\/\/pontscouverts.com\/blogue\/wp-content\/uploads\/2025\/09\/edwar-5-768x582.jpg 768w, https:\/\/pontscouverts.com\/blogue\/wp-content\/uploads\/2025\/09\/edwar-5-1536x1165.jpg 1536w, https:\/\/pontscouverts.com\/blogue\/wp-content\/uploads\/2025\/09\/edwar-5-2048x1553.jpg 2048w, https:\/\/pontscouverts.com\/blogue\/wp-content\/uploads\/2025\/09\/edwar-5-624x473.jpg 624w\" sizes=\"(max-width: 1024px) 100vw, 1024px\" \/><\/a><figcaption>Photo : Margaret Foster<\/figcaption><\/figure>\n\n\n\n<p class=\"has-black-color has-text-color\"><strong>Construction :<\/strong>&nbsp;1888<br><strong>Longueur :<\/strong>&nbsp;90 pieds<br><strong>Cours d\u2019eau :<\/strong>&nbsp;Rivi\u00e8re Coaticook<br><strong>Statut :<\/strong>&nbsp;D\u00e9truit par les glaces en 1964<br><strong>Type de ferme :<\/strong>&nbsp;poin\u00e7on multiple<br><strong>Charge affich\u00e9e :<\/strong>&nbsp;N\/D<br><strong>No officiel :<\/strong>&nbsp;61-18-13<br><strong><a href=\"https:\/\/www.compton.ca\" target=\"_blank\" rel=\"noreferrer noopener\">Site Web<\/a><\/strong><\/p>\n\n\n\n<h2 class=\"has-text-color\" style=\"color:#0dae15\"><strong>\u00c0 propos de ce pont :<\/strong><\/h2>\n\n\n\n<p class=\"has-black-color has-text-color\">Le pont Edward a \u00e9t\u00e9 construit en 1888 \u00e0 Hillhurst (aujourd\u2019hui Compton) et il enjambait la rivi\u00e8re Coaticook. Il poss\u00e9dait alors une toiture en t\u00f4le et des contreforts. Ce pont avait une ferme \u00e0 poin\u00e7ons et son lambris ne disposait d\u2019aucune ouverture lat\u00e9rale.&nbsp;&nbsp;&nbsp;<\/p>\n\n\n\n<p class=\"has-black-color has-text-color\">En 1964, il a \u00e9t\u00e9 d\u00e9truit par les glaces furieuses de la rivi\u00e8re Coaticook.&nbsp; Les restes du pont ont \u00e9t\u00e9 r\u00e9cup\u00e9r\u00e9s par la famille Moore, les fondateurs du village Canadiana de Rawdon. Un pont couvert a \u00e9t\u00e9 construit en utilisant le mat\u00e9riel r\u00e9cup\u00e9r\u00e9. La strucrure est dor\u00e9navant plus courte d&rsquo;une trentaine de pieds. Le pont poss\u00e8de maintenant une toiture en bardeaux et des ouvertures lat\u00e9rales. Il est \u00e9galement sans ferme.<\/p>\n\n\n\n<p class=\"has-black-color has-text-color\">Le village Canadiana a ferm\u00e9 ses portes au milieu des ann\u00e9es 90. Laiss\u00e9 \u00e0 l&rsquo;abandon pendant plusieurs ann\u00e9es, le site a surtout servi pour des tournages cin\u00e9matographiques. Apr\u00e8s avoir \u00e9t\u00e9 en vente pendant une longue p\u00e9riode, le site a \u00e9t\u00e9 achet\u00e9 par des entrepreneurs soucieux de mettre en valeur ce site patrimonial. Ces derniers travaillent \u00e0 restaurer et revitaliser le site et visent une r\u00e9ouverture pour 2026. Le site a \u00e9t\u00e9 ouvert pour des \u00e9v\u00e9nements sp\u00e9ciaux en 2025. Il est m\u00eame possible d&rsquo;y s\u00e9journer dans des mini chalets r\u00e9cemment construits, ce qui donne droit \u00e0 un acc\u00e8s et une visite du village historique.<\/p>\n\n\n\n<figure class=\"wp-block-gallery has-nested-images columns-default is-cropped\">\n<figure class=\"wp-block-image size-large\"><a href=\"https:\/\/pontscouverts.com\/blogue\/wp-content\/uploads\/2025\/09\/edwar-5.jpg\"><img loading=\"lazy\" width=\"1024\" height=\"776\" data-id=\"40806\"  src=\"https:\/\/pontscouverts.com\/blogue\/wp-content\/uploads\/2025\/09\/edwar-5-1024x776.jpg\" alt=\"\" class=\"wp-image-40806\" srcset=\"https:\/\/pontscouverts.com\/blogue\/wp-content\/uploads\/2025\/09\/edwar-5-1024x776.jpg 1024w, https:\/\/pontscouverts.com\/blogue\/wp-content\/uploads\/2025\/09\/edwar-5-300x227.jpg 300w, https:\/\/pontscouverts.com\/blogue\/wp-content\/uploads\/2025\/09\/edwar-5-768x582.jpg 768w, https:\/\/pontscouverts.com\/blogue\/wp-content\/uploads\/2025\/09\/edwar-5-1536x1165.jpg 1536w, https:\/\/pontscouverts.com\/blogue\/wp-content\/uploads\/2025\/09\/edwar-5-2048x1553.jpg 2048w, https:\/\/pontscouverts.com\/blogue\/wp-content\/uploads\/2025\/09\/edwar-5-624x473.jpg 624w\" sizes=\"(max-width: 1024px) 100vw, 1024px\" \/><\/a><figcaption>Photo : Margaret Foster<\/figcaption><\/figure>\n\n\n\n<figure class=\"wp-block-image size-large\"><a href=\"https:\/\/pontscouverts.com\/blogue\/wp-content\/uploads\/2025\/10\/Edward8.jpg\"><img loading=\"lazy\" width=\"796\" height=\"587\" data-id=\"40868\"  src=\"https:\/\/pontscouverts.com\/blogue\/wp-content\/uploads\/2025\/10\/Edward8.jpg\" alt=\"\" class=\"wp-image-40868\" srcset=\"https:\/\/pontscouverts.com\/blogue\/wp-content\/uploads\/2025\/10\/Edward8.jpg 796w, https:\/\/pontscouverts.com\/blogue\/wp-content\/uploads\/2025\/10\/Edward8-300x221.jpg 300w, https:\/\/pontscouverts.com\/blogue\/wp-content\/uploads\/2025\/10\/Edward8-768x566.jpg 768w, https:\/\/pontscouverts.com\/blogue\/wp-content\/uploads\/2025\/10\/Edward8-624x460.jpg 624w\" sizes=\"(max-width: 796px) 100vw, 796px\" \/><\/a><figcaption>Photo : Verna Gatchell<\/figcaption><\/figure>\n\n\n\n<figure class=\"wp-block-image size-large\"><a href=\"https:\/\/pontscouverts.com\/blogue\/wp-content\/uploads\/2025\/09\/edwar-6-scaled.jpg\"><img loading=\"lazy\" width=\"1024\" height=\"582\" data-id=\"40805\"  src=\"https:\/\/pontscouverts.com\/blogue\/wp-content\/uploads\/2025\/09\/edwar-6-1024x582.jpg\" alt=\"\" class=\"wp-image-40805\" srcset=\"https:\/\/pontscouverts.com\/blogue\/wp-content\/uploads\/2025\/09\/edwar-6-1024x582.jpg 1024w, https:\/\/pontscouverts.com\/blogue\/wp-content\/uploads\/2025\/09\/edwar-6-300x170.jpg 300w, https:\/\/pontscouverts.com\/blogue\/wp-content\/uploads\/2025\/09\/edwar-6-768x436.jpg 768w, https:\/\/pontscouverts.com\/blogue\/wp-content\/uploads\/2025\/09\/edwar-6-1536x873.jpg 1536w, https:\/\/pontscouverts.com\/blogue\/wp-content\/uploads\/2025\/09\/edwar-6-2048x1164.jpg 2048w, https:\/\/pontscouverts.com\/blogue\/wp-content\/uploads\/2025\/09\/edwar-6-624x355.jpg 624w\" sizes=\"(max-width: 1024px) 100vw, 1024px\" \/><\/a><figcaption>Coll : G\u00e9rald Arbour<\/figcaption><\/figure>\n\n\n\n<figure class=\"wp-block-image size-large\"><a href=\"https:\/\/pontscouverts.com\/blogue\/wp-content\/uploads\/2025\/09\/edwar-3.jpg\"><img loading=\"lazy\" width=\"1024\" height=\"942\" data-id=\"40804\"  src=\"https:\/\/pontscouverts.com\/blogue\/wp-content\/uploads\/2025\/09\/edwar-3-1024x942.jpg\" alt=\"\" class=\"wp-image-40804\" srcset=\"https:\/\/pontscouverts.com\/blogue\/wp-content\/uploads\/2025\/09\/edwar-3-1024x942.jpg 1024w, https:\/\/pontscouverts.com\/blogue\/wp-content\/uploads\/2025\/09\/edwar-3-300x276.jpg 300w, https:\/\/pontscouverts.com\/blogue\/wp-content\/uploads\/2025\/09\/edwar-3-768x706.jpg 768w, https:\/\/pontscouverts.com\/blogue\/wp-content\/uploads\/2025\/09\/edwar-3-624x574.jpg 624w, https:\/\/pontscouverts.com\/blogue\/wp-content\/uploads\/2025\/09\/edwar-3.jpg 1283w\" sizes=\"(max-width: 1024px) 100vw, 1024px\" \/><\/a><figcaption>Le Progr\u00e8s de Coaticook,&nbsp;11 mars 1964<\/figcaption><\/figure>\n\n\n\n<figure class=\"wp-block-image size-large\"><a href=\"https:\/\/pontscouverts.com\/blogue\/wp-content\/uploads\/2025\/09\/edwar-4.jpg\"><img loading=\"lazy\" width=\"969\" height=\"654\" data-id=\"40802\"  src=\"https:\/\/pontscouverts.com\/blogue\/wp-content\/uploads\/2025\/09\/edwar-4.jpg\" alt=\"\" class=\"wp-image-40802\" srcset=\"https:\/\/pontscouverts.com\/blogue\/wp-content\/uploads\/2025\/09\/edwar-4.jpg 969w, https:\/\/pontscouverts.com\/blogue\/wp-content\/uploads\/2025\/09\/edwar-4-300x202.jpg 300w, https:\/\/pontscouverts.com\/blogue\/wp-content\/uploads\/2025\/09\/edwar-4-768x518.jpg 768w, https:\/\/pontscouverts.com\/blogue\/wp-content\/uploads\/2025\/09\/edwar-4-624x421.jpg 624w\" sizes=\"(max-width: 969px) 100vw, 969px\" \/><\/a><figcaption>Le Progr\u00e8s de Coaticook,&nbsp;11 mars 1964<\/figcaption><\/figure>\n\n\n\n<figure class=\"wp-block-image size-full\"><a href=\"https:\/\/pontscouverts.com\/blogue\/wp-content\/uploads\/2025\/09\/IMG_1380-scaled.jpeg\"><img loading=\"lazy\" width=\"2560\" height=\"1920\" data-id=\"40734\"  src=\"https:\/\/pontscouverts.com\/blogue\/wp-content\/uploads\/2025\/09\/IMG_1380-scaled.jpeg\" alt=\"\" class=\"wp-image-40734\" srcset=\"https:\/\/pontscouverts.com\/blogue\/wp-content\/uploads\/2025\/09\/IMG_1380-scaled.jpeg 2560w, https:\/\/pontscouverts.com\/blogue\/wp-content\/uploads\/2025\/09\/IMG_1380-300x225.jpeg 300w, https:\/\/pontscouverts.com\/blogue\/wp-content\/uploads\/2025\/09\/IMG_1380-1024x768.jpeg 1024w, https:\/\/pontscouverts.com\/blogue\/wp-content\/uploads\/2025\/09\/IMG_1380-768x576.jpeg 768w, https:\/\/pontscouverts.com\/blogue\/wp-content\/uploads\/2025\/09\/IMG_1380-1536x1152.jpeg 1536w, https:\/\/pontscouverts.com\/blogue\/wp-content\/uploads\/2025\/09\/IMG_1380-2048x1536.jpeg 2048w, https:\/\/pontscouverts.com\/blogue\/wp-content\/uploads\/2025\/09\/IMG_1380-624x468.jpeg 624w\" sizes=\"(max-width: 2560px) 100vw, 2560px\" \/><\/a><figcaption>Pascal Conner Septembre 2025<\/figcaption><\/figure>\n\n\n\n<figure class=\"wp-block-image size-full\"><a href=\"https:\/\/pontscouverts.com\/blogue\/wp-content\/uploads\/2025\/09\/IMG_1511-scaled.jpeg\"><img loading=\"lazy\" width=\"2560\" height=\"1920\" data-id=\"40735\"  src=\"https:\/\/pontscouverts.com\/blogue\/wp-content\/uploads\/2025\/09\/IMG_1511-scaled.jpeg\" alt=\"\" class=\"wp-image-40735\" srcset=\"https:\/\/pontscouverts.com\/blogue\/wp-content\/uploads\/2025\/09\/IMG_1511-scaled.jpeg 2560w, https:\/\/pontscouverts.com\/blogue\/wp-content\/uploads\/2025\/09\/IMG_1511-300x225.jpeg 300w, https:\/\/pontscouverts.com\/blogue\/wp-content\/uploads\/2025\/09\/IMG_1511-1024x768.jpeg 1024w, https:\/\/pontscouverts.com\/blogue\/wp-content\/uploads\/2025\/09\/IMG_1511-768x576.jpeg 768w, https:\/\/pontscouverts.com\/blogue\/wp-content\/uploads\/2025\/09\/IMG_1511-1536x1152.jpeg 1536w, https:\/\/pontscouverts.com\/blogue\/wp-content\/uploads\/2025\/09\/IMG_1511-2048x1536.jpeg 2048w, https:\/\/pontscouverts.com\/blogue\/wp-content\/uploads\/2025\/09\/IMG_1511-624x468.jpeg 624w\" sizes=\"(max-width: 2560px) 100vw, 2560px\" \/><\/a><figcaption>Pascal Conner Septembre 2025<\/figcaption><\/figure>\n\n\n\n<figure class=\"wp-block-image size-full\"><a href=\"https:\/\/pontscouverts.com\/blogue\/wp-content\/uploads\/2025\/09\/IMG_1513-scaled.jpeg\"><img loading=\"lazy\" width=\"2560\" height=\"1920\" data-id=\"40731\"  src=\"https:\/\/pontscouverts.com\/blogue\/wp-content\/uploads\/2025\/09\/IMG_1513-scaled.jpeg\" alt=\"\" class=\"wp-image-40731\" srcset=\"https:\/\/pontscouverts.com\/blogue\/wp-content\/uploads\/2025\/09\/IMG_1513-scaled.jpeg 2560w, https:\/\/pontscouverts.com\/blogue\/wp-content\/uploads\/2025\/09\/IMG_1513-300x225.jpeg 300w, https:\/\/pontscouverts.com\/blogue\/wp-content\/uploads\/2025\/09\/IMG_1513-1024x768.jpeg 1024w, https:\/\/pontscouverts.com\/blogue\/wp-content\/uploads\/2025\/09\/IMG_1513-768x576.jpeg 768w, https:\/\/pontscouverts.com\/blogue\/wp-content\/uploads\/2025\/09\/IMG_1513-1536x1152.jpeg 1536w, https:\/\/pontscouverts.com\/blogue\/wp-content\/uploads\/2025\/09\/IMG_1513-2048x1536.jpeg 2048w, https:\/\/pontscouverts.com\/blogue\/wp-content\/uploads\/2025\/09\/IMG_1513-624x468.jpeg 624w\" sizes=\"(max-width: 2560px) 100vw, 2560px\" \/><\/a><figcaption>Pascal Conner Septembre 2025<\/figcaption><\/figure>\n\n\n\n<figure class=\"wp-block-image size-full\"><a href=\"https:\/\/pontscouverts.com\/blogue\/wp-content\/uploads\/2025\/09\/IMG_1514-scaled.jpeg\"><img loading=\"lazy\" width=\"2560\" height=\"1959\" data-id=\"40732\"  src=\"https:\/\/pontscouverts.com\/blogue\/wp-content\/uploads\/2025\/09\/IMG_1514-scaled.jpeg\" alt=\"\" class=\"wp-image-40732\" srcset=\"https:\/\/pontscouverts.com\/blogue\/wp-content\/uploads\/2025\/09\/IMG_1514-scaled.jpeg 2560w, https:\/\/pontscouverts.com\/blogue\/wp-content\/uploads\/2025\/09\/IMG_1514-300x230.jpeg 300w, https:\/\/pontscouverts.com\/blogue\/wp-content\/uploads\/2025\/09\/IMG_1514-1024x784.jpeg 1024w, https:\/\/pontscouverts.com\/blogue\/wp-content\/uploads\/2025\/09\/IMG_1514-768x588.jpeg 768w, https:\/\/pontscouverts.com\/blogue\/wp-content\/uploads\/2025\/09\/IMG_1514-1536x1175.jpeg 1536w, https:\/\/pontscouverts.com\/blogue\/wp-content\/uploads\/2025\/09\/IMG_1514-2048x1567.jpeg 2048w, https:\/\/pontscouverts.com\/blogue\/wp-content\/uploads\/2025\/09\/IMG_1514-624x477.jpeg 624w\" sizes=\"(max-width: 2560px) 100vw, 2560px\" \/><\/a><figcaption>Pascal Conner Septembre 2025<\/figcaption><\/figure>\n\n\n\n<figure class=\"wp-block-image size-full\"><a href=\"https:\/\/pontscouverts.com\/blogue\/wp-content\/uploads\/2025\/09\/IMG_2647-scaled.jpeg\"><img loading=\"lazy\" width=\"2560\" height=\"1920\" data-id=\"40736\"  src=\"https:\/\/pontscouverts.com\/blogue\/wp-content\/uploads\/2025\/09\/IMG_2647-scaled.jpeg\" alt=\"\" class=\"wp-image-40736\" srcset=\"https:\/\/pontscouverts.com\/blogue\/wp-content\/uploads\/2025\/09\/IMG_2647-scaled.jpeg 2560w, https:\/\/pontscouverts.com\/blogue\/wp-content\/uploads\/2025\/09\/IMG_2647-300x225.jpeg 300w, https:\/\/pontscouverts.com\/blogue\/wp-content\/uploads\/2025\/09\/IMG_2647-1024x768.jpeg 1024w, https:\/\/pontscouverts.com\/blogue\/wp-content\/uploads\/2025\/09\/IMG_2647-768x576.jpeg 768w, https:\/\/pontscouverts.com\/blogue\/wp-content\/uploads\/2025\/09\/IMG_2647-1536x1152.jpeg 1536w, https:\/\/pontscouverts.com\/blogue\/wp-content\/uploads\/2025\/09\/IMG_2647-2048x1536.jpeg 2048w, https:\/\/pontscouverts.com\/blogue\/wp-content\/uploads\/2025\/09\/IMG_2647-624x468.jpeg 624w\" sizes=\"(max-width: 2560px) 100vw, 2560px\" \/><\/a><figcaption>Pascal Conner Septembre 2025<\/figcaption><\/figure>\n\n\n\n<figure class=\"wp-block-image size-full\"><a href=\"https:\/\/pontscouverts.com\/blogue\/wp-content\/uploads\/2025\/09\/numerisation0031.jpg\"><img loading=\"lazy\" width=\"1147\" height=\"717\" data-id=\"40717\"  src=\"https:\/\/pontscouverts.com\/blogue\/wp-content\/uploads\/2025\/09\/numerisation0031.jpg\" alt=\"\" class=\"wp-image-40717\" srcset=\"https:\/\/pontscouverts.com\/blogue\/wp-content\/uploads\/2025\/09\/numerisation0031.jpg 1147w, https:\/\/pontscouverts.com\/blogue\/wp-content\/uploads\/2025\/09\/numerisation0031-300x188.jpg 300w, https:\/\/pontscouverts.com\/blogue\/wp-content\/uploads\/2025\/09\/numerisation0031-1024x640.jpg 1024w, https:\/\/pontscouverts.com\/blogue\/wp-content\/uploads\/2025\/09\/numerisation0031-768x480.jpg 768w, https:\/\/pontscouverts.com\/blogue\/wp-content\/uploads\/2025\/09\/numerisation0031-624x390.jpg 624w\" sizes=\"(max-width: 1147px) 100vw, 1147px\" \/><\/a><figcaption>Jacques Plamondon 1997<\/figcaption><\/figure>\n\n\n\n<figure class=\"wp-block-image size-full\"><a href=\"https:\/\/pontscouverts.com\/blogue\/wp-content\/uploads\/2025\/09\/numerisation0029.jpg\"><img loading=\"lazy\" width=\"1147\" height=\"797\" data-id=\"40718\"  src=\"https:\/\/pontscouverts.com\/blogue\/wp-content\/uploads\/2025\/09\/numerisation0029.jpg\" alt=\"\" class=\"wp-image-40718\" srcset=\"https:\/\/pontscouverts.com\/blogue\/wp-content\/uploads\/2025\/09\/numerisation0029.jpg 1147w, https:\/\/pontscouverts.com\/blogue\/wp-content\/uploads\/2025\/09\/numerisation0029-300x208.jpg 300w, https:\/\/pontscouverts.com\/blogue\/wp-content\/uploads\/2025\/09\/numerisation0029-1024x712.jpg 1024w, https:\/\/pontscouverts.com\/blogue\/wp-content\/uploads\/2025\/09\/numerisation0029-768x534.jpg 768w, https:\/\/pontscouverts.com\/blogue\/wp-content\/uploads\/2025\/09\/numerisation0029-624x434.jpg 624w\" sizes=\"(max-width: 1147px) 100vw, 1147px\" \/><\/a><figcaption>Jacques Plamondon 1997<\/figcaption><\/figure>\n\n\n\n<figure class=\"wp-block-image size-full\"><a href=\"https:\/\/pontscouverts.com\/blogue\/wp-content\/uploads\/2025\/05\/IMG_0890-scaled.jpeg\"><img loading=\"lazy\" width=\"2560\" height=\"2400\" data-id=\"40169\"  src=\"https:\/\/pontscouverts.com\/blogue\/wp-content\/uploads\/2025\/05\/IMG_0890-scaled.jpeg\" alt=\"\" class=\"wp-image-40169\" srcset=\"https:\/\/pontscouverts.com\/blogue\/wp-content\/uploads\/2025\/05\/IMG_0890-scaled.jpeg 2560w, https:\/\/pontscouverts.com\/blogue\/wp-content\/uploads\/2025\/05\/IMG_0890-300x281.jpeg 300w, https:\/\/pontscouverts.com\/blogue\/wp-content\/uploads\/2025\/05\/IMG_0890-1024x960.jpeg 1024w, https:\/\/pontscouverts.com\/blogue\/wp-content\/uploads\/2025\/05\/IMG_0890-768x720.jpeg 768w, https:\/\/pontscouverts.com\/blogue\/wp-content\/uploads\/2025\/05\/IMG_0890-1536x1440.jpeg 1536w, https:\/\/pontscouverts.com\/blogue\/wp-content\/uploads\/2025\/05\/IMG_0890-2048x1920.jpeg 2048w, https:\/\/pontscouverts.com\/blogue\/wp-content\/uploads\/2025\/05\/IMG_0890-624x585.jpeg 624w\" sizes=\"(max-width: 2560px) 100vw, 2560px\" \/><\/a><figcaption>Souvenir du Village Canadiana<\/figcaption><\/figure>\n\n\n\n<figure class=\"wp-block-image size-full\"><a href=\"https:\/\/pontscouverts.com\/blogue\/wp-content\/uploads\/2025\/05\/IMG_0894-scaled.jpeg\"><img loading=\"lazy\" width=\"2560\" height=\"2220\" data-id=\"40170\"  src=\"https:\/\/pontscouverts.com\/blogue\/wp-content\/uploads\/2025\/05\/IMG_0894-scaled.jpeg\" alt=\"\" class=\"wp-image-40170\" srcset=\"https:\/\/pontscouverts.com\/blogue\/wp-content\/uploads\/2025\/05\/IMG_0894-scaled.jpeg 2560w, https:\/\/pontscouverts.com\/blogue\/wp-content\/uploads\/2025\/05\/IMG_0894-300x260.jpeg 300w, https:\/\/pontscouverts.com\/blogue\/wp-content\/uploads\/2025\/05\/IMG_0894-1024x888.jpeg 1024w, https:\/\/pontscouverts.com\/blogue\/wp-content\/uploads\/2025\/05\/IMG_0894-768x666.jpeg 768w, https:\/\/pontscouverts.com\/blogue\/wp-content\/uploads\/2025\/05\/IMG_0894-1536x1332.jpeg 1536w, https:\/\/pontscouverts.com\/blogue\/wp-content\/uploads\/2025\/05\/IMG_0894-2048x1776.jpeg 2048w, https:\/\/pontscouverts.com\/blogue\/wp-content\/uploads\/2025\/05\/IMG_0894-624x541.jpeg 624w\" sizes=\"(max-width: 2560px) 100vw, 2560px\" \/><\/a><figcaption>Souvenir du Village Canadiana<\/figcaption><\/figure>\n\n\n\n<figure class=\"wp-block-image size-full\"><a href=\"https:\/\/pontscouverts.com\/blogue\/wp-content\/uploads\/2025\/09\/Sel_Village.jpg\"><img loading=\"lazy\" width=\"2448\" height=\"1725\" data-id=\"40727\"  src=\"https:\/\/pontscouverts.com\/blogue\/wp-content\/uploads\/2025\/09\/Sel_Village.jpg\" alt=\"\" class=\"wp-image-40727\" srcset=\"https:\/\/pontscouverts.com\/blogue\/wp-content\/uploads\/2025\/09\/Sel_Village.jpg 2448w, https:\/\/pontscouverts.com\/blogue\/wp-content\/uploads\/2025\/09\/Sel_Village-300x211.jpg 300w, https:\/\/pontscouverts.com\/blogue\/wp-content\/uploads\/2025\/09\/Sel_Village-1024x722.jpg 1024w, https:\/\/pontscouverts.com\/blogue\/wp-content\/uploads\/2025\/09\/Sel_Village-768x541.jpg 768w, https:\/\/pontscouverts.com\/blogue\/wp-content\/uploads\/2025\/09\/Sel_Village-1536x1082.jpg 1536w, https:\/\/pontscouverts.com\/blogue\/wp-content\/uploads\/2025\/09\/Sel_Village-2048x1443.jpg 2048w, https:\/\/pontscouverts.com\/blogue\/wp-content\/uploads\/2025\/09\/Sel_Village-624x440.jpg 624w\" sizes=\"(max-width: 2448px) 100vw, 2448px\" \/><\/a><figcaption>Souvenir du Village Canadiana<\/figcaption><\/figure>\n<\/figure>\n\n\n\n<p><\/p>\n","protected":false},"excerpt":{"rendered":"<p>Estrie Hillhurst Construction :&nbsp;1888Longueur :&nbsp;90 piedsCours d\u2019eau :&nbsp;Rivi\u00e8re CoaticookStatut :&nbsp;D\u00e9truit par les glaces en 1964Type de ferme :&nbsp;poin\u00e7on multipleCharge affich\u00e9e :&nbsp;N\/DNo officiel :&nbsp;61-18-13Site Web \u00c0 propos de ce pont : Le pont Edward a \u00e9t\u00e9 construit en 1888 \u00e0 Hillhurst (aujourd\u2019hui Compton) et il enjambait la rivi\u00e8re Coaticook. Il poss\u00e9dait alors une toiture en t\u00f4le [&hellip;]<\/p>\n","protected":false},"author":1,"featured_media":0,"parent":0,"menu_order":0,"comment_status":"closed","ping_status":"closed","template":"","meta":[],"_links":{"self":[{"href":"https:\/\/pontscouverts.com\/blogue\/wp-json\/wp\/v2\/pages\/40874"}],"collection":[{"href":"https:\/\/pontscouverts.com\/blogue\/wp-json\/wp\/v2\/pages"}],"about":[{"href":"https:\/\/pontscouverts.com\/blogue\/wp-json\/wp\/v2\/types\/page"}],"author":[{"embeddable":true,"href":"https:\/\/pontscouverts.com\/blogue\/wp-json\/wp\/v2\/users\/1"}],"replies":[{"embeddable":true,"href":"https:\/\/pontscouverts.com\/blogue\/wp-json\/wp\/v2\/comments?post=40874"}],"version-history":[{"count":6,"href":"https:\/\/pontscouverts.com\/blogue\/wp-json\/wp\/v2\/pages\/40874\/revisions"}],"predecessor-version":[{"id":40901,"href":"https:\/\/pontscouverts.com\/blogue\/wp-json\/wp\/v2\/pages\/40874\/revisions\/40901"}],"wp:attachment":[{"href":"https:\/\/pontscouverts.com\/blogue\/wp-json\/wp\/v2\/media?parent=40874"}],"curies":[{"name":"wp","href":"https:\/\/api.w.org\/{rel}","templated":true}]}}