{"id":39975,"date":"2025-02-17T10:46:18","date_gmt":"2025-02-17T15:46:18","guid":{"rendered":"https:\/\/pontscouverts.com\/blogue\/?page_id=39975"},"modified":"2025-02-18T08:52:48","modified_gmt":"2025-02-18T13:52:48","slug":"pont-du-village","status":"publish","type":"page","link":"https:\/\/pontscouverts.com\/blogue\/pont-du-village\/","title":{"rendered":"Pont du Village"},"content":{"rendered":"\n<p class=\"has-text-color has-medium-font-size\" style=\"color:#008000\"><strong><em>Chaudi\u00e8re-Appalaches<\/em><\/strong><\/p>\n\n\n\n<p class=\"has-black-color has-text-color has-medium-font-size\"><strong>Sainte-Lucie-de-Beauregard<\/strong><\/p>\n\n\n\n<figure class=\"wp-block-image size-large is-resized\"><a href=\"https:\/\/pontscouverts.com\/blogue\/wp-content\/uploads\/2025\/02\/Village.jpg\"><img loading=\"lazy\" src=\"https:\/\/pontscouverts.com\/blogue\/wp-content\/uploads\/2025\/02\/Village-1024x574.jpg\" alt=\"\" class=\"wp-image-39977\" width=\"655\" height=\"367\" srcset=\"https:\/\/pontscouverts.com\/blogue\/wp-content\/uploads\/2025\/02\/Village-1024x574.jpg 1024w, https:\/\/pontscouverts.com\/blogue\/wp-content\/uploads\/2025\/02\/Village-300x168.jpg 300w, https:\/\/pontscouverts.com\/blogue\/wp-content\/uploads\/2025\/02\/Village-768x431.jpg 768w, https:\/\/pontscouverts.com\/blogue\/wp-content\/uploads\/2025\/02\/Village-624x350.jpg 624w, https:\/\/pontscouverts.com\/blogue\/wp-content\/uploads\/2025\/02\/Village.jpg 1287w\" sizes=\"(max-width: 655px) 100vw, 655px\" \/><\/a><figcaption>&nbsp;Laurence Langlois (1947) BAnQ, E6, S7, SS1, P37180<\/figcaption><\/figure>\n\n\n\n<p><strong>Construction :<\/strong> 1918<br><strong>Longueur :<\/strong> 95 pieds<br><strong>Cours d\u2019eau :<\/strong> Rivi\u00e8re Noire Nord-Ouest<br><strong>Statut :<\/strong>&nbsp;D\u00e9moli en 1963<br><strong>Localisation :<\/strong> Rang VIII (Actuelle toute 204)<br><strong>Type de ferme :<\/strong> Town \u00e9labor\u00e9<br><strong>No officiel :<\/strong> 61-47-03<br><strong><a href=\"https:\/\/www.sainteluciedebeauregard.com\" target=\"_blank\" rel=\"noreferrer noopener\">Site Web de la ville<\/a><\/strong><\/p>\n\n\n\n<h2 class=\"has-text-color\" style=\"color:#008000\">\u00c0 propos de ce pont<\/h2>\n\n\n<p class=\"paragraph_style_4\"><span style=\"color: #000000;\">Le premier des 2 ponts couverts de Ste-Lucie-de-Beauregard \u00e0 avoir \u00e9t\u00e9 construit. Il a \u00e9t\u00e9 \u00e9rig\u00e9 pendant l\u2019hiver de 1917-1918.<\/span><\/p>\n<p class=\"paragraph_style_4\"><span style=\"color: #000000;\">Ce pont \u00e9tait situ\u00e9 au coeur du village, sur le lot 39 du Rang VIII, soit 2 milles en amont du pont des D\u00e9fricheurs.<\/span><\/p>\n<p class=\"paragraph_style_4\"><span style=\"color: #000000;\">Il \u00e9tait souvent ab\u00eem\u00e9 par les glaces au printemps.<\/span><\/p>\n<p class=\"paragraph_style_5\"><span style=\"color: #000000;\">Remplac\u00e9 en 1963 par l\u2019actuel pont de b\u00e9ton.<\/span><\/p>\n\n\n<h1 class=\"has-text-align-center has-text-color\" style=\"color:#26185e\"><strong>GALERIE DE PHOTOS<\/strong><\/h1>\n\n\n\n<figure class=\"wp-block-gallery has-nested-images columns-default is-cropped\">\n<figure class=\"wp-block-image size-large\"><a href=\"https:\/\/pontscouverts.com\/blogue\/wp-content\/uploads\/2025\/02\/614703_1954_riv-Noire_Ste-Lucie-de-Beauregard_Olivier-Desjardins-1954_BAnQ-E6S7SS1P149-54H.jpg\"><img loading=\"lazy\" width=\"1024\" height=\"664\" data-id=\"39984\"  src=\"https:\/\/pontscouverts.com\/blogue\/wp-content\/uploads\/2025\/02\/614703_1954_riv-Noire_Ste-Lucie-de-Beauregard_Olivier-Desjardins-1954_BAnQ-E6S7SS1P149-54H-1024x664.jpg\" alt=\"\" class=\"wp-image-39984\" srcset=\"https:\/\/pontscouverts.com\/blogue\/wp-content\/uploads\/2025\/02\/614703_1954_riv-Noire_Ste-Lucie-de-Beauregard_Olivier-Desjardins-1954_BAnQ-E6S7SS1P149-54H-1024x664.jpg 1024w, https:\/\/pontscouverts.com\/blogue\/wp-content\/uploads\/2025\/02\/614703_1954_riv-Noire_Ste-Lucie-de-Beauregard_Olivier-Desjardins-1954_BAnQ-E6S7SS1P149-54H-300x194.jpg 300w, https:\/\/pontscouverts.com\/blogue\/wp-content\/uploads\/2025\/02\/614703_1954_riv-Noire_Ste-Lucie-de-Beauregard_Olivier-Desjardins-1954_BAnQ-E6S7SS1P149-54H-768x498.jpg 768w, https:\/\/pontscouverts.com\/blogue\/wp-content\/uploads\/2025\/02\/614703_1954_riv-Noire_Ste-Lucie-de-Beauregard_Olivier-Desjardins-1954_BAnQ-E6S7SS1P149-54H-1536x996.jpg 1536w, https:\/\/pontscouverts.com\/blogue\/wp-content\/uploads\/2025\/02\/614703_1954_riv-Noire_Ste-Lucie-de-Beauregard_Olivier-Desjardins-1954_BAnQ-E6S7SS1P149-54H-2048x1327.jpg 2048w, https:\/\/pontscouverts.com\/blogue\/wp-content\/uploads\/2025\/02\/614703_1954_riv-Noire_Ste-Lucie-de-Beauregard_Olivier-Desjardins-1954_BAnQ-E6S7SS1P149-54H-624x404.jpg 624w\" sizes=\"(max-width: 1024px) 100vw, 1024px\" \/><\/a><figcaption>Olivier Desjardins (1954) BAnQ E6,S7,SS1,P149<\/figcaption><\/figure>\n\n\n\n<figure class=\"wp-block-image size-large\"><a href=\"https:\/\/pontscouverts.com\/blogue\/wp-content\/uploads\/2025\/02\/614703_1954_riv-Noire_Ste-Lucie-de-Beauregard_Olivier-Desjardins-1954_BAnQ-E6S7SS1P153-54H.jpg\"><img loading=\"lazy\" width=\"1024\" height=\"673\" data-id=\"39985\"  src=\"https:\/\/pontscouverts.com\/blogue\/wp-content\/uploads\/2025\/02\/614703_1954_riv-Noire_Ste-Lucie-de-Beauregard_Olivier-Desjardins-1954_BAnQ-E6S7SS1P153-54H-1024x673.jpg\" alt=\"\" class=\"wp-image-39985\" srcset=\"https:\/\/pontscouverts.com\/blogue\/wp-content\/uploads\/2025\/02\/614703_1954_riv-Noire_Ste-Lucie-de-Beauregard_Olivier-Desjardins-1954_BAnQ-E6S7SS1P153-54H-1024x673.jpg 1024w, https:\/\/pontscouverts.com\/blogue\/wp-content\/uploads\/2025\/02\/614703_1954_riv-Noire_Ste-Lucie-de-Beauregard_Olivier-Desjardins-1954_BAnQ-E6S7SS1P153-54H-300x197.jpg 300w, https:\/\/pontscouverts.com\/blogue\/wp-content\/uploads\/2025\/02\/614703_1954_riv-Noire_Ste-Lucie-de-Beauregard_Olivier-Desjardins-1954_BAnQ-E6S7SS1P153-54H-768x505.jpg 768w, https:\/\/pontscouverts.com\/blogue\/wp-content\/uploads\/2025\/02\/614703_1954_riv-Noire_Ste-Lucie-de-Beauregard_Olivier-Desjardins-1954_BAnQ-E6S7SS1P153-54H-1536x1009.jpg 1536w, https:\/\/pontscouverts.com\/blogue\/wp-content\/uploads\/2025\/02\/614703_1954_riv-Noire_Ste-Lucie-de-Beauregard_Olivier-Desjardins-1954_BAnQ-E6S7SS1P153-54H-2048x1346.jpg 2048w, https:\/\/pontscouverts.com\/blogue\/wp-content\/uploads\/2025\/02\/614703_1954_riv-Noire_Ste-Lucie-de-Beauregard_Olivier-Desjardins-1954_BAnQ-E6S7SS1P153-54H-624x410.jpg 624w\" sizes=\"(max-width: 1024px) 100vw, 1024px\" \/><\/a><figcaption>Olivier Desjardins (1954) BAnQ E6,S7,SS1,P153<\/figcaption><\/figure>\n\n\n\n<figure class=\"wp-block-image size-large\"><a href=\"https:\/\/pontscouverts.com\/blogue\/wp-content\/uploads\/2025\/02\/Village-1.jpg\"><img loading=\"lazy\" width=\"1024\" height=\"574\" data-id=\"39988\"  src=\"https:\/\/pontscouverts.com\/blogue\/wp-content\/uploads\/2025\/02\/Village-1-1024x574.jpg\" alt=\"\" class=\"wp-image-39988\" srcset=\"https:\/\/pontscouverts.com\/blogue\/wp-content\/uploads\/2025\/02\/Village-1-1024x574.jpg 1024w, https:\/\/pontscouverts.com\/blogue\/wp-content\/uploads\/2025\/02\/Village-1-300x168.jpg 300w, https:\/\/pontscouverts.com\/blogue\/wp-content\/uploads\/2025\/02\/Village-1-768x431.jpg 768w, https:\/\/pontscouverts.com\/blogue\/wp-content\/uploads\/2025\/02\/Village-1-624x350.jpg 624w, https:\/\/pontscouverts.com\/blogue\/wp-content\/uploads\/2025\/02\/Village-1.jpg 1287w\" sizes=\"(max-width: 1024px) 100vw, 1024px\" \/><\/a><figcaption>Album du 75e (1946)<\/figcaption><\/figure>\n<\/figure>\n\n\n\n<p><\/p>\n","protected":false},"excerpt":{"rendered":"<p>Chaudi\u00e8re-Appalaches Sainte-Lucie-de-Beauregard Construction : 1918Longueur : 95 piedsCours d\u2019eau : Rivi\u00e8re Noire Nord-OuestStatut :&nbsp;D\u00e9moli en 1963Localisation : Rang VIII (Actuelle toute 204)Type de ferme : Town \u00e9labor\u00e9No officiel : 61-47-03Site Web de la ville \u00c0 propos de ce pont Le premier des 2 ponts couverts de Ste-Lucie-de-Beauregard \u00e0 avoir \u00e9t\u00e9 construit. Il a \u00e9t\u00e9 \u00e9rig\u00e9 [&hellip;]<\/p>\n","protected":false},"author":1,"featured_media":0,"parent":0,"menu_order":0,"comment_status":"closed","ping_status":"closed","template":"","meta":[],"_links":{"self":[{"href":"https:\/\/pontscouverts.com\/blogue\/wp-json\/wp\/v2\/pages\/39975"}],"collection":[{"href":"https:\/\/pontscouverts.com\/blogue\/wp-json\/wp\/v2\/pages"}],"about":[{"href":"https:\/\/pontscouverts.com\/blogue\/wp-json\/wp\/v2\/types\/page"}],"author":[{"embeddable":true,"href":"https:\/\/pontscouverts.com\/blogue\/wp-json\/wp\/v2\/users\/1"}],"replies":[{"embeddable":true,"href":"https:\/\/pontscouverts.com\/blogue\/wp-json\/wp\/v2\/comments?post=39975"}],"version-history":[{"count":11,"href":"https:\/\/pontscouverts.com\/blogue\/wp-json\/wp\/v2\/pages\/39975\/revisions"}],"predecessor-version":[{"id":40000,"href":"https:\/\/pontscouverts.com\/blogue\/wp-json\/wp\/v2\/pages\/39975\/revisions\/40000"}],"wp:attachment":[{"href":"https:\/\/pontscouverts.com\/blogue\/wp-json\/wp\/v2\/media?parent=39975"}],"curies":[{"name":"wp","href":"https:\/\/api.w.org\/{rel}","templated":true}]}}