{"id":38817,"date":"2024-05-05T09:58:54","date_gmt":"2024-05-05T13:58:54","guid":{"rendered":"https:\/\/pontscouverts.com\/blogue\/?page_id=38817"},"modified":"2024-05-05T09:58:54","modified_gmt":"2024-05-05T13:58:54","slug":"pont-poisson","status":"publish","type":"page","link":"https:\/\/pontscouverts.com\/blogue\/pont-poisson\/","title":{"rendered":"Pont Poisson"},"content":{"rendered":"<h1 class=\"paragraph_style_2\"><span style=\"color: #008000;\"><em><strong><span class=\"style_2\">Centre-du-Qu\u00e9bec<\/span><\/strong><\/em><\/span><\/h1>\n<h2 class=\"paragraph_style_3\">St-R\u00e9mi-de-Tingwick<\/h2>\n<p><a href=\"https:\/\/pontscouverts.com\/blogue\/wp-content\/uploads\/2024\/05\/61-04-09b.jpg\"><img loading=\"lazy\" class=\"alignnone size-full wp-image-38819\" src=\"https:\/\/pontscouverts.com\/blogue\/wp-content\/uploads\/2024\/05\/61-04-09b.jpg\" alt=\"\" width=\"3102\" height=\"2102\" srcset=\"https:\/\/pontscouverts.com\/blogue\/wp-content\/uploads\/2024\/05\/61-04-09b.jpg 3102w, https:\/\/pontscouverts.com\/blogue\/wp-content\/uploads\/2024\/05\/61-04-09b-300x203.jpg 300w, https:\/\/pontscouverts.com\/blogue\/wp-content\/uploads\/2024\/05\/61-04-09b-768x520.jpg 768w, https:\/\/pontscouverts.com\/blogue\/wp-content\/uploads\/2024\/05\/61-04-09b-1024x694.jpg 1024w, https:\/\/pontscouverts.com\/blogue\/wp-content\/uploads\/2024\/05\/61-04-09b-624x423.jpg 624w\" sizes=\"(max-width: 3102px) 100vw, 3102px\" \/><\/a><\/p>\n<div>\n<p><span style=\"color: #000000;\"><strong>Construction :<\/strong> 1900<\/span><br \/>\n<span style=\"color: #000000;\"><strong>Longueur :<\/strong>\u00a022 pieds<\/span><br \/>\n<span style=\"color: #000000;\"><strong>Cours d\u2019eau :<\/strong> Ruisseau Laflamme<\/span><br \/>\n<span style=\"color: #000000;\"><strong>Statut :<\/strong> Emport\u00e9 par les eaux en 1998<\/span><br \/>\n<span style=\"color: #000000;\"><strong>Localisation :<\/strong>\u00a0Terrain priv\u00e9<\/span><br \/>\n<span style=\"color: #000000;\"><strong>Type de ferme :<\/strong>\u00a0Poin\u00e7on simple<\/span><br \/>\n<span style=\"color: #000000;\"><strong>No officiel :<\/strong> 61-04-09<\/span><br \/>\n<a href=\"https:\/\/st-remi-de-tingwick.qc.ca\" target=\"_blank\" rel=\"noopener\"><strong><span style=\"color: #0000ff;\">Site Web de la ville<\/span><\/strong><\/a><\/p>\n<\/div>\n<div class=\"style_SkipStroke_5 shape-with-text flowDefining\">\n<div class=\"text-content Normal_External_848_742\">\n<div class=\"Normal\">\n<h2><span style=\"color: #008000;\"><strong>\u00c0 propos de ce pont :<\/strong><\/span><\/h2>\n<p><span style=\"color: #000000;\">Ce pont avait \u00e9t\u00e9 r\u00e9pertori\u00e9 en 1982. Il \u00e9tait priv\u00e9.<\/span><br \/>\n<span style=\"color: #000000;\">La ferme du pont n\u2019avait plus aucune utilit\u00e9 depuis plusieurs ann\u00e9es.<\/span><br \/>\n<span style=\"color: #000000;\">Le pont Poisson a \u00e9t\u00e9 emport\u00e9 par les eaux le 10 juin 1998 lors d\u2019une pluie diluvienne.<\/span><\/p>\n<h1 style=\"text-align: center;\"><span style=\"color: #333399;\">GALERIE DE PHOTOS<\/span><\/h1>\n\n\t\t<style type=\"text\/css\">\n\t\t\t#gallery-1 {\n\t\t\t\tmargin: auto;\n\t\t\t}\n\t\t\t#gallery-1 .gallery-item {\n\t\t\t\tfloat: left;\n\t\t\t\tmargin-top: 10px;\n\t\t\t\ttext-align: center;\n\t\t\t\twidth: 33%;\n\t\t\t}\n\t\t\t#gallery-1 img {\n\t\t\t\tborder: 2px solid #cfcfcf;\n\t\t\t}\n\t\t\t#gallery-1 .gallery-caption {\n\t\t\t\tmargin-left: 0;\n\t\t\t}\n\t\t\t\/* see gallery_shortcode() in wp-includes\/media.php *\/\n\t\t<\/style>\n\t\t<div id='gallery-1' class='gallery galleryid-38817 gallery-columns-3 gallery-size-thumbnail'><dl class='gallery-item'>\n\t\t\t<dt class='gallery-icon landscape'>\n\t\t\t\t<a href='https:\/\/pontscouverts.com\/blogue\/wp-content\/uploads\/2024\/05\/61-04-09-k-07-95-e1714917340925.jpg'><img width=\"150\" height=\"101\" src=\"https:\/\/pontscouverts.com\/blogue\/wp-content\/uploads\/2024\/05\/61-04-09-k-07-95-e1714917357889-150x101.jpg\" class=\"attachment-thumbnail size-thumbnail\" alt=\"\" loading=\"lazy\" aria-describedby=\"gallery-1-38857\" \/><\/a>\n\t\t\t<\/dt>\n\t\t\t\t<dd class='wp-caption-text gallery-caption' id='gallery-1-38857'>\n\t\t\t\tAndr\u00e9 Pelletier 1995\n\t\t\t\t<\/dd><\/dl><dl class='gallery-item'>\n\t\t\t<dt class='gallery-icon landscape'>\n\t\t\t\t<a href='https:\/\/pontscouverts.com\/blogue\/wp-content\/uploads\/2024\/05\/61-04-09-j-07-95-e1714917305591.jpg'><img width=\"150\" height=\"102\" src=\"https:\/\/pontscouverts.com\/blogue\/wp-content\/uploads\/2024\/05\/61-04-09-j-07-95-e1714917324664-150x102.jpg\" class=\"attachment-thumbnail size-thumbnail\" alt=\"\" loading=\"lazy\" aria-describedby=\"gallery-1-38856\" \/><\/a>\n\t\t\t<\/dt>\n\t\t\t\t<dd class='wp-caption-text gallery-caption' id='gallery-1-38856'>\n\t\t\t\tAndr\u00e9 Pelletier 1995\n\t\t\t\t<\/dd><\/dl><dl class='gallery-item'>\n\t\t\t<dt class='gallery-icon landscape'>\n\t\t\t\t<a href='https:\/\/pontscouverts.com\/blogue\/wp-content\/uploads\/2024\/05\/61-04-09-h-07-95-e1714917267354.jpg'><img width=\"150\" height=\"100\" src=\"https:\/\/pontscouverts.com\/blogue\/wp-content\/uploads\/2024\/05\/61-04-09-h-07-95-e1714917284522-150x100.jpg\" class=\"attachment-thumbnail size-thumbnail\" alt=\"\" loading=\"lazy\" aria-describedby=\"gallery-1-38855\" \/><\/a>\n\t\t\t<\/dt>\n\t\t\t\t<dd class='wp-caption-text gallery-caption' id='gallery-1-38855'>\n\t\t\t\tAndr\u00e9 Pelletier 1995\n\t\t\t\t<\/dd><\/dl><br style=\"clear: both\" \/><dl class='gallery-item'>\n\t\t\t<dt class='gallery-icon landscape'>\n\t\t\t\t<a href='https:\/\/pontscouverts.com\/blogue\/wp-content\/uploads\/2024\/05\/61-04-09-g-07-95-e1714917219332.jpg'><img width=\"150\" height=\"102\" src=\"https:\/\/pontscouverts.com\/blogue\/wp-content\/uploads\/2024\/05\/61-04-09-g-07-95-e1714917236140-150x102.jpg\" class=\"attachment-thumbnail size-thumbnail\" alt=\"\" loading=\"lazy\" aria-describedby=\"gallery-1-38854\" \/><\/a>\n\t\t\t<\/dt>\n\t\t\t\t<dd class='wp-caption-text gallery-caption' id='gallery-1-38854'>\n\t\t\t\tAndr\u00e9 Pelletier 1995\n\t\t\t\t<\/dd><\/dl><dl class='gallery-item'>\n\t\t\t<dt class='gallery-icon landscape'>\n\t\t\t\t<a href='https:\/\/pontscouverts.com\/blogue\/wp-content\/uploads\/2024\/05\/61-04-09-f-07-95-e1714917171771.jpg'><img width=\"150\" height=\"100\" src=\"https:\/\/pontscouverts.com\/blogue\/wp-content\/uploads\/2024\/05\/61-04-09-f-07-95-e1714917190710-150x100.jpg\" class=\"attachment-thumbnail size-thumbnail\" alt=\"\" loading=\"lazy\" aria-describedby=\"gallery-1-38853\" \/><\/a>\n\t\t\t<\/dt>\n\t\t\t\t<dd class='wp-caption-text gallery-caption' id='gallery-1-38853'>\n\t\t\t\tAndr\u00e9 Pelletier 1995\n\t\t\t\t<\/dd><\/dl><dl class='gallery-item'>\n\t\t\t<dt class='gallery-icon landscape'>\n\t\t\t\t<a href='https:\/\/pontscouverts.com\/blogue\/wp-content\/uploads\/2024\/05\/61-04-09-e-07-95-e1714917126964.jpg'><img width=\"150\" height=\"106\" src=\"https:\/\/pontscouverts.com\/blogue\/wp-content\/uploads\/2024\/05\/61-04-09-e-07-95-e1714917142813-150x106.jpg\" class=\"attachment-thumbnail size-thumbnail\" alt=\"\" loading=\"lazy\" aria-describedby=\"gallery-1-38852\" \/><\/a>\n\t\t\t<\/dt>\n\t\t\t\t<dd class='wp-caption-text gallery-caption' id='gallery-1-38852'>\n\t\t\t\tAndr\u00e9 Pelletier 1995\n\t\t\t\t<\/dd><\/dl><br style=\"clear: both\" \/><dl class='gallery-item'>\n\t\t\t<dt class='gallery-icon portrait'>\n\t\t\t\t<a href='https:\/\/pontscouverts.com\/blogue\/wp-content\/uploads\/2024\/05\/61-04-09-a-07-95-e1714916991759.jpg'><img width=\"100\" height=\"150\" src=\"https:\/\/pontscouverts.com\/blogue\/wp-content\/uploads\/2024\/05\/61-04-09-a-07-95-e1714917011103-100x150.jpg\" class=\"attachment-thumbnail size-thumbnail\" alt=\"\" loading=\"lazy\" aria-describedby=\"gallery-1-38848\" \/><\/a>\n\t\t\t<\/dt>\n\t\t\t\t<dd class='wp-caption-text gallery-caption' id='gallery-1-38848'>\n\t\t\t\tAndr\u00e9 Pelletier 1995\n\t\t\t\t<\/dd><\/dl><dl class='gallery-item'>\n\t\t\t<dt class='gallery-icon portrait'>\n\t\t\t\t<a href='https:\/\/pontscouverts.com\/blogue\/wp-content\/uploads\/2024\/05\/61-04-09-c-07-95-e1714917062953.jpg'><img width=\"105\" height=\"150\" src=\"https:\/\/pontscouverts.com\/blogue\/wp-content\/uploads\/2024\/05\/61-04-09-c-07-95-e1714917079371-105x150.jpg\" class=\"attachment-thumbnail size-thumbnail\" alt=\"\" loading=\"lazy\" aria-describedby=\"gallery-1-38850\" \/><\/a>\n\t\t\t<\/dt>\n\t\t\t\t<dd class='wp-caption-text gallery-caption' id='gallery-1-38850'>\n\t\t\t\tAndr\u00e9 Pelletier 1995\n\t\t\t\t<\/dd><\/dl><dl class='gallery-item'>\n\t\t\t<dt class='gallery-icon portrait'>\n\t\t\t\t<a href='https:\/\/pontscouverts.com\/blogue\/wp-content\/uploads\/2024\/05\/61-04-09-b-07-95-e1714917030707.jpg'><img width=\"97\" height=\"150\" src=\"https:\/\/pontscouverts.com\/blogue\/wp-content\/uploads\/2024\/05\/61-04-09-b-07-95-e1714917046207-97x150.jpg\" class=\"attachment-thumbnail size-thumbnail\" alt=\"\" loading=\"lazy\" aria-describedby=\"gallery-1-38849\" \/><\/a>\n\t\t\t<\/dt>\n\t\t\t\t<dd class='wp-caption-text gallery-caption' id='gallery-1-38849'>\n\t\t\t\tAndr\u00e9 Pelletier 1995\n\t\t\t\t<\/dd><\/dl><br style=\"clear: both\" \/><dl class='gallery-item'>\n\t\t\t<dt class='gallery-icon landscape'>\n\t\t\t\t<a href='https:\/\/pontscouverts.com\/blogue\/wp-content\/uploads\/2024\/05\/61-04-09-d-07-95-e1714917096776.jpg'><img width=\"150\" height=\"100\" src=\"https:\/\/pontscouverts.com\/blogue\/wp-content\/uploads\/2024\/05\/61-04-09-d-07-95-e1714917112321-150x100.jpg\" class=\"attachment-thumbnail size-thumbnail\" alt=\"\" loading=\"lazy\" aria-describedby=\"gallery-1-38851\" \/><\/a>\n\t\t\t<\/dt>\n\t\t\t\t<dd class='wp-caption-text gallery-caption' id='gallery-1-38851'>\n\t\t\t\tAndr\u00e9 Pelletier 1995\n\t\t\t\t<\/dd><\/dl><dl class='gallery-item'>\n\t\t\t<dt class='gallery-icon landscape'>\n\t\t\t\t<a href='https:\/\/pontscouverts.com\/blogue\/wp-content\/uploads\/2024\/05\/61-04-09-st-r\u00e9mi-de-tingwick-1995-J-M-Beaujean1.jpg'><img width=\"150\" height=\"100\" src=\"https:\/\/pontscouverts.com\/blogue\/wp-content\/uploads\/2024\/05\/61-04-09-st-r\u00e9mi-de-tingwick-1995-J-M-Beaujean1-e1714915821620-150x100.jpg\" class=\"attachment-thumbnail size-thumbnail\" alt=\"\" loading=\"lazy\" aria-describedby=\"gallery-1-38824\" \/><\/a>\n\t\t\t<\/dt>\n\t\t\t\t<dd class='wp-caption-text gallery-caption' id='gallery-1-38824'>\n\t\t\t\tJean-Marie Beaujean 1995\n\t\t\t\t<\/dd><\/dl><dl class='gallery-item'>\n\t\t\t<dt class='gallery-icon landscape'>\n\t\t\t\t<a href='https:\/\/pontscouverts.com\/blogue\/wp-content\/uploads\/2024\/05\/61-04-09-st-r\u00e9mi-de-tingwick-1995-J-M-Beaujean2.jpg'><img width=\"150\" height=\"100\" src=\"https:\/\/pontscouverts.com\/blogue\/wp-content\/uploads\/2024\/05\/61-04-09-st-r\u00e9mi-de-tingwick-1995-J-M-Beaujean2-e1714915833592-150x100.jpg\" class=\"attachment-thumbnail size-thumbnail\" alt=\"\" loading=\"lazy\" aria-describedby=\"gallery-1-38825\" \/><\/a>\n\t\t\t<\/dt>\n\t\t\t\t<dd class='wp-caption-text gallery-caption' id='gallery-1-38825'>\n\t\t\t\tJean-Marie Beaujean 1995\n\t\t\t\t<\/dd><\/dl><br style=\"clear: both\" \/><dl class='gallery-item'>\n\t\t\t<dt class='gallery-icon landscape'>\n\t\t\t\t<a href='https:\/\/pontscouverts.com\/blogue\/wp-content\/uploads\/2024\/05\/61-04-09-st-r\u00e9mi-de-tingwick-1995-J-M-Beaujean3.jpg'><img width=\"150\" height=\"100\" src=\"https:\/\/pontscouverts.com\/blogue\/wp-content\/uploads\/2024\/05\/61-04-09-st-r\u00e9mi-de-tingwick-1995-J-M-Beaujean3-e1714915845592-150x100.jpg\" class=\"attachment-thumbnail size-thumbnail\" alt=\"\" loading=\"lazy\" aria-describedby=\"gallery-1-38826\" \/><\/a>\n\t\t\t<\/dt>\n\t\t\t\t<dd class='wp-caption-text gallery-caption' id='gallery-1-38826'>\n\t\t\t\tJean-Marie Beaujean 1995\n\t\t\t\t<\/dd><\/dl><dl class='gallery-item'>\n\t\t\t<dt class='gallery-icon landscape'>\n\t\t\t\t<a href='https:\/\/pontscouverts.com\/blogue\/wp-content\/uploads\/2024\/05\/61-04-09-1994-L.-Bonin.jpg'><img width=\"150\" height=\"99\" src=\"https:\/\/pontscouverts.com\/blogue\/wp-content\/uploads\/2024\/05\/61-04-09-1994-L.-Bonin-e1714915908681-150x99.jpg\" class=\"attachment-thumbnail size-thumbnail\" alt=\"\" loading=\"lazy\" aria-describedby=\"gallery-1-38828\" \/><\/a>\n\t\t\t<\/dt>\n\t\t\t\t<dd class='wp-caption-text gallery-caption' id='gallery-1-38828'>\n\t\t\t\tL\u00e9o Bonin 1994\n\t\t\t\t<\/dd><\/dl><dl class='gallery-item'>\n\t\t\t<dt class='gallery-icon landscape'>\n\t\t\t\t<a href='https:\/\/pontscouverts.com\/blogue\/wp-content\/uploads\/2024\/05\/61-04-09-19861-e1714916046734.jpg'><img width=\"150\" height=\"94\" src=\"https:\/\/pontscouverts.com\/blogue\/wp-content\/uploads\/2024\/05\/61-04-09-19861-e1714916059334-150x94.jpg\" class=\"attachment-thumbnail size-thumbnail\" alt=\"\" loading=\"lazy\" aria-describedby=\"gallery-1-38829\" \/><\/a>\n\t\t\t<\/dt>\n\t\t\t\t<dd class='wp-caption-text gallery-caption' id='gallery-1-38829'>\n\t\t\t\tG\u00e9rald Arbour 1986\n\t\t\t\t<\/dd><\/dl><br style=\"clear: both\" \/><dl class='gallery-item'>\n\t\t\t<dt class='gallery-icon landscape'>\n\t\t\t\t<a href='https:\/\/pontscouverts.com\/blogue\/wp-content\/uploads\/2024\/05\/61-04-09-84c.jpg'><img width=\"150\" height=\"107\" src=\"https:\/\/pontscouverts.com\/blogue\/wp-content\/uploads\/2024\/05\/61-04-09-84c-e1714916000899-150x107.jpg\" class=\"attachment-thumbnail size-thumbnail\" alt=\"\" loading=\"lazy\" aria-describedby=\"gallery-1-38830\" \/><\/a>\n\t\t\t<\/dt>\n\t\t\t\t<dd class='wp-caption-text gallery-caption' id='gallery-1-38830'>\n\t\t\t\tG\u00e9rald Arbour 1984\n\t\t\t\t<\/dd><\/dl><dl class='gallery-item'>\n\t\t\t<dt class='gallery-icon landscape'>\n\t\t\t\t<a href='https:\/\/pontscouverts.com\/blogue\/wp-content\/uploads\/2024\/05\/61-04-09-84a.jpg'><img width=\"150\" height=\"107\" src=\"https:\/\/pontscouverts.com\/blogue\/wp-content\/uploads\/2024\/05\/61-04-09-84a-e1714916013560-150x107.jpg\" class=\"attachment-thumbnail size-thumbnail\" alt=\"\" loading=\"lazy\" aria-describedby=\"gallery-1-38831\" \/><\/a>\n\t\t\t<\/dt>\n\t\t\t\t<dd class='wp-caption-text gallery-caption' id='gallery-1-38831'>\n\t\t\t\tG\u00e9rald Arbour 1984\n\t\t\t\t<\/dd><\/dl><dl class='gallery-item'>\n\t\t\t<dt class='gallery-icon landscape'>\n\t\t\t\t<a href='https:\/\/pontscouverts.com\/blogue\/wp-content\/uploads\/2024\/05\/61-04-09-83b.jpg'><img width=\"150\" height=\"108\" src=\"https:\/\/pontscouverts.com\/blogue\/wp-content\/uploads\/2024\/05\/61-04-09-83b-e1714916023232-150x108.jpg\" class=\"attachment-thumbnail size-thumbnail\" alt=\"\" loading=\"lazy\" aria-describedby=\"gallery-1-38832\" \/><\/a>\n\t\t\t<\/dt>\n\t\t\t\t<dd class='wp-caption-text gallery-caption' id='gallery-1-38832'>\n\t\t\t\tG\u00e9rald Arbour 1983\n\t\t\t\t<\/dd><\/dl><br style=\"clear: both\" \/><dl class='gallery-item'>\n\t\t\t<dt class='gallery-icon landscape'>\n\t\t\t\t<a href='https:\/\/pontscouverts.com\/blogue\/wp-content\/uploads\/2024\/05\/61-04-09a.jpg'><img width=\"150\" height=\"100\" src=\"https:\/\/pontscouverts.com\/blogue\/wp-content\/uploads\/2024\/05\/61-04-09a-e1714916428647-150x100.jpg\" class=\"attachment-thumbnail size-thumbnail\" alt=\"\" loading=\"lazy\" aria-describedby=\"gallery-1-38834\" \/><\/a>\n\t\t\t<\/dt>\n\t\t\t\t<dd class='wp-caption-text gallery-caption' id='gallery-1-38834'>\n\t\t\t\tAndr\u00e9 Goossens 1983\n\t\t\t\t<\/dd><\/dl><dl class='gallery-item'>\n\t\t\t<dt class='gallery-icon landscape'>\n\t\t\t\t<a href='https:\/\/pontscouverts.com\/blogue\/wp-content\/uploads\/2024\/05\/61-04-09b-1.jpg'><img width=\"150\" height=\"102\" src=\"https:\/\/pontscouverts.com\/blogue\/wp-content\/uploads\/2024\/05\/61-04-09b-1-e1714916440180-150x102.jpg\" class=\"attachment-thumbnail size-thumbnail\" alt=\"\" loading=\"lazy\" aria-describedby=\"gallery-1-38835\" \/><\/a>\n\t\t\t<\/dt>\n\t\t\t\t<dd class='wp-caption-text gallery-caption' id='gallery-1-38835'>\n\t\t\t\tAndr\u00e9 Goossens 1983\n\t\t\t\t<\/dd><\/dl><dl class='gallery-item'>\n\t\t\t<dt class='gallery-icon landscape'>\n\t\t\t\t<a href='https:\/\/pontscouverts.com\/blogue\/wp-content\/uploads\/2024\/05\/61-04-09d.jpg'><img width=\"150\" height=\"99\" src=\"https:\/\/pontscouverts.com\/blogue\/wp-content\/uploads\/2024\/05\/61-04-09d-e1714916451578-150x99.jpg\" class=\"attachment-thumbnail size-thumbnail\" alt=\"\" loading=\"lazy\" aria-describedby=\"gallery-1-38836\" \/><\/a>\n\t\t\t<\/dt>\n\t\t\t\t<dd class='wp-caption-text gallery-caption' id='gallery-1-38836'>\n\t\t\t\tAndr\u00e9 Goossens 1983\n\t\t\t\t<\/dd><\/dl><br style=\"clear: both\" \/><dl class='gallery-item'>\n\t\t\t<dt class='gallery-icon landscape'>\n\t\t\t\t<a href='https:\/\/pontscouverts.com\/blogue\/wp-content\/uploads\/2024\/05\/61-04-09e.jpg'><img width=\"150\" height=\"99\" src=\"https:\/\/pontscouverts.com\/blogue\/wp-content\/uploads\/2024\/05\/61-04-09e-e1714916466572-150x99.jpg\" class=\"attachment-thumbnail size-thumbnail\" alt=\"\" loading=\"lazy\" aria-describedby=\"gallery-1-38837\" \/><\/a>\n\t\t\t<\/dt>\n\t\t\t\t<dd class='wp-caption-text gallery-caption' id='gallery-1-38837'>\n\t\t\t\tAndr\u00e9 Goossens 1983\n\t\t\t\t<\/dd><\/dl><dl class='gallery-item'>\n\t\t\t<dt class='gallery-icon portrait'>\n\t\t\t\t<a href='https:\/\/pontscouverts.com\/blogue\/wp-content\/uploads\/2024\/05\/61-04-09f.jpg'><img width=\"98\" height=\"150\" src=\"https:\/\/pontscouverts.com\/blogue\/wp-content\/uploads\/2024\/05\/61-04-09f-e1714916480987-98x150.jpg\" class=\"attachment-thumbnail size-thumbnail\" alt=\"\" loading=\"lazy\" aria-describedby=\"gallery-1-38838\" \/><\/a>\n\t\t\t<\/dt>\n\t\t\t\t<dd class='wp-caption-text gallery-caption' id='gallery-1-38838'>\n\t\t\t\tAndr\u00e9 Goossens 1983\n\t\t\t\t<\/dd><\/dl><dl class='gallery-item'>\n\t\t\t<dt class='gallery-icon portrait'>\n\t\t\t\t<a href='https:\/\/pontscouverts.com\/blogue\/wp-content\/uploads\/2024\/05\/61-04-09g.jpg'><img width=\"99\" height=\"150\" src=\"https:\/\/pontscouverts.com\/blogue\/wp-content\/uploads\/2024\/05\/61-04-09g-e1714916492918-99x150.jpg\" class=\"attachment-thumbnail size-thumbnail\" alt=\"\" loading=\"lazy\" aria-describedby=\"gallery-1-38839\" \/><\/a>\n\t\t\t<\/dt>\n\t\t\t\t<dd class='wp-caption-text gallery-caption' id='gallery-1-38839'>\n\t\t\t\tAndr\u00e9 Goossens 1983\n\t\t\t\t<\/dd><\/dl><br style=\"clear: both\" \/><dl class='gallery-item'>\n\t\t\t<dt class='gallery-icon portrait'>\n\t\t\t\t<a href='https:\/\/pontscouverts.com\/blogue\/wp-content\/uploads\/2024\/05\/61-04-09m.jpg'><img width=\"101\" height=\"150\" src=\"https:\/\/pontscouverts.com\/blogue\/wp-content\/uploads\/2024\/05\/61-04-09m-e1714916560781-101x150.jpg\" class=\"attachment-thumbnail size-thumbnail\" alt=\"\" loading=\"lazy\" aria-describedby=\"gallery-1-38845\" \/><\/a>\n\t\t\t<\/dt>\n\t\t\t\t<dd class='wp-caption-text gallery-caption' id='gallery-1-38845'>\n\t\t\t\tAndr\u00e9 Goossens 1983\n\t\t\t\t<\/dd><\/dl><dl class='gallery-item'>\n\t\t\t<dt class='gallery-icon landscape'>\n\t\t\t\t<a href='https:\/\/pontscouverts.com\/blogue\/wp-content\/uploads\/2024\/05\/61-04-09h.jpg'><img width=\"150\" height=\"98\" src=\"https:\/\/pontscouverts.com\/blogue\/wp-content\/uploads\/2024\/05\/61-04-09h-e1714916504424-150x98.jpg\" class=\"attachment-thumbnail size-thumbnail\" alt=\"\" loading=\"lazy\" aria-describedby=\"gallery-1-38840\" \/><\/a>\n\t\t\t<\/dt>\n\t\t\t\t<dd class='wp-caption-text gallery-caption' id='gallery-1-38840'>\n\t\t\t\tAndr\u00e9 Goossens 1983\n\t\t\t\t<\/dd><\/dl><dl class='gallery-item'>\n\t\t\t<dt class='gallery-icon landscape'>\n\t\t\t\t<a href='https:\/\/pontscouverts.com\/blogue\/wp-content\/uploads\/2024\/05\/61-04-09i.jpg'><img width=\"150\" height=\"99\" src=\"https:\/\/pontscouverts.com\/blogue\/wp-content\/uploads\/2024\/05\/61-04-09i-e1714916514804-150x99.jpg\" class=\"attachment-thumbnail size-thumbnail\" alt=\"\" loading=\"lazy\" aria-describedby=\"gallery-1-38841\" \/><\/a>\n\t\t\t<\/dt>\n\t\t\t\t<dd class='wp-caption-text gallery-caption' id='gallery-1-38841'>\n\t\t\t\tAndr\u00e9 Goossens 1983\n\t\t\t\t<\/dd><\/dl><br style=\"clear: both\" \/><dl class='gallery-item'>\n\t\t\t<dt class='gallery-icon landscape'>\n\t\t\t\t<a href='https:\/\/pontscouverts.com\/blogue\/wp-content\/uploads\/2024\/05\/61-04-09j.jpg'><img width=\"150\" height=\"99\" src=\"https:\/\/pontscouverts.com\/blogue\/wp-content\/uploads\/2024\/05\/61-04-09j-e1714916527205-150x99.jpg\" class=\"attachment-thumbnail size-thumbnail\" alt=\"\" loading=\"lazy\" aria-describedby=\"gallery-1-38842\" \/><\/a>\n\t\t\t<\/dt>\n\t\t\t\t<dd class='wp-caption-text gallery-caption' id='gallery-1-38842'>\n\t\t\t\tAndr\u00e9 Goossens 1983\n\t\t\t\t<\/dd><\/dl><dl class='gallery-item'>\n\t\t\t<dt class='gallery-icon landscape'>\n\t\t\t\t<a href='https:\/\/pontscouverts.com\/blogue\/wp-content\/uploads\/2024\/05\/61-04-09k.jpg'><img width=\"150\" height=\"100\" src=\"https:\/\/pontscouverts.com\/blogue\/wp-content\/uploads\/2024\/05\/61-04-09k-e1714916539149-150x100.jpg\" class=\"attachment-thumbnail size-thumbnail\" alt=\"\" loading=\"lazy\" aria-describedby=\"gallery-1-38843\" \/><\/a>\n\t\t\t<\/dt>\n\t\t\t\t<dd class='wp-caption-text gallery-caption' id='gallery-1-38843'>\n\t\t\t\tAndr\u00e9 Goossens 1983\n\t\t\t\t<\/dd><\/dl><dl class='gallery-item'>\n\t\t\t<dt class='gallery-icon landscape'>\n\t\t\t\t<a href='https:\/\/pontscouverts.com\/blogue\/wp-content\/uploads\/2024\/05\/61-04-09l.jpg'><img width=\"150\" height=\"99\" src=\"https:\/\/pontscouverts.com\/blogue\/wp-content\/uploads\/2024\/05\/61-04-09l-e1714916550311-150x99.jpg\" class=\"attachment-thumbnail size-thumbnail\" alt=\"\" loading=\"lazy\" aria-describedby=\"gallery-1-38844\" \/><\/a>\n\t\t\t<\/dt>\n\t\t\t\t<dd class='wp-caption-text gallery-caption' id='gallery-1-38844'>\n\t\t\t\tAndr\u00e9 Goossens 1983\n\t\t\t\t<\/dd><\/dl><br style=\"clear: both\" \/>\n\t\t<\/div>\n\n<\/div>\n<\/div>\n<\/div>\n","protected":false},"excerpt":{"rendered":"<p>Centre-du-Qu\u00e9bec St-R\u00e9mi-de-Tingwick Construction : 1900 Longueur :\u00a022 pieds Cours d\u2019eau : Ruisseau Laflamme Statut : Emport\u00e9 par les eaux en 1998 Localisation :\u00a0Terrain priv\u00e9 Type de ferme :\u00a0Poin\u00e7on simple No officiel : 61-04-09 Site Web de la ville \u00c0 propos de ce pont : Ce pont avait \u00e9t\u00e9 r\u00e9pertori\u00e9 en 1982. Il \u00e9tait priv\u00e9. La [&hellip;]<\/p>\n","protected":false},"author":1,"featured_media":0,"parent":0,"menu_order":0,"comment_status":"closed","ping_status":"closed","template":"","meta":[],"_links":{"self":[{"href":"https:\/\/pontscouverts.com\/blogue\/wp-json\/wp\/v2\/pages\/38817"}],"collection":[{"href":"https:\/\/pontscouverts.com\/blogue\/wp-json\/wp\/v2\/pages"}],"about":[{"href":"https:\/\/pontscouverts.com\/blogue\/wp-json\/wp\/v2\/types\/page"}],"author":[{"embeddable":true,"href":"https:\/\/pontscouverts.com\/blogue\/wp-json\/wp\/v2\/users\/1"}],"replies":[{"embeddable":true,"href":"https:\/\/pontscouverts.com\/blogue\/wp-json\/wp\/v2\/comments?post=38817"}],"version-history":[{"count":11,"href":"https:\/\/pontscouverts.com\/blogue\/wp-json\/wp\/v2\/pages\/38817\/revisions"}],"predecessor-version":[{"id":38859,"href":"https:\/\/pontscouverts.com\/blogue\/wp-json\/wp\/v2\/pages\/38817\/revisions\/38859"}],"wp:attachment":[{"href":"https:\/\/pontscouverts.com\/blogue\/wp-json\/wp\/v2\/media?parent=38817"}],"curies":[{"name":"wp","href":"https:\/\/api.w.org\/{rel}","templated":true}]}}