{"id":38537,"date":"2024-02-14T07:45:08","date_gmt":"2024-02-14T12:45:08","guid":{"rendered":"https:\/\/pontscouverts.com\/blogue\/?page_id=38537"},"modified":"2024-02-14T07:45:08","modified_gmt":"2024-02-14T12:45:08","slug":"pont-rouge-5","status":"publish","type":"page","link":"https:\/\/pontscouverts.com\/blogue\/pont-rouge-5\/","title":{"rendered":"Pont Rouge"},"content":{"rendered":"<h1 class=\"paragraph_style_2\"><em><strong><span class=\"style_2\" style=\"color: #008000;\">Gasp\u00e9sie<\/span><\/strong><\/em><\/h1>\n<h2 class=\"paragraph_style_3\"><span style=\"color: #000000;\">Port-Daniel-Gascons<\/span><\/h2>\n<div id=\"attachment_38539\" style=\"width: 3078px\" class=\"wp-caption alignnone\"><a href=\"https:\/\/pontscouverts.com\/blogue\/wp-content\/uploads\/2024\/02\/61-10-03d.jpg\"><img aria-describedby=\"caption-attachment-38539\" loading=\"lazy\" class=\"wp-image-38539 size-full\" src=\"https:\/\/pontscouverts.com\/blogue\/wp-content\/uploads\/2024\/02\/61-10-03d.jpg\" alt=\"\" width=\"3068\" height=\"2015\" srcset=\"https:\/\/pontscouverts.com\/blogue\/wp-content\/uploads\/2024\/02\/61-10-03d.jpg 3068w, https:\/\/pontscouverts.com\/blogue\/wp-content\/uploads\/2024\/02\/61-10-03d-300x197.jpg 300w, https:\/\/pontscouverts.com\/blogue\/wp-content\/uploads\/2024\/02\/61-10-03d-768x504.jpg 768w, https:\/\/pontscouverts.com\/blogue\/wp-content\/uploads\/2024\/02\/61-10-03d-1024x673.jpg 1024w, https:\/\/pontscouverts.com\/blogue\/wp-content\/uploads\/2024\/02\/61-10-03d-624x410.jpg 624w\" sizes=\"(max-width: 3068px) 100vw, 3068px\" \/><\/a><p id=\"caption-attachment-38539\" class=\"wp-caption-text\">Andr\u00e9 Goossens 1984<\/p><\/div>\n<p><span style=\"color: #000000;\"><strong>Construction :<\/strong> 1938<\/span><br \/>\n<span style=\"color: #000000;\"><strong>Longueur :<\/strong> 84 pieds<\/span><br \/>\n<span style=\"color: #000000;\"><strong>Cours d\u2019eau :<\/strong> Rivi\u00e8re Port-Daniel<\/span><br \/>\n<span style=\"color: #000000;\"><strong>Statut :<\/strong> Incendi\u00e9 en 1994<\/span><br \/>\n<span style=\"color: #000000;\"><strong>Localisation :<\/strong> 4 km au nord de Port-Daniel<\/span><br \/>\n<span style=\"color: #000000;\"><strong>Type de ferme :<\/strong> Town \u00e9labor\u00e9<\/span><br \/>\n<span style=\"color: #000000;\"><strong>No officiel :<\/strong> 61-10-03<\/span><br \/>\n<a href=\"https:\/\/munpdg.ca\" target=\"_blank\" rel=\"noopener\"><strong><span style=\"color: #0000ff;\">Site Web de la ville<\/span><\/strong><\/a><\/p>\n<h2><span style=\"color: #008000;\"><strong>\u00c0 propos de ce pont :<\/strong><\/span><\/h2>\n<p><span style=\"color: #000000;\">Ce pont a \u00e9t\u00e9 construit \u00e0 l\u2019int\u00e9rieur des terres en 1938, \u00e0 4 kilom\u00e8tres au nord de Port-Daniel.<\/span><br \/>\n<span style=\"color: #000000;\">Ferm\u00e9 \u00e0 la circulation automobile \u00e0 la fin des ann\u00e9es 1970.<\/span><br \/>\n<span style=\"color: #000000;\">La structure avait \u00e9t\u00e9 r\u00e9par\u00e9e et repeinte en brun en 1979.<\/span><br \/>\n<span style=\"color: #000000;\">Avant d\u2019avoir un nom officiel, on l\u2019appelait le pont du Club.<\/span><br \/>\n<span style=\"color: #000000;\">Le pont a \u00e9t\u00e9 victime d\u2019un incendie criminel dans la nuit du 30 au 31 ao\u00fbt 1994.<\/span><\/p>\n<h2><span style=\"color: #008000;\"><strong>Article connexe :<\/strong><\/span><\/h2>\n<ul>\n<li><a href=\"https:\/\/pontscouverts.com\/Deuxiemeblogue\/Blog_sur_les_ponts\/Entrees\/2009\/9\/14_Souvenirs_du_pont_Rouge_de_Port-Daniel.html\"><span style=\"color: #0000ff;\">Souvenirs du pont Rouge de Port-Daniel (Septembre 20009)<\/span><\/a><\/li>\n<\/ul>\n<h1 style=\"text-align: center;\"><span style=\"color: #333399;\">GALERIE DE PHOTOS<\/span><\/h1>\n\n\t\t<style type=\"text\/css\">\n\t\t\t#gallery-1 {\n\t\t\t\tmargin: auto;\n\t\t\t}\n\t\t\t#gallery-1 .gallery-item {\n\t\t\t\tfloat: left;\n\t\t\t\tmargin-top: 10px;\n\t\t\t\ttext-align: center;\n\t\t\t\twidth: 33%;\n\t\t\t}\n\t\t\t#gallery-1 img {\n\t\t\t\tborder: 2px solid #cfcfcf;\n\t\t\t}\n\t\t\t#gallery-1 .gallery-caption {\n\t\t\t\tmargin-left: 0;\n\t\t\t}\n\t\t\t\/* see gallery_shortcode() in wp-includes\/media.php *\/\n\t\t<\/style>\n\t\t<div id='gallery-1' class='gallery galleryid-38537 gallery-columns-3 gallery-size-thumbnail'><dl class='gallery-item'>\n\t\t\t<dt class='gallery-icon portrait'>\n\t\t\t\t<a href='https:\/\/pontscouverts.com\/blogue\/wp-content\/uploads\/2024\/02\/carte-port-daniel.jpg'><img width=\"93\" height=\"150\" src=\"https:\/\/pontscouverts.com\/blogue\/wp-content\/uploads\/2024\/02\/carte-port-daniel-e1707913503813-93x150.jpg\" class=\"attachment-thumbnail size-thumbnail\" alt=\"\" loading=\"lazy\" aria-describedby=\"gallery-1-38544\" \/><\/a>\n\t\t\t<\/dt>\n\t\t\t\t<dd class='wp-caption-text gallery-caption' id='gallery-1-38544'>\n\t\t\t\tL\u00e0 o\u00f9 \u00e9tait situ\u00e9 le pont\n\t\t\t\t<\/dd><\/dl><dl class='gallery-item'>\n\t\t\t<dt class='gallery-icon landscape'>\n\t\t\t\t<a href='https:\/\/pontscouverts.com\/blogue\/wp-content\/uploads\/2024\/02\/61-10-03-a-.jpg'><img width=\"150\" height=\"100\" src=\"https:\/\/pontscouverts.com\/blogue\/wp-content\/uploads\/2024\/02\/61-10-03-a--e1707914391663-150x100.jpg\" class=\"attachment-thumbnail size-thumbnail\" alt=\"\" loading=\"lazy\" aria-describedby=\"gallery-1-38565\" \/><\/a>\n\t\t\t<\/dt>\n\t\t\t\t<dd class='wp-caption-text gallery-caption' id='gallery-1-38565'>\n\t\t\t\tAndr\u00e9 Pelletier 1992\n\t\t\t\t<\/dd><\/dl><dl class='gallery-item'>\n\t\t\t<dt class='gallery-icon landscape'>\n\t\t\t\t<a href='https:\/\/pontscouverts.com\/blogue\/wp-content\/uploads\/2024\/02\/61-10-03-b-92.jpg'><img width=\"150\" height=\"97\" src=\"https:\/\/pontscouverts.com\/blogue\/wp-content\/uploads\/2024\/02\/61-10-03-b-92-e1707914406183-150x97.jpg\" class=\"attachment-thumbnail size-thumbnail\" alt=\"\" loading=\"lazy\" aria-describedby=\"gallery-1-38566\" \/><\/a>\n\t\t\t<\/dt>\n\t\t\t\t<dd class='wp-caption-text gallery-caption' id='gallery-1-38566'>\n\t\t\t\tAndr\u00e9 Pelletier 1992\n\t\t\t\t<\/dd><\/dl><br style=\"clear: both\" \/><dl class='gallery-item'>\n\t\t\t<dt class='gallery-icon landscape'>\n\t\t\t\t<a href='https:\/\/pontscouverts.com\/blogue\/wp-content\/uploads\/2024\/02\/61-10-03-c-92.jpg'><img width=\"150\" height=\"96\" src=\"https:\/\/pontscouverts.com\/blogue\/wp-content\/uploads\/2024\/02\/61-10-03-c-92-e1707914421961-150x96.jpg\" class=\"attachment-thumbnail size-thumbnail\" alt=\"\" loading=\"lazy\" aria-describedby=\"gallery-1-38567\" \/><\/a>\n\t\t\t<\/dt>\n\t\t\t\t<dd class='wp-caption-text gallery-caption' id='gallery-1-38567'>\n\t\t\t\tAndr\u00e9 Pelletier 1992\n\t\t\t\t<\/dd><\/dl><dl class='gallery-item'>\n\t\t\t<dt class='gallery-icon landscape'>\n\t\t\t\t<a href='https:\/\/pontscouverts.com\/blogue\/wp-content\/uploads\/2024\/02\/61-10-03-P-1.jpg'><img width=\"150\" height=\"97\" src=\"https:\/\/pontscouverts.com\/blogue\/wp-content\/uploads\/2024\/02\/61-10-03-P-1-e1707913594655-150x97.jpg\" class=\"attachment-thumbnail size-thumbnail\" alt=\"\" loading=\"lazy\" aria-describedby=\"gallery-1-38546\" \/><\/a>\n\t\t\t<\/dt>\n\t\t\t\t<dd class='wp-caption-text gallery-caption' id='gallery-1-38546'>\n\t\t\t\tJacques Plamondon Ann\u00e9es 80\n\t\t\t\t<\/dd><\/dl><dl class='gallery-item'>\n\t\t\t<dt class='gallery-icon landscape'>\n\t\t\t\t<a href='https:\/\/pontscouverts.com\/blogue\/wp-content\/uploads\/2024\/02\/61-10-03-P-2.jpg'><img width=\"150\" height=\"98\" src=\"https:\/\/pontscouverts.com\/blogue\/wp-content\/uploads\/2024\/02\/61-10-03-P-2-e1707913605868-150x98.jpg\" class=\"attachment-thumbnail size-thumbnail\" alt=\"\" loading=\"lazy\" aria-describedby=\"gallery-1-38547\" \/><\/a>\n\t\t\t<\/dt>\n\t\t\t\t<dd class='wp-caption-text gallery-caption' id='gallery-1-38547'>\n\t\t\t\tJacques Plamondon Ann\u00e9es 80\n\t\t\t\t<\/dd><\/dl><br style=\"clear: both\" \/><dl class='gallery-item'>\n\t\t\t<dt class='gallery-icon landscape'>\n\t\t\t\t<a href='https:\/\/pontscouverts.com\/blogue\/wp-content\/uploads\/2024\/02\/61-10-03-P-3.jpg'><img width=\"150\" height=\"98\" src=\"https:\/\/pontscouverts.com\/blogue\/wp-content\/uploads\/2024\/02\/61-10-03-P-3-e1707913614526-150x98.jpg\" class=\"attachment-thumbnail size-thumbnail\" alt=\"\" loading=\"lazy\" aria-describedby=\"gallery-1-38548\" \/><\/a>\n\t\t\t<\/dt>\n\t\t\t\t<dd class='wp-caption-text gallery-caption' id='gallery-1-38548'>\n\t\t\t\tJacques Plamondon Ann\u00e9es 80\n\t\t\t\t<\/dd><\/dl><dl class='gallery-item'>\n\t\t\t<dt class='gallery-icon landscape'>\n\t\t\t\t<a href='https:\/\/pontscouverts.com\/blogue\/wp-content\/uploads\/2024\/02\/61-10-03a.jpg'><img width=\"150\" height=\"100\" src=\"https:\/\/pontscouverts.com\/blogue\/wp-content\/uploads\/2024\/02\/61-10-03a-e1707913788782-150x100.jpg\" class=\"attachment-thumbnail size-thumbnail\" alt=\"\" loading=\"lazy\" aria-describedby=\"gallery-1-38549\" \/><\/a>\n\t\t\t<\/dt>\n\t\t\t\t<dd class='wp-caption-text gallery-caption' id='gallery-1-38549'>\n\t\t\t\tAndr\u00e9 Goossens 1984\n\t\t\t\t<\/dd><\/dl><dl class='gallery-item'>\n\t\t\t<dt class='gallery-icon landscape'>\n\t\t\t\t<a href='https:\/\/pontscouverts.com\/blogue\/wp-content\/uploads\/2024\/02\/61-10-03b.jpg'><img width=\"150\" height=\"103\" src=\"https:\/\/pontscouverts.com\/blogue\/wp-content\/uploads\/2024\/02\/61-10-03b-e1707913799905-150x103.jpg\" class=\"attachment-thumbnail size-thumbnail\" alt=\"\" loading=\"lazy\" aria-describedby=\"gallery-1-38550\" \/><\/a>\n\t\t\t<\/dt>\n\t\t\t\t<dd class='wp-caption-text gallery-caption' id='gallery-1-38550'>\n\t\t\t\tAndr\u00e9 Goossens 1984\n\t\t\t\t<\/dd><\/dl><br style=\"clear: both\" \/><dl class='gallery-item'>\n\t\t\t<dt class='gallery-icon landscape'>\n\t\t\t\t<a href='https:\/\/pontscouverts.com\/blogue\/wp-content\/uploads\/2024\/02\/61-10-03c.jpg'><img width=\"150\" height=\"101\" src=\"https:\/\/pontscouverts.com\/blogue\/wp-content\/uploads\/2024\/02\/61-10-03c-e1707913809471-150x101.jpg\" class=\"attachment-thumbnail size-thumbnail\" alt=\"\" loading=\"lazy\" aria-describedby=\"gallery-1-38551\" \/><\/a>\n\t\t\t<\/dt>\n\t\t\t\t<dd class='wp-caption-text gallery-caption' id='gallery-1-38551'>\n\t\t\t\tAndr\u00e9 Goossens 1984\n\t\t\t\t<\/dd><\/dl><dl class='gallery-item'>\n\t\t\t<dt class='gallery-icon landscape'>\n\t\t\t\t<a href='https:\/\/pontscouverts.com\/blogue\/wp-content\/uploads\/2024\/02\/61-10-03e.jpg'><img width=\"150\" height=\"78\" src=\"https:\/\/pontscouverts.com\/blogue\/wp-content\/uploads\/2024\/02\/61-10-03e-e1707913819899-150x78.jpg\" class=\"attachment-thumbnail size-thumbnail\" alt=\"\" loading=\"lazy\" aria-describedby=\"gallery-1-38552\" \/><\/a>\n\t\t\t<\/dt>\n\t\t\t\t<dd class='wp-caption-text gallery-caption' id='gallery-1-38552'>\n\t\t\t\tAndr\u00e9 Goossens 1984\n\t\t\t\t<\/dd><\/dl><dl class='gallery-item'>\n\t\t\t<dt class='gallery-icon landscape'>\n\t\t\t\t<a href='https:\/\/pontscouverts.com\/blogue\/wp-content\/uploads\/2024\/02\/61-10-03f.jpg'><img width=\"150\" height=\"102\" src=\"https:\/\/pontscouverts.com\/blogue\/wp-content\/uploads\/2024\/02\/61-10-03f-e1707913834809-150x102.jpg\" class=\"attachment-thumbnail size-thumbnail\" alt=\"\" loading=\"lazy\" aria-describedby=\"gallery-1-38553\" \/><\/a>\n\t\t\t<\/dt>\n\t\t\t\t<dd class='wp-caption-text gallery-caption' id='gallery-1-38553'>\n\t\t\t\tAndr\u00e9 Goossens 1984\n\t\t\t\t<\/dd><\/dl><br style=\"clear: both\" \/><dl class='gallery-item'>\n\t\t\t<dt class='gallery-icon landscape'>\n\t\t\t\t<a href='https:\/\/pontscouverts.com\/blogue\/wp-content\/uploads\/2024\/02\/61-10-03g.jpg'><img width=\"150\" height=\"100\" src=\"https:\/\/pontscouverts.com\/blogue\/wp-content\/uploads\/2024\/02\/61-10-03g-e1707913846656-150x100.jpg\" class=\"attachment-thumbnail size-thumbnail\" alt=\"\" loading=\"lazy\" aria-describedby=\"gallery-1-38554\" \/><\/a>\n\t\t\t<\/dt>\n\t\t\t\t<dd class='wp-caption-text gallery-caption' id='gallery-1-38554'>\n\t\t\t\tAndr\u00e9 Goossens 1984\n\t\t\t\t<\/dd><\/dl><dl class='gallery-item'>\n\t\t\t<dt class='gallery-icon portrait'>\n\t\t\t\t<a href='https:\/\/pontscouverts.com\/blogue\/wp-content\/uploads\/2024\/02\/61-10-03h.jpg'><img width=\"99\" height=\"150\" src=\"https:\/\/pontscouverts.com\/blogue\/wp-content\/uploads\/2024\/02\/61-10-03h-e1707913859862-99x150.jpg\" class=\"attachment-thumbnail size-thumbnail\" alt=\"\" loading=\"lazy\" aria-describedby=\"gallery-1-38555\" \/><\/a>\n\t\t\t<\/dt>\n\t\t\t\t<dd class='wp-caption-text gallery-caption' id='gallery-1-38555'>\n\t\t\t\tAndr\u00e9 Goossens 1984\n\t\t\t\t<\/dd><\/dl><dl class='gallery-item'>\n\t\t\t<dt class='gallery-icon landscape'>\n\t\t\t\t<a href='https:\/\/pontscouverts.com\/blogue\/wp-content\/uploads\/2024\/02\/61-10-03-84b.jpg'><img width=\"150\" height=\"107\" src=\"https:\/\/pontscouverts.com\/blogue\/wp-content\/uploads\/2024\/02\/61-10-03-84b-e1707913967279-150x107.jpg\" class=\"attachment-thumbnail size-thumbnail\" alt=\"\" loading=\"lazy\" aria-describedby=\"gallery-1-38558\" \/><\/a>\n\t\t\t<\/dt>\n\t\t\t\t<dd class='wp-caption-text gallery-caption' id='gallery-1-38558'>\n\t\t\t\tG\u00e9rald Arbour 1984\n\t\t\t\t<\/dd><\/dl><br style=\"clear: both\" \/><dl class='gallery-item'>\n\t\t\t<dt class='gallery-icon landscape'>\n\t\t\t\t<a href='https:\/\/pontscouverts.com\/blogue\/wp-content\/uploads\/2024\/02\/61-10-03-84c.jpg'><img width=\"150\" height=\"106\" src=\"https:\/\/pontscouverts.com\/blogue\/wp-content\/uploads\/2024\/02\/61-10-03-84c-e1707913977901-150x106.jpg\" class=\"attachment-thumbnail size-thumbnail\" alt=\"\" loading=\"lazy\" aria-describedby=\"gallery-1-38559\" \/><\/a>\n\t\t\t<\/dt>\n\t\t\t\t<dd class='wp-caption-text gallery-caption' id='gallery-1-38559'>\n\t\t\t\tG\u00e9rald Arbour 1984\n\t\t\t\t<\/dd><\/dl><dl class='gallery-item'>\n\t\t\t<dt class='gallery-icon landscape'>\n\t\t\t\t<a href='https:\/\/pontscouverts.com\/blogue\/wp-content\/uploads\/2024\/02\/61-10-03-80a.jpg'><img width=\"150\" height=\"108\" src=\"https:\/\/pontscouverts.com\/blogue\/wp-content\/uploads\/2024\/02\/61-10-03-80a-e1707913986118-150x108.jpg\" class=\"attachment-thumbnail size-thumbnail\" alt=\"\" loading=\"lazy\" aria-describedby=\"gallery-1-38557\" \/><\/a>\n\t\t\t<\/dt>\n\t\t\t\t<dd class='wp-caption-text gallery-caption' id='gallery-1-38557'>\n\t\t\t\tG\u00e9rald Arbour 1980\n\t\t\t\t<\/dd><\/dl><dl class='gallery-item'>\n\t\t\t<dt class='gallery-icon landscape'>\n\t\t\t\t<a href='https:\/\/pontscouverts.com\/blogue\/wp-content\/uploads\/2024\/02\/611003_1950_riv-Port-Daniel_rg-6_Port-Daniel_J.-\u00c9mile-Chevalier-1950_BAnQ-E6S7SS1P82675.jpg'><img width=\"150\" height=\"103\" src=\"https:\/\/pontscouverts.com\/blogue\/wp-content\/uploads\/2024\/02\/611003_1950_riv-Port-Daniel_rg-6_Port-Daniel_J.-\u00c9mile-Chevalier-1950_BAnQ-E6S7SS1P82675-e1707914189536-150x103.jpg\" class=\"attachment-thumbnail size-thumbnail\" alt=\"\" loading=\"lazy\" aria-describedby=\"gallery-1-38561\" \/><\/a>\n\t\t\t<\/dt>\n\t\t\t\t<dd class='wp-caption-text gallery-caption' id='gallery-1-38561'>\n\t\t\t\tJ.-\u00c9mile Chevalier BAnQ E6,S7,SS1,P82675\n\t\t\t\t<\/dd><\/dl><br style=\"clear: both\" \/><dl class='gallery-item'>\n\t\t\t<dt class='gallery-icon landscape'>\n\t\t\t\t<a href='https:\/\/pontscouverts.com\/blogue\/wp-content\/uploads\/2024\/02\/611003_1950_riv-Port-Daniel_rg-6_Port-Daniel_J.-\u00c9mile-Chevalier-1950_BAnQ-E6S7SS1P82676.jpg'><img width=\"150\" height=\"106\" src=\"https:\/\/pontscouverts.com\/blogue\/wp-content\/uploads\/2024\/02\/611003_1950_riv-Port-Daniel_rg-6_Port-Daniel_J.-\u00c9mile-Chevalier-1950_BAnQ-E6S7SS1P82676-e1707914204713-150x106.jpg\" class=\"attachment-thumbnail size-thumbnail\" alt=\"\" loading=\"lazy\" aria-describedby=\"gallery-1-38562\" \/><\/a>\n\t\t\t<\/dt>\n\t\t\t\t<dd class='wp-caption-text gallery-caption' id='gallery-1-38562'>\n\t\t\t\tJ.-\u00c9mile Chevalier BAnQ E6,S7,SS1,P82676\n\t\t\t\t<\/dd><\/dl><dl class='gallery-item'>\n\t\t\t<dt class='gallery-icon landscape'>\n\t\t\t\t<a href='https:\/\/pontscouverts.com\/blogue\/wp-content\/uploads\/2024\/02\/611003_1950_riv-Port-Daniel_rg-6_Port-Daniel_J.-\u00c9mile-Chevalier-1950_BAnQ-E6S7SS1P82677.jpg'><img width=\"150\" height=\"112\" src=\"https:\/\/pontscouverts.com\/blogue\/wp-content\/uploads\/2024\/02\/611003_1950_riv-Port-Daniel_rg-6_Port-Daniel_J.-\u00c9mile-Chevalier-1950_BAnQ-E6S7SS1P82677-e1707914221300-150x112.jpg\" class=\"attachment-thumbnail size-thumbnail\" alt=\"\" loading=\"lazy\" aria-describedby=\"gallery-1-38563\" \/><\/a>\n\t\t\t<\/dt>\n\t\t\t\t<dd class='wp-caption-text gallery-caption' id='gallery-1-38563'>\n\t\t\t\tJ.-\u00c9mile Chevalier BAnQ E6,S7,SS1,P82677\n\t\t\t\t<\/dd><\/dl><dl class='gallery-item'>\n\t\t\t<dt class='gallery-icon landscape'>\n\t\t\t\t<a href='https:\/\/pontscouverts.com\/blogue\/wp-content\/uploads\/2024\/02\/img092b.jpg'><img width=\"150\" height=\"100\" src=\"https:\/\/pontscouverts.com\/blogue\/wp-content\/uploads\/2024\/02\/img092b-e1707914662979-150x100.jpg\" class=\"attachment-thumbnail size-thumbnail\" alt=\"\" loading=\"lazy\" aria-describedby=\"gallery-1-38571\" \/><\/a>\n\t\t\t<\/dt>\n\t\t\t\t<dd class='wp-caption-text gallery-caption' id='gallery-1-38571'>\n\t\t\t\tCarte postale Coll. P. Conner\n\t\t\t\t<\/dd><\/dl><br style=\"clear: both\" \/><dl class='gallery-item'>\n\t\t\t<dt class='gallery-icon landscape'>\n\t\t\t\t<a href='https:\/\/pontscouverts.com\/blogue\/wp-content\/uploads\/2024\/02\/img093a.jpg'><img width=\"150\" height=\"100\" src=\"https:\/\/pontscouverts.com\/blogue\/wp-content\/uploads\/2024\/02\/img093a-e1707914671804-150x100.jpg\" class=\"attachment-thumbnail size-thumbnail\" alt=\"\" loading=\"lazy\" aria-describedby=\"gallery-1-38572\" \/><\/a>\n\t\t\t<\/dt>\n\t\t\t\t<dd class='wp-caption-text gallery-caption' id='gallery-1-38572'>\n\t\t\t\tCarte postale Coll. P. Conner\n\t\t\t\t<\/dd><\/dl>\n\t\t\t<br style='clear: both' \/>\n\t\t<\/div>\n\n","protected":false},"excerpt":{"rendered":"<p>Gasp\u00e9sie Port-Daniel-Gascons Construction : 1938 Longueur : 84 pieds Cours d\u2019eau : Rivi\u00e8re Port-Daniel Statut : Incendi\u00e9 en 1994 Localisation : 4 km au nord de Port-Daniel Type de ferme : Town \u00e9labor\u00e9 No officiel : 61-10-03 Site Web de la ville \u00c0 propos de ce pont : Ce pont a \u00e9t\u00e9 construit \u00e0 l\u2019int\u00e9rieur [&hellip;]<\/p>\n","protected":false},"author":1,"featured_media":0,"parent":0,"menu_order":0,"comment_status":"closed","ping_status":"closed","template":"","meta":[],"_links":{"self":[{"href":"https:\/\/pontscouverts.com\/blogue\/wp-json\/wp\/v2\/pages\/38537"}],"collection":[{"href":"https:\/\/pontscouverts.com\/blogue\/wp-json\/wp\/v2\/pages"}],"about":[{"href":"https:\/\/pontscouverts.com\/blogue\/wp-json\/wp\/v2\/types\/page"}],"author":[{"embeddable":true,"href":"https:\/\/pontscouverts.com\/blogue\/wp-json\/wp\/v2\/users\/1"}],"replies":[{"embeddable":true,"href":"https:\/\/pontscouverts.com\/blogue\/wp-json\/wp\/v2\/comments?post=38537"}],"version-history":[{"count":11,"href":"https:\/\/pontscouverts.com\/blogue\/wp-json\/wp\/v2\/pages\/38537\/revisions"}],"predecessor-version":[{"id":38573,"href":"https:\/\/pontscouverts.com\/blogue\/wp-json\/wp\/v2\/pages\/38537\/revisions\/38573"}],"wp:attachment":[{"href":"https:\/\/pontscouverts.com\/blogue\/wp-json\/wp\/v2\/media?parent=38537"}],"curies":[{"name":"wp","href":"https:\/\/api.w.org\/{rel}","templated":true}]}}