{"id":38397,"date":"2024-01-30T12:55:10","date_gmt":"2024-01-30T17:55:10","guid":{"rendered":"https:\/\/pontscouverts.com\/blogue\/?page_id=38397"},"modified":"2024-01-30T12:55:10","modified_gmt":"2024-01-30T17:55:10","slug":"pont-de-chazel","status":"publish","type":"page","link":"https:\/\/pontscouverts.com\/blogue\/pont-de-chazel\/","title":{"rendered":"Pont de Chazel"},"content":{"rendered":"<h1 class=\"paragraph_style_2\"><em><strong><span class=\"style_2\" style=\"color: #008000;\">Abitibi-T\u00e9miscamingue<\/span><\/strong><\/em><\/h1>\n<h2 class=\"paragraph_style_3\"><span style=\"color: #000000;\">Chazel (St-Janvier)<\/span><\/h2>\n<p><a href=\"https:\/\/pontscouverts.com\/blogue\/wp-content\/uploads\/2024\/01\/61-02-11-a-94.jpg\"><img loading=\"lazy\" class=\"alignnone size-full wp-image-38398\" src=\"https:\/\/pontscouverts.com\/blogue\/wp-content\/uploads\/2024\/01\/61-02-11-a-94.jpg\" alt=\"\" width=\"5667\" height=\"3813\" srcset=\"https:\/\/pontscouverts.com\/blogue\/wp-content\/uploads\/2024\/01\/61-02-11-a-94.jpg 5667w, https:\/\/pontscouverts.com\/blogue\/wp-content\/uploads\/2024\/01\/61-02-11-a-94-300x202.jpg 300w, https:\/\/pontscouverts.com\/blogue\/wp-content\/uploads\/2024\/01\/61-02-11-a-94-768x517.jpg 768w, https:\/\/pontscouverts.com\/blogue\/wp-content\/uploads\/2024\/01\/61-02-11-a-94-1024x689.jpg 1024w, https:\/\/pontscouverts.com\/blogue\/wp-content\/uploads\/2024\/01\/61-02-11-a-94-624x420.jpg 624w\" sizes=\"(max-width: 5667px) 100vw, 5667px\" \/><\/a><\/p>\n<p><span style=\"color: #000000;\"><strong>Construction :<\/strong> 1935<\/span><br \/>\n<span style=\"color: #000000;\"><strong>Longueur :<\/strong>\u00a0201 pieds<\/span><br \/>\n<span style=\"color: #000000;\"><strong>Cours d\u2019eau :<\/strong> Rivi\u00e8re La Sarre<\/span><br \/>\n<span style=\"color: #000000;\"><strong>Statut :<\/strong>\u00a0Incendi\u00e9 en 1996<\/span><br \/>\n<span style=\"color: #000000;\"><strong>Localisation :<\/strong>\u00a0Rang 9<\/span><br \/>\n<span style=\"color: #000000;\"><strong>Type de ferme :<\/strong> Town \u00e9labor\u00e9<\/span><br \/>\n<span style=\"color: #000000;\"><strong>Hauteur libre :<\/strong>\u00a03,50 m<\/span><br \/>\n<span style=\"color: #000000;\"><strong>Charge affich\u00e9e :<\/strong>\u00a010 tonnes<\/span><br \/>\n<span style=\"color: #000000;\"><strong>No officiel :<\/strong> 61-02-11<\/span><br \/>\n<a href=\"http:\/\/chazel.ao.ca\/fr\/\" target=\"_blank\" rel=\"noopener\"><strong><span style=\"color: #0000ff;\">Site Web de la ville<\/span><\/strong><\/a><br \/>\n<a href=\"https:\/\/goo.gl\/maps\/j1oNB8T5xcSA5LU59\" target=\"_blank\" rel=\"noopener\"><strong><span style=\"color: #0000ff;\">Carte Google Street View<\/span><\/strong><\/a><\/p>\n<h2><span style=\"color: #008000;\"><strong>\u00c0 propos de ce pont :<\/strong><\/span><\/h2>\n<p><span style=\"color: #000000;\">Ce pont poss\u00e9dait 2 trav\u00e9es.<\/span><br \/>\n<span style=\"color: #000000;\">Le treillis \u00e9tait viss\u00e9.<\/span><br \/>\n<span style=\"color: #000000;\">Ferm\u00e9 pendant plusieurs ann\u00e9es, le pont couvert avait \u00e9t\u00e9 r\u00e9ouvert \u00e0 la circulation en 1982.<\/span><br \/>\n<span style=\"color: #000000;\">Situ\u00e9 dans un secteur isol\u00e9, le pont de Chazel \u00e9tait le lieu de rencontre de voyous qui avaient \u00e9tabli leurs quartiers dans les cul\u00e9es du pont. Au fil des ans, diff\u00e9rents articles vol\u00e9s ont \u00e9t\u00e9 retrouv\u00e9s \u00e0 cet endroit par la police.<\/span><br \/>\n<span style=\"color: #000000;\">Avant de dispara\u00eetre, ce pont \u00e9tait en bon \u00e9tat.<\/span><br \/>\n<span style=\"color: #000000;\">Le pont de Chazel a \u00e9t\u00e9 incendi\u00e9 le 30 ao\u00fbt 1996.<\/span><br \/>\n<span style=\"color: #000000;\">Un panneau comm\u00e9moratif a \u00e9t\u00e9 plac\u00e9 \u00e0 l\u2019entr\u00e9e du rang qui conduisait jadis au pont.<\/span><\/p>\n<h2><span style=\"color: #008000;\"><strong>Articles connexes :<\/strong><\/span><\/h2>\n<ul>\n<li><a href=\"https:\/\/pontscouverts.com\/blogue\/2018\/10\/14\/fin-de-la-tournee-de-simon-retour-au-pont-chazel\/\"><span style=\"color: #0000ff;\">Retour au pont de Chazel (Octobre 2018)<\/span><\/a><\/li>\n<li><a href=\"http:\/\/pontscouverts.com\/blogue\/wp-content\/uploads\/2018\/04\/Chazel1.mp4\"><span style=\"color: #0000ff;\">Vid\u00e9o du pont de Chazel (Ao\u00fbt 1996)<\/span><\/a><\/li>\n<\/ul>\n<h1 style=\"text-align: center;\"><span style=\"color: #333399;\">GALERIE DE PHOTOS<\/span><\/h1>\n\n\t\t<style type=\"text\/css\">\n\t\t\t#gallery-1 {\n\t\t\t\tmargin: auto;\n\t\t\t}\n\t\t\t#gallery-1 .gallery-item {\n\t\t\t\tfloat: left;\n\t\t\t\tmargin-top: 10px;\n\t\t\t\ttext-align: center;\n\t\t\t\twidth: 33%;\n\t\t\t}\n\t\t\t#gallery-1 img {\n\t\t\t\tborder: 2px solid #cfcfcf;\n\t\t\t}\n\t\t\t#gallery-1 .gallery-caption {\n\t\t\t\tmargin-left: 0;\n\t\t\t}\n\t\t\t\/* see gallery_shortcode() in wp-includes\/media.php *\/\n\t\t<\/style>\n\t\t<div id='gallery-1' class='gallery galleryid-38397 gallery-columns-3 gallery-size-thumbnail'><dl class='gallery-item'>\n\t\t\t<dt class='gallery-icon landscape'>\n\t\t\t\t<a href='https:\/\/pontscouverts.com\/blogue\/wp-content\/uploads\/2024\/01\/janvier02.jpg'><img width=\"150\" height=\"103\" src=\"https:\/\/pontscouverts.com\/blogue\/wp-content\/uploads\/2024\/01\/janvier02-e1706623037300-150x103.jpg\" class=\"attachment-thumbnail size-thumbnail\" alt=\"\" loading=\"lazy\" aria-describedby=\"gallery-1-38414\" \/><\/a>\n\t\t\t<\/dt>\n\t\t\t\t<dd class='wp-caption-text gallery-caption' id='gallery-1-38414'>\n\t\t\t\tJeannine Beaupr\u00e9 vers 1995\n\t\t\t\t<\/dd><\/dl><dl class='gallery-item'>\n\t\t\t<dt class='gallery-icon landscape'>\n\t\t\t\t<a href='https:\/\/pontscouverts.com\/blogue\/wp-content\/uploads\/2024\/01\/janvier01.jpg'><img width=\"150\" height=\"100\" src=\"https:\/\/pontscouverts.com\/blogue\/wp-content\/uploads\/2024\/01\/janvier01-e1706623047447-150x100.jpg\" class=\"attachment-thumbnail size-thumbnail\" alt=\"\" loading=\"lazy\" aria-describedby=\"gallery-1-38413\" \/><\/a>\n\t\t\t<\/dt>\n\t\t\t\t<dd class='wp-caption-text gallery-caption' id='gallery-1-38413'>\n\t\t\t\tJeannine Beaupr\u00e9 vers 1995\n\t\t\t\t<\/dd><\/dl><dl class='gallery-item'>\n\t\t\t<dt class='gallery-icon landscape'>\n\t\t\t\t<a href='https:\/\/pontscouverts.com\/blogue\/wp-content\/uploads\/2024\/01\/61-02-11-c-94.jpg'><img width=\"150\" height=\"105\" src=\"https:\/\/pontscouverts.com\/blogue\/wp-content\/uploads\/2024\/01\/61-02-11-c-94-e1706621831438-150x105.jpg\" class=\"attachment-thumbnail size-thumbnail\" alt=\"\" loading=\"lazy\" aria-describedby=\"gallery-1-38402\" \/><\/a>\n\t\t\t<\/dt>\n\t\t\t\t<dd class='wp-caption-text gallery-caption' id='gallery-1-38402'>\n\t\t\t\tAndr\u00e9 Pelletier 1994\n\t\t\t\t<\/dd><\/dl><br style=\"clear: both\" \/><dl class='gallery-item'>\n\t\t\t<dt class='gallery-icon landscape'>\n\t\t\t\t<a href='https:\/\/pontscouverts.com\/blogue\/wp-content\/uploads\/2024\/01\/61-02-11-f-94.jpg'><img width=\"150\" height=\"96\" src=\"https:\/\/pontscouverts.com\/blogue\/wp-content\/uploads\/2024\/01\/61-02-11-f-94-e1706621876900-150x96.jpg\" class=\"attachment-thumbnail size-thumbnail\" alt=\"\" loading=\"lazy\" aria-describedby=\"gallery-1-38405\" \/><\/a>\n\t\t\t<\/dt>\n\t\t\t\t<dd class='wp-caption-text gallery-caption' id='gallery-1-38405'>\n\t\t\t\tAndr\u00e9 Pelletier 1994\n\t\t\t\t<\/dd><\/dl><dl class='gallery-item'>\n\t\t\t<dt class='gallery-icon landscape'>\n\t\t\t\t<a href='https:\/\/pontscouverts.com\/blogue\/wp-content\/uploads\/2024\/01\/61-02-11-d-94.jpg'><img width=\"150\" height=\"102\" src=\"https:\/\/pontscouverts.com\/blogue\/wp-content\/uploads\/2024\/01\/61-02-11-d-94-e1706621845910-150x102.jpg\" class=\"attachment-thumbnail size-thumbnail\" alt=\"\" loading=\"lazy\" aria-describedby=\"gallery-1-38403\" \/><\/a>\n\t\t\t<\/dt>\n\t\t\t\t<dd class='wp-caption-text gallery-caption' id='gallery-1-38403'>\n\t\t\t\tAndr\u00e9 Pelletier 1994\n\t\t\t\t<\/dd><\/dl><dl class='gallery-item'>\n\t\t\t<dt class='gallery-icon portrait'>\n\t\t\t\t<a href='https:\/\/pontscouverts.com\/blogue\/wp-content\/uploads\/2024\/01\/61-02-11-e-94.jpg'><img width=\"101\" height=\"150\" src=\"https:\/\/pontscouverts.com\/blogue\/wp-content\/uploads\/2024\/01\/61-02-11-e-94-e1706621860981-101x150.jpg\" class=\"attachment-thumbnail size-thumbnail\" alt=\"\" loading=\"lazy\" aria-describedby=\"gallery-1-38404\" \/><\/a>\n\t\t\t<\/dt>\n\t\t\t\t<dd class='wp-caption-text gallery-caption' id='gallery-1-38404'>\n\t\t\t\tAndr\u00e9 Pelletier 1994\n\t\t\t\t<\/dd><\/dl><br style=\"clear: both\" \/><dl class='gallery-item'>\n\t\t\t<dt class='gallery-icon landscape'>\n\t\t\t\t<a href='https:\/\/pontscouverts.com\/blogue\/wp-content\/uploads\/2024\/01\/61-02-11-b-94.jpg'><img width=\"150\" height=\"96\" src=\"https:\/\/pontscouverts.com\/blogue\/wp-content\/uploads\/2024\/01\/61-02-11-b-94-e1706621817478-150x96.jpg\" class=\"attachment-thumbnail size-thumbnail\" alt=\"\" loading=\"lazy\" aria-describedby=\"gallery-1-38401\" \/><\/a>\n\t\t\t<\/dt>\n\t\t\t\t<dd class='wp-caption-text gallery-caption' id='gallery-1-38401'>\n\t\t\t\tAndr\u00e9 Pelletier 1994\n\t\t\t\t<\/dd><\/dl><dl class='gallery-item'>\n\t\t\t<dt class='gallery-icon landscape'>\n\t\t\t\t<a href='https:\/\/pontscouverts.com\/blogue\/wp-content\/uploads\/2024\/01\/61-02-11-st-janvier-1994-J-M-Beaujean.jpg'><img width=\"150\" height=\"98\" src=\"https:\/\/pontscouverts.com\/blogue\/wp-content\/uploads\/2024\/01\/61-02-11-st-janvier-1994-J-M-Beaujean-e1706623220470-150x98.jpg\" class=\"attachment-thumbnail size-thumbnail\" alt=\"\" loading=\"lazy\" aria-describedby=\"gallery-1-38416\" \/><\/a>\n\t\t\t<\/dt>\n\t\t\t\t<dd class='wp-caption-text gallery-caption' id='gallery-1-38416'>\n\t\t\t\tJean-Marie Beaujean 1994\n\t\t\t\t<\/dd><\/dl><dl class='gallery-item'>\n\t\t\t<dt class='gallery-icon landscape'>\n\t\t\t\t<a href='https:\/\/pontscouverts.com\/blogue\/wp-content\/uploads\/2024\/01\/61-02-11-a-1994.jpg'><img width=\"150\" height=\"102\" src=\"https:\/\/pontscouverts.com\/blogue\/wp-content\/uploads\/2024\/01\/61-02-11-a-1994-e1706623312781-150x102.jpg\" class=\"attachment-thumbnail size-thumbnail\" alt=\"\" loading=\"lazy\" aria-describedby=\"gallery-1-38418\" \/><\/a>\n\t\t\t<\/dt>\n\t\t\t\t<dd class='wp-caption-text gallery-caption' id='gallery-1-38418'>\n\t\t\t\tL\u00e9o Bonin 1994\n\t\t\t\t<\/dd><\/dl><br style=\"clear: both\" \/><dl class='gallery-item'>\n\t\t\t<dt class='gallery-icon landscape'>\n\t\t\t\t<a href='https:\/\/pontscouverts.com\/blogue\/wp-content\/uploads\/2024\/01\/61-02-11-b-1994.jpg'><img width=\"150\" height=\"104\" src=\"https:\/\/pontscouverts.com\/blogue\/wp-content\/uploads\/2024\/01\/61-02-11-b-1994-e1706623325547-150x104.jpg\" class=\"attachment-thumbnail size-thumbnail\" alt=\"\" loading=\"lazy\" aria-describedby=\"gallery-1-38419\" \/><\/a>\n\t\t\t<\/dt>\n\t\t\t\t<dd class='wp-caption-text gallery-caption' id='gallery-1-38419'>\n\t\t\t\tL\u00e9o Bonin 1994\n\t\t\t\t<\/dd><\/dl><dl class='gallery-item'>\n\t\t\t<dt class='gallery-icon landscape'>\n\t\t\t\t<a href='https:\/\/pontscouverts.com\/blogue\/wp-content\/uploads\/2024\/01\/61-02-11-84b.jpg'><img width=\"150\" height=\"108\" src=\"https:\/\/pontscouverts.com\/blogue\/wp-content\/uploads\/2024\/01\/61-02-11-84b-e1706623568633-150x108.jpg\" class=\"attachment-thumbnail size-thumbnail\" alt=\"\" loading=\"lazy\" aria-describedby=\"gallery-1-38421\" \/><\/a>\n\t\t\t<\/dt>\n\t\t\t\t<dd class='wp-caption-text gallery-caption' id='gallery-1-38421'>\n\t\t\t\tG\u00e9rald Arbour 1984\n\t\t\t\t<\/dd><\/dl><dl class='gallery-item'>\n\t\t\t<dt class='gallery-icon landscape'>\n\t\t\t\t<a href='https:\/\/pontscouverts.com\/blogue\/wp-content\/uploads\/2024\/01\/61-02-11-84a.jpg'><img width=\"150\" height=\"108\" src=\"https:\/\/pontscouverts.com\/blogue\/wp-content\/uploads\/2024\/01\/61-02-11-84a-e1706623578672-150x108.jpg\" class=\"attachment-thumbnail size-thumbnail\" alt=\"\" loading=\"lazy\" aria-describedby=\"gallery-1-38420\" \/><\/a>\n\t\t\t<\/dt>\n\t\t\t\t<dd class='wp-caption-text gallery-caption' id='gallery-1-38420'>\n\t\t\t\tG\u00e9rald Arbour 1984\n\t\t\t\t<\/dd><\/dl><br style=\"clear: both\" \/><dl class='gallery-item'>\n\t\t\t<dt class='gallery-icon landscape'>\n\t\t\t\t<a href='https:\/\/pontscouverts.com\/blogue\/wp-content\/uploads\/2024\/01\/61-02-11-84c.jpg'><img width=\"150\" height=\"108\" src=\"https:\/\/pontscouverts.com\/blogue\/wp-content\/uploads\/2024\/01\/61-02-11-84c-e1706623587682-150x108.jpg\" class=\"attachment-thumbnail size-thumbnail\" alt=\"\" loading=\"lazy\" aria-describedby=\"gallery-1-38422\" \/><\/a>\n\t\t\t<\/dt>\n\t\t\t\t<dd class='wp-caption-text gallery-caption' id='gallery-1-38422'>\n\t\t\t\tG\u00e9rald Arbour 1984\n\t\t\t\t<\/dd><\/dl><dl class='gallery-item'>\n\t\t\t<dt class='gallery-icon landscape'>\n\t\t\t\t<a href='https:\/\/pontscouverts.com\/blogue\/wp-content\/uploads\/2024\/01\/61-02-11-19841.jpg'><img width=\"150\" height=\"88\" src=\"https:\/\/pontscouverts.com\/blogue\/wp-content\/uploads\/2024\/01\/61-02-11-19841-e1706623597229-150x88.jpg\" class=\"attachment-thumbnail size-thumbnail\" alt=\"\" loading=\"lazy\" aria-describedby=\"gallery-1-38423\" \/><\/a>\n\t\t\t<\/dt>\n\t\t\t\t<dd class='wp-caption-text gallery-caption' id='gallery-1-38423'>\n\t\t\t\tG\u00e9rald Arbour 1984\n\t\t\t\t<\/dd><\/dl><dl class='gallery-item'>\n\t\t\t<dt class='gallery-icon landscape'>\n\t\t\t\t<a href='https:\/\/pontscouverts.com\/blogue\/wp-content\/uploads\/2024\/01\/61-02-11-19842.jpg'><img width=\"150\" height=\"87\" src=\"https:\/\/pontscouverts.com\/blogue\/wp-content\/uploads\/2024\/01\/61-02-11-19842-e1706623608981-150x87.jpg\" class=\"attachment-thumbnail size-thumbnail\" alt=\"\" loading=\"lazy\" aria-describedby=\"gallery-1-38424\" \/><\/a>\n\t\t\t<\/dt>\n\t\t\t\t<dd class='wp-caption-text gallery-caption' id='gallery-1-38424'>\n\t\t\t\tG\u00e9rald Arbour 1984\n\t\t\t\t<\/dd><\/dl><br style=\"clear: both\" \/><dl class='gallery-item'>\n\t\t\t<dt class='gallery-icon landscape'>\n\t\t\t\t<a href='https:\/\/pontscouverts.com\/blogue\/wp-content\/uploads\/2024\/01\/61-02-11f.jpg'><img width=\"150\" height=\"99\" src=\"https:\/\/pontscouverts.com\/blogue\/wp-content\/uploads\/2024\/01\/61-02-11f-e1706623872254-150x99.jpg\" class=\"attachment-thumbnail size-thumbnail\" alt=\"\" loading=\"lazy\" aria-describedby=\"gallery-1-38429\" \/><\/a>\n\t\t\t<\/dt>\n\t\t\t\t<dd class='wp-caption-text gallery-caption' id='gallery-1-38429'>\n\t\t\t\tAndr\u00e9 Goossens 1984\n\t\t\t\t<\/dd><\/dl><dl class='gallery-item'>\n\t\t\t<dt class='gallery-icon landscape'>\n\t\t\t\t<a href='https:\/\/pontscouverts.com\/blogue\/wp-content\/uploads\/2024\/01\/61-02-11a.jpg'><img width=\"150\" height=\"94\" src=\"https:\/\/pontscouverts.com\/blogue\/wp-content\/uploads\/2024\/01\/61-02-11a-e1706623888319-150x94.jpg\" class=\"attachment-thumbnail size-thumbnail\" alt=\"\" loading=\"lazy\" aria-describedby=\"gallery-1-38426\" \/><\/a>\n\t\t\t<\/dt>\n\t\t\t\t<dd class='wp-caption-text gallery-caption' id='gallery-1-38426'>\n\t\t\t\tAndr\u00e9 Goossens 1984\n\t\t\t\t<\/dd><\/dl><dl class='gallery-item'>\n\t\t\t<dt class='gallery-icon landscape'>\n\t\t\t\t<a href='https:\/\/pontscouverts.com\/blogue\/wp-content\/uploads\/2024\/01\/61-02-11b.jpg'><img width=\"150\" height=\"101\" src=\"https:\/\/pontscouverts.com\/blogue\/wp-content\/uploads\/2024\/01\/61-02-11b-e1706623901619-150x101.jpg\" class=\"attachment-thumbnail size-thumbnail\" alt=\"\" loading=\"lazy\" aria-describedby=\"gallery-1-38427\" \/><\/a>\n\t\t\t<\/dt>\n\t\t\t\t<dd class='wp-caption-text gallery-caption' id='gallery-1-38427'>\n\t\t\t\tAndr\u00e9 Goossens 1984\n\t\t\t\t<\/dd><\/dl><br style=\"clear: both\" \/><dl class='gallery-item'>\n\t\t\t<dt class='gallery-icon landscape'>\n\t\t\t\t<a href='https:\/\/pontscouverts.com\/blogue\/wp-content\/uploads\/2024\/01\/61-02-11e.jpg'><img width=\"150\" height=\"103\" src=\"https:\/\/pontscouverts.com\/blogue\/wp-content\/uploads\/2024\/01\/61-02-11e-e1706623914868-150x103.jpg\" class=\"attachment-thumbnail size-thumbnail\" alt=\"\" loading=\"lazy\" aria-describedby=\"gallery-1-38428\" \/><\/a>\n\t\t\t<\/dt>\n\t\t\t\t<dd class='wp-caption-text gallery-caption' id='gallery-1-38428'>\n\t\t\t\tAndr\u00e9 Goossens 1984\n\t\t\t\t<\/dd><\/dl><dl class='gallery-item'>\n\t\t\t<dt class='gallery-icon landscape'>\n\t\t\t\t<a href='https:\/\/pontscouverts.com\/blogue\/wp-content\/uploads\/2024\/01\/61-02-11g.jpg'><img width=\"150\" height=\"101\" src=\"https:\/\/pontscouverts.com\/blogue\/wp-content\/uploads\/2024\/01\/61-02-11g-e1706623926308-150x101.jpg\" class=\"attachment-thumbnail size-thumbnail\" alt=\"\" loading=\"lazy\" aria-describedby=\"gallery-1-38430\" \/><\/a>\n\t\t\t<\/dt>\n\t\t\t\t<dd class='wp-caption-text gallery-caption' id='gallery-1-38430'>\n\t\t\t\tAndr\u00e9 Goossens 1984\n\t\t\t\t<\/dd><\/dl><dl class='gallery-item'>\n\t\t\t<dt class='gallery-icon landscape'>\n\t\t\t\t<a href='https:\/\/pontscouverts.com\/blogue\/wp-content\/uploads\/2024\/01\/61-02-11h.jpg'><img width=\"150\" height=\"102\" src=\"https:\/\/pontscouverts.com\/blogue\/wp-content\/uploads\/2024\/01\/61-02-11h-e1706623936650-150x102.jpg\" class=\"attachment-thumbnail size-thumbnail\" alt=\"\" loading=\"lazy\" aria-describedby=\"gallery-1-38431\" \/><\/a>\n\t\t\t<\/dt>\n\t\t\t\t<dd class='wp-caption-text gallery-caption' id='gallery-1-38431'>\n\t\t\t\tAndr\u00e9 Goossens 1984\n\t\t\t\t<\/dd><\/dl><br style=\"clear: both\" \/><dl class='gallery-item'>\n\t\t\t<dt class='gallery-icon landscape'>\n\t\t\t\t<a href='https:\/\/pontscouverts.com\/blogue\/wp-content\/uploads\/2024\/01\/5.jpg'><img width=\"150\" height=\"128\" src=\"https:\/\/pontscouverts.com\/blogue\/wp-content\/uploads\/2024\/01\/5-e1706624221321-150x128.jpg\" class=\"attachment-thumbnail size-thumbnail\" alt=\"\" loading=\"lazy\" aria-describedby=\"gallery-1-38435\" \/><\/a>\n\t\t\t<\/dt>\n\t\t\t\t<dd class='wp-caption-text gallery-caption' id='gallery-1-38435'>\n\t\t\t\tArchives SQPC 1983\n\t\t\t\t<\/dd><\/dl><dl class='gallery-item'>\n\t\t\t<dt class='gallery-icon landscape'>\n\t\t\t\t<a href='https:\/\/pontscouverts.com\/blogue\/wp-content\/uploads\/2024\/01\/3.jpg'><img width=\"150\" height=\"108\" src=\"https:\/\/pontscouverts.com\/blogue\/wp-content\/uploads\/2024\/01\/3-e1706624242887-150x108.jpg\" class=\"attachment-thumbnail size-thumbnail\" alt=\"\" loading=\"lazy\" aria-describedby=\"gallery-1-38437\" \/><\/a>\n\t\t\t<\/dt>\n\t\t\t\t<dd class='wp-caption-text gallery-caption' id='gallery-1-38437'>\n\t\t\t\tMTQ 1981\n\t\t\t\t<\/dd><\/dl><dl class='gallery-item'>\n\t\t\t<dt class='gallery-icon landscape'>\n\t\t\t\t<a href='https:\/\/pontscouverts.com\/blogue\/wp-content\/uploads\/2024\/01\/61-02-11-101.jpg'><img width=\"150\" height=\"91\" src=\"https:\/\/pontscouverts.com\/blogue\/wp-content\/uploads\/2024\/01\/61-02-11-101-e1706624110282-150x91.jpg\" class=\"attachment-thumbnail size-thumbnail\" alt=\"\" loading=\"lazy\" aria-describedby=\"gallery-1-38433\" \/><\/a>\n\t\t\t<\/dt>\n\t\t\t\t<dd class='wp-caption-text gallery-caption' id='gallery-1-38433'>\n\t\t\t\tG\u00e9rald Arbour 1980\n\t\t\t\t<\/dd><\/dl><br style=\"clear: both\" \/><dl class='gallery-item'>\n\t\t\t<dt class='gallery-icon landscape'>\n\t\t\t\t<a href='https:\/\/pontscouverts.com\/blogue\/wp-content\/uploads\/2024\/01\/4.jpg'><img width=\"150\" height=\"103\" src=\"https:\/\/pontscouverts.com\/blogue\/wp-content\/uploads\/2024\/01\/4-e1706624253444-150x103.jpg\" class=\"attachment-thumbnail size-thumbnail\" alt=\"\" loading=\"lazy\" aria-describedby=\"gallery-1-38438\" \/><\/a>\n\t\t\t<\/dt>\n\t\t\t\t<dd class='wp-caption-text gallery-caption' id='gallery-1-38438'>\n\t\t\t\tBAnQ 1978 Cote : O8, E6, S2, SS2, P2296\n\t\t\t\t<\/dd><\/dl><dl class='gallery-item'>\n\t\t\t<dt class='gallery-icon landscape'>\n\t\t\t\t<a href='https:\/\/pontscouverts.com\/blogue\/wp-content\/uploads\/2024\/01\/2.jpg'><img width=\"150\" height=\"97\" src=\"https:\/\/pontscouverts.com\/blogue\/wp-content\/uploads\/2024\/01\/2-e1706624231930-150x97.jpg\" class=\"attachment-thumbnail size-thumbnail\" alt=\"\" loading=\"lazy\" aria-describedby=\"gallery-1-38436\" \/><\/a>\n\t\t\t<\/dt>\n\t\t\t\t<dd class='wp-caption-text gallery-caption' id='gallery-1-38436'>\n\t\t\t\tBAnQ 1935 Cote : E3Q, E57, S44, SS1 PB37-39\n\t\t\t\t<\/dd><\/dl><dl class='gallery-item'>\n\t\t\t<dt class='gallery-icon landscape'>\n\t\t\t\t<a href='https:\/\/pontscouverts.com\/blogue\/wp-content\/uploads\/2018\/10\/DSCN2888.jpg'><img width=\"150\" height=\"112\" src=\"https:\/\/pontscouverts.com\/blogue\/wp-content\/uploads\/2018\/10\/DSCN2888-e1539379051789-150x112.jpg\" class=\"attachment-thumbnail size-thumbnail\" alt=\"\" loading=\"lazy\" aria-describedby=\"gallery-1-21440\" \/><\/a>\n\t\t\t<\/dt>\n\t\t\t\t<dd class='wp-caption-text gallery-caption' id='gallery-1-21440'>\n\t\t\t\tSimon Pratte Ao\u00fbt 2018\n\t\t\t\t<\/dd><\/dl><br style=\"clear: both\" \/><dl class='gallery-item'>\n\t\t\t<dt class='gallery-icon landscape'>\n\t\t\t\t<a href='https:\/\/pontscouverts.com\/blogue\/wp-content\/uploads\/2018\/10\/DSCN2885.jpg'><img width=\"150\" height=\"111\" src=\"https:\/\/pontscouverts.com\/blogue\/wp-content\/uploads\/2018\/10\/DSCN2885-e1539379027884-150x111.jpg\" class=\"attachment-thumbnail size-thumbnail\" alt=\"\" loading=\"lazy\" aria-describedby=\"gallery-1-21438\" \/><\/a>\n\t\t\t<\/dt>\n\t\t\t\t<dd class='wp-caption-text gallery-caption' id='gallery-1-21438'>\n\t\t\t\tSimon Pratte Ao\u00fbt 2018\n\t\t\t\t<\/dd><\/dl><dl class='gallery-item'>\n\t\t\t<dt class='gallery-icon landscape'>\n\t\t\t\t<a href='https:\/\/pontscouverts.com\/blogue\/wp-content\/uploads\/2018\/10\/DSCN2881.jpg'><img width=\"150\" height=\"112\" src=\"https:\/\/pontscouverts.com\/blogue\/wp-content\/uploads\/2018\/10\/DSCN2881-e1539378986171-150x112.jpg\" class=\"attachment-thumbnail size-thumbnail\" alt=\"\" loading=\"lazy\" aria-describedby=\"gallery-1-21436\" \/><\/a>\n\t\t\t<\/dt>\n\t\t\t\t<dd class='wp-caption-text gallery-caption' id='gallery-1-21436'>\n\t\t\t\tSimon Pratte Ao\u00fbt 2018\n\t\t\t\t<\/dd><\/dl><dl class='gallery-item'>\n\t\t\t<dt class='gallery-icon landscape'>\n\t\t\t\t<a href='https:\/\/pontscouverts.com\/blogue\/wp-content\/uploads\/2018\/10\/DSCN2880.jpg'><img width=\"150\" height=\"113\" src=\"https:\/\/pontscouverts.com\/blogue\/wp-content\/uploads\/2018\/10\/DSCN2880-e1539378997758-150x113.jpg\" class=\"attachment-thumbnail size-thumbnail\" alt=\"\" loading=\"lazy\" aria-describedby=\"gallery-1-21435\" \/><\/a>\n\t\t\t<\/dt>\n\t\t\t\t<dd class='wp-caption-text gallery-caption' id='gallery-1-21435'>\n\t\t\t\tSimon Pratte Ao\u00fbt 2018\n\t\t\t\t<\/dd><\/dl><br style=\"clear: both\" \/><dl class='gallery-item'>\n\t\t\t<dt class='gallery-icon landscape'>\n\t\t\t\t<a href='https:\/\/pontscouverts.com\/blogue\/wp-content\/uploads\/2024\/01\/0-61-02-11-saint-janvier-de-chazel-2014-G\u00e9rald-Arbour-N2.jpg'><img width=\"150\" height=\"113\" src=\"https:\/\/pontscouverts.com\/blogue\/wp-content\/uploads\/2024\/01\/0-61-02-11-saint-janvier-de-chazel-2014-G\u00e9rald-Arbour-N2-e1706624497606-150x113.jpg\" class=\"attachment-thumbnail size-thumbnail\" alt=\"\" loading=\"lazy\" aria-describedby=\"gallery-1-38440\" \/><\/a>\n\t\t\t<\/dt>\n\t\t\t\t<dd class='wp-caption-text gallery-caption' id='gallery-1-38440'>\n\t\t\t\tG\u00e9rald Arbour 2014\n\t\t\t\t<\/dd><\/dl><dl class='gallery-item'>\n\t\t\t<dt class='gallery-icon landscape'>\n\t\t\t\t<a href='https:\/\/pontscouverts.com\/blogue\/wp-content\/uploads\/2024\/01\/PC2010.jpg'><img width=\"150\" height=\"113\" src=\"https:\/\/pontscouverts.com\/blogue\/wp-content\/uploads\/2024\/01\/PC2010-e1706637293332-150x113.jpg\" class=\"attachment-thumbnail size-thumbnail\" alt=\"\" loading=\"lazy\" aria-describedby=\"gallery-1-38443\" \/><\/a>\n\t\t\t<\/dt>\n\t\t\t\t<dd class='wp-caption-text gallery-caption' id='gallery-1-38443'>\n\t\t\t\tPascal Conner \u00e9t\u00e9 2010\n\t\t\t\t<\/dd><\/dl>\n\t\t\t<br style='clear: both' \/>\n\t\t<\/div>\n\n","protected":false},"excerpt":{"rendered":"<p>Abitibi-T\u00e9miscamingue Chazel (St-Janvier) Construction : 1935 Longueur :\u00a0201 pieds Cours d\u2019eau : Rivi\u00e8re La Sarre Statut :\u00a0Incendi\u00e9 en 1996 Localisation :\u00a0Rang 9 Type de ferme : Town \u00e9labor\u00e9 Hauteur libre :\u00a03,50 m Charge affich\u00e9e :\u00a010 tonnes No officiel : 61-02-11 Site Web de la ville Carte Google Street View \u00c0 propos de ce pont : [&hellip;]<\/p>\n","protected":false},"author":1,"featured_media":0,"parent":0,"menu_order":0,"comment_status":"closed","ping_status":"closed","template":"","meta":[],"_links":{"self":[{"href":"https:\/\/pontscouverts.com\/blogue\/wp-json\/wp\/v2\/pages\/38397"}],"collection":[{"href":"https:\/\/pontscouverts.com\/blogue\/wp-json\/wp\/v2\/pages"}],"about":[{"href":"https:\/\/pontscouverts.com\/blogue\/wp-json\/wp\/v2\/types\/page"}],"author":[{"embeddable":true,"href":"https:\/\/pontscouverts.com\/blogue\/wp-json\/wp\/v2\/users\/1"}],"replies":[{"embeddable":true,"href":"https:\/\/pontscouverts.com\/blogue\/wp-json\/wp\/v2\/comments?post=38397"}],"version-history":[{"count":16,"href":"https:\/\/pontscouverts.com\/blogue\/wp-json\/wp\/v2\/pages\/38397\/revisions"}],"predecessor-version":[{"id":38444,"href":"https:\/\/pontscouverts.com\/blogue\/wp-json\/wp\/v2\/pages\/38397\/revisions\/38444"}],"wp:attachment":[{"href":"https:\/\/pontscouverts.com\/blogue\/wp-json\/wp\/v2\/media?parent=38397"}],"curies":[{"name":"wp","href":"https:\/\/api.w.org\/{rel}","templated":true}]}}