{"id":34628,"date":"2022-03-31T08:59:55","date_gmt":"2022-03-31T12:59:55","guid":{"rendered":"https:\/\/pontscouverts.com\/blogue\/?page_id=34628"},"modified":"2022-04-01T08:14:59","modified_gmt":"2022-04-01T12:14:59","slug":"pont-de-despinassy","status":"publish","type":"page","link":"https:\/\/pontscouverts.com\/blogue\/pont-de-despinassy\/","title":{"rendered":"Pont de Despinassy"},"content":{"rendered":"<h1 class=\"paragraph_style_2\"><em><strong><span class=\"style_2\" style=\"color: #008000;\">Abitibi-T\u00e9miscamingue<\/span><\/strong><\/em><\/h1>\n<h2 class=\"paragraph_style_3\"><span style=\"color: #000000;\">Lac-Despinassy (TNO)<\/span><\/h2>\n<div style=\"width: 987px\" class=\"wp-caption alignnone\"><a href=\"https:\/\/pontscouverts.com\/blogue\/wp-content\/uploads\/2022\/03\/61-01-15-despinassy-1973-Hugo-Lundquist2a-filtered.jpeg\"><img loading=\"lazy\" class=\"wp-image-34631 size-full\" src=\"https:\/\/pontscouverts.com\/blogue\/wp-content\/uploads\/2022\/03\/61-01-15-despinassy-1973-Hugo-Lundquist2a-filtered.jpeg\" alt=\"\" width=\"977\" height=\"631\" srcset=\"https:\/\/pontscouverts.com\/blogue\/wp-content\/uploads\/2022\/03\/61-01-15-despinassy-1973-Hugo-Lundquist2a-filtered.jpeg 977w, https:\/\/pontscouverts.com\/blogue\/wp-content\/uploads\/2022\/03\/61-01-15-despinassy-1973-Hugo-Lundquist2a-filtered-300x194.jpeg 300w, https:\/\/pontscouverts.com\/blogue\/wp-content\/uploads\/2022\/03\/61-01-15-despinassy-1973-Hugo-Lundquist2a-filtered-768x496.jpeg 768w, https:\/\/pontscouverts.com\/blogue\/wp-content\/uploads\/2022\/03\/61-01-15-despinassy-1973-Hugo-Lundquist2a-filtered-624x403.jpeg 624w\" sizes=\"(max-width: 977px) 100vw, 977px\" \/><\/a><p class=\"wp-caption-text\">Hugo Lundquist 1973<\/p><\/div>\n<p><span style=\"color: #000000;\"><strong>Construction :<\/strong> 1949<\/span><br \/>\n<span style=\"color: #000000;\"><strong>Longueur :<\/strong>\u00a0273 pieds<\/span><br \/>\n<span style=\"color: #000000;\"><strong>Cours d\u2019eau :<\/strong> Rivi\u00e8re Laflamme<\/span><br \/>\n<span style=\"color: #000000;\"><strong>Statut :<\/strong>\u00a0Tablier d\u00e9fonc\u00e9 par un camion en 1974<\/span><br \/>\n<span style=\"color: #000000;\"><strong>Localisation :<\/strong> Chemin des 3e et 4e Rangs Est<\/span><br \/>\n<span style=\"color: #000000;\"><strong>Type de ferme :<\/strong> Town \u00e9labor\u00e9<\/span><br \/>\n<span style=\"color: #000000;\"><strong>No officiel :<\/strong> 61-01-15<\/span><br \/>\n<a href=\"https:\/\/www.mamh.gouv.qc.ca\/repertoire-des-municipalites\/fiche\/municipalite\/88902\/\" target=\"_blank\" rel=\"noopener\"><strong><span style=\"color: #0000ff;\">Site Web de la ville<\/span><\/strong><\/a><\/p>\n<h2><span style=\"color: #008000;\"><strong>\u00c0 propos de ce pont :<\/strong><\/span><\/h2>\n<p style=\"text-align: justify;\"><span style=\"color: #000000;\">Ce pont \u00e9tait situ\u00e9 \u00e0 2 km \u00e0 l\u2019est de Despinassy.<\/span><br \/>\n<span style=\"color: #000000;\">Il poss\u00e9dait 2 trav\u00e9es.<\/span><br \/>\n<span style=\"color: #000000;\">Pendant des ann\u00e9es, on a pens\u00e9 ce pont d\u00e9truit suite \u00e0 une crue des eaux de 1974, mais il semble plut\u00f4t qu\u2019un camion trop lourd avait d\u00e9fonc\u00e9 le tablier du pont couvert. La structure n&rsquo;a pas \u00e9t\u00e9 remplac\u00e9e.<\/span><br \/>\n<span style=\"color: #000000;\">En 1952, on d\u00e9nombrait 150 familles dans le canton de Despinassy. De nos jours, il ne reste que quelques maisons et aucune infrastructure municipale.<\/span><\/p>\n<h1 style=\"text-align: center;\"><span style=\"color: #333399;\">GALERIE DE PHOTOS<\/span><\/h1>\n\n\t\t<style type=\"text\/css\">\n\t\t\t#gallery-1 {\n\t\t\t\tmargin: auto;\n\t\t\t}\n\t\t\t#gallery-1 .gallery-item {\n\t\t\t\tfloat: left;\n\t\t\t\tmargin-top: 10px;\n\t\t\t\ttext-align: center;\n\t\t\t\twidth: 33%;\n\t\t\t}\n\t\t\t#gallery-1 img {\n\t\t\t\tborder: 2px solid #cfcfcf;\n\t\t\t}\n\t\t\t#gallery-1 .gallery-caption {\n\t\t\t\tmargin-left: 0;\n\t\t\t}\n\t\t\t\/* see gallery_shortcode() in wp-includes\/media.php *\/\n\t\t<\/style>\n\t\t<div id='gallery-1' class='gallery galleryid-34628 gallery-columns-3 gallery-size-thumbnail'><dl class='gallery-item'>\n\t\t\t<dt class='gallery-icon landscape'>\n\t\t\t\t<a href='https:\/\/pontscouverts.com\/blogue\/wp-content\/uploads\/2022\/03\/Carte.jpg'><img width=\"150\" height=\"86\" src=\"https:\/\/pontscouverts.com\/blogue\/wp-content\/uploads\/2022\/03\/Carte-e1648730730258-150x86.jpg\" class=\"attachment-thumbnail size-thumbnail\" alt=\"\" loading=\"lazy\" aria-describedby=\"gallery-1-34652\" \/><\/a>\n\t\t\t<\/dt>\n\t\t\t\t<dd class='wp-caption-text gallery-caption' id='gallery-1-34652'>\n\t\t\t\tCarte Google situant le pont\n\t\t\t\t<\/dd><\/dl><dl class='gallery-item'>\n\t\t\t<dt class='gallery-icon landscape'>\n\t\t\t\t<a href='https:\/\/pontscouverts.com\/blogue\/wp-content\/uploads\/2011\/11\/despinassy20112.jpg'><img width=\"150\" height=\"113\" src=\"https:\/\/pontscouverts.com\/blogue\/wp-content\/uploads\/2011\/11\/despinassy20112-e1648815295358-150x113.jpg\" class=\"attachment-thumbnail size-thumbnail\" alt=\"\" loading=\"lazy\" aria-describedby=\"gallery-1-356\" \/><\/a>\n\t\t\t<\/dt>\n\t\t\t\t<dd class='wp-caption-text gallery-caption' id='gallery-1-356'>\n\t\t\t\tR\u00e9al Lavigne 2011\n\t\t\t\t<\/dd><\/dl><dl class='gallery-item'>\n\t\t\t<dt class='gallery-icon landscape'>\n\t\t\t\t<a href='https:\/\/pontscouverts.com\/blogue\/wp-content\/uploads\/2022\/03\/61-01-15-despinassy-1984-Andr\u00e9-Goossens.jpg'><img width=\"150\" height=\"108\" src=\"https:\/\/pontscouverts.com\/blogue\/wp-content\/uploads\/2022\/03\/61-01-15-despinassy-1984-Andr\u00e9-Goossens-e1648731143250-150x108.jpg\" class=\"attachment-thumbnail size-thumbnail\" alt=\"\" loading=\"lazy\" aria-describedby=\"gallery-1-34660\" \/><\/a>\n\t\t\t<\/dt>\n\t\t\t\t<dd class='wp-caption-text gallery-caption' id='gallery-1-34660'>\n\t\t\t\tAndr\u00e9 Goossens 1984\n\t\t\t\t<\/dd><\/dl><br style=\"clear: both\" \/><dl class='gallery-item'>\n\t\t\t<dt class='gallery-icon landscape'>\n\t\t\t\t<a href='https:\/\/pontscouverts.com\/blogue\/wp-content\/uploads\/2022\/03\/a163-039_61-01-23.jpg'><img width=\"150\" height=\"99\" src=\"https:\/\/pontscouverts.com\/blogue\/wp-content\/uploads\/2022\/03\/a163-039_61-01-23-e1648557750788-150x99.jpg\" class=\"attachment-thumbnail size-thumbnail\" alt=\"\" loading=\"lazy\" aria-describedby=\"gallery-1-34635\" \/><\/a>\n\t\t\t<\/dt>\n\t\t\t\t<dd class='wp-caption-text gallery-caption' id='gallery-1-34635'>\n\t\t\t\tPierre Duff Avril 1976\n\t\t\t\t<\/dd><\/dl><dl class='gallery-item'>\n\t\t\t<dt class='gallery-icon portrait'>\n\t\t\t\t<a href='https:\/\/pontscouverts.com\/blogue\/wp-content\/uploads\/2022\/03\/61-01-15-despinassy-1974-Mme-Marquis-PC2.jpg'><img width=\"150\" height=\"150\" src=\"https:\/\/pontscouverts.com\/blogue\/wp-content\/uploads\/2022\/03\/61-01-15-despinassy-1974-Mme-Marquis-PC2-e1648730486293-150x150.jpg\" class=\"attachment-thumbnail size-thumbnail\" alt=\"\" loading=\"lazy\" aria-describedby=\"gallery-1-34649\" \/><\/a>\n\t\t\t<\/dt>\n\t\t\t\t<dd class='wp-caption-text gallery-caption' id='gallery-1-34649'>\n\t\t\t\tVers 1974 (Mme Marquis)\n\t\t\t\t<\/dd><\/dl><dl class='gallery-item'>\n\t\t\t<dt class='gallery-icon portrait'>\n\t\t\t\t<a href='https:\/\/pontscouverts.com\/blogue\/wp-content\/uploads\/2022\/03\/61-01-15-despinassy-1974-Mme-Marquis-PC3.jpg'><img width=\"150\" height=\"150\" src=\"https:\/\/pontscouverts.com\/blogue\/wp-content\/uploads\/2022\/03\/61-01-15-despinassy-1974-Mme-Marquis-PC3-e1648730506343-150x150.jpg\" class=\"attachment-thumbnail size-thumbnail\" alt=\"\" loading=\"lazy\" aria-describedby=\"gallery-1-34650\" \/><\/a>\n\t\t\t<\/dt>\n\t\t\t\t<dd class='wp-caption-text gallery-caption' id='gallery-1-34650'>\n\t\t\t\tVers 1974 (Mme Marquis)\n\t\t\t\t<\/dd><\/dl><br style=\"clear: both\" \/><dl class='gallery-item'>\n\t\t\t<dt class='gallery-icon portrait'>\n\t\t\t\t<a href='https:\/\/pontscouverts.com\/blogue\/wp-content\/uploads\/2022\/03\/61-01-15-despinassy-1974-Mme-Marquis-PC1.jpg'><img width=\"150\" height=\"150\" src=\"https:\/\/pontscouverts.com\/blogue\/wp-content\/uploads\/2022\/03\/61-01-15-despinassy-1974-Mme-Marquis-PC1-e1648730518644-150x150.jpg\" class=\"attachment-thumbnail size-thumbnail\" alt=\"\" loading=\"lazy\" aria-describedby=\"gallery-1-34648\" \/><\/a>\n\t\t\t<\/dt>\n\t\t\t\t<dd class='wp-caption-text gallery-caption' id='gallery-1-34648'>\n\t\t\t\tVers 1974 (Mme Marquis)\n\t\t\t\t<\/dd><\/dl><dl class='gallery-item'>\n\t\t\t<dt class='gallery-icon landscape'>\n\t\t\t\t<a href='https:\/\/pontscouverts.com\/blogue\/wp-content\/uploads\/2022\/03\/61-01-15-despinassy-1973-Hugo-Lundquist1.jpg'><img width=\"150\" height=\"97\" src=\"https:\/\/pontscouverts.com\/blogue\/wp-content\/uploads\/2022\/03\/61-01-15-despinassy-1973-Hugo-Lundquist1-e1648730921455-150x97.jpg\" class=\"attachment-thumbnail size-thumbnail\" alt=\"\" loading=\"lazy\" aria-describedby=\"gallery-1-34654\" \/><\/a>\n\t\t\t<\/dt>\n\t\t\t\t<dd class='wp-caption-text gallery-caption' id='gallery-1-34654'>\n\t\t\t\tHugo Lundquist 1973\n\t\t\t\t<\/dd><\/dl><dl class='gallery-item'>\n\t\t\t<dt class='gallery-icon landscape'>\n\t\t\t\t<a href='https:\/\/pontscouverts.com\/blogue\/wp-content\/uploads\/2022\/03\/61-01-15-despinassy-1973-Hugo-Lundquist2.jpg'><img width=\"150\" height=\"97\" src=\"https:\/\/pontscouverts.com\/blogue\/wp-content\/uploads\/2022\/03\/61-01-15-despinassy-1973-Hugo-Lundquist2-e1648730932913-150x97.jpg\" class=\"attachment-thumbnail size-thumbnail\" alt=\"\" loading=\"lazy\" aria-describedby=\"gallery-1-34655\" \/><\/a>\n\t\t\t<\/dt>\n\t\t\t\t<dd class='wp-caption-text gallery-caption' id='gallery-1-34655'>\n\t\t\t\tHugo Lundquist 1973\n\t\t\t\t<\/dd><\/dl><br style=\"clear: both\" \/><dl class='gallery-item'>\n\t\t\t<dt class='gallery-icon portrait'>\n\t\t\t\t<a href='https:\/\/pontscouverts.com\/blogue\/wp-content\/uploads\/2022\/03\/61-01-15-despinassy-Lisette-Guay-PC.jpg'><img width=\"150\" height=\"150\" src=\"https:\/\/pontscouverts.com\/blogue\/wp-content\/uploads\/2022\/03\/61-01-15-despinassy-Lisette-Guay-PC-e1648731001771-150x150.jpg\" class=\"attachment-thumbnail size-thumbnail\" alt=\"\" loading=\"lazy\" aria-describedby=\"gallery-1-34657\" \/><\/a>\n\t\t\t<\/dt>\n\t\t\t\t<dd class='wp-caption-text gallery-caption' id='gallery-1-34657'>\n\t\t\t\tLisette Guay\n\t\t\t\t<\/dd><\/dl><dl class='gallery-item'>\n\t\t\t<dt class='gallery-icon landscape'>\n\t\t\t\t<a href='https:\/\/pontscouverts.com\/blogue\/wp-content\/uploads\/2022\/03\/61-01-15-despinassy-1949-Minist\u00e8re-de-la-colonisation-Un-royaume-vous-attend.jpg'><img width=\"150\" height=\"83\" src=\"https:\/\/pontscouverts.com\/blogue\/wp-content\/uploads\/2022\/03\/61-01-15-despinassy-1949-Minist\u00e8re-de-la-colonisation-Un-royaume-vous-attend-e1648731110106-150x83.jpg\" class=\"attachment-thumbnail size-thumbnail\" alt=\"\" loading=\"lazy\" aria-describedby=\"gallery-1-34659\" \/><\/a>\n\t\t\t<\/dt>\n\t\t\t\t<dd class='wp-caption-text gallery-caption' id='gallery-1-34659'>\n\t\t\t\tMinist\u00e8re de la Colonisation 1949\n\t\t\t\t<\/dd><\/dl>\n\t\t\t<br style='clear: both' \/>\n\t\t<\/div>\n\n","protected":false},"excerpt":{"rendered":"<p>Abitibi-T\u00e9miscamingue Lac-Despinassy (TNO) Construction : 1949 Longueur :\u00a0273 pieds Cours d\u2019eau : Rivi\u00e8re Laflamme Statut :\u00a0Tablier d\u00e9fonc\u00e9 par un camion en 1974 Localisation : Chemin des 3e et 4e Rangs Est Type de ferme : Town \u00e9labor\u00e9 No officiel : 61-01-15 Site Web de la ville \u00c0 propos de ce pont : Ce pont \u00e9tait [&hellip;]<\/p>\n","protected":false},"author":1,"featured_media":0,"parent":0,"menu_order":0,"comment_status":"closed","ping_status":"closed","template":"","meta":[],"_links":{"self":[{"href":"https:\/\/pontscouverts.com\/blogue\/wp-json\/wp\/v2\/pages\/34628"}],"collection":[{"href":"https:\/\/pontscouverts.com\/blogue\/wp-json\/wp\/v2\/pages"}],"about":[{"href":"https:\/\/pontscouverts.com\/blogue\/wp-json\/wp\/v2\/types\/page"}],"author":[{"embeddable":true,"href":"https:\/\/pontscouverts.com\/blogue\/wp-json\/wp\/v2\/users\/1"}],"replies":[{"embeddable":true,"href":"https:\/\/pontscouverts.com\/blogue\/wp-json\/wp\/v2\/comments?post=34628"}],"version-history":[{"count":14,"href":"https:\/\/pontscouverts.com\/blogue\/wp-json\/wp\/v2\/pages\/34628\/revisions"}],"predecessor-version":[{"id":34675,"href":"https:\/\/pontscouverts.com\/blogue\/wp-json\/wp\/v2\/pages\/34628\/revisions\/34675"}],"wp:attachment":[{"href":"https:\/\/pontscouverts.com\/blogue\/wp-json\/wp\/v2\/media?parent=34628"}],"curies":[{"name":"wp","href":"https:\/\/api.w.org\/{rel}","templated":true}]}}