{"id":34311,"date":"2022-01-27T10:00:38","date_gmt":"2022-01-27T15:00:38","guid":{"rendered":"https:\/\/pontscouverts.com\/blogue\/?page_id=34311"},"modified":"2022-01-27T12:03:24","modified_gmt":"2022-01-27T17:03:24","slug":"pont-de-la-chute-panet","status":"publish","type":"page","link":"https:\/\/pontscouverts.com\/blogue\/pont-de-la-chute-panet\/","title":{"rendered":"Pont de la Chute-Panet"},"content":{"rendered":"<h1 class=\"paragraph_style_2\"><em><strong><span class=\"style_2\" style=\"color: #008000;\">Capitale Nationale (Portneuf)<\/span><\/strong><\/em><\/h1>\n<h2 class=\"paragraph_style_3\"><span style=\"color: #000000;\">St-Raymond-de-Portneuf (Chute-Panet)<\/span><\/h2>\n<div id=\"attachment_34315\" style=\"width: 1182px\" class=\"wp-caption alignnone\"><a href=\"https:\/\/pontscouverts.com\/blogue\/wp-content\/uploads\/2022\/01\/Pierre-Duff-Mai-1991c.jpg\"><img aria-describedby=\"caption-attachment-34315\" loading=\"lazy\" class=\"wp-image-34315 size-full\" src=\"https:\/\/pontscouverts.com\/blogue\/wp-content\/uploads\/2022\/01\/Pierre-Duff-Mai-1991c.jpg\" alt=\"\" width=\"1172\" height=\"827\" srcset=\"https:\/\/pontscouverts.com\/blogue\/wp-content\/uploads\/2022\/01\/Pierre-Duff-Mai-1991c.jpg 1172w, https:\/\/pontscouverts.com\/blogue\/wp-content\/uploads\/2022\/01\/Pierre-Duff-Mai-1991c-e1642952888438-150x106.jpg 150w, https:\/\/pontscouverts.com\/blogue\/wp-content\/uploads\/2022\/01\/Pierre-Duff-Mai-1991c-300x212.jpg 300w, https:\/\/pontscouverts.com\/blogue\/wp-content\/uploads\/2022\/01\/Pierre-Duff-Mai-1991c-768x542.jpg 768w, https:\/\/pontscouverts.com\/blogue\/wp-content\/uploads\/2022\/01\/Pierre-Duff-Mai-1991c-1024x723.jpg 1024w, https:\/\/pontscouverts.com\/blogue\/wp-content\/uploads\/2022\/01\/Pierre-Duff-Mai-1991c-624x440.jpg 624w\" sizes=\"(max-width: 1172px) 100vw, 1172px\" \/><\/a><p id=\"caption-attachment-34315\" class=\"wp-caption-text\">Pierre Duff Mai 1991<\/p><\/div>\n<div>\n<p><span style=\"color: #000000;\"><strong>Construction :<\/strong> 1948<\/span><br \/>\n<span style=\"color: #000000;\"><strong>Longueur :<\/strong>\u00a0440 pieds<\/span><br \/>\n<span style=\"color: #000000;\"><strong>Cours d\u2019eau :<\/strong> Rivi\u00e8re Ste-Anne<\/span><br \/>\n<span style=\"color: #000000;\"><strong>Statut :<\/strong>\u00a0Effondr\u00e9<\/span><br \/>\n<span style=\"color: #000000;\"><strong>Localisation :<\/strong> Route du Moulin<\/span><br \/>\n<span style=\"color: #000000;\"><strong>Type de ferme :<\/strong>\u00a0 Howe<\/span><br \/>\n<span style=\"color: #000000;\"><strong>Hauteur libre :<\/strong>\u00a0n\/d<\/span><br \/>\n<span style=\"color: #000000;\"><strong>Charge affich\u00e9e :<\/strong> n\/d<\/span><br \/>\n<span style=\"color: #000000;\"><strong>No officiel :<\/strong>\u00a0Site du pont couvert 61-54-09<\/span><br \/>\n<a href=\"https:\/\/villesaintraymond.com\" target=\"_blank\" rel=\"noopener\"><strong><span style=\"color: #0000ff;\">Site Web de la ville<\/span><\/strong><\/a><\/p>\n<\/div>\n<div class=\"style_SkipStroke_5 shape-with-text flowDefining\">\n<div class=\"text-content Normal_External_848_742\">\n<div class=\"Normal\">\n<h2><span style=\"color: #008000;\"><strong>\u00c0 propos de ce pont :<\/strong><\/span><\/h2>\n<p style=\"text-align: justify;\"><span style=\"color: #000000;\">Ce pont de bois \u00e9tait \u00e9rig\u00e9 au-dessus d&rsquo;un barrage, lequel alimentait en \u00e9lectricit\u00e9 l&rsquo;usine de la <em>St-Raymond Paper Company<\/em>.<\/span><br \/>\n<span style=\"color: #000000;\">Construit en 1948, ce pont \u00e9tait toujours accessible aux pi\u00e9tons au d\u00e9but des ann\u00e9es 90. Au milieu des ann\u00e9es 90, quelques trav\u00e9es sont disparues, mais on ignore de quelle fa\u00e7on. Le reste des ruines est disparu quelque part apr\u00e8s 2002.<\/span><br \/>\n<span style=\"color: #000000;\">En tout, 4 ponts ont \u00e9t\u00e9 construits sur ce site industriel. Le premier \u00e9tait un pont couvert. Pour conna\u00eetre l&rsquo;histoire d\u00e9taill\u00e9e de ces 4 structures en bois, consultez les articles connexes ci-bas<\/span>.<\/p>\n<h2><span style=\"color: #008000;\"><strong>Articles connexes:<\/strong><\/span><\/h2>\n<ul>\n<li><a href=\"https:\/\/pontscouverts.com\/blogue\/2022\/01\/27\/retour-a-chute-panet-les-vestiges-dune-structure-howe\/\"><span style=\"color: #0000ff;\">Retour \u00e0 Chute-Panet : les vestiges d&rsquo;une structure Howe (Janvier 2022)<\/span><\/a><\/li>\n<li><a href=\"https:\/\/www.pontscouverts.com\/Pontscouverts2\/Pontages_4_files\/Vol12_no1.pdf\"><span style=\"color: #0000ff;\">\u00c9volution d&rsquo;une structure (Le Pont&rsquo;\u00e2ge, Vol.12, no1, p.6-7, Automne 1992)<\/span><\/a><\/li>\n<li><a href=\"https:\/\/www.pontscouverts.com\/Deuxiemeblogue\/Blog_sur_les_ponts\/Entrees\/2010\/6\/17_Vestiges_dune_structure_Howe%2C_ou%2C_le_pont_de_la_Chute-Panet.html\"><span style=\"color: #0000ff;\">Vestiges d\u2019une structure Howe, ou, le pont de la Chute-Panet (Juin 2010)<\/span><\/a><\/li>\n<\/ul>\n<h1 style=\"text-align: center;\"><span style=\"color: #333399;\">GALERIE DE PHOTOS<\/span><\/h1>\n\n\t\t<style type=\"text\/css\">\n\t\t\t#gallery-1 {\n\t\t\t\tmargin: auto;\n\t\t\t}\n\t\t\t#gallery-1 .gallery-item {\n\t\t\t\tfloat: left;\n\t\t\t\tmargin-top: 10px;\n\t\t\t\ttext-align: center;\n\t\t\t\twidth: 33%;\n\t\t\t}\n\t\t\t#gallery-1 img {\n\t\t\t\tborder: 2px solid #cfcfcf;\n\t\t\t}\n\t\t\t#gallery-1 .gallery-caption {\n\t\t\t\tmargin-left: 0;\n\t\t\t}\n\t\t\t\/* see gallery_shortcode() in wp-includes\/media.php *\/\n\t\t<\/style>\n\t\t<div id='gallery-1' class='gallery galleryid-34311 gallery-columns-3 gallery-size-thumbnail'><dl class='gallery-item'>\n\t\t\t<dt class='gallery-icon landscape'>\n\t\t\t\t<a href='https:\/\/pontscouverts.com\/blogue\/wp-content\/uploads\/2022\/01\/Pierre-Duff-Janvier-2002.jpg'><img width=\"150\" height=\"100\" src=\"https:\/\/pontscouverts.com\/blogue\/wp-content\/uploads\/2022\/01\/Pierre-Duff-Janvier-2002-e1642950874528-150x100.jpg\" class=\"attachment-thumbnail size-thumbnail\" alt=\"\" loading=\"lazy\" aria-describedby=\"gallery-1-34318\" \/><\/a>\n\t\t\t<\/dt>\n\t\t\t\t<dd class='wp-caption-text gallery-caption' id='gallery-1-34318'>\n\t\t\t\tPierre Duff Janvier 2002\n\t\t\t\t<\/dd><\/dl><dl class='gallery-item'>\n\t\t\t<dt class='gallery-icon landscape'>\n\t\t\t\t<a href='https:\/\/pontscouverts.com\/blogue\/wp-content\/uploads\/2022\/01\/Ch\u00fbte-Panet-4.jpg'><img width=\"150\" height=\"99\" src=\"https:\/\/pontscouverts.com\/blogue\/wp-content\/uploads\/2022\/01\/Ch\u00fbte-Panet-4-e1642951357999-150x99.jpg\" class=\"attachment-thumbnail size-thumbnail\" alt=\"\" loading=\"lazy\" aria-describedby=\"gallery-1-34333\" \/><\/a>\n\t\t\t<\/dt>\n\t\t\t\t<dd class='wp-caption-text gallery-caption' id='gallery-1-34333'>\n\t\t\t\tL\u00e9o Bonin 1995\n\t\t\t\t<\/dd><\/dl><dl class='gallery-item'>\n\t\t\t<dt class='gallery-icon landscape'>\n\t\t\t\t<a href='https:\/\/pontscouverts.com\/blogue\/wp-content\/uploads\/2022\/01\/Ch\u00fbte-Panet-3.jpg'><img width=\"150\" height=\"97\" src=\"https:\/\/pontscouverts.com\/blogue\/wp-content\/uploads\/2022\/01\/Ch\u00fbte-Panet-3-e1642951346179-150x97.jpg\" class=\"attachment-thumbnail size-thumbnail\" alt=\"\" loading=\"lazy\" aria-describedby=\"gallery-1-34332\" \/><\/a>\n\t\t\t<\/dt>\n\t\t\t\t<dd class='wp-caption-text gallery-caption' id='gallery-1-34332'>\n\t\t\t\tL\u00e9o Bonin 1995\n\t\t\t\t<\/dd><\/dl><br style=\"clear: both\" \/><dl class='gallery-item'>\n\t\t\t<dt class='gallery-icon landscape'>\n\t\t\t\t<a href='https:\/\/pontscouverts.com\/blogue\/wp-content\/uploads\/2022\/01\/Ch\u00fbte-Panet-2.jpg'><img width=\"150\" height=\"97\" src=\"https:\/\/pontscouverts.com\/blogue\/wp-content\/uploads\/2022\/01\/Ch\u00fbte-Panet-2-e1642951335933-150x97.jpg\" class=\"attachment-thumbnail size-thumbnail\" alt=\"\" loading=\"lazy\" aria-describedby=\"gallery-1-34331\" \/><\/a>\n\t\t\t<\/dt>\n\t\t\t\t<dd class='wp-caption-text gallery-caption' id='gallery-1-34331'>\n\t\t\t\tL\u00e9o Bonin 1995\n\t\t\t\t<\/dd><\/dl><dl class='gallery-item'>\n\t\t\t<dt class='gallery-icon landscape'>\n\t\t\t\t<a href='https:\/\/pontscouverts.com\/blogue\/wp-content\/uploads\/2022\/01\/61-54-09-chute-panet-1995-J.M.-Beaujean.jpg'><img width=\"150\" height=\"108\" src=\"https:\/\/pontscouverts.com\/blogue\/wp-content\/uploads\/2022\/01\/61-54-09-chute-panet-1995-J.M.-Beaujean-e1643302982610-150x108.jpg\" class=\"attachment-thumbnail size-thumbnail\" alt=\"\" loading=\"lazy\" aria-describedby=\"gallery-1-34386\" \/><\/a>\n\t\t\t<\/dt>\n\t\t\t\t<dd class='wp-caption-text gallery-caption' id='gallery-1-34386'>\n\t\t\t\tJean-Marie Beaujean 1995\n\t\t\t\t<\/dd><\/dl><dl class='gallery-item'>\n\t\t\t<dt class='gallery-icon landscape'>\n\t\t\t\t<a href='https:\/\/pontscouverts.com\/blogue\/wp-content\/uploads\/2022\/01\/61-54-09-chute-panet-1995-J-M-Beaujean-1.jpg'><img width=\"150\" height=\"97\" src=\"https:\/\/pontscouverts.com\/blogue\/wp-content\/uploads\/2022\/01\/61-54-09-chute-panet-1995-J-M-Beaujean-1-e1642951630595-150x97.jpg\" class=\"attachment-thumbnail size-thumbnail\" alt=\"\" loading=\"lazy\" aria-describedby=\"gallery-1-34335\" \/><\/a>\n\t\t\t<\/dt>\n\t\t\t\t<dd class='wp-caption-text gallery-caption' id='gallery-1-34335'>\n\t\t\t\tJean-Marie Beaujean 1995\n\t\t\t\t<\/dd><\/dl><br style=\"clear: both\" \/><dl class='gallery-item'>\n\t\t\t<dt class='gallery-icon landscape'>\n\t\t\t\t<a href='https:\/\/pontscouverts.com\/blogue\/wp-content\/uploads\/2022\/01\/Pierre-Duff-Mai-1991a.jpg'><img width=\"150\" height=\"103\" src=\"https:\/\/pontscouverts.com\/blogue\/wp-content\/uploads\/2022\/01\/Pierre-Duff-Mai-1991a-e1642950886436-150x103.jpg\" class=\"attachment-thumbnail size-thumbnail\" alt=\"\" loading=\"lazy\" aria-describedby=\"gallery-1-34319\" \/><\/a>\n\t\t\t<\/dt>\n\t\t\t\t<dd class='wp-caption-text gallery-caption' id='gallery-1-34319'>\n\t\t\t\tPierre Duff Mai 1991\n\t\t\t\t<\/dd><\/dl><dl class='gallery-item'>\n\t\t\t<dt class='gallery-icon landscape'>\n\t\t\t\t<a href='https:\/\/pontscouverts.com\/blogue\/wp-content\/uploads\/2022\/01\/Pierre-Duff-Mai-1991b.jpg'><img width=\"150\" height=\"103\" src=\"https:\/\/pontscouverts.com\/blogue\/wp-content\/uploads\/2022\/01\/Pierre-Duff-Mai-1991b-e1642950899653-150x103.jpg\" class=\"attachment-thumbnail size-thumbnail\" alt=\"\" loading=\"lazy\" aria-describedby=\"gallery-1-34320\" \/><\/a>\n\t\t\t<\/dt>\n\t\t\t\t<dd class='wp-caption-text gallery-caption' id='gallery-1-34320'>\n\t\t\t\tPierre Duff Mai 1991\n\t\t\t\t<\/dd><\/dl><dl class='gallery-item'>\n\t\t\t<dt class='gallery-icon portrait'>\n\t\t\t\t<a href='https:\/\/pontscouverts.com\/blogue\/wp-content\/uploads\/2022\/01\/chute-panet-07-e1642951728885.jpg'><img width=\"150\" height=\"100\" src=\"https:\/\/pontscouverts.com\/blogue\/wp-content\/uploads\/2022\/01\/chute-panet-07-e1642951747726-150x100.jpg\" class=\"attachment-thumbnail size-thumbnail\" alt=\"\" loading=\"lazy\" aria-describedby=\"gallery-1-34328\" \/><\/a>\n\t\t\t<\/dt>\n\t\t\t\t<dd class='wp-caption-text gallery-caption' id='gallery-1-34328'>\n\t\t\t\tAndr\u00e9 Pelletier vers 1990\n\t\t\t\t<\/dd><\/dl><br style=\"clear: both\" \/><dl class='gallery-item'>\n\t\t\t<dt class='gallery-icon landscape'>\n\t\t\t\t<a href='https:\/\/pontscouverts.com\/blogue\/wp-content\/uploads\/2022\/01\/chute-panet-06-e1643292024558.jpg'><img width=\"150\" height=\"150\" src=\"https:\/\/pontscouverts.com\/blogue\/wp-content\/uploads\/2022\/01\/chute-panet-06-e1643292024558-150x150.jpg\" class=\"attachment-thumbnail size-thumbnail\" alt=\"\" loading=\"lazy\" aria-describedby=\"gallery-1-34327\" \/><\/a>\n\t\t\t<\/dt>\n\t\t\t\t<dd class='wp-caption-text gallery-caption' id='gallery-1-34327'>\n\t\t\t\tAndr\u00e9 Pelletier vers 1990\n\t\t\t\t<\/dd><\/dl><dl class='gallery-item'>\n\t\t\t<dt class='gallery-icon portrait'>\n\t\t\t\t<a href='https:\/\/pontscouverts.com\/blogue\/wp-content\/uploads\/2022\/01\/chute-panet-05-e1642951793384.jpg'><img width=\"150\" height=\"97\" src=\"https:\/\/pontscouverts.com\/blogue\/wp-content\/uploads\/2022\/01\/chute-panet-05-e1642951810382-150x97.jpg\" class=\"attachment-thumbnail size-thumbnail\" alt=\"\" loading=\"lazy\" aria-describedby=\"gallery-1-34326\" \/><\/a>\n\t\t\t<\/dt>\n\t\t\t\t<dd class='wp-caption-text gallery-caption' id='gallery-1-34326'>\n\t\t\t\tAndr\u00e9 Pelletier vers 1990\n\t\t\t\t<\/dd><\/dl><dl class='gallery-item'>\n\t\t\t<dt class='gallery-icon portrait'>\n\t\t\t\t<a href='https:\/\/pontscouverts.com\/blogue\/wp-content\/uploads\/2022\/01\/chute-panet-04-e1642951825496.jpg'><img width=\"150\" height=\"100\" src=\"https:\/\/pontscouverts.com\/blogue\/wp-content\/uploads\/2022\/01\/chute-panet-04-e1642951841606-150x100.jpg\" class=\"attachment-thumbnail size-thumbnail\" alt=\"\" loading=\"lazy\" aria-describedby=\"gallery-1-34325\" \/><\/a>\n\t\t\t<\/dt>\n\t\t\t\t<dd class='wp-caption-text gallery-caption' id='gallery-1-34325'>\n\t\t\t\tAndr\u00e9 Pelletier vers 1990\n\t\t\t\t<\/dd><\/dl><br style=\"clear: both\" \/><dl class='gallery-item'>\n\t\t\t<dt class='gallery-icon portrait'>\n\t\t\t\t<a href='https:\/\/pontscouverts.com\/blogue\/wp-content\/uploads\/2022\/01\/chute-panet-02-e1642951898118.jpg'><img width=\"150\" height=\"105\" src=\"https:\/\/pontscouverts.com\/blogue\/wp-content\/uploads\/2022\/01\/chute-panet-02-e1642951915350-150x105.jpg\" class=\"attachment-thumbnail size-thumbnail\" alt=\"\" loading=\"lazy\" aria-describedby=\"gallery-1-34323\" \/><\/a>\n\t\t\t<\/dt>\n\t\t\t\t<dd class='wp-caption-text gallery-caption' id='gallery-1-34323'>\n\t\t\t\tAndr\u00e9 Pelletier vers 1990\n\t\t\t\t<\/dd><\/dl><dl class='gallery-item'>\n\t\t\t<dt class='gallery-icon portrait'>\n\t\t\t\t<a href='https:\/\/pontscouverts.com\/blogue\/wp-content\/uploads\/2022\/01\/chute-panet-01-e1642951950586.jpg'><img width=\"150\" height=\"97\" src=\"https:\/\/pontscouverts.com\/blogue\/wp-content\/uploads\/2022\/01\/chute-panet-01-e1642951966821-150x97.jpg\" class=\"attachment-thumbnail size-thumbnail\" alt=\"\" loading=\"lazy\" aria-describedby=\"gallery-1-34322\" \/><\/a>\n\t\t\t<\/dt>\n\t\t\t\t<dd class='wp-caption-text gallery-caption' id='gallery-1-34322'>\n\t\t\t\tAndr\u00e9 Pelletier vers 1990\n\t\t\t\t<\/dd><\/dl><dl class='gallery-item'>\n\t\t\t<dt class='gallery-icon landscape'>\n\t\t\t\t<a href='https:\/\/pontscouverts.com\/blogue\/wp-content\/uploads\/2022\/01\/20210914_140046.jpg'><img width=\"150\" height=\"113\" src=\"https:\/\/pontscouverts.com\/blogue\/wp-content\/uploads\/2022\/01\/20210914_140046-e1642952501473-150x113.jpg\" class=\"attachment-thumbnail size-thumbnail\" alt=\"\" loading=\"lazy\" aria-describedby=\"gallery-1-34340\" \/><\/a>\n\t\t\t<\/dt>\n\t\t\t\t<dd class='wp-caption-text gallery-caption' id='gallery-1-34340'>\n\t\t\t\tSimon Pratte Ao\u00fbt 2021\n\t\t\t\t<\/dd><\/dl><br style=\"clear: both\" \/><dl class='gallery-item'>\n\t\t\t<dt class='gallery-icon landscape'>\n\t\t\t\t<a href='https:\/\/pontscouverts.com\/blogue\/wp-content\/uploads\/2022\/01\/20210914_135147.jpg'><img width=\"150\" height=\"113\" src=\"https:\/\/pontscouverts.com\/blogue\/wp-content\/uploads\/2022\/01\/20210914_135147-e1642952517111-150x113.jpg\" class=\"attachment-thumbnail size-thumbnail\" alt=\"\" loading=\"lazy\" aria-describedby=\"gallery-1-34339\" \/><\/a>\n\t\t\t<\/dt>\n\t\t\t\t<dd class='wp-caption-text gallery-caption' id='gallery-1-34339'>\n\t\t\t\tSimon Pratte Ao\u00fbt 2021\n\t\t\t\t<\/dd><\/dl><dl class='gallery-item'>\n\t\t\t<dt class='gallery-icon landscape'>\n\t\t\t\t<a href='https:\/\/pontscouverts.com\/blogue\/wp-content\/uploads\/2022\/01\/20210914_140050.jpg'><img width=\"150\" height=\"113\" src=\"https:\/\/pontscouverts.com\/blogue\/wp-content\/uploads\/2022\/01\/20210914_140050-e1642952534609-150x113.jpg\" class=\"attachment-thumbnail size-thumbnail\" alt=\"\" loading=\"lazy\" aria-describedby=\"gallery-1-34341\" \/><\/a>\n\t\t\t<\/dt>\n\t\t\t\t<dd class='wp-caption-text gallery-caption' id='gallery-1-34341'>\n\t\t\t\tSimon Pratte Ao\u00fbt 2021\n\t\t\t\t<\/dd><\/dl><dl class='gallery-item'>\n\t\t\t<dt class='gallery-icon landscape'>\n\t\t\t\t<a href='https:\/\/pontscouverts.com\/blogue\/wp-content\/uploads\/2022\/01\/20210914_141149.jpg'><img width=\"150\" height=\"113\" src=\"https:\/\/pontscouverts.com\/blogue\/wp-content\/uploads\/2022\/01\/20210914_141149-e1642952549492-150x113.jpg\" class=\"attachment-thumbnail size-thumbnail\" alt=\"\" loading=\"lazy\" aria-describedby=\"gallery-1-34342\" \/><\/a>\n\t\t\t<\/dt>\n\t\t\t\t<dd class='wp-caption-text gallery-caption' id='gallery-1-34342'>\n\t\t\t\tSimon Pratte Ao\u00fbt 2021\n\t\t\t\t<\/dd><\/dl><br style=\"clear: both\" \/><dl class='gallery-item'>\n\t\t\t<dt class='gallery-icon landscape'>\n\t\t\t\t<a href='https:\/\/pontscouverts.com\/blogue\/wp-content\/uploads\/2022\/01\/20210914_142405.jpg'><img width=\"150\" height=\"113\" src=\"https:\/\/pontscouverts.com\/blogue\/wp-content\/uploads\/2022\/01\/20210914_142405-e1642952562284-150x113.jpg\" class=\"attachment-thumbnail size-thumbnail\" alt=\"\" loading=\"lazy\" aria-describedby=\"gallery-1-34343\" \/><\/a>\n\t\t\t<\/dt>\n\t\t\t\t<dd class='wp-caption-text gallery-caption' id='gallery-1-34343'>\n\t\t\t\tSimon Pratte Ao\u00fbt 2021\n\t\t\t\t<\/dd><\/dl><dl class='gallery-item'>\n\t\t\t<dt class='gallery-icon landscape'>\n\t\t\t\t<a href='https:\/\/pontscouverts.com\/blogue\/wp-content\/uploads\/2022\/01\/20210914_143030.jpg'><img width=\"150\" height=\"113\" src=\"https:\/\/pontscouverts.com\/blogue\/wp-content\/uploads\/2022\/01\/20210914_143030-e1642952577668-150x113.jpg\" class=\"attachment-thumbnail size-thumbnail\" alt=\"\" loading=\"lazy\" aria-describedby=\"gallery-1-34344\" \/><\/a>\n\t\t\t<\/dt>\n\t\t\t\t<dd class='wp-caption-text gallery-caption' id='gallery-1-34344'>\n\t\t\t\tSimon Pratte Ao\u00fbt 2021\n\t\t\t\t<\/dd><\/dl><dl class='gallery-item'>\n\t\t\t<dt class='gallery-icon landscape'>\n\t\t\t\t<a href='https:\/\/pontscouverts.com\/blogue\/wp-content\/uploads\/2022\/01\/20210914_143327.jpg'><img width=\"150\" height=\"113\" src=\"https:\/\/pontscouverts.com\/blogue\/wp-content\/uploads\/2022\/01\/20210914_143327-e1642952596203-150x113.jpg\" class=\"attachment-thumbnail size-thumbnail\" alt=\"\" loading=\"lazy\" aria-describedby=\"gallery-1-34345\" \/><\/a>\n\t\t\t<\/dt>\n\t\t\t\t<dd class='wp-caption-text gallery-caption' id='gallery-1-34345'>\n\t\t\t\tSimon Pratte Ao\u00fbt 2021\n\t\t\t\t<\/dd><\/dl><br style=\"clear: both\" \/><dl class='gallery-item'>\n\t\t\t<dt class='gallery-icon landscape'>\n\t\t\t\t<a href='https:\/\/pontscouverts.com\/blogue\/wp-content\/uploads\/2022\/01\/20210914_145157.jpg'><img width=\"150\" height=\"113\" src=\"https:\/\/pontscouverts.com\/blogue\/wp-content\/uploads\/2022\/01\/20210914_145157-e1642952610890-150x113.jpg\" class=\"attachment-thumbnail size-thumbnail\" alt=\"\" loading=\"lazy\" aria-describedby=\"gallery-1-34346\" \/><\/a>\n\t\t\t<\/dt>\n\t\t\t\t<dd class='wp-caption-text gallery-caption' id='gallery-1-34346'>\n\t\t\t\tSimon Pratte Ao\u00fbt 2021\n\t\t\t\t<\/dd><\/dl><dl class='gallery-item'>\n\t\t\t<dt class='gallery-icon landscape'>\n\t\t\t\t<a href='https:\/\/pontscouverts.com\/blogue\/wp-content\/uploads\/2022\/01\/20210914_145200.jpg'><img width=\"150\" height=\"113\" src=\"https:\/\/pontscouverts.com\/blogue\/wp-content\/uploads\/2022\/01\/20210914_145200-e1642952626430-150x113.jpg\" class=\"attachment-thumbnail size-thumbnail\" alt=\"\" loading=\"lazy\" aria-describedby=\"gallery-1-34347\" \/><\/a>\n\t\t\t<\/dt>\n\t\t\t\t<dd class='wp-caption-text gallery-caption' id='gallery-1-34347'>\n\t\t\t\tSimon Pratte Ao\u00fbt 2021\n\t\t\t\t<\/dd><\/dl><dl class='gallery-item'>\n\t\t\t<dt class='gallery-icon landscape'>\n\t\t\t\t<a href='https:\/\/pontscouverts.com\/blogue\/wp-content\/uploads\/2022\/01\/20210914_145242.jpg'><img width=\"150\" height=\"113\" src=\"https:\/\/pontscouverts.com\/blogue\/wp-content\/uploads\/2022\/01\/20210914_145242-e1642952640630-150x113.jpg\" class=\"attachment-thumbnail size-thumbnail\" alt=\"\" loading=\"lazy\" aria-describedby=\"gallery-1-34348\" \/><\/a>\n\t\t\t<\/dt>\n\t\t\t\t<dd class='wp-caption-text gallery-caption' id='gallery-1-34348'>\n\t\t\t\tSimon Pratte Ao\u00fbt 2021\n\t\t\t\t<\/dd><\/dl><br style=\"clear: both\" \/><dl class='gallery-item'>\n\t\t\t<dt class='gallery-icon landscape'>\n\t\t\t\t<a href='https:\/\/pontscouverts.com\/blogue\/wp-content\/uploads\/2022\/01\/20210914_151029.jpg'><img width=\"150\" height=\"113\" src=\"https:\/\/pontscouverts.com\/blogue\/wp-content\/uploads\/2022\/01\/20210914_151029-e1642952660711-150x113.jpg\" class=\"attachment-thumbnail size-thumbnail\" alt=\"\" loading=\"lazy\" aria-describedby=\"gallery-1-34349\" \/><\/a>\n\t\t\t<\/dt>\n\t\t\t\t<dd class='wp-caption-text gallery-caption' id='gallery-1-34349'>\n\t\t\t\tSimon Pratte Ao\u00fbt 2021\n\t\t\t\t<\/dd><\/dl><dl class='gallery-item'>\n\t\t\t<dt class='gallery-icon landscape'>\n\t\t\t\t<a href='https:\/\/pontscouverts.com\/blogue\/wp-content\/uploads\/2022\/01\/20210914_152952.jpg'><img width=\"150\" height=\"113\" src=\"https:\/\/pontscouverts.com\/blogue\/wp-content\/uploads\/2022\/01\/20210914_152952-e1642952679577-150x113.jpg\" class=\"attachment-thumbnail size-thumbnail\" alt=\"\" loading=\"lazy\" aria-describedby=\"gallery-1-34350\" \/><\/a>\n\t\t\t<\/dt>\n\t\t\t\t<dd class='wp-caption-text gallery-caption' id='gallery-1-34350'>\n\t\t\t\tSimon Pratte Ao\u00fbt 2021\n\t\t\t\t<\/dd><\/dl>\n\t\t\t<br style='clear: both' \/>\n\t\t<\/div>\n\n<\/div>\n<\/div>\n<\/div>\n","protected":false},"excerpt":{"rendered":"<p>Capitale Nationale (Portneuf) St-Raymond-de-Portneuf (Chute-Panet) Construction : 1948 Longueur :\u00a0440 pieds Cours d\u2019eau : Rivi\u00e8re Ste-Anne Statut :\u00a0Effondr\u00e9 Localisation : Route du Moulin Type de ferme :\u00a0 Howe Hauteur libre :\u00a0n\/d Charge affich\u00e9e : n\/d No officiel :\u00a0Site du pont couvert 61-54-09 Site Web de la ville \u00c0 propos de ce pont : Ce pont [&hellip;]<\/p>\n","protected":false},"author":1,"featured_media":0,"parent":0,"menu_order":0,"comment_status":"closed","ping_status":"closed","template":"","meta":[],"_links":{"self":[{"href":"https:\/\/pontscouverts.com\/blogue\/wp-json\/wp\/v2\/pages\/34311"}],"collection":[{"href":"https:\/\/pontscouverts.com\/blogue\/wp-json\/wp\/v2\/pages"}],"about":[{"href":"https:\/\/pontscouverts.com\/blogue\/wp-json\/wp\/v2\/types\/page"}],"author":[{"embeddable":true,"href":"https:\/\/pontscouverts.com\/blogue\/wp-json\/wp\/v2\/users\/1"}],"replies":[{"embeddable":true,"href":"https:\/\/pontscouverts.com\/blogue\/wp-json\/wp\/v2\/comments?post=34311"}],"version-history":[{"count":18,"href":"https:\/\/pontscouverts.com\/blogue\/wp-json\/wp\/v2\/pages\/34311\/revisions"}],"predecessor-version":[{"id":34388,"href":"https:\/\/pontscouverts.com\/blogue\/wp-json\/wp\/v2\/pages\/34311\/revisions\/34388"}],"wp:attachment":[{"href":"https:\/\/pontscouverts.com\/blogue\/wp-json\/wp\/v2\/media?parent=34311"}],"curies":[{"name":"wp","href":"https:\/\/api.w.org\/{rel}","templated":true}]}}