{"id":34228,"date":"2022-01-13T09:48:19","date_gmt":"2022-01-13T14:48:19","guid":{"rendered":"https:\/\/pontscouverts.com\/blogue\/?page_id=34228"},"modified":"2022-01-13T09:48:19","modified_gmt":"2022-01-13T14:48:19","slug":"pont-61-02-p2","status":"publish","type":"page","link":"https:\/\/pontscouverts.com\/blogue\/pont-61-02-p2\/","title":{"rendered":"Pont 61-02-P2"},"content":{"rendered":"<h1 class=\"paragraph_style_2\"><em><strong><span class=\"style_2\" style=\"color: #008000;\">Abitibi-T\u00e9miscamingue<\/span><\/strong><\/em><\/h1>\n<h2 class=\"paragraph_style_3\"><span style=\"color: #000000;\">Ste-H\u00e9l\u00e8ne-de-Mancebourg<\/span><\/h2>\n<div style=\"width: 1480px\" class=\"wp-caption alignnone\"><a href=\"https:\/\/pontscouverts.com\/blogue\/wp-content\/uploads\/2022\/01\/61-02-P2.jpg\"><img loading=\"lazy\" class=\"wp-image-34230 size-full\" src=\"https:\/\/pontscouverts.com\/blogue\/wp-content\/uploads\/2022\/01\/61-02-P2.jpg\" alt=\"\" width=\"1470\" height=\"898\" srcset=\"https:\/\/pontscouverts.com\/blogue\/wp-content\/uploads\/2022\/01\/61-02-P2.jpg 1470w, https:\/\/pontscouverts.com\/blogue\/wp-content\/uploads\/2022\/01\/61-02-P2-300x183.jpg 300w, https:\/\/pontscouverts.com\/blogue\/wp-content\/uploads\/2022\/01\/61-02-P2-768x469.jpg 768w, https:\/\/pontscouverts.com\/blogue\/wp-content\/uploads\/2022\/01\/61-02-P2-1024x626.jpg 1024w, https:\/\/pontscouverts.com\/blogue\/wp-content\/uploads\/2022\/01\/61-02-P2-624x381.jpg 624w\" sizes=\"(max-width: 1470px) 100vw, 1470px\" \/><\/a><p class=\"wp-caption-text\">Pierre Duff 1976<\/p><\/div>\n<p><span style=\"color: #000000;\"><strong>Construction :<\/strong>\u00a0n\/d<\/span><br \/>\n<span style=\"color: #000000;\"><strong>Longueur :<\/strong>\u00a0\u00a0une trav\u00e9e, longueur inconnue<\/span><br \/>\n<span style=\"color: #000000;\"><strong>Cours d\u2019eau :<\/strong> Ruisseau Le Moine<\/span><br \/>\n<span style=\"color: #000000;\"><strong>Statut :\u00a0<\/strong>Remplac\u00e9 en 1978<\/span><br \/>\n<span style=\"color: #000000;\"><strong>Localisation :<\/strong> Route de l&rsquo;\u00cele Nepawa<\/span><br \/>\n<span style=\"color: #000000;\"><strong>Type de ferme :<\/strong> Town<\/span><br \/>\n<span style=\"color: #000000;\"><strong>Charge affich\u00e9e :<\/strong> n\/d<\/span><br \/>\n<span style=\"color: #000000;\"><strong>No officiel :<\/strong> 61-02-P2<\/span><br \/>\n<a href=\"http:\/\/ste-helene.ao.ca\/fr\/\" target=\"_blank\" rel=\"noopener\"><strong><span style=\"color: #0000ff;\">Site Web de la ville<\/span><\/strong><\/a><br \/>\n<a href=\"https:\/\/goo.gl\/maps\/v9ZZg659mapd7ij1A\" target=\"_blank\" rel=\"noopener\"><strong><span style=\"color: #0000ff;\">Carte Google Street View<\/span><\/strong><\/a><\/p>\n<h2><span style=\"color: #008000;\"><strong>\u00c0 propos de ce pont :<\/strong><\/span><\/h2>\n<p style=\"text-align: justify;\"><span style=\"color: #000000;\">On ignore la date de construction de ce pont.<\/span><br \/>\n<span style=\"color: #000000;\">Cette structure mi-hauteur poss\u00e9dait une seule trav\u00e9e et s&rsquo;appuyait sur des cul\u00e9es en bois non-lambriss\u00e9es.<\/span><br \/>\n<span style=\"color: #000000;\">On note 5 contreforts lambriss\u00e9s par poutre triangul\u00e9e.<\/span><br \/>\n<span style=\"color: #000000;\">Ce pont \u00e9tait peint en blanc, avec d\u00e9coupage de couleur.<\/span><br \/>\n<span style=\"color: #000000;\">Remplac\u00e9 en 1978 par une structure acier-bois.<\/span><\/p>\n<h1 style=\"text-align: center;\"><span style=\"color: #333399;\">GALERIE DE PHOTOS<\/span><\/h1>\n\n\t\t<style type=\"text\/css\">\n\t\t\t#gallery-1 {\n\t\t\t\tmargin: auto;\n\t\t\t}\n\t\t\t#gallery-1 .gallery-item {\n\t\t\t\tfloat: left;\n\t\t\t\tmargin-top: 10px;\n\t\t\t\ttext-align: center;\n\t\t\t\twidth: 33%;\n\t\t\t}\n\t\t\t#gallery-1 img {\n\t\t\t\tborder: 2px solid #cfcfcf;\n\t\t\t}\n\t\t\t#gallery-1 .gallery-caption {\n\t\t\t\tmargin-left: 0;\n\t\t\t}\n\t\t\t\/* see gallery_shortcode() in wp-includes\/media.php *\/\n\t\t<\/style>\n\t\t<div id='gallery-1' class='gallery galleryid-34228 gallery-columns-3 gallery-size-thumbnail'><dl class='gallery-item'>\n\t\t\t<dt class='gallery-icon landscape'>\n\t\t\t\t<a href='https:\/\/pontscouverts.com\/blogue\/wp-content\/uploads\/2022\/01\/61-02-P2a.jpg'><img width=\"150\" height=\"110\" src=\"https:\/\/pontscouverts.com\/blogue\/wp-content\/uploads\/2022\/01\/61-02-P2a-e1642085155833-150x110.jpg\" class=\"attachment-thumbnail size-thumbnail\" alt=\"\" loading=\"lazy\" aria-describedby=\"gallery-1-34234\" \/><\/a>\n\t\t\t<\/dt>\n\t\t\t\t<dd class='wp-caption-text gallery-caption' id='gallery-1-34234'>\n\t\t\t\tPhoto : MTQ vers 1963\n\t\t\t\t<\/dd><\/dl><dl class='gallery-item'>\n\t\t\t<dt class='gallery-icon landscape'>\n\t\t\t\t<a href='https:\/\/pontscouverts.com\/blogue\/wp-content\/uploads\/2022\/01\/61-02-P2b.jpg'><img width=\"150\" height=\"102\" src=\"https:\/\/pontscouverts.com\/blogue\/wp-content\/uploads\/2022\/01\/61-02-P2b-e1642085165521-150x102.jpg\" class=\"attachment-thumbnail size-thumbnail\" alt=\"\" loading=\"lazy\" aria-describedby=\"gallery-1-34235\" \/><\/a>\n\t\t\t<\/dt>\n\t\t\t\t<dd class='wp-caption-text gallery-caption' id='gallery-1-34235'>\n\t\t\t\tPhoto : MTQ vers 1963\n\t\t\t\t<\/dd><\/dl>\n\t\t\t<br style='clear: both' \/>\n\t\t<\/div>\n\n","protected":false},"excerpt":{"rendered":"<p>Abitibi-T\u00e9miscamingue Ste-H\u00e9l\u00e8ne-de-Mancebourg Construction :\u00a0n\/d Longueur :\u00a0\u00a0une trav\u00e9e, longueur inconnue Cours d\u2019eau : Ruisseau Le Moine Statut :\u00a0Remplac\u00e9 en 1978 Localisation : Route de l&rsquo;\u00cele Nepawa Type de ferme : Town Charge affich\u00e9e : n\/d No officiel : 61-02-P2 Site Web de la ville Carte Google Street View \u00c0 propos de ce pont : On ignore [&hellip;]<\/p>\n","protected":false},"author":1,"featured_media":0,"parent":0,"menu_order":0,"comment_status":"closed","ping_status":"closed","template":"","meta":[],"_links":{"self":[{"href":"https:\/\/pontscouverts.com\/blogue\/wp-json\/wp\/v2\/pages\/34228"}],"collection":[{"href":"https:\/\/pontscouverts.com\/blogue\/wp-json\/wp\/v2\/pages"}],"about":[{"href":"https:\/\/pontscouverts.com\/blogue\/wp-json\/wp\/v2\/types\/page"}],"author":[{"embeddable":true,"href":"https:\/\/pontscouverts.com\/blogue\/wp-json\/wp\/v2\/users\/1"}],"replies":[{"embeddable":true,"href":"https:\/\/pontscouverts.com\/blogue\/wp-json\/wp\/v2\/comments?post=34228"}],"version-history":[{"count":6,"href":"https:\/\/pontscouverts.com\/blogue\/wp-json\/wp\/v2\/pages\/34228\/revisions"}],"predecessor-version":[{"id":34237,"href":"https:\/\/pontscouverts.com\/blogue\/wp-json\/wp\/v2\/pages\/34228\/revisions\/34237"}],"wp:attachment":[{"href":"https:\/\/pontscouverts.com\/blogue\/wp-json\/wp\/v2\/media?parent=34228"}],"curies":[{"name":"wp","href":"https:\/\/api.w.org\/{rel}","templated":true}]}}