{"id":33894,"date":"2021-11-28T09:51:51","date_gmt":"2021-11-28T14:51:51","guid":{"rendered":"https:\/\/pontscouverts.com\/blogue\/?page_id=33894"},"modified":"2021-11-28T09:51:51","modified_gmt":"2021-11-28T14:51:51","slug":"pont-du-rang-ii","status":"publish","type":"page","link":"https:\/\/pontscouverts.com\/blogue\/pont-du-rang-ii\/","title":{"rendered":"Pont du Rang II"},"content":{"rendered":"<h1 class=\"paragraph_style_2\"><em><strong><span class=\"style_2\" style=\"color: #008000;\">Abitibi-T\u00e9miscamingue<\/span><\/strong><\/em><\/h1>\n<h2 class=\"paragraph_style_3\"><span style=\"color: #000000;\">Launay<\/span><\/h2>\n<div id=\"attachment_33897\" style=\"width: 1904px\" class=\"wp-caption alignnone\"><a href=\"https:\/\/pontscouverts.com\/blogue\/wp-content\/uploads\/2021\/11\/61-02-26-06-843.jpg\"><img aria-describedby=\"caption-attachment-33897\" loading=\"lazy\" class=\"wp-image-33897 size-full\" src=\"https:\/\/pontscouverts.com\/blogue\/wp-content\/uploads\/2021\/11\/61-02-26-06-843.jpg\" alt=\"\" width=\"1894\" height=\"1350\" srcset=\"https:\/\/pontscouverts.com\/blogue\/wp-content\/uploads\/2021\/11\/61-02-26-06-843.jpg 1894w, https:\/\/pontscouverts.com\/blogue\/wp-content\/uploads\/2021\/11\/61-02-26-06-843-300x214.jpg 300w, https:\/\/pontscouverts.com\/blogue\/wp-content\/uploads\/2021\/11\/61-02-26-06-843-768x547.jpg 768w, https:\/\/pontscouverts.com\/blogue\/wp-content\/uploads\/2021\/11\/61-02-26-06-843-1024x730.jpg 1024w, https:\/\/pontscouverts.com\/blogue\/wp-content\/uploads\/2021\/11\/61-02-26-06-843-624x445.jpg 624w\" sizes=\"(max-width: 1894px) 100vw, 1894px\" \/><\/a><p id=\"caption-attachment-33897\" class=\"wp-caption-text\">G\u00e9rald Arbour 1984<\/p><\/div>\n<p><span style=\"color: #000000;\"><strong>Construction :<\/strong> 1922<\/span><br \/>\n<span style=\"color: #000000;\"><strong>Longueur :<\/strong> 169 pieds<\/span><br \/>\n<span style=\"color: #000000;\"><strong>Cours d\u2019eau :<\/strong> Rivi\u00e8re Villemontel<\/span><br \/>\n<span style=\"color: #000000;\"><strong>Statut :<\/strong>\u00a0D\u00e9moli en 1989<\/span><br \/>\n<span style=\"color: #000000;\"><strong>Localisation :<\/strong>\u00a0Rang II de Launay<\/span><br \/>\n<span style=\"color: #000000;\"><strong>Type de ferme :<\/strong> Town \u00e9labor\u00e9<\/span><br \/>\n<span style=\"color: #000000;\"><strong>Hauteur libre :<\/strong> n\/d<\/span><br \/>\n<span style=\"color: #000000;\"><strong>Charge affich\u00e9e :<\/strong> n\/d<\/span><br \/>\n<span style=\"color: #000000;\"><strong>No officiel :<\/strong> 61-02-26<\/span><br \/>\n<a href=\"http:\/\/www.launay.ca\/Main.aspx?PageName=Accueil\" target=\"_blank\" rel=\"noopener\"><strong><span style=\"color: #0000ff;\">Site Web de la ville<\/span><\/strong><\/a><\/p>\n<h2><span style=\"color: #008000;\"><strong>\u00c0 propos de ce pont :<\/strong><\/span><\/h2>\n<p><span style=\"color: #000000;\">Ce pont a \u00e9t\u00e9 construit en 1922 lors de la colonisation de Launay.<\/span><br \/>\n<span style=\"color: #000000;\">Il poss\u00e9dait 2 trav\u00e9es et il avait la particularit\u00e9 de poss\u00e9der la pente du toit la plus douce parmi les ponts couverts en place.<\/span><br \/>\n<span style=\"color: #000000;\">Les habitants ont peu \u00e0 peu d\u00e9sert\u00e9 le rang II.<\/span><br \/>\n<span style=\"color: #000000;\">Ce pont a servi de grange pour des vaches dans les ann\u00e9es 60.<\/span><br \/>\n<span style=\"color: #000000;\">Le pont \u00e9tait devenu n\u00e9glig\u00e9 et inutilis\u00e9 dans les ann\u00e9es 80.<\/span><br \/>\n<span style=\"color: #000000;\">Il a \u00e9t\u00e9 vendu pour la somme symbolique de 10 dollars, puis d\u00e9moli. L\u2019acheteur aurait r\u00e9cup\u00e9 le bois.<\/span><\/p>\n<h2><span style=\"color: #008000;\"><strong>Article connexe :<\/strong><\/span><\/h2>\n<ul>\n<li><a href=\"https:\/\/pontscouverts.com\/Deuxiemeblogue\/Blog_sur_les_ponts\/Entrees\/2009\/4\/21_Le_pont_du_Rang_II_de_Launay.html\"><span style=\"color: #0000ff;\">Le pont du Rang II de Launay (Avril 2009)<\/span><\/a><\/li>\n<\/ul>\n<h1 style=\"text-align: center;\"><span style=\"color: #333399;\">GALERIE DE PHOTOS<\/span><\/h1>\n\n\t\t<style type=\"text\/css\">\n\t\t\t#gallery-1 {\n\t\t\t\tmargin: auto;\n\t\t\t}\n\t\t\t#gallery-1 .gallery-item {\n\t\t\t\tfloat: left;\n\t\t\t\tmargin-top: 10px;\n\t\t\t\ttext-align: center;\n\t\t\t\twidth: 33%;\n\t\t\t}\n\t\t\t#gallery-1 img {\n\t\t\t\tborder: 2px solid #cfcfcf;\n\t\t\t}\n\t\t\t#gallery-1 .gallery-caption {\n\t\t\t\tmargin-left: 0;\n\t\t\t}\n\t\t\t\/* see gallery_shortcode() in wp-includes\/media.php *\/\n\t\t<\/style>\n\t\t<div id='gallery-1' class='gallery galleryid-33894 gallery-columns-3 gallery-size-thumbnail'><dl class='gallery-item'>\n\t\t\t<dt class='gallery-icon landscape'>\n\t\t\t\t<a href='https:\/\/pontscouverts.com\/blogue\/wp-content\/uploads\/2021\/11\/61-02-26-109-e1638109003340.jpg'><img width=\"150\" height=\"97\" src=\"https:\/\/pontscouverts.com\/blogue\/wp-content\/uploads\/2021\/11\/61-02-26-109-e1638109038171-150x97.jpg\" class=\"attachment-thumbnail size-thumbnail\" alt=\"\" loading=\"lazy\" aria-describedby=\"gallery-1-33904\" \/><\/a>\n\t\t\t<\/dt>\n\t\t\t\t<dd class='wp-caption-text gallery-caption' id='gallery-1-33904'>\n\t\t\t\tG\u00e9rald Arbour Novembre 1989\n\t\t\t\t<\/dd><\/dl><dl class='gallery-item'>\n\t\t\t<dt class='gallery-icon landscape'>\n\t\t\t\t<a href='https:\/\/pontscouverts.com\/blogue\/wp-content\/uploads\/2021\/11\/61-02-26-367.jpg'><img width=\"150\" height=\"89\" src=\"https:\/\/pontscouverts.com\/blogue\/wp-content\/uploads\/2021\/11\/61-02-26-367-e1638108968445-150x89.jpg\" class=\"attachment-thumbnail size-thumbnail\" alt=\"\" loading=\"lazy\" aria-describedby=\"gallery-1-33905\" \/><\/a>\n\t\t\t<\/dt>\n\t\t\t\t<dd class='wp-caption-text gallery-caption' id='gallery-1-33905'>\n\t\t\t\tG\u00e9rald Arbour Novembre 1989\n\t\t\t\t<\/dd><\/dl><dl class='gallery-item'>\n\t\t\t<dt class='gallery-icon portrait'>\n\t\t\t\t<a href='https:\/\/pontscouverts.com\/blogue\/wp-content\/uploads\/2021\/11\/61-02-26-11-852-e1638109019381.jpg'><img width=\"94\" height=\"150\" src=\"https:\/\/pontscouverts.com\/blogue\/wp-content\/uploads\/2021\/11\/61-02-26-11-852-e1638109049970-94x150.jpg\" class=\"attachment-thumbnail size-thumbnail\" alt=\"\" loading=\"lazy\" aria-describedby=\"gallery-1-33903\" \/><\/a>\n\t\t\t<\/dt>\n\t\t\t\t<dd class='wp-caption-text gallery-caption' id='gallery-1-33903'>\n\t\t\t\tG\u00e9rald Arbour Novembre 1989\n\t\t\t\t<\/dd><\/dl><br style=\"clear: both\" \/><dl class='gallery-item'>\n\t\t\t<dt class='gallery-icon landscape'>\n\t\t\t\t<a href='https:\/\/pontscouverts.com\/blogue\/wp-content\/uploads\/2021\/11\/61-02-26-11-851-e1638109295323.jpg'><img width=\"150\" height=\"91\" src=\"https:\/\/pontscouverts.com\/blogue\/wp-content\/uploads\/2021\/11\/61-02-26-11-851-e1638109309974-150x91.jpg\" class=\"attachment-thumbnail size-thumbnail\" alt=\"\" loading=\"lazy\" aria-describedby=\"gallery-1-33907\" \/><\/a>\n\t\t\t<\/dt>\n\t\t\t\t<dd class='wp-caption-text gallery-caption' id='gallery-1-33907'>\n\t\t\t\tG\u00e9rald Arbour Novembre 1989\n\t\t\t\t<\/dd><\/dl><dl class='gallery-item'>\n\t\t\t<dt class='gallery-icon landscape'>\n\t\t\t\t<a href='https:\/\/pontscouverts.com\/blogue\/wp-content\/uploads\/2021\/11\/image212.jpg'><img width=\"150\" height=\"90\" src=\"https:\/\/pontscouverts.com\/blogue\/wp-content\/uploads\/2021\/11\/image212-e1638109515371-150x90.jpg\" class=\"attachment-thumbnail size-thumbnail\" alt=\"\" loading=\"lazy\" aria-describedby=\"gallery-1-33912\" \/><\/a>\n\t\t\t<\/dt>\n\t\t\t\t<dd class='wp-caption-text gallery-caption' id='gallery-1-33912'>\n\t\t\t\tG\u00e9rald Arbour Novembre 1985\n\t\t\t\t<\/dd><\/dl><dl class='gallery-item'>\n\t\t\t<dt class='gallery-icon landscape'>\n\t\t\t\t<a href='https:\/\/pontscouverts.com\/blogue\/wp-content\/uploads\/2021\/11\/61-02-26-84a.jpg'><img width=\"150\" height=\"108\" src=\"https:\/\/pontscouverts.com\/blogue\/wp-content\/uploads\/2021\/11\/61-02-26-84a-e1638109319216-150x108.jpg\" class=\"attachment-thumbnail size-thumbnail\" alt=\"\" loading=\"lazy\" aria-describedby=\"gallery-1-33908\" \/><\/a>\n\t\t\t<\/dt>\n\t\t\t\t<dd class='wp-caption-text gallery-caption' id='gallery-1-33908'>\n\t\t\t\tG\u00e9rald Arbour 1984\n\t\t\t\t<\/dd><\/dl><br style=\"clear: both\" \/><dl class='gallery-item'>\n\t\t\t<dt class='gallery-icon landscape'>\n\t\t\t\t<a href='https:\/\/pontscouverts.com\/blogue\/wp-content\/uploads\/2021\/11\/61-02-26-84b.jpg'><img width=\"150\" height=\"107\" src=\"https:\/\/pontscouverts.com\/blogue\/wp-content\/uploads\/2021\/11\/61-02-26-84b-e1638109329422-150x107.jpg\" class=\"attachment-thumbnail size-thumbnail\" alt=\"\" loading=\"lazy\" aria-describedby=\"gallery-1-33909\" \/><\/a>\n\t\t\t<\/dt>\n\t\t\t\t<dd class='wp-caption-text gallery-caption' id='gallery-1-33909'>\n\t\t\t\tG\u00e9rald Arbour 1984\n\t\t\t\t<\/dd><\/dl><dl class='gallery-item'>\n\t\t\t<dt class='gallery-icon landscape'>\n\t\t\t\t<a href='https:\/\/pontscouverts.com\/blogue\/wp-content\/uploads\/2021\/11\/61-02-26-84c.jpg'><img width=\"150\" height=\"108\" src=\"https:\/\/pontscouverts.com\/blogue\/wp-content\/uploads\/2021\/11\/61-02-26-84c-e1638109345130-150x108.jpg\" class=\"attachment-thumbnail size-thumbnail\" alt=\"\" loading=\"lazy\" aria-describedby=\"gallery-1-33910\" \/><\/a>\n\t\t\t<\/dt>\n\t\t\t\t<dd class='wp-caption-text gallery-caption' id='gallery-1-33910'>\n\t\t\t\tG\u00e9rald Arbour 1984\n\t\t\t\t<\/dd><\/dl><dl class='gallery-item'>\n\t\t\t<dt class='gallery-icon landscape'>\n\t\t\t\t<a href='https:\/\/pontscouverts.com\/blogue\/wp-content\/uploads\/2021\/11\/61-02-26b.jpg'><img width=\"150\" height=\"99\" src=\"https:\/\/pontscouverts.com\/blogue\/wp-content\/uploads\/2021\/11\/61-02-26b-e1638109829116-150x99.jpg\" class=\"attachment-thumbnail size-thumbnail\" alt=\"\" loading=\"lazy\" aria-describedby=\"gallery-1-33914\" \/><\/a>\n\t\t\t<\/dt>\n\t\t\t\t<dd class='wp-caption-text gallery-caption' id='gallery-1-33914'>\n\t\t\t\tAndr\u00e9 Goossens 1984\n\t\t\t\t<\/dd><\/dl><br style=\"clear: both\" \/><dl class='gallery-item'>\n\t\t\t<dt class='gallery-icon landscape'>\n\t\t\t\t<a href='https:\/\/pontscouverts.com\/blogue\/wp-content\/uploads\/2021\/11\/61-02-26c.jpg'><img width=\"150\" height=\"103\" src=\"https:\/\/pontscouverts.com\/blogue\/wp-content\/uploads\/2021\/11\/61-02-26c-e1638109841834-150x103.jpg\" class=\"attachment-thumbnail size-thumbnail\" alt=\"\" loading=\"lazy\" aria-describedby=\"gallery-1-33915\" \/><\/a>\n\t\t\t<\/dt>\n\t\t\t\t<dd class='wp-caption-text gallery-caption' id='gallery-1-33915'>\n\t\t\t\tAndr\u00e9 Goossens 1984\n\t\t\t\t<\/dd><\/dl><dl class='gallery-item'>\n\t\t\t<dt class='gallery-icon landscape'>\n\t\t\t\t<a href='https:\/\/pontscouverts.com\/blogue\/wp-content\/uploads\/2021\/11\/61-02-26d.jpg'><img width=\"150\" height=\"102\" src=\"https:\/\/pontscouverts.com\/blogue\/wp-content\/uploads\/2021\/11\/61-02-26d-e1638109852633-150x102.jpg\" class=\"attachment-thumbnail size-thumbnail\" alt=\"\" loading=\"lazy\" aria-describedby=\"gallery-1-33916\" \/><\/a>\n\t\t\t<\/dt>\n\t\t\t\t<dd class='wp-caption-text gallery-caption' id='gallery-1-33916'>\n\t\t\t\tAndr\u00e9 Goossens 1984\n\t\t\t\t<\/dd><\/dl><dl class='gallery-item'>\n\t\t\t<dt class='gallery-icon landscape'>\n\t\t\t\t<a href='https:\/\/pontscouverts.com\/blogue\/wp-content\/uploads\/2021\/11\/61-02-26e.jpg'><img width=\"150\" height=\"101\" src=\"https:\/\/pontscouverts.com\/blogue\/wp-content\/uploads\/2021\/11\/61-02-26e-e1638109862126-150x101.jpg\" class=\"attachment-thumbnail size-thumbnail\" alt=\"\" loading=\"lazy\" aria-describedby=\"gallery-1-33917\" \/><\/a>\n\t\t\t<\/dt>\n\t\t\t\t<dd class='wp-caption-text gallery-caption' id='gallery-1-33917'>\n\t\t\t\tAndr\u00e9 Goossens 1984\n\t\t\t\t<\/dd><\/dl><br style=\"clear: both\" \/><dl class='gallery-item'>\n\t\t\t<dt class='gallery-icon landscape'>\n\t\t\t\t<a href='https:\/\/pontscouverts.com\/blogue\/wp-content\/uploads\/2021\/11\/61-02-26f.jpg'><img width=\"150\" height=\"99\" src=\"https:\/\/pontscouverts.com\/blogue\/wp-content\/uploads\/2021\/11\/61-02-26f-e1638109873737-150x99.jpg\" class=\"attachment-thumbnail size-thumbnail\" alt=\"\" loading=\"lazy\" aria-describedby=\"gallery-1-33918\" \/><\/a>\n\t\t\t<\/dt>\n\t\t\t\t<dd class='wp-caption-text gallery-caption' id='gallery-1-33918'>\n\t\t\t\tAndr\u00e9 Goossens 1984\n\t\t\t\t<\/dd><\/dl><dl class='gallery-item'>\n\t\t\t<dt class='gallery-icon landscape'>\n\t\t\t\t<a href='https:\/\/pontscouverts.com\/blogue\/wp-content\/uploads\/2021\/11\/61-02-26g.jpg'><img width=\"150\" height=\"101\" src=\"https:\/\/pontscouverts.com\/blogue\/wp-content\/uploads\/2021\/11\/61-02-26g-e1638109885837-150x101.jpg\" class=\"attachment-thumbnail size-thumbnail\" alt=\"\" loading=\"lazy\" aria-describedby=\"gallery-1-33919\" \/><\/a>\n\t\t\t<\/dt>\n\t\t\t\t<dd class='wp-caption-text gallery-caption' id='gallery-1-33919'>\n\t\t\t\tAndr\u00e9 Goossens 1984\n\t\t\t\t<\/dd><\/dl><dl class='gallery-item'>\n\t\t\t<dt class='gallery-icon landscape'>\n\t\t\t\t<a href='https:\/\/pontscouverts.com\/blogue\/wp-content\/uploads\/2021\/11\/61-02-26h.jpg'><img width=\"150\" height=\"99\" src=\"https:\/\/pontscouverts.com\/blogue\/wp-content\/uploads\/2021\/11\/61-02-26h-e1638109896113-150x99.jpg\" class=\"attachment-thumbnail size-thumbnail\" alt=\"\" loading=\"lazy\" aria-describedby=\"gallery-1-33920\" \/><\/a>\n\t\t\t<\/dt>\n\t\t\t\t<dd class='wp-caption-text gallery-caption' id='gallery-1-33920'>\n\t\t\t\tAndr\u00e9 Goossens 1984\n\t\t\t\t<\/dd><\/dl><br style=\"clear: both\" \/><dl class='gallery-item'>\n\t\t\t<dt class='gallery-icon landscape'>\n\t\t\t\t<a href='https:\/\/pontscouverts.com\/blogue\/wp-content\/uploads\/2021\/11\/PierreDuffAvril1976b.jpg'><img width=\"150\" height=\"105\" src=\"https:\/\/pontscouverts.com\/blogue\/wp-content\/uploads\/2021\/11\/PierreDuffAvril1976b-e1638111062411-150x105.jpg\" class=\"attachment-thumbnail size-thumbnail\" alt=\"\" loading=\"lazy\" aria-describedby=\"gallery-1-33940\" \/><\/a>\n\t\t\t<\/dt>\n\t\t\t\t<dd class='wp-caption-text gallery-caption' id='gallery-1-33940'>\n\t\t\t\tPierre Duff Avril 1976\n\t\t\t\t<\/dd><\/dl><dl class='gallery-item'>\n\t\t\t<dt class='gallery-icon landscape'>\n\t\t\t\t<a href='https:\/\/pontscouverts.com\/blogue\/wp-content\/uploads\/2021\/11\/PierreDuffAvril1976a.jpg'><img width=\"150\" height=\"106\" src=\"https:\/\/pontscouverts.com\/blogue\/wp-content\/uploads\/2021\/11\/PierreDuffAvril1976a-e1638111072513-150x106.jpg\" class=\"attachment-thumbnail size-thumbnail\" alt=\"\" loading=\"lazy\" aria-describedby=\"gallery-1-33939\" \/><\/a>\n\t\t\t<\/dt>\n\t\t\t\t<dd class='wp-caption-text gallery-caption' id='gallery-1-33939'>\n\t\t\t\tPierre Duff Avril 1976\n\t\t\t\t<\/dd><\/dl><dl class='gallery-item'>\n\t\t\t<dt class='gallery-icon landscape'>\n\t\t\t\t<a href='https:\/\/pontscouverts.com\/blogue\/wp-content\/uploads\/2021\/11\/PierreDuffAvril1976c.jpg'><img width=\"150\" height=\"103\" src=\"https:\/\/pontscouverts.com\/blogue\/wp-content\/uploads\/2021\/11\/PierreDuffAvril1976c-e1638111085599-150x103.jpg\" class=\"attachment-thumbnail size-thumbnail\" alt=\"\" loading=\"lazy\" aria-describedby=\"gallery-1-33941\" \/><\/a>\n\t\t\t<\/dt>\n\t\t\t\t<dd class='wp-caption-text gallery-caption' id='gallery-1-33941'>\n\t\t\t\tPierre Duff Avril 1976\n\t\t\t\t<\/dd><\/dl><br style=\"clear: both\" \/><dl class='gallery-item'>\n\t\t\t<dt class='gallery-icon landscape'>\n\t\t\t\t<a href='https:\/\/pontscouverts.com\/blogue\/wp-content\/uploads\/2021\/11\/61-02-26i.jpg'><img width=\"150\" height=\"100\" src=\"https:\/\/pontscouverts.com\/blogue\/wp-content\/uploads\/2021\/11\/61-02-26i-e1638109908441-150x100.jpg\" class=\"attachment-thumbnail size-thumbnail\" alt=\"\" loading=\"lazy\" aria-describedby=\"gallery-1-33921\" \/><\/a>\n\t\t\t<\/dt>\n\t\t\t\t<dd class='wp-caption-text gallery-caption' id='gallery-1-33921'>\n\t\t\t\tAndr\u00e9 Goossens 1984\n\t\t\t\t<\/dd><\/dl><dl class='gallery-item'>\n\t\t\t<dt class='gallery-icon landscape'>\n\t\t\t\t<a href='https:\/\/pontscouverts.com\/blogue\/wp-content\/uploads\/2021\/11\/61-02-26j.jpg'><img width=\"150\" height=\"100\" src=\"https:\/\/pontscouverts.com\/blogue\/wp-content\/uploads\/2021\/11\/61-02-26j-e1638109920771-150x100.jpg\" class=\"attachment-thumbnail size-thumbnail\" alt=\"\" loading=\"lazy\" aria-describedby=\"gallery-1-33922\" \/><\/a>\n\t\t\t<\/dt>\n\t\t\t\t<dd class='wp-caption-text gallery-caption' id='gallery-1-33922'>\n\t\t\t\tAndr\u00e9 Goossens 1984\n\t\t\t\t<\/dd><\/dl><dl class='gallery-item'>\n\t\t\t<dt class='gallery-icon landscape'>\n\t\t\t\t<a href='https:\/\/pontscouverts.com\/blogue\/wp-content\/uploads\/2021\/11\/61-02-26k.jpg'><img width=\"150\" height=\"103\" src=\"https:\/\/pontscouverts.com\/blogue\/wp-content\/uploads\/2021\/11\/61-02-26k-e1638109931519-150x103.jpg\" class=\"attachment-thumbnail size-thumbnail\" alt=\"\" loading=\"lazy\" aria-describedby=\"gallery-1-33923\" \/><\/a>\n\t\t\t<\/dt>\n\t\t\t\t<dd class='wp-caption-text gallery-caption' id='gallery-1-33923'>\n\t\t\t\tAndr\u00e9 Goossens 1984\n\t\t\t\t<\/dd><\/dl><br style=\"clear: both\" \/><dl class='gallery-item'>\n\t\t\t<dt class='gallery-icon landscape'>\n\t\t\t\t<a href='https:\/\/pontscouverts.com\/blogue\/wp-content\/uploads\/2021\/11\/61-02-26l.jpg'><img width=\"150\" height=\"101\" src=\"https:\/\/pontscouverts.com\/blogue\/wp-content\/uploads\/2021\/11\/61-02-26l-e1638109942688-150x101.jpg\" class=\"attachment-thumbnail size-thumbnail\" alt=\"\" loading=\"lazy\" aria-describedby=\"gallery-1-33924\" \/><\/a>\n\t\t\t<\/dt>\n\t\t\t\t<dd class='wp-caption-text gallery-caption' id='gallery-1-33924'>\n\t\t\t\tAndr\u00e9 Goossens 1984\n\t\t\t\t<\/dd><\/dl><dl class='gallery-item'>\n\t\t\t<dt class='gallery-icon landscape'>\n\t\t\t\t<a href='https:\/\/pontscouverts.com\/blogue\/wp-content\/uploads\/2021\/11\/61-02-26m.jpg'><img width=\"150\" height=\"101\" src=\"https:\/\/pontscouverts.com\/blogue\/wp-content\/uploads\/2021\/11\/61-02-26m-e1638109953763-150x101.jpg\" class=\"attachment-thumbnail size-thumbnail\" alt=\"\" loading=\"lazy\" aria-describedby=\"gallery-1-33925\" \/><\/a>\n\t\t\t<\/dt>\n\t\t\t\t<dd class='wp-caption-text gallery-caption' id='gallery-1-33925'>\n\t\t\t\tAndr\u00e9 Goossens 1984\n\t\t\t\t<\/dd><\/dl><dl class='gallery-item'>\n\t\t\t<dt class='gallery-icon landscape'>\n\t\t\t\t<a href='https:\/\/pontscouverts.com\/blogue\/wp-content\/uploads\/2021\/11\/61-02-26n.jpg'><img width=\"150\" height=\"101\" src=\"https:\/\/pontscouverts.com\/blogue\/wp-content\/uploads\/2021\/11\/61-02-26n-e1638109963951-150x101.jpg\" class=\"attachment-thumbnail size-thumbnail\" alt=\"\" loading=\"lazy\" aria-describedby=\"gallery-1-33926\" \/><\/a>\n\t\t\t<\/dt>\n\t\t\t\t<dd class='wp-caption-text gallery-caption' id='gallery-1-33926'>\n\t\t\t\tAndr\u00e9 Goossens 1984\n\t\t\t\t<\/dd><\/dl><br style=\"clear: both\" \/><dl class='gallery-item'>\n\t\t\t<dt class='gallery-icon landscape'>\n\t\t\t\t<a href='https:\/\/pontscouverts.com\/blogue\/wp-content\/uploads\/2021\/11\/61-02-26o.jpg'><img width=\"150\" height=\"102\" src=\"https:\/\/pontscouverts.com\/blogue\/wp-content\/uploads\/2021\/11\/61-02-26o-e1638109974564-150x102.jpg\" class=\"attachment-thumbnail size-thumbnail\" alt=\"\" loading=\"lazy\" aria-describedby=\"gallery-1-33927\" \/><\/a>\n\t\t\t<\/dt>\n\t\t\t\t<dd class='wp-caption-text gallery-caption' id='gallery-1-33927'>\n\t\t\t\tAndr\u00e9 Goossens 1984\n\t\t\t\t<\/dd><\/dl><dl class='gallery-item'>\n\t\t\t<dt class='gallery-icon landscape'>\n\t\t\t\t<a href='https:\/\/pontscouverts.com\/blogue\/wp-content\/uploads\/2021\/11\/61-02-26p.jpg'><img width=\"150\" height=\"105\" src=\"https:\/\/pontscouverts.com\/blogue\/wp-content\/uploads\/2021\/11\/61-02-26p-e1638109986199-150x105.jpg\" class=\"attachment-thumbnail size-thumbnail\" alt=\"\" loading=\"lazy\" aria-describedby=\"gallery-1-33928\" \/><\/a>\n\t\t\t<\/dt>\n\t\t\t\t<dd class='wp-caption-text gallery-caption' id='gallery-1-33928'>\n\t\t\t\tAndr\u00e9 Goossens 1984\n\t\t\t\t<\/dd><\/dl><dl class='gallery-item'>\n\t\t\t<dt class='gallery-icon landscape'>\n\t\t\t\t<a href='https:\/\/pontscouverts.com\/blogue\/wp-content\/uploads\/2021\/11\/61-02-26Bjpg.jpg'><img width=\"150\" height=\"114\" src=\"https:\/\/pontscouverts.com\/blogue\/wp-content\/uploads\/2021\/11\/61-02-26Bjpg-e1638110093720-150x114.jpg\" class=\"attachment-thumbnail size-thumbnail\" alt=\"\" loading=\"lazy\" aria-describedby=\"gallery-1-33930\" \/><\/a>\n\t\t\t<\/dt>\n\t\t\t\t<dd class='wp-caption-text gallery-caption' id='gallery-1-33930'>\n\t\t\t\tMTQ 1963\n\t\t\t\t<\/dd><\/dl><br style=\"clear: both\" \/><dl class='gallery-item'>\n\t\t\t<dt class='gallery-icon landscape'>\n\t\t\t\t<a href='https:\/\/pontscouverts.com\/blogue\/wp-content\/uploads\/2021\/11\/61-02-26C.jpg'><img width=\"150\" height=\"134\" src=\"https:\/\/pontscouverts.com\/blogue\/wp-content\/uploads\/2021\/11\/61-02-26C-e1638110131870-150x134.jpg\" class=\"attachment-thumbnail size-thumbnail\" alt=\"\" loading=\"lazy\" aria-describedby=\"gallery-1-33931\" \/><\/a>\n\t\t\t<\/dt>\n\t\t\t\t<dd class='wp-caption-text gallery-caption' id='gallery-1-33931'>\n\t\t\t\tMTQ 1963\n\t\t\t\t<\/dd><\/dl><dl class='gallery-item'>\n\t\t\t<dt class='gallery-icon landscape'>\n\t\t\t\t<a href='https:\/\/pontscouverts.com\/blogue\/wp-content\/uploads\/2021\/11\/P7071134.jpg'><img width=\"150\" height=\"113\" src=\"https:\/\/pontscouverts.com\/blogue\/wp-content\/uploads\/2021\/11\/P7071134-e1638110399340-150x113.jpg\" class=\"attachment-thumbnail size-thumbnail\" alt=\"\" loading=\"lazy\" aria-describedby=\"gallery-1-33933\" \/><\/a>\n\t\t\t<\/dt>\n\t\t\t\t<dd class='wp-caption-text gallery-caption' id='gallery-1-33933'>\n\t\t\t\tPascal Conner Juillet 2010\n\t\t\t\t<\/dd><\/dl><dl class='gallery-item'>\n\t\t\t<dt class='gallery-icon landscape'>\n\t\t\t\t<a href='https:\/\/pontscouverts.com\/blogue\/wp-content\/uploads\/2021\/11\/P7071140.jpg'><img width=\"150\" height=\"113\" src=\"https:\/\/pontscouverts.com\/blogue\/wp-content\/uploads\/2021\/11\/P7071140-e1638110413821-150x113.jpg\" class=\"attachment-thumbnail size-thumbnail\" alt=\"\" loading=\"lazy\" aria-describedby=\"gallery-1-33934\" \/><\/a>\n\t\t\t<\/dt>\n\t\t\t\t<dd class='wp-caption-text gallery-caption' id='gallery-1-33934'>\n\t\t\t\tPascal Conner Juillet 2010\n\t\t\t\t<\/dd><\/dl><br style=\"clear: both\" \/><dl class='gallery-item'>\n\t\t\t<dt class='gallery-icon landscape'>\n\t\t\t\t<a href='https:\/\/pontscouverts.com\/blogue\/wp-content\/uploads\/2021\/11\/P7071144.jpg'><img width=\"150\" height=\"113\" src=\"https:\/\/pontscouverts.com\/blogue\/wp-content\/uploads\/2021\/11\/P7071144-e1638110427194-150x113.jpg\" class=\"attachment-thumbnail size-thumbnail\" alt=\"\" loading=\"lazy\" aria-describedby=\"gallery-1-33935\" \/><\/a>\n\t\t\t<\/dt>\n\t\t\t\t<dd class='wp-caption-text gallery-caption' id='gallery-1-33935'>\n\t\t\t\tPascal Conner Juillet 2010\n\t\t\t\t<\/dd><\/dl><dl class='gallery-item'>\n\t\t\t<dt class='gallery-icon landscape'>\n\t\t\t\t<a href='https:\/\/pontscouverts.com\/blogue\/wp-content\/uploads\/2021\/11\/P7071149.jpg'><img width=\"150\" height=\"113\" src=\"https:\/\/pontscouverts.com\/blogue\/wp-content\/uploads\/2021\/11\/P7071149-e1638110440212-150x113.jpg\" class=\"attachment-thumbnail size-thumbnail\" alt=\"\" loading=\"lazy\" aria-describedby=\"gallery-1-33936\" \/><\/a>\n\t\t\t<\/dt>\n\t\t\t\t<dd class='wp-caption-text gallery-caption' id='gallery-1-33936'>\n\t\t\t\tPascal Conner Juillet 2010\n\t\t\t\t<\/dd><\/dl><dl class='gallery-item'>\n\t\t\t<dt class='gallery-icon landscape'>\n\t\t\t\t<a href='https:\/\/pontscouverts.com\/blogue\/wp-content\/uploads\/2014\/02\/Num\u00e9riser-11.jpeg'><img width=\"150\" height=\"120\" src=\"https:\/\/pontscouverts.com\/blogue\/wp-content\/uploads\/2014\/02\/Num\u00e9riser-11-e1393421778669-150x120.jpeg\" class=\"attachment-thumbnail size-thumbnail\" alt=\"\" loading=\"lazy\" aria-describedby=\"gallery-1-9194\" \/><\/a>\n\t\t\t<\/dt>\n\t\t\t\t<dd class='wp-caption-text gallery-caption' id='gallery-1-9194'>\n\t\t\t\tPont de Launay\n\t\t\t\t<\/dd><\/dl><br style=\"clear: both\" \/>\n\t\t<\/div>\n\n","protected":false},"excerpt":{"rendered":"<p>Abitibi-T\u00e9miscamingue Launay Construction : 1922 Longueur : 169 pieds Cours d\u2019eau : Rivi\u00e8re Villemontel Statut :\u00a0D\u00e9moli en 1989 Localisation :\u00a0Rang II de Launay Type de ferme : Town \u00e9labor\u00e9 Hauteur libre : n\/d Charge affich\u00e9e : n\/d No officiel : 61-02-26 Site Web de la ville \u00c0 propos de ce pont : Ce pont a [&hellip;]<\/p>\n","protected":false},"author":1,"featured_media":0,"parent":0,"menu_order":0,"comment_status":"closed","ping_status":"closed","template":"","meta":[],"_links":{"self":[{"href":"https:\/\/pontscouverts.com\/blogue\/wp-json\/wp\/v2\/pages\/33894"}],"collection":[{"href":"https:\/\/pontscouverts.com\/blogue\/wp-json\/wp\/v2\/pages"}],"about":[{"href":"https:\/\/pontscouverts.com\/blogue\/wp-json\/wp\/v2\/types\/page"}],"author":[{"embeddable":true,"href":"https:\/\/pontscouverts.com\/blogue\/wp-json\/wp\/v2\/users\/1"}],"replies":[{"embeddable":true,"href":"https:\/\/pontscouverts.com\/blogue\/wp-json\/wp\/v2\/comments?post=33894"}],"version-history":[{"count":15,"href":"https:\/\/pontscouverts.com\/blogue\/wp-json\/wp\/v2\/pages\/33894\/revisions"}],"predecessor-version":[{"id":33942,"href":"https:\/\/pontscouverts.com\/blogue\/wp-json\/wp\/v2\/pages\/33894\/revisions\/33942"}],"wp:attachment":[{"href":"https:\/\/pontscouverts.com\/blogue\/wp-json\/wp\/v2\/media?parent=33894"}],"curies":[{"name":"wp","href":"https:\/\/api.w.org\/{rel}","templated":true}]}}