{"id":33733,"date":"2021-11-11T09:36:41","date_gmt":"2021-11-11T14:36:41","guid":{"rendered":"https:\/\/pontscouverts.com\/blogue\/?page_id=33733"},"modified":"2021-11-11T09:36:41","modified_gmt":"2021-11-11T14:36:41","slug":"pont-gagne","status":"publish","type":"page","link":"https:\/\/pontscouverts.com\/blogue\/pont-gagne\/","title":{"rendered":"Pont Gagn\u00e9"},"content":{"rendered":"<h1 class=\"paragraph_style_2\"><span style=\"color: #008000;\"><em><strong><span class=\"style_2\">Centre-du-Qu\u00e9bec<\/span><\/strong><\/em><\/span><\/h1>\n<h2 class=\"paragraph_style_3\">Warwick<\/h2>\n<div id=\"attachment_33735\" style=\"width: 1539px\" class=\"wp-caption alignnone\"><a href=\"https:\/\/pontscouverts.com\/blogue\/wp-content\/uploads\/2021\/11\/61-04-05D.jpg\"><img aria-describedby=\"caption-attachment-33735\" loading=\"lazy\" class=\"wp-image-33735 size-full\" src=\"https:\/\/pontscouverts.com\/blogue\/wp-content\/uploads\/2021\/11\/61-04-05D.jpg\" alt=\"\" width=\"1529\" height=\"895\" srcset=\"https:\/\/pontscouverts.com\/blogue\/wp-content\/uploads\/2021\/11\/61-04-05D.jpg 1529w, https:\/\/pontscouverts.com\/blogue\/wp-content\/uploads\/2021\/11\/61-04-05D-300x176.jpg 300w, https:\/\/pontscouverts.com\/blogue\/wp-content\/uploads\/2021\/11\/61-04-05D-768x450.jpg 768w, https:\/\/pontscouverts.com\/blogue\/wp-content\/uploads\/2021\/11\/61-04-05D-1024x599.jpg 1024w, https:\/\/pontscouverts.com\/blogue\/wp-content\/uploads\/2021\/11\/61-04-05D-624x365.jpg 624w\" sizes=\"(max-width: 1529px) 100vw, 1529px\" \/><\/a><p id=\"caption-attachment-33735\" class=\"wp-caption-text\">Pierre Duff Octobre 1974<\/p><\/div>\n<p><span style=\"color: #000000;\"><strong>Construction :<\/strong> 1936<\/span><br \/>\n<span style=\"color: #000000;\"><strong>Longueur :<\/strong>\u00a081 pieds<\/span><br \/>\n<span style=\"color: #000000;\"><strong>Cours d\u2019eau :<\/strong> Rivi\u00e8re des Pins<\/span><br \/>\n<span style=\"color: #000000;\"><strong>Statut :<\/strong>\u00a0D\u00e9moli en 1974<\/span><br \/>\n<span style=\"color: #000000;\"><strong>Localisation :<\/strong> Chemin du 5e Rang<\/span><br \/>\n<span style=\"color: #000000;\"><strong>Type de ferme :<\/strong> Town \u00e9labor\u00e9<\/span><br \/>\n<span style=\"color: #000000;\"><strong>No officiel :<\/strong> 61-04-05<\/span><br \/>\n<a href=\"https:\/\/villedewarwick.quebec\" target=\"_blank\" rel=\"noopener\"><strong><span style=\"color: #0000ff;\">Site Web de la ville<\/span><\/strong><\/a><br \/>\n<a href=\"https:\/\/goo.gl\/maps\/5cXMtbxtPvRZejyp9\" target=\"_blank\" rel=\"noopener\"><strong><span style=\"color: #0000ff;\">Carte Google Street View<\/span><\/strong><\/a><\/p>\n<h2><span style=\"color: #008000;\"><strong>\u00c0 propos de ce pont :<\/strong><\/span><\/h2>\n<p><span style=\"color: #000000;\">Cette structure a remplac\u00e9 un pont primitif.<\/span><br \/>\n<span style=\"color: #000000;\">\u00c9galement connu sous le nom de \u00ab\u00a0Pont du Cinqui\u00e8me Rang\u00a0\u00bb.<\/span><br \/>\n<span style=\"color: #000000;\">Cul\u00e9es\u00a0en bois lambriss\u00e9es de planches verticales.<\/span><br \/>\n<span style=\"color: #000000;\">On retrouvait 2 ouvertures lat\u00e9rales de chaque c\u00f4t\u00e9 du pont.<\/span><br \/>\n<span style=\"color: #000000;\">Lambris constitu\u00e9 de planches horizontales.<\/span><br \/>\n<span style=\"color: #000000;\">Toiture en t\u00f4le.<\/span><br \/>\n<span style=\"color: #000000;\">En 1974, le pont \u00e9tait support\u00e9 par des \u00ab\u00a0H-beam\u00a0\u00bb \u00e0 l\u2019int\u00e9rieur.<\/span><\/p>\n<h1 style=\"text-align: center;\"><span style=\"color: #333399;\">GALERIE DE PHOTOS<\/span><\/h1>\n\n\t\t<style type=\"text\/css\">\n\t\t\t#gallery-1 {\n\t\t\t\tmargin: auto;\n\t\t\t}\n\t\t\t#gallery-1 .gallery-item {\n\t\t\t\tfloat: left;\n\t\t\t\tmargin-top: 10px;\n\t\t\t\ttext-align: center;\n\t\t\t\twidth: 33%;\n\t\t\t}\n\t\t\t#gallery-1 img {\n\t\t\t\tborder: 2px solid #cfcfcf;\n\t\t\t}\n\t\t\t#gallery-1 .gallery-caption {\n\t\t\t\tmargin-left: 0;\n\t\t\t}\n\t\t\t\/* see gallery_shortcode() in wp-includes\/media.php *\/\n\t\t<\/style>\n\t\t<div id='gallery-1' class='gallery galleryid-33733 gallery-columns-3 gallery-size-thumbnail'><dl class='gallery-item'>\n\t\t\t<dt class='gallery-icon landscape'>\n\t\t\t\t<a href='https:\/\/pontscouverts.com\/blogue\/wp-content\/uploads\/2021\/11\/61-04-05A.jpg'><img width=\"150\" height=\"107\" src=\"https:\/\/pontscouverts.com\/blogue\/wp-content\/uploads\/2021\/11\/61-04-05A-e1636639952233-150x107.jpg\" class=\"attachment-thumbnail size-thumbnail\" alt=\"\" loading=\"lazy\" aria-describedby=\"gallery-1-33742\" \/><\/a>\n\t\t\t<\/dt>\n\t\t\t\t<dd class='wp-caption-text gallery-caption' id='gallery-1-33742'>\n\t\t\t\tPierre Duff Octobre 1974\n\t\t\t\t<\/dd><\/dl><dl class='gallery-item'>\n\t\t\t<dt class='gallery-icon landscape'>\n\t\t\t\t<a href='https:\/\/pontscouverts.com\/blogue\/wp-content\/uploads\/2021\/11\/61-04-05B.jpg'><img width=\"150\" height=\"106\" src=\"https:\/\/pontscouverts.com\/blogue\/wp-content\/uploads\/2021\/11\/61-04-05B-e1636639961655-150x106.jpg\" class=\"attachment-thumbnail size-thumbnail\" alt=\"\" loading=\"lazy\" aria-describedby=\"gallery-1-33743\" \/><\/a>\n\t\t\t<\/dt>\n\t\t\t\t<dd class='wp-caption-text gallery-caption' id='gallery-1-33743'>\n\t\t\t\tPierre Duff Octobre 1974\n\t\t\t\t<\/dd><\/dl><dl class='gallery-item'>\n\t\t\t<dt class='gallery-icon landscape'>\n\t\t\t\t<a href='https:\/\/pontscouverts.com\/blogue\/wp-content\/uploads\/2021\/11\/a118-021_61-04-05.jpg'><img width=\"150\" height=\"98\" src=\"https:\/\/pontscouverts.com\/blogue\/wp-content\/uploads\/2021\/11\/a118-021_61-04-05-e1636639989336-150x98.jpg\" class=\"attachment-thumbnail size-thumbnail\" alt=\"\" loading=\"lazy\" aria-describedby=\"gallery-1-33745\" \/><\/a>\n\t\t\t<\/dt>\n\t\t\t\t<dd class='wp-caption-text gallery-caption' id='gallery-1-33745'>\n\t\t\t\tPierre Duff Octobre 1974\n\t\t\t\t<\/dd><\/dl><br style=\"clear: both\" \/><dl class='gallery-item'>\n\t\t\t<dt class='gallery-icon portrait'>\n\t\t\t\t<a href='https:\/\/pontscouverts.com\/blogue\/wp-content\/uploads\/2021\/11\/61-04-05C.jpg'><img width=\"105\" height=\"150\" src=\"https:\/\/pontscouverts.com\/blogue\/wp-content\/uploads\/2021\/11\/61-04-05C-e1636639972488-105x150.jpg\" class=\"attachment-thumbnail size-thumbnail\" alt=\"\" loading=\"lazy\" aria-describedby=\"gallery-1-33744\" \/><\/a>\n\t\t\t<\/dt>\n\t\t\t\t<dd class='wp-caption-text gallery-caption' id='gallery-1-33744'>\n\t\t\t\tPierre Duff Octobre 1974\n\t\t\t\t<\/dd><\/dl><dl class='gallery-item'>\n\t\t\t<dt class='gallery-icon portrait'>\n\t\t\t\t<a href='https:\/\/pontscouverts.com\/blogue\/wp-content\/uploads\/2021\/11\/b-61-04-05-warwick-1971-Hallie-Jones-9-coll.-G\u00e9rald-Arbour.jpg'><img width=\"141\" height=\"150\" src=\"https:\/\/pontscouverts.com\/blogue\/wp-content\/uploads\/2021\/11\/b-61-04-05-warwick-1971-Hallie-Jones-9-coll.-G\u00e9rald-Arbour-e1636640002870-141x150.jpg\" class=\"attachment-thumbnail size-thumbnail\" alt=\"\" loading=\"lazy\" aria-describedby=\"gallery-1-33746\" \/><\/a>\n\t\t\t<\/dt>\n\t\t\t\t<dd class='wp-caption-text gallery-caption' id='gallery-1-33746'>\n\t\t\t\tHallie Jones 1971 (GA)\n\t\t\t\t<\/dd><\/dl>\n\t\t\t<br style='clear: both' \/>\n\t\t<\/div>\n\n","protected":false},"excerpt":{"rendered":"<p>Centre-du-Qu\u00e9bec Warwick Construction : 1936 Longueur :\u00a081 pieds Cours d\u2019eau : Rivi\u00e8re des Pins Statut :\u00a0D\u00e9moli en 1974 Localisation : Chemin du 5e Rang Type de ferme : Town \u00e9labor\u00e9 No officiel : 61-04-05 Site Web de la ville Carte Google Street View \u00c0 propos de ce pont : Cette structure a remplac\u00e9 un pont [&hellip;]<\/p>\n","protected":false},"author":1,"featured_media":0,"parent":0,"menu_order":0,"comment_status":"closed","ping_status":"closed","template":"","meta":[],"_links":{"self":[{"href":"https:\/\/pontscouverts.com\/blogue\/wp-json\/wp\/v2\/pages\/33733"}],"collection":[{"href":"https:\/\/pontscouverts.com\/blogue\/wp-json\/wp\/v2\/pages"}],"about":[{"href":"https:\/\/pontscouverts.com\/blogue\/wp-json\/wp\/v2\/types\/page"}],"author":[{"embeddable":true,"href":"https:\/\/pontscouverts.com\/blogue\/wp-json\/wp\/v2\/users\/1"}],"replies":[{"embeddable":true,"href":"https:\/\/pontscouverts.com\/blogue\/wp-json\/wp\/v2\/comments?post=33733"}],"version-history":[{"count":12,"href":"https:\/\/pontscouverts.com\/blogue\/wp-json\/wp\/v2\/pages\/33733\/revisions"}],"predecessor-version":[{"id":33751,"href":"https:\/\/pontscouverts.com\/blogue\/wp-json\/wp\/v2\/pages\/33733\/revisions\/33751"}],"wp:attachment":[{"href":"https:\/\/pontscouverts.com\/blogue\/wp-json\/wp\/v2\/media?parent=33733"}],"curies":[{"name":"wp","href":"https:\/\/api.w.org\/{rel}","templated":true}]}}