{"id":33371,"date":"2021-09-27T16:22:21","date_gmt":"2021-09-27T20:22:21","guid":{"rendered":"https:\/\/pontscouverts.com\/blogue\/?page_id=33371"},"modified":"2021-10-04T10:32:01","modified_gmt":"2021-10-04T14:32:01","slug":"pont-de-manseau","status":"publish","type":"page","link":"https:\/\/pontscouverts.com\/blogue\/pont-de-manseau\/","title":{"rendered":"Pont de Manseau"},"content":{"rendered":"<h1 class=\"paragraph_style_2\"><span style=\"color: #008000;\"><em><strong><span class=\"style_2\">Centre-du-Qu\u00e9bec<\/span><\/strong><\/em><\/span><\/h1>\n<h2 class=\"paragraph_style_3\">Manseau (St-Joseph-de-Blanford)<\/h2>\n<div id=\"attachment_33373\" style=\"width: 1484px\" class=\"wp-caption alignnone\"><a href=\"https:\/\/pontscouverts.com\/blogue\/wp-content\/uploads\/2021\/09\/61-51-04_Juin1975e.jpg\"><img aria-describedby=\"caption-attachment-33373\" loading=\"lazy\" class=\"wp-image-33373 size-full\" src=\"https:\/\/pontscouverts.com\/blogue\/wp-content\/uploads\/2021\/09\/61-51-04_Juin1975e.jpg\" alt=\"\" width=\"1474\" height=\"917\" srcset=\"https:\/\/pontscouverts.com\/blogue\/wp-content\/uploads\/2021\/09\/61-51-04_Juin1975e.jpg 1474w, https:\/\/pontscouverts.com\/blogue\/wp-content\/uploads\/2021\/09\/61-51-04_Juin1975e-300x187.jpg 300w, https:\/\/pontscouverts.com\/blogue\/wp-content\/uploads\/2021\/09\/61-51-04_Juin1975e-768x478.jpg 768w, https:\/\/pontscouverts.com\/blogue\/wp-content\/uploads\/2021\/09\/61-51-04_Juin1975e-1024x637.jpg 1024w, https:\/\/pontscouverts.com\/blogue\/wp-content\/uploads\/2021\/09\/61-51-04_Juin1975e-624x388.jpg 624w\" sizes=\"(max-width: 1474px) 100vw, 1474px\" \/><\/a><p id=\"caption-attachment-33373\" class=\"wp-caption-text\">Pierre Duff Juin 1975<\/p><\/div>\n<p><span style=\"color: #000000;\"><strong>Construction :<\/strong> 1942<\/span><br \/>\n<span style=\"color: #000000;\"><strong>Longueur :<\/strong> 81 pieds<\/span><br \/>\n<span style=\"color: #000000;\"><strong>Cours d\u2019eau :<\/strong> Petite Rivi\u00e8re du Ch\u00eane<\/span><br \/>\n<span style=\"color: #000000;\"><strong>Statut :<\/strong> Incendi\u00e9<\/span><br \/>\n<span style=\"color: #000000;\"><strong>Localisation :<\/strong> Rang Grand 9<\/span><br \/>\n<span style=\"color: #000000;\"><strong>Type de ferme :<\/strong> Town \u00e9labor\u00e9<\/span><br \/>\n<span style=\"color: #000000;\"><strong>Hauteur libre :<\/strong>\u00a04,25 m<\/span><br \/>\n<span style=\"color: #000000;\"><strong>No officiel :<\/strong> 61-51-04<\/span><br \/>\n<a href=\"https:\/\/municipalites-du-quebec.ca\/manseau\/\" target=\"_blank\" rel=\"noopener\"><strong><span style=\"color: #0000ff;\">Site Web de la ville<\/span><\/strong><\/a><br \/>\n<a href=\"https:\/\/goo.gl\/maps\/oaibmZSdxpKm7Mzr7\" target=\"_blank\" rel=\"noopener\"><strong><span style=\"color: #0000ff;\">Carte Google Street View<\/span><\/strong><\/a><\/p>\n<h2><span style=\"color: #008000;\"><strong>\u00c0 propos de ce pont :<\/strong><\/span><\/h2>\n<p style=\"text-align: justifie;\"><span style=\"color: #000000;\">Ce pont couvert poss\u00e9dait 2 ouvertures lat\u00e9rales de chaque c\u00f4t\u00e9.<\/span><br \/>\n<span style=\"color: #000000;\">Portiques cintr\u00e9s.<\/span><br \/>\n<span style=\"color: #000000;\">Pont restaur\u00e9 en 1965.<\/span><br \/>\n<span style=\"color: #000000;\">Restaur\u00e9 \u00e0 nouveau et repeint au d\u00e9but des ann\u00e9es 70. Le pont \u00e9tait devenu tr\u00e8s dangereux pour les v\u00e9hicules lourds.<\/span><br \/>\n<span style=\"color: #000000;\">Incendi\u00e9 lors d&rsquo;une nuit d&rsquo;\u00e9t\u00e9 1975.<\/span><\/p>\n<h1 style=\"text-align: center;\"><span style=\"color: #333399;\">GALERIE DE PHOTOS<\/span><\/h1>\n\n\t\t<style type=\"text\/css\">\n\t\t\t#gallery-1 {\n\t\t\t\tmargin: auto;\n\t\t\t}\n\t\t\t#gallery-1 .gallery-item {\n\t\t\t\tfloat: left;\n\t\t\t\tmargin-top: 10px;\n\t\t\t\ttext-align: center;\n\t\t\t\twidth: 33%;\n\t\t\t}\n\t\t\t#gallery-1 img {\n\t\t\t\tborder: 2px solid #cfcfcf;\n\t\t\t}\n\t\t\t#gallery-1 .gallery-caption {\n\t\t\t\tmargin-left: 0;\n\t\t\t}\n\t\t\t\/* see gallery_shortcode() in wp-includes\/media.php *\/\n\t\t<\/style>\n\t\t<div id='gallery-1' class='gallery galleryid-33371 gallery-columns-3 gallery-size-thumbnail'><dl class='gallery-item'>\n\t\t\t<dt class='gallery-icon landscape'>\n\t\t\t\t<a href='https:\/\/pontscouverts.com\/blogue\/wp-content\/uploads\/2021\/09\/BANQ1923.jpg'><img width=\"150\" height=\"150\" src=\"https:\/\/pontscouverts.com\/blogue\/wp-content\/uploads\/2021\/09\/BANQ1923-150x150.jpg\" class=\"attachment-thumbnail size-thumbnail\" alt=\"\" loading=\"lazy\" aria-describedby=\"gallery-1-33401\" \/><\/a>\n\t\t\t<\/dt>\n\t\t\t\t<dd class='wp-caption-text gallery-caption' id='gallery-1-33401'>\n\t\t\t\tLocalisation du pont 61-51-04 (Carte BAnQ)\n\t\t\t\t<\/dd><\/dl><dl class='gallery-item'>\n\t\t\t<dt class='gallery-icon portrait'>\n\t\t\t\t<a href='https:\/\/pontscouverts.com\/blogue\/wp-content\/uploads\/2021\/09\/61-51-04-manseau-1975-76-Germaine-C\u00f4t\u00e9.jpg'><img width=\"150\" height=\"150\" src=\"https:\/\/pontscouverts.com\/blogue\/wp-content\/uploads\/2021\/09\/61-51-04-manseau-1975-76-Germaine-C\u00f4t\u00e9-150x150.jpg\" class=\"attachment-thumbnail size-thumbnail\" alt=\"\" loading=\"lazy\" aria-describedby=\"gallery-1-33434\" srcset=\"https:\/\/pontscouverts.com\/blogue\/wp-content\/uploads\/2021\/09\/61-51-04-manseau-1975-76-Germaine-C\u00f4t\u00e9-150x150.jpg 150w, https:\/\/pontscouverts.com\/blogue\/wp-content\/uploads\/2021\/09\/61-51-04-manseau-1975-76-Germaine-C\u00f4t\u00e9-298x300.jpg 298w, https:\/\/pontscouverts.com\/blogue\/wp-content\/uploads\/2021\/09\/61-51-04-manseau-1975-76-Germaine-C\u00f4t\u00e9-768x773.jpg 768w, https:\/\/pontscouverts.com\/blogue\/wp-content\/uploads\/2021\/09\/61-51-04-manseau-1975-76-Germaine-C\u00f4t\u00e9-1018x1024.jpg 1018w, https:\/\/pontscouverts.com\/blogue\/wp-content\/uploads\/2021\/09\/61-51-04-manseau-1975-76-Germaine-C\u00f4t\u00e9-624x628.jpg 624w\" sizes=\"(max-width: 150px) 100vw, 150px\" \/><\/a>\n\t\t\t<\/dt>\n\t\t\t\t<dd class='wp-caption-text gallery-caption' id='gallery-1-33434'>\n\t\t\t\tGermaine C\u00f4t\u00e9 1975-1976 (Collection : G\u00e9rald Arbour)\n\t\t\t\t<\/dd><\/dl><dl class='gallery-item'>\n\t\t\t<dt class='gallery-icon landscape'>\n\t\t\t\t<a href='https:\/\/pontscouverts.com\/blogue\/wp-content\/uploads\/2021\/09\/61-51-04_Juin1975b.jpg'><img width=\"150\" height=\"103\" src=\"https:\/\/pontscouverts.com\/blogue\/wp-content\/uploads\/2021\/09\/61-51-04_Juin1975b-e1632404475910-150x103.jpg\" class=\"attachment-thumbnail size-thumbnail\" alt=\"\" loading=\"lazy\" aria-describedby=\"gallery-1-33379\" \/><\/a>\n\t\t\t<\/dt>\n\t\t\t\t<dd class='wp-caption-text gallery-caption' id='gallery-1-33379'>\n\t\t\t\tPierre Duff Juin 1975\n\t\t\t\t<\/dd><\/dl><br style=\"clear: both\" \/><dl class='gallery-item'>\n\t\t\t<dt class='gallery-icon landscape'>\n\t\t\t\t<a href='https:\/\/pontscouverts.com\/blogue\/wp-content\/uploads\/2021\/09\/61-51-04_Juin1975a.jpg'><img width=\"150\" height=\"98\" src=\"https:\/\/pontscouverts.com\/blogue\/wp-content\/uploads\/2021\/09\/61-51-04_Juin1975a-e1632404492885-150x98.jpg\" class=\"attachment-thumbnail size-thumbnail\" alt=\"\" loading=\"lazy\" aria-describedby=\"gallery-1-33378\" \/><\/a>\n\t\t\t<\/dt>\n\t\t\t\t<dd class='wp-caption-text gallery-caption' id='gallery-1-33378'>\n\t\t\t\tPierre Duff Juin 1975\n\t\t\t\t<\/dd><\/dl><dl class='gallery-item'>\n\t\t\t<dt class='gallery-icon portrait'>\n\t\t\t\t<a href='https:\/\/pontscouverts.com\/blogue\/wp-content\/uploads\/2021\/09\/61-51-04_Juin1975c.jpg'><img width=\"102\" height=\"150\" src=\"https:\/\/pontscouverts.com\/blogue\/wp-content\/uploads\/2021\/09\/61-51-04_Juin1975c-e1632404504752-102x150.jpg\" class=\"attachment-thumbnail size-thumbnail\" alt=\"\" loading=\"lazy\" aria-describedby=\"gallery-1-33380\" \/><\/a>\n\t\t\t<\/dt>\n\t\t\t\t<dd class='wp-caption-text gallery-caption' id='gallery-1-33380'>\n\t\t\t\tPierre Duff Juin 1975\n\t\t\t\t<\/dd><\/dl><dl class='gallery-item'>\n\t\t\t<dt class='gallery-icon portrait'>\n\t\t\t\t<a href='https:\/\/pontscouverts.com\/blogue\/wp-content\/uploads\/2021\/09\/61-51-04_Juin1975d.jpg'><img width=\"102\" height=\"150\" src=\"https:\/\/pontscouverts.com\/blogue\/wp-content\/uploads\/2021\/09\/61-51-04_Juin1975d-e1632404514998-102x150.jpg\" class=\"attachment-thumbnail size-thumbnail\" alt=\"\" loading=\"lazy\" aria-describedby=\"gallery-1-33381\" \/><\/a>\n\t\t\t<\/dt>\n\t\t\t\t<dd class='wp-caption-text gallery-caption' id='gallery-1-33381'>\n\t\t\t\tPierre Duff Juin 1975\n\t\t\t\t<\/dd><\/dl><br style=\"clear: both\" \/><dl class='gallery-item'>\n\t\t\t<dt class='gallery-icon landscape'>\n\t\t\t\t<a href='https:\/\/pontscouverts.com\/blogue\/wp-content\/uploads\/2021\/09\/61-51-04-manseau-1971-Raymond-Brainerd-col.-G\u00e9rald-Arbour.jpg'><img width=\"150\" height=\"99\" src=\"https:\/\/pontscouverts.com\/blogue\/wp-content\/uploads\/2021\/09\/61-51-04-manseau-1971-Raymond-Brainerd-col.-G\u00e9rald-Arbour-e1633357601270-150x99.jpg\" class=\"attachment-thumbnail size-thumbnail\" alt=\"\" loading=\"lazy\" aria-describedby=\"gallery-1-33475\" \/><\/a>\n\t\t\t<\/dt>\n\t\t\t\t<dd class='wp-caption-text gallery-caption' id='gallery-1-33475'>\n\t\t\t\tRichard Brainerd 1971 (Collection G. Arbour)\n\t\t\t\t<\/dd><\/dl><dl class='gallery-item'>\n\t\t\t<dt class='gallery-icon landscape'>\n\t\t\t\t<a href='https:\/\/pontscouverts.com\/blogue\/wp-content\/uploads\/2021\/09\/27837.jpg'><img width=\"150\" height=\"88\" src=\"https:\/\/pontscouverts.com\/blogue\/wp-content\/uploads\/2021\/09\/27837-e1633357629626-150x88.jpg\" class=\"attachment-thumbnail size-thumbnail\" alt=\"\" loading=\"lazy\" aria-describedby=\"gallery-1-33478\" \/><\/a>\n\t\t\t<\/dt>\n\t\t\t\t<dd class='wp-caption-text gallery-caption' id='gallery-1-33478'>\n\t\t\t\tI. Beaudet 1945 (BAnQ E6,S7,SS1,P27836)\n\t\t\t\t<\/dd><\/dl><dl class='gallery-item'>\n\t\t\t<dt class='gallery-icon landscape'>\n\t\t\t\t<a href='https:\/\/pontscouverts.com\/blogue\/wp-content\/uploads\/2021\/09\/27836.jpg'><img width=\"150\" height=\"88\" src=\"https:\/\/pontscouverts.com\/blogue\/wp-content\/uploads\/2021\/09\/27836-e1633357620579-150x88.jpg\" class=\"attachment-thumbnail size-thumbnail\" alt=\"\" loading=\"lazy\" aria-describedby=\"gallery-1-33477\" \/><\/a>\n\t\t\t<\/dt>\n\t\t\t\t<dd class='wp-caption-text gallery-caption' id='gallery-1-33477'>\n\t\t\t\tI. Beaudet 1945 (BAnQ E6,S7,SS1,P27837)\n\t\t\t\t<\/dd><\/dl><br style=\"clear: both\" \/><dl class='gallery-item'>\n\t\t\t<dt class='gallery-icon landscape'>\n\t\t\t\t<a href='https:\/\/pontscouverts.com\/blogue\/wp-content\/uploads\/2021\/09\/27835.jpg'><img width=\"150\" height=\"88\" src=\"https:\/\/pontscouverts.com\/blogue\/wp-content\/uploads\/2021\/09\/27835-e1633357611502-150x88.jpg\" class=\"attachment-thumbnail size-thumbnail\" alt=\"\" loading=\"lazy\" aria-describedby=\"gallery-1-33476\" \/><\/a>\n\t\t\t<\/dt>\n\t\t\t\t<dd class='wp-caption-text gallery-caption' id='gallery-1-33476'>\n\t\t\t\tI. Beaudet 1945 (BAnQ E6,S7,SS1,P27835)\n\t\t\t\t<\/dd><\/dl><dl class='gallery-item'>\n\t\t\t<dt class='gallery-icon landscape'>\n\t\t\t\t<a href='https:\/\/pontscouverts.com\/blogue\/wp-content\/uploads\/2021\/09\/Article01-e1632746241965.jpg'><img width=\"150\" height=\"150\" src=\"https:\/\/pontscouverts.com\/blogue\/wp-content\/uploads\/2021\/09\/Article01-e1632746241965-150x150.jpg\" class=\"attachment-thumbnail size-thumbnail\" alt=\"\" loading=\"lazy\" aria-describedby=\"gallery-1-33403\" \/><\/a>\n\t\t\t<\/dt>\n\t\t\t\t<dd class='wp-caption-text gallery-caption' id='gallery-1-33403'>\n\t\t\t\tArticle de journal d&rsquo;archives\n\t\t\t\t<\/dd><\/dl><dl class='gallery-item'>\n\t\t\t<dt class='gallery-icon portrait'>\n\t\t\t\t<a href='https:\/\/pontscouverts.com\/blogue\/wp-content\/uploads\/2021\/09\/Article02.jpg'><img width=\"55\" height=\"150\" src=\"https:\/\/pontscouverts.com\/blogue\/wp-content\/uploads\/2021\/09\/Article02-e1632746253941-55x150.jpg\" class=\"attachment-thumbnail size-thumbnail\" alt=\"\" loading=\"lazy\" aria-describedby=\"gallery-1-33404\" \/><\/a>\n\t\t\t<\/dt>\n\t\t\t\t<dd class='wp-caption-text gallery-caption' id='gallery-1-33404'>\n\t\t\t\tArticle de journal d&rsquo;archives\n\t\t\t\t<\/dd><\/dl><br style=\"clear: both\" \/><dl class='gallery-item'>\n\t\t\t<dt class='gallery-icon portrait'>\n\t\t\t\t<a href='https:\/\/pontscouverts.com\/blogue\/wp-content\/uploads\/2021\/09\/Article03.jpg'><img width=\"56\" height=\"150\" src=\"https:\/\/pontscouverts.com\/blogue\/wp-content\/uploads\/2021\/09\/Article03-e1632746265487-56x150.jpg\" class=\"attachment-thumbnail size-thumbnail\" alt=\"\" loading=\"lazy\" aria-describedby=\"gallery-1-33405\" \/><\/a>\n\t\t\t<\/dt>\n\t\t\t\t<dd class='wp-caption-text gallery-caption' id='gallery-1-33405'>\n\t\t\t\tArticle de journal d&rsquo;archives\n\t\t\t\t<\/dd><\/dl><dl class='gallery-item'>\n\t\t\t<dt class='gallery-icon landscape'>\n\t\t\t\t<a href='https:\/\/pontscouverts.com\/blogue\/wp-content\/uploads\/2021\/09\/Article04.jpg'><img width=\"150\" height=\"120\" src=\"https:\/\/pontscouverts.com\/blogue\/wp-content\/uploads\/2021\/09\/Article04-e1632746275671-150x120.jpg\" class=\"attachment-thumbnail size-thumbnail\" alt=\"\" loading=\"lazy\" aria-describedby=\"gallery-1-33406\" \/><\/a>\n\t\t\t<\/dt>\n\t\t\t\t<dd class='wp-caption-text gallery-caption' id='gallery-1-33406'>\n\t\t\t\tArticle de journal d&rsquo;archives\n\t\t\t\t<\/dd><\/dl>\n\t\t\t<br style='clear: both' \/>\n\t\t<\/div>\n\n","protected":false},"excerpt":{"rendered":"<p>Centre-du-Qu\u00e9bec Manseau (St-Joseph-de-Blanford) Construction : 1942 Longueur : 81 pieds Cours d\u2019eau : Petite Rivi\u00e8re du Ch\u00eane Statut : Incendi\u00e9 Localisation : Rang Grand 9 Type de ferme : Town \u00e9labor\u00e9 Hauteur libre :\u00a04,25 m No officiel : 61-51-04 Site Web de la ville Carte Google Street View \u00c0 propos de ce pont : Ce [&hellip;]<\/p>\n","protected":false},"author":1,"featured_media":0,"parent":0,"menu_order":0,"comment_status":"closed","ping_status":"closed","template":"","meta":[],"_links":{"self":[{"href":"https:\/\/pontscouverts.com\/blogue\/wp-json\/wp\/v2\/pages\/33371"}],"collection":[{"href":"https:\/\/pontscouverts.com\/blogue\/wp-json\/wp\/v2\/pages"}],"about":[{"href":"https:\/\/pontscouverts.com\/blogue\/wp-json\/wp\/v2\/types\/page"}],"author":[{"embeddable":true,"href":"https:\/\/pontscouverts.com\/blogue\/wp-json\/wp\/v2\/users\/1"}],"replies":[{"embeddable":true,"href":"https:\/\/pontscouverts.com\/blogue\/wp-json\/wp\/v2\/comments?post=33371"}],"version-history":[{"count":18,"href":"https:\/\/pontscouverts.com\/blogue\/wp-json\/wp\/v2\/pages\/33371\/revisions"}],"predecessor-version":[{"id":33481,"href":"https:\/\/pontscouverts.com\/blogue\/wp-json\/wp\/v2\/pages\/33371\/revisions\/33481"}],"wp:attachment":[{"href":"https:\/\/pontscouverts.com\/blogue\/wp-json\/wp\/v2\/media?parent=33371"}],"curies":[{"name":"wp","href":"https:\/\/api.w.org\/{rel}","templated":true}]}}