{"id":33127,"date":"2021-09-02T09:36:37","date_gmt":"2021-09-02T13:36:37","guid":{"rendered":"https:\/\/pontscouverts.com\/blogue\/?page_id=33127"},"modified":"2021-09-02T10:55:47","modified_gmt":"2021-09-02T14:55:47","slug":"pont-rouge-3","status":"publish","type":"page","link":"https:\/\/pontscouverts.com\/blogue\/pont-rouge-3\/","title":{"rendered":"Pont Rouge"},"content":{"rendered":"<h1 class=\"paragraph_style_2\"><em><strong><span class=\"style_2\" style=\"color: #008000;\">Capitale Nationale (Charlevoix)<\/span><\/strong><\/em><\/h1>\n<h2 class=\"paragraph_style_3\"><span style=\"color: #000000;\">St-Ferr\u00e9ol-les-Neiges<\/span><\/h2>\n<div id=\"attachment_33083\" style=\"width: 2156px\" class=\"wp-caption alignnone\"><a href=\"https:\/\/pontscouverts.com\/blogue\/wp-content\/uploads\/2021\/08\/6148021954_riv-Ste-Anne_St-F\u00e9r\u00e9ol_J.-W.-Michaud-1954_BAnQ-E6S7SS1P98651mod.jpg\"><img aria-describedby=\"caption-attachment-33083\" loading=\"lazy\" class=\"wp-image-33083 size-full\" src=\"https:\/\/pontscouverts.com\/blogue\/wp-content\/uploads\/2021\/08\/6148021954_riv-Ste-Anne_St-F\u00e9r\u00e9ol_J.-W.-Michaud-1954_BAnQ-E6S7SS1P98651mod.jpg\" alt=\"\" width=\"2146\" height=\"1592\" srcset=\"https:\/\/pontscouverts.com\/blogue\/wp-content\/uploads\/2021\/08\/6148021954_riv-Ste-Anne_St-F\u00e9r\u00e9ol_J.-W.-Michaud-1954_BAnQ-E6S7SS1P98651mod.jpg 2146w, https:\/\/pontscouverts.com\/blogue\/wp-content\/uploads\/2021\/08\/6148021954_riv-Ste-Anne_St-F\u00e9r\u00e9ol_J.-W.-Michaud-1954_BAnQ-E6S7SS1P98651mod-e1630588238471-150x111.jpg 150w, https:\/\/pontscouverts.com\/blogue\/wp-content\/uploads\/2021\/08\/6148021954_riv-Ste-Anne_St-F\u00e9r\u00e9ol_J.-W.-Michaud-1954_BAnQ-E6S7SS1P98651mod-300x223.jpg 300w, https:\/\/pontscouverts.com\/blogue\/wp-content\/uploads\/2021\/08\/6148021954_riv-Ste-Anne_St-F\u00e9r\u00e9ol_J.-W.-Michaud-1954_BAnQ-E6S7SS1P98651mod-768x570.jpg 768w, https:\/\/pontscouverts.com\/blogue\/wp-content\/uploads\/2021\/08\/6148021954_riv-Ste-Anne_St-F\u00e9r\u00e9ol_J.-W.-Michaud-1954_BAnQ-E6S7SS1P98651mod-1024x760.jpg 1024w, https:\/\/pontscouverts.com\/blogue\/wp-content\/uploads\/2021\/08\/6148021954_riv-Ste-Anne_St-F\u00e9r\u00e9ol_J.-W.-Michaud-1954_BAnQ-E6S7SS1P98651mod-624x463.jpg 624w\" sizes=\"(max-width: 2146px) 100vw, 2146px\" \/><\/a><p id=\"caption-attachment-33083\" class=\"wp-caption-text\">Photo : J. W. Michaud 1954. Source : BAnQ E6,S7,SS1,P98651<\/p><\/div>\n<p><span style=\"color: #000000;\"><strong>Construction :<\/strong>\u00a01899<\/span><br \/>\n<span style=\"color: #000000;\"><strong>Longueur :<\/strong> 144 pieds<\/span><br \/>\n<span style=\"color: #000000;\"><strong>Cours d\u2019eau :<\/strong> Rivi\u00e8re Ste-Anne<\/span><br \/>\n<span style=\"color: #000000;\"><strong>Statut :<\/strong> Remplac\u00e9 en 1961<\/span><br \/>\n<span style=\"color: #000000;\"><strong>Localisation :<\/strong>\u00a0Rang C\u00f4te-Saint-Vincent-de-Paul <\/span><br \/>\n<span style=\"color: #000000;\"><strong>Type de ferme :<\/strong> Town interm\u00e9diaire<\/span><br \/>\n<span style=\"color: #000000;\"><strong>No officiel :<\/strong> 61-48-02<\/span><br \/>\n<a href=\"http:\/\/www.saintferreollesneiges.qc.ca\" target=\"_blank\" rel=\"noopener\"><strong><span style=\"color: #0000ff;\">Site Web de la ville<\/span><\/strong><\/a><\/p>\n<h2><span style=\"color: #008000;\"><strong>\u00c0 propos de ce pont :<\/strong><\/span><\/h2>\n<p><span style=\"color: #000000;\">Ce pont \u00e9tait situ\u00e9\u00a0entre Saint-Tite-des-Caps et Saint-Ferr\u00e9ol, au lieu-dit \u00ab\u00a0Saint-L\u00e9on\u00a0\u00bb.<\/span><br \/>\n<span style=\"color: #000000;\">\u00c9galement situ\u00e9 pr\u00e8s du barrage hydro\u00e9lectrique des Sept-Chutes.<\/span><br \/>\n<span style=\"color: #000000;\">Ouvertures lat\u00e9rales pleines longueur (2 de chaque c\u00f4t\u00e9).<\/span><br \/>\n<span style=\"color: #000000;\">Un des portiques \u00e9tait peint en blanc.<\/span><br \/>\n<span style=\"color: #000000;\">Toiture en t\u00f4le.<\/span><br \/>\n<span style=\"color: #000000;\">Cul\u00e9es restaur\u00e9es en 1946.<\/span><br \/>\n<span style=\"color: #000000;\">Remplac\u00e9 en 1961 par un pont en b\u00e9ton arm\u00e9.<\/span><\/p>\n<h2><span style=\"color: #008000;\"><strong>Article connexe :<\/strong><\/span><\/h2>\n<ul>\n<li><a href=\"https:\/\/pontscouverts.com\/blogue\/wp-content\/uploads\/2021\/09\/De-Beaupr\u00e9-\u00e0-Baie-Saint-Paul.pdf\"><span style=\"color: #0000ff;\">De Beaupr\u00e9 \u00e0 Baie-Saint-Paul<\/span><\/a><\/li>\n<\/ul>\n<h1 style=\"text-align: center;\"><span style=\"color: #333399;\">GALERIE DE PHOTOS<\/span><\/h1>\n\n\t\t<style type=\"text\/css\">\n\t\t\t#gallery-1 {\n\t\t\t\tmargin: auto;\n\t\t\t}\n\t\t\t#gallery-1 .gallery-item {\n\t\t\t\tfloat: left;\n\t\t\t\tmargin-top: 10px;\n\t\t\t\ttext-align: center;\n\t\t\t\twidth: 33%;\n\t\t\t}\n\t\t\t#gallery-1 img {\n\t\t\t\tborder: 2px solid #cfcfcf;\n\t\t\t}\n\t\t\t#gallery-1 .gallery-caption {\n\t\t\t\tmargin-left: 0;\n\t\t\t}\n\t\t\t\/* see gallery_shortcode() in wp-includes\/media.php *\/\n\t\t<\/style>\n\t\t<div id='gallery-1' class='gallery galleryid-33127 gallery-columns-3 gallery-size-thumbnail'><dl class='gallery-item'>\n\t\t\t<dt class='gallery-icon landscape'>\n\t\t\t\t<a href='https:\/\/pontscouverts.com\/blogue\/wp-content\/uploads\/2021\/08\/6148021959_riv-Ste-Anne-du-Nord_St-F\u00e9r\u00e9ol-St-Tite_carte-1959-21M02W-BAnQ1.jpg'><img width=\"150\" height=\"93\" src=\"https:\/\/pontscouverts.com\/blogue\/wp-content\/uploads\/2021\/08\/6148021959_riv-Ste-Anne-du-Nord_St-F\u00e9r\u00e9ol-St-Tite_carte-1959-21M02W-BAnQ1-e1630588229911-150x93.jpg\" class=\"attachment-thumbnail size-thumbnail\" alt=\"\" loading=\"lazy\" aria-describedby=\"gallery-1-33090\" \/><\/a>\n\t\t\t<\/dt>\n\t\t\t\t<dd class='wp-caption-text gallery-caption' id='gallery-1-33090'>\n\t\t\t\tCarte 1959, 21-M\/2 W, BAnQ\n\t\t\t\t<\/dd><\/dl><dl class='gallery-item'>\n\t\t\t<dt class='gallery-icon landscape'>\n\t\t\t\t<a href='https:\/\/pontscouverts.com\/blogue\/wp-content\/uploads\/2021\/08\/6148021954_riv-Ste-Anne_St-F\u00e9r\u00e9ol_J.-W.-Michaud-1954_BAnQ-E6S7SS1P98651mod.jpg'><img width=\"150\" height=\"111\" src=\"https:\/\/pontscouverts.com\/blogue\/wp-content\/uploads\/2021\/08\/6148021954_riv-Ste-Anne_St-F\u00e9r\u00e9ol_J.-W.-Michaud-1954_BAnQ-E6S7SS1P98651mod-e1630588238471-150x111.jpg\" class=\"attachment-thumbnail size-thumbnail\" alt=\"\" loading=\"lazy\" aria-describedby=\"gallery-1-33083\" \/><\/a>\n\t\t\t<\/dt>\n\t\t\t\t<dd class='wp-caption-text gallery-caption' id='gallery-1-33083'>\n\t\t\t\tPhoto : J. W. Michaud 1954. Source : BAnQ E6,S7,SS1,P98651\n\t\t\t\t<\/dd><\/dl><dl class='gallery-item'>\n\t\t\t<dt class='gallery-icon landscape'>\n\t\t\t\t<a href='https:\/\/pontscouverts.com\/blogue\/wp-content\/uploads\/2021\/08\/6148021959_riv-Ste-Anne_St-F\u00e9r\u00e9ol-les-Neiges_Traugott-F.-Keller-19591.jpg'><img width=\"150\" height=\"101\" src=\"https:\/\/pontscouverts.com\/blogue\/wp-content\/uploads\/2021\/08\/6148021959_riv-Ste-Anne_St-F\u00e9r\u00e9ol-les-Neiges_Traugott-F.-Keller-19591-e1630588248453-150x101.jpg\" class=\"attachment-thumbnail size-thumbnail\" alt=\"\" loading=\"lazy\" aria-describedby=\"gallery-1-33089\" \/><\/a>\n\t\t\t<\/dt>\n\t\t\t\t<dd class='wp-caption-text gallery-caption' id='gallery-1-33089'>\n\t\t\t\tPhoto : Traugott F. Keller, 1959\n\t\t\t\t<\/dd><\/dl><br style=\"clear: both\" \/><dl class='gallery-item'>\n\t\t\t<dt class='gallery-icon landscape'>\n\t\t\t\t<a href='https:\/\/pontscouverts.com\/blogue\/wp-content\/uploads\/2021\/08\/6148021959_riv-Ste-Anne_St-F\u00e9r\u00e9ol-les-Neiges_Traugott-F.-Keller-19592.jpg'><img width=\"150\" height=\"101\" src=\"https:\/\/pontscouverts.com\/blogue\/wp-content\/uploads\/2021\/08\/6148021959_riv-Ste-Anne_St-F\u00e9r\u00e9ol-les-Neiges_Traugott-F.-Keller-19592-e1630588258280-150x101.jpg\" class=\"attachment-thumbnail size-thumbnail\" alt=\"\" loading=\"lazy\" aria-describedby=\"gallery-1-33091\" \/><\/a>\n\t\t\t<\/dt>\n\t\t\t\t<dd class='wp-caption-text gallery-caption' id='gallery-1-33091'>\n\t\t\t\tPhoto : Traugott F. Keller, 1959\n\t\t\t\t<\/dd><\/dl><dl class='gallery-item'>\n\t\t\t<dt class='gallery-icon landscape'>\n\t\t\t\t<a href='https:\/\/pontscouverts.com\/blogue\/wp-content\/uploads\/2021\/09\/F1000004-copie.jpg'><img width=\"150\" height=\"98\" src=\"https:\/\/pontscouverts.com\/blogue\/wp-content\/uploads\/2021\/09\/F1000004-copie-e1630589307271-150x98.jpg\" class=\"attachment-thumbnail size-thumbnail\" alt=\"\" loading=\"lazy\" aria-describedby=\"gallery-1-33152\" \/><\/a>\n\t\t\t<\/dt>\n\t\t\t\t<dd class='wp-caption-text gallery-caption' id='gallery-1-33152'>\n\t\t\t\tCollection : Charles Breton-Demeule 1955\n\t\t\t\t<\/dd><\/dl><dl class='gallery-item'>\n\t\t\t<dt class='gallery-icon landscape'>\n\t\t\t\t<a href='https:\/\/pontscouverts.com\/blogue\/wp-content\/uploads\/2021\/09\/Capture-d\u2019\u00e9cran-2012-10-01-\u00e0-17.03.28.jpg'><img width=\"150\" height=\"90\" src=\"https:\/\/pontscouverts.com\/blogue\/wp-content\/uploads\/2021\/09\/Capture-d\u2019\u00e9cran-2012-10-01-\u00e0-17.03.28-e1630589317930-150x90.jpg\" class=\"attachment-thumbnail size-thumbnail\" alt=\"\" loading=\"lazy\" aria-describedby=\"gallery-1-33142\" \/><\/a>\n\t\t\t<\/dt>\n\t\t\t\t<dd class='wp-caption-text gallery-caption' id='gallery-1-33142'>\n\t\t\t\tPhoto : Olivier Desjardins, 1946. BAnQ E6,S7,SS1,P33711\n\t\t\t\t<\/dd><\/dl><br style=\"clear: both\" \/><dl class='gallery-item'>\n\t\t\t<dt class='gallery-icon landscape'>\n\t\t\t\t<a href='https:\/\/pontscouverts.com\/blogue\/wp-content\/uploads\/2021\/09\/Capture-d\u2019\u00e9cran-2012-10-01-\u00e0-17.04.07.jpg'><img width=\"150\" height=\"96\" src=\"https:\/\/pontscouverts.com\/blogue\/wp-content\/uploads\/2021\/09\/Capture-d\u2019\u00e9cran-2012-10-01-\u00e0-17.04.07-e1630589326653-150x96.jpg\" class=\"attachment-thumbnail size-thumbnail\" alt=\"\" loading=\"lazy\" aria-describedby=\"gallery-1-33143\" \/><\/a>\n\t\t\t<\/dt>\n\t\t\t\t<dd class='wp-caption-text gallery-caption' id='gallery-1-33143'>\n\t\t\t\tPhoto : Olivier Desjardins, 1946. BAnQ E6,S7,SS1,P33713\n\t\t\t\t<\/dd><\/dl><dl class='gallery-item'>\n\t\t\t<dt class='gallery-icon landscape'>\n\t\t\t\t<a href='https:\/\/pontscouverts.com\/blogue\/wp-content\/uploads\/2021\/09\/Capture-d\u2019\u00e9cran-2012-10-01-\u00e0-17.08.40.jpg'><img width=\"150\" height=\"100\" src=\"https:\/\/pontscouverts.com\/blogue\/wp-content\/uploads\/2021\/09\/Capture-d\u2019\u00e9cran-2012-10-01-\u00e0-17.08.40-e1630589336774-150x100.jpg\" class=\"attachment-thumbnail size-thumbnail\" alt=\"\" loading=\"lazy\" aria-describedby=\"gallery-1-33144\" \/><\/a>\n\t\t\t<\/dt>\n\t\t\t\t<dd class='wp-caption-text gallery-caption' id='gallery-1-33144'>\n\t\t\t\tPhoto : Olivier Desjardins, 1946. BAnQ E6,S7,SS1,P33716\n\t\t\t\t<\/dd><\/dl><dl class='gallery-item'>\n\t\t\t<dt class='gallery-icon landscape'>\n\t\t\t\t<a href='https:\/\/pontscouverts.com\/blogue\/wp-content\/uploads\/2021\/09\/Capture-d\u2019\u00e9cran-2012-10-01-\u00e0-17.17.25.jpg'><img width=\"150\" height=\"97\" src=\"https:\/\/pontscouverts.com\/blogue\/wp-content\/uploads\/2021\/09\/Capture-d\u2019\u00e9cran-2012-10-01-\u00e0-17.17.25-e1630589345435-150x97.jpg\" class=\"attachment-thumbnail size-thumbnail\" alt=\"\" loading=\"lazy\" aria-describedby=\"gallery-1-33147\" \/><\/a>\n\t\t\t<\/dt>\n\t\t\t\t<dd class='wp-caption-text gallery-caption' id='gallery-1-33147'>\n\t\t\t\tPhoto : Olivier Desjardins, 1946. BAnQ E6,S7,SS1,P34206\n\t\t\t\t<\/dd><\/dl><br style=\"clear: both\" \/><dl class='gallery-item'>\n\t\t\t<dt class='gallery-icon landscape'>\n\t\t\t\t<a href='https:\/\/pontscouverts.com\/blogue\/wp-content\/uploads\/2021\/09\/Capture-d\u2019\u00e9cran-2012-10-01-\u00e0-17.17.48.jpg'><img width=\"150\" height=\"99\" src=\"https:\/\/pontscouverts.com\/blogue\/wp-content\/uploads\/2021\/09\/Capture-d\u2019\u00e9cran-2012-10-01-\u00e0-17.17.48-e1630589353318-150x99.jpg\" class=\"attachment-thumbnail size-thumbnail\" alt=\"\" loading=\"lazy\" aria-describedby=\"gallery-1-33148\" \/><\/a>\n\t\t\t<\/dt>\n\t\t\t\t<dd class='wp-caption-text gallery-caption' id='gallery-1-33148'>\n\t\t\t\tPhoto : Olivier Desjardins, 1946. BAnQ E6,S7,SS1,P34208\n\t\t\t\t<\/dd><\/dl><dl class='gallery-item'>\n\t\t\t<dt class='gallery-icon landscape'>\n\t\t\t\t<a href='https:\/\/pontscouverts.com\/blogue\/wp-content\/uploads\/2021\/09\/Capture-d\u2019\u00e9cran-2012-10-01-\u00e0-17.21.04.jpg'><img width=\"150\" height=\"99\" src=\"https:\/\/pontscouverts.com\/blogue\/wp-content\/uploads\/2021\/09\/Capture-d\u2019\u00e9cran-2012-10-01-\u00e0-17.21.04-e1630589363647-150x99.jpg\" class=\"attachment-thumbnail size-thumbnail\" alt=\"\" loading=\"lazy\" aria-describedby=\"gallery-1-33149\" \/><\/a>\n\t\t\t<\/dt>\n\t\t\t\t<dd class='wp-caption-text gallery-caption' id='gallery-1-33149'>\n\t\t\t\tPhoto : Olivier Desjardins, 1946. BAnQ E6,S7,SS1,P34207\n\t\t\t\t<\/dd><\/dl><dl class='gallery-item'>\n\t\t\t<dt class='gallery-icon landscape'>\n\t\t\t\t<a href='https:\/\/pontscouverts.com\/blogue\/wp-content\/uploads\/2021\/09\/Capture-d\u2019\u00e9cran-2012-10-01-\u00e0-17.21.35.jpg'><img width=\"150\" height=\"98\" src=\"https:\/\/pontscouverts.com\/blogue\/wp-content\/uploads\/2021\/09\/Capture-d\u2019\u00e9cran-2012-10-01-\u00e0-17.21.35-e1630589372509-150x98.jpg\" class=\"attachment-thumbnail size-thumbnail\" alt=\"\" loading=\"lazy\" aria-describedby=\"gallery-1-33150\" \/><\/a>\n\t\t\t<\/dt>\n\t\t\t\t<dd class='wp-caption-text gallery-caption' id='gallery-1-33150'>\n\t\t\t\tPhoto : Olivier Desjardins, 1946. BAnQ E6,S7,SS1,P34209\n\t\t\t\t<\/dd><\/dl><br style=\"clear: both\" \/><dl class='gallery-item'>\n\t\t\t<dt class='gallery-icon landscape'>\n\t\t\t\t<a href='https:\/\/pontscouverts.com\/blogue\/wp-content\/uploads\/2021\/09\/Capture-d\u2019\u00e9cran-2012-10-01-\u00e0-17.21.55.jpg'><img width=\"150\" height=\"98\" src=\"https:\/\/pontscouverts.com\/blogue\/wp-content\/uploads\/2021\/09\/Capture-d\u2019\u00e9cran-2012-10-01-\u00e0-17.21.55-e1630589381247-150x98.jpg\" class=\"attachment-thumbnail size-thumbnail\" alt=\"\" loading=\"lazy\" aria-describedby=\"gallery-1-33151\" \/><\/a>\n\t\t\t<\/dt>\n\t\t\t\t<dd class='wp-caption-text gallery-caption' id='gallery-1-33151'>\n\t\t\t\tPhoto : Olivier Desjardins, 1946. BAnQ E6,S7,SS1,P34211\n\t\t\t\t<\/dd><\/dl><dl class='gallery-item'>\n\t\t\t<dt class='gallery-icon landscape'>\n\t\t\t\t<a href='https:\/\/pontscouverts.com\/blogue\/wp-content\/uploads\/2021\/08\/6148021945_riv-Ste-Anne_St-F\u00e9r\u00e9ol_Marc-Dugal-1945_BAnQ-E6S7SS1P29007mod.jpg'><img width=\"150\" height=\"97\" src=\"https:\/\/pontscouverts.com\/blogue\/wp-content\/uploads\/2021\/08\/6148021945_riv-Ste-Anne_St-F\u00e9r\u00e9ol_Marc-Dugal-1945_BAnQ-E6S7SS1P29007mod-e1630588273448-150x97.jpg\" class=\"attachment-thumbnail size-thumbnail\" alt=\"\" loading=\"lazy\" aria-describedby=\"gallery-1-33086\" \/><\/a>\n\t\t\t<\/dt>\n\t\t\t\t<dd class='wp-caption-text gallery-caption' id='gallery-1-33086'>\n\t\t\t\tPhoto : Marc Dugal, 1945. BAnQ E6,S7,SS1,P29007\n\t\t\t\t<\/dd><\/dl><dl class='gallery-item'>\n\t\t\t<dt class='gallery-icon landscape'>\n\t\t\t\t<a href='https:\/\/pontscouverts.com\/blogue\/wp-content\/uploads\/2021\/09\/Capture-d\u2019\u00e9cran-2012-10-01-\u00e0-17.13.56.jpg'><img width=\"150\" height=\"91\" src=\"https:\/\/pontscouverts.com\/blogue\/wp-content\/uploads\/2021\/09\/Capture-d\u2019\u00e9cran-2012-10-01-\u00e0-17.13.56-e1630589391683-150x91.jpg\" class=\"attachment-thumbnail size-thumbnail\" alt=\"\" loading=\"lazy\" aria-describedby=\"gallery-1-33145\" \/><\/a>\n\t\t\t<\/dt>\n\t\t\t\t<dd class='wp-caption-text gallery-caption' id='gallery-1-33145'>\n\t\t\t\tPhoto : Marc Dugal, 1945. BAnQ : E6,S7,SS1,P29004\n\t\t\t\t<\/dd><\/dl><br style=\"clear: both\" \/>\n\t\t<\/div>\n\n","protected":false},"excerpt":{"rendered":"<p>Capitale Nationale (Charlevoix) St-Ferr\u00e9ol-les-Neiges Construction :\u00a01899 Longueur : 144 pieds Cours d\u2019eau : Rivi\u00e8re Ste-Anne Statut : Remplac\u00e9 en 1961 Localisation :\u00a0Rang C\u00f4te-Saint-Vincent-de-Paul Type de ferme : Town interm\u00e9diaire No officiel : 61-48-02 Site Web de la ville \u00c0 propos de ce pont : Ce pont \u00e9tait situ\u00e9\u00a0entre Saint-Tite-des-Caps et Saint-Ferr\u00e9ol, au lieu-dit \u00ab\u00a0Saint-L\u00e9on\u00a0\u00bb. \u00c9galement [&hellip;]<\/p>\n","protected":false},"author":1,"featured_media":0,"parent":0,"menu_order":0,"comment_status":"closed","ping_status":"closed","template":"","meta":[],"_links":{"self":[{"href":"https:\/\/pontscouverts.com\/blogue\/wp-json\/wp\/v2\/pages\/33127"}],"collection":[{"href":"https:\/\/pontscouverts.com\/blogue\/wp-json\/wp\/v2\/pages"}],"about":[{"href":"https:\/\/pontscouverts.com\/blogue\/wp-json\/wp\/v2\/types\/page"}],"author":[{"embeddable":true,"href":"https:\/\/pontscouverts.com\/blogue\/wp-json\/wp\/v2\/users\/1"}],"replies":[{"embeddable":true,"href":"https:\/\/pontscouverts.com\/blogue\/wp-json\/wp\/v2\/comments?post=33127"}],"version-history":[{"count":14,"href":"https:\/\/pontscouverts.com\/blogue\/wp-json\/wp\/v2\/pages\/33127\/revisions"}],"predecessor-version":[{"id":33158,"href":"https:\/\/pontscouverts.com\/blogue\/wp-json\/wp\/v2\/pages\/33127\/revisions\/33158"}],"wp:attachment":[{"href":"https:\/\/pontscouverts.com\/blogue\/wp-json\/wp\/v2\/media?parent=33127"}],"curies":[{"name":"wp","href":"https:\/\/api.w.org\/{rel}","templated":true}]}}