{"id":32664,"date":"2021-07-29T09:15:09","date_gmt":"2021-07-29T13:15:09","guid":{"rendered":"https:\/\/pontscouverts.com\/blogue\/?page_id=32664"},"modified":"2021-07-29T09:15:09","modified_gmt":"2021-07-29T13:15:09","slug":"pont-patrice-fortin-2","status":"publish","type":"page","link":"https:\/\/pontscouverts.com\/blogue\/pont-patrice-fortin-2\/","title":{"rendered":"Pont Patrice-Fortin #2"},"content":{"rendered":"<h1><em><span style=\"color: #008000;\">Saguenay-Lac-Saint-Jean<\/span><\/em><\/h1>\n<h2><span style=\"color: #000000;\">Petit-Saguenay<\/span><\/h2>\n<div id=\"attachment_32627\" style=\"width: 2682px\" class=\"wp-caption alignnone\"><a href=\"https:\/\/pontscouverts.com\/blogue\/wp-content\/uploads\/2021\/07\/611702_1949_Patrice-Fortin_Petit-Saguenay_Leo-Litwin-1949_CS7recadr.jpg\"><img aria-describedby=\"caption-attachment-32627\" loading=\"lazy\" class=\"wp-image-32627 size-full\" src=\"https:\/\/pontscouverts.com\/blogue\/wp-content\/uploads\/2021\/07\/611702_1949_Patrice-Fortin_Petit-Saguenay_Leo-Litwin-1949_CS7recadr.jpg\" alt=\"\" width=\"2672\" height=\"1648\" srcset=\"https:\/\/pontscouverts.com\/blogue\/wp-content\/uploads\/2021\/07\/611702_1949_Patrice-Fortin_Petit-Saguenay_Leo-Litwin-1949_CS7recadr.jpg 2672w, https:\/\/pontscouverts.com\/blogue\/wp-content\/uploads\/2021\/07\/611702_1949_Patrice-Fortin_Petit-Saguenay_Leo-Litwin-1949_CS7recadr-300x185.jpg 300w, https:\/\/pontscouverts.com\/blogue\/wp-content\/uploads\/2021\/07\/611702_1949_Patrice-Fortin_Petit-Saguenay_Leo-Litwin-1949_CS7recadr-768x474.jpg 768w, https:\/\/pontscouverts.com\/blogue\/wp-content\/uploads\/2021\/07\/611702_1949_Patrice-Fortin_Petit-Saguenay_Leo-Litwin-1949_CS7recadr-1024x632.jpg 1024w, https:\/\/pontscouverts.com\/blogue\/wp-content\/uploads\/2021\/07\/611702_1949_Patrice-Fortin_Petit-Saguenay_Leo-Litwin-1949_CS7recadr-624x385.jpg 624w\" sizes=\"(max-width: 2672px) 100vw, 2672px\" \/><\/a><p id=\"caption-attachment-32627\" class=\"wp-caption-text\">Photo : Leo Litwin, 1949.<\/p><\/div>\n<p><span style=\"color: #000000;\"><strong>Construction :<\/strong>\u00a01928<\/span><br \/>\n<span style=\"color: #000000;\"><strong>Longueur :<\/strong>\u00a0105 pieds<\/span><br \/>\n<span style=\"color: #000000;\"><strong>Cours d\u2019eau :<\/strong> Rivi\u00e8re Petit Saguenay<\/span><br \/>\n<span style=\"color: #000000;\"><strong>Statut :<\/strong>\u00a0Disparu en 1963<\/span><br \/>\n<span style=\"color: #000000;\"><strong>Localisation :<\/strong> Chemin des Chutes<\/span><br \/>\n<span style=\"color: #000000;\"><strong>Type de ferme :<\/strong> Town \u00e9labor\u00e9<\/span><br \/>\n<span style=\"color: #000000;\"><strong>Hauteur libre :<\/strong> N\/D<\/span><br \/>\n<span style=\"color: #000000;\"><strong>Charge affich\u00e9e :<\/strong> N\/D<\/span><br \/>\n<span style=\"color: #000000;\"><strong>No officiel :<\/strong> 61-17-02<\/span><br \/>\n<a href=\"https:\/\/petit-saguenay.com\" target=\"_blank\" rel=\"noopener\"><strong><span style=\"color: #0000ff;\">Site Web de la ville<\/span><\/strong><\/a><\/p>\n<h2><span style=\"color: #008000;\"><strong>\u00c0 propos de ce pont :<\/strong><\/span><\/h2>\n<p style=\"text-align: justify;\"><span style=\"color: #000000;\">Reconstruit avec le bois du pont Horace-Tremblay (61-17-23), qui a \u00e9t\u00e9 r\u00e9cup\u00e9r\u00e9 apr\u00e8s avoir \u00e9t\u00e9 emport\u00e9 par une crue.<\/span><br \/>\n<span style=\"color: #000000;\">Cul\u00e9es faites d\u2019un caisson en bois non lambriss\u00e9.<\/span><br \/>\n<span style=\"color: #000000;\">Une passerelle en bois d\u2019environ 8 pieds et des remblais de terre et de pierres permettent l\u2019acc\u00e8s \u00e0 la structure.<\/span><br \/>\n<span style=\"color: #000000;\">On retrouvait 2 ouvertures lat\u00e9rales de chaque c\u00f4t\u00e9 du pont.<\/span><br \/>\n<span style=\"color: #000000;\">Lambris constitu\u00e9 de planches horizontales.<\/span><br \/>\n<span style=\"color: #000000;\">Toiture en t\u00f4le.<\/span><br \/>\n<span style=\"color: #000000;\">Cette structure serait disparue en 1963. Une crue des eaux pourrait en \u00eatre la cause.<br \/>\nRemplac\u00e9 en 1965.<br \/>\nSource : Ga\u00e9tan Forest.<\/span><\/p>\n<h2><span style=\"color: #008000;\"><strong>Article connexe :<\/strong><\/span><\/h2>\n<ul>\n<li><a href=\"https:\/\/pontscouverts.com\/blogue\/wp-content\/uploads\/2021\/07\/Signature-Ingenieur.pdf\"><span style=\"color: #0000ff;\">La signature de l&rsquo;Ing\u00e9nieur<\/span><\/a><\/li>\n<\/ul>\n","protected":false},"excerpt":{"rendered":"<p>Saguenay-Lac-Saint-Jean Petit-Saguenay Construction :\u00a01928 Longueur :\u00a0105 pieds Cours d\u2019eau : Rivi\u00e8re Petit Saguenay Statut :\u00a0Disparu en 1963 Localisation : Chemin des Chutes Type de ferme : Town \u00e9labor\u00e9 Hauteur libre : N\/D Charge affich\u00e9e : N\/D No officiel : 61-17-02 Site Web de la ville \u00c0 propos de ce pont : Reconstruit avec le bois [&hellip;]<\/p>\n","protected":false},"author":1,"featured_media":0,"parent":0,"menu_order":0,"comment_status":"closed","ping_status":"closed","template":"","meta":[],"_links":{"self":[{"href":"https:\/\/pontscouverts.com\/blogue\/wp-json\/wp\/v2\/pages\/32664"}],"collection":[{"href":"https:\/\/pontscouverts.com\/blogue\/wp-json\/wp\/v2\/pages"}],"about":[{"href":"https:\/\/pontscouverts.com\/blogue\/wp-json\/wp\/v2\/types\/page"}],"author":[{"embeddable":true,"href":"https:\/\/pontscouverts.com\/blogue\/wp-json\/wp\/v2\/users\/1"}],"replies":[{"embeddable":true,"href":"https:\/\/pontscouverts.com\/blogue\/wp-json\/wp\/v2\/comments?post=32664"}],"version-history":[{"count":5,"href":"https:\/\/pontscouverts.com\/blogue\/wp-json\/wp\/v2\/pages\/32664\/revisions"}],"predecessor-version":[{"id":32669,"href":"https:\/\/pontscouverts.com\/blogue\/wp-json\/wp\/v2\/pages\/32664\/revisions\/32669"}],"wp:attachment":[{"href":"https:\/\/pontscouverts.com\/blogue\/wp-json\/wp\/v2\/media?parent=32664"}],"curies":[{"name":"wp","href":"https:\/\/api.w.org\/{rel}","templated":true}]}}