{"id":32656,"date":"2021-07-29T08:52:53","date_gmt":"2021-07-29T12:52:53","guid":{"rendered":"https:\/\/pontscouverts.com\/blogue\/?page_id=32656"},"modified":"2021-07-29T12:30:54","modified_gmt":"2021-07-29T16:30:54","slug":"pont-horace-tremblay","status":"publish","type":"page","link":"https:\/\/pontscouverts.com\/blogue\/pont-horace-tremblay\/","title":{"rendered":"Pont Horace-Tremblay"},"content":{"rendered":"<h1><em><span style=\"color: #008000;\">Saguenay-Lac-Saint-Jean<\/span><\/em><\/h1>\n<h2><span style=\"color: #000000;\">Petit-Saguenay<\/span><\/h2>\n<div id=\"attachment_32618\" style=\"width: 1962px\" class=\"wp-caption alignnone\"><a href=\"https:\/\/pontscouverts.com\/blogue\/wp-content\/uploads\/2021\/07\/611723_Horace_Petit-Saguenay-coll-municipalit\u00e9.jpg\"><img aria-describedby=\"caption-attachment-32618\" loading=\"lazy\" class=\"wp-image-32618 size-full\" src=\"https:\/\/pontscouverts.com\/blogue\/wp-content\/uploads\/2021\/07\/611723_Horace_Petit-Saguenay-coll-municipalit\u00e9.jpg\" alt=\"\" width=\"1952\" height=\"1344\" srcset=\"https:\/\/pontscouverts.com\/blogue\/wp-content\/uploads\/2021\/07\/611723_Horace_Petit-Saguenay-coll-municipalit\u00e9.jpg 1952w, https:\/\/pontscouverts.com\/blogue\/wp-content\/uploads\/2021\/07\/611723_Horace_Petit-Saguenay-coll-municipalit\u00e9-e1627562888475-150x103.jpg 150w, https:\/\/pontscouverts.com\/blogue\/wp-content\/uploads\/2021\/07\/611723_Horace_Petit-Saguenay-coll-municipalit\u00e9-300x207.jpg 300w, https:\/\/pontscouverts.com\/blogue\/wp-content\/uploads\/2021\/07\/611723_Horace_Petit-Saguenay-coll-municipalit\u00e9-768x529.jpg 768w, https:\/\/pontscouverts.com\/blogue\/wp-content\/uploads\/2021\/07\/611723_Horace_Petit-Saguenay-coll-municipalit\u00e9-1024x705.jpg 1024w, https:\/\/pontscouverts.com\/blogue\/wp-content\/uploads\/2021\/07\/611723_Horace_Petit-Saguenay-coll-municipalit\u00e9-624x430.jpg 624w\" sizes=\"(max-width: 1952px) 100vw, 1952px\" \/><\/a><p id=\"caption-attachment-32618\" class=\"wp-caption-text\">Photo : collection Richard Gagnon<\/p><\/div>\n<p><span style=\"color: #000000;\"><strong>Construction :<\/strong>\u00a01915<\/span><br \/>\n<span style=\"color: #000000;\"><strong>Longueur :<\/strong>\u00a0150 pieds<\/span><br \/>\n<span style=\"color: #000000;\"><strong>Cours d\u2019eau :<\/strong> Rivi\u00e8re Petit Saguenay<\/span><br \/>\n<span style=\"color: #000000;\"><strong>Statut :<\/strong>\u00a0Emport\u00e9 par la crue des eaux en 1928<\/span><br \/>\n<span style=\"color: #000000;\"><strong>Localisation :<\/strong> Coeur du village (Chemin de St-\u00c9tienne)<\/span><br \/>\n<span style=\"color: #000000;\"><strong>Type de ferme :<\/strong> Town \u00e9labor\u00e9<\/span><br \/>\n<span style=\"color: #000000;\"><strong>Hauteur libre :<\/strong> N\/D<\/span><br \/>\n<span style=\"color: #000000;\"><strong>Charge affich\u00e9e :<\/strong> N\/D<\/span><br \/>\n<span style=\"color: #000000;\"><strong>No officiel :<\/strong> 61-17-23<\/span><br \/>\n<a href=\"https:\/\/petit-saguenay.com\" target=\"_blank\" rel=\"noopener\"><strong><span style=\"color: #0000ff;\">Site Web de la ville<\/span><\/strong><\/a><\/p>\n<h2><span style=\"color: #008000;\"><strong>\u00c0 propos de ce pont :<\/strong><\/span><\/h2>\n<p style=\"text-align: justify;\"><span style=\"color: #000000;\">Pont constitu\u00e9 de 2 trav\u00e9es.<\/span><br \/>\n<span style=\"color: #000000;\">La structure repose sur 2 cul\u00e9es et 1 pilier faits d\u2019un caisson en bois lambriss\u00e9 de planches verticales<\/span><br \/>\n<span style=\"color: #000000;\">Des remblais de terre et de pierres permettent l\u2019acc\u00e8s \u00e0 la structure.<\/span><br \/>\n<span style=\"color: #000000;\">On retrouvait 2 ouvertures lat\u00e9rales de chaque c\u00f4t\u00e9 du pont.<\/span><br \/>\n<span style=\"color: #000000;\">Lambris constitu\u00e9 de planches horizontales.<\/span><br \/>\n<span style=\"color: #000000;\">Toiture en t\u00f4le.<\/span><br \/>\n<span style=\"color: #000000;\">Cette structure a \u00e9t\u00e9 emport\u00e9e le 25 mai 1928. Le pont a d\u00e9riv\u00e9 sur une distance de 10 kilom\u00e8tres, soit 3 km sur la rivi\u00e8re Petit Saguenay et les 7 autres km dans le Saguenay o\u00f9 il s\u2019est \u00e9chou\u00e9. Le bois a \u00e9t\u00e9 r\u00e9cup\u00e9r\u00e9 pour reconstruire le pont Fortin (61-17-02).<\/span><br \/>\n<span style=\"color: #000000;\">Les cul\u00e9es \u00e9taient encore existantes en 1946.<br \/>\nSource : Ga\u00e9tan Forest<\/span><\/p>\n<h2><span style=\"color: #008000;\"><strong>Article connexe :<\/strong><\/span><\/h2>\n<ul>\n<li><a href=\"https:\/\/pontscouverts.com\/blogue\/wp-content\/uploads\/2021\/07\/Signature-Ingenieur.pdf\"><span style=\"color: #0000ff;\">La signature de l&rsquo;Ing\u00e9nieur<\/span><\/a><\/li>\n<\/ul>\n<h1 style=\"text-align: center;\"><span style=\"color: #333399;\">GALERIE DE PHOTOS<\/span><\/h1>\n\n\t\t<style type=\"text\/css\">\n\t\t\t#gallery-1 {\n\t\t\t\tmargin: auto;\n\t\t\t}\n\t\t\t#gallery-1 .gallery-item {\n\t\t\t\tfloat: left;\n\t\t\t\tmargin-top: 10px;\n\t\t\t\ttext-align: center;\n\t\t\t\twidth: 33%;\n\t\t\t}\n\t\t\t#gallery-1 img {\n\t\t\t\tborder: 2px solid #cfcfcf;\n\t\t\t}\n\t\t\t#gallery-1 .gallery-caption {\n\t\t\t\tmargin-left: 0;\n\t\t\t}\n\t\t\t\/* see gallery_shortcode() in wp-includes\/media.php *\/\n\t\t<\/style>\n\t\t<div id='gallery-1' class='gallery galleryid-32656 gallery-columns-3 gallery-size-thumbnail'><dl class='gallery-item'>\n\t\t\t<dt class='gallery-icon landscape'>\n\t\t\t\t<a href='https:\/\/pontscouverts.com\/blogue\/wp-content\/uploads\/2021\/07\/611723_Horace_Petit-Saguenay-coll-municipalit\u00e9.jpg'><img width=\"150\" height=\"103\" src=\"https:\/\/pontscouverts.com\/blogue\/wp-content\/uploads\/2021\/07\/611723_Horace_Petit-Saguenay-coll-municipalit\u00e9-e1627562888475-150x103.jpg\" class=\"attachment-thumbnail size-thumbnail\" alt=\"\" loading=\"lazy\" aria-describedby=\"gallery-1-32618\" \/><\/a>\n\t\t\t<\/dt>\n\t\t\t\t<dd class='wp-caption-text gallery-caption' id='gallery-1-32618'>\n\t\t\t\tPhoto : collection Jacinthe Houde\n\t\t\t\t<\/dd><\/dl><dl class='gallery-item'>\n\t\t\t<dt class='gallery-icon landscape'>\n\t\t\t\t<a href='https:\/\/pontscouverts.com\/blogue\/wp-content\/uploads\/2021\/07\/611723_1946_Horace_Petit-Saguenay_J\u00e9r\u00f4me-Cournoyer-1946_BAnQ-E6S7SS1P30791recadr.jpg'><img width=\"150\" height=\"90\" src=\"https:\/\/pontscouverts.com\/blogue\/wp-content\/uploads\/2021\/07\/611723_1946_Horace_Petit-Saguenay_J\u00e9r\u00f4me-Cournoyer-1946_BAnQ-E6S7SS1P30791recadr-e1627562899880-150x90.jpg\" class=\"attachment-thumbnail size-thumbnail\" alt=\"\" loading=\"lazy\" aria-describedby=\"gallery-1-32621\" \/><\/a>\n\t\t\t<\/dt>\n\t\t\t\t<dd class='wp-caption-text gallery-caption' id='gallery-1-32621'>\n\t\t\t\tPhoto : J\u00e9r\u00f4me Cournoyer, 1946. BAnQ E6,S7,SS1,P30791\n\t\t\t\t<\/dd><\/dl><dl class='gallery-item'>\n\t\t\t<dt class='gallery-icon landscape'>\n\t\t\t\t<a href='https:\/\/pontscouverts.com\/blogue\/wp-content\/uploads\/2021\/07\/611723_1946_Horace_Petit-Saguenay_J\u00e9r\u00f4me-Cournoyer-1946_BAnQ-E6S7SS1P30792recadr.jpg'><img width=\"150\" height=\"90\" src=\"https:\/\/pontscouverts.com\/blogue\/wp-content\/uploads\/2021\/07\/611723_1946_Horace_Petit-Saguenay_J\u00e9r\u00f4me-Cournoyer-1946_BAnQ-E6S7SS1P30792recadr-e1627562908216-150x90.jpg\" class=\"attachment-thumbnail size-thumbnail\" alt=\"\" loading=\"lazy\" aria-describedby=\"gallery-1-32622\" \/><\/a>\n\t\t\t<\/dt>\n\t\t\t\t<dd class='wp-caption-text gallery-caption' id='gallery-1-32622'>\n\t\t\t\tPhoto : J\u00e9r\u00f4me Cournoyer, 1946. BAnQ E6,S7,SS1,P30792.\n\t\t\t\t<\/dd><\/dl><br style=\"clear: both\" \/>\n\t\t<\/div>\n\n","protected":false},"excerpt":{"rendered":"<p>Saguenay-Lac-Saint-Jean Petit-Saguenay Construction :\u00a01915 Longueur :\u00a0150 pieds Cours d\u2019eau : Rivi\u00e8re Petit Saguenay Statut :\u00a0Emport\u00e9 par la crue des eaux en 1928 Localisation : Coeur du village (Chemin de St-\u00c9tienne) Type de ferme : Town \u00e9labor\u00e9 Hauteur libre : N\/D Charge affich\u00e9e : N\/D No officiel : 61-17-23 Site Web de la ville \u00c0 propos [&hellip;]<\/p>\n","protected":false},"author":1,"featured_media":0,"parent":0,"menu_order":0,"comment_status":"closed","ping_status":"closed","template":"","meta":[],"_links":{"self":[{"href":"https:\/\/pontscouverts.com\/blogue\/wp-json\/wp\/v2\/pages\/32656"}],"collection":[{"href":"https:\/\/pontscouverts.com\/blogue\/wp-json\/wp\/v2\/pages"}],"about":[{"href":"https:\/\/pontscouverts.com\/blogue\/wp-json\/wp\/v2\/types\/page"}],"author":[{"embeddable":true,"href":"https:\/\/pontscouverts.com\/blogue\/wp-json\/wp\/v2\/users\/1"}],"replies":[{"embeddable":true,"href":"https:\/\/pontscouverts.com\/blogue\/wp-json\/wp\/v2\/comments?post=32656"}],"version-history":[{"count":8,"href":"https:\/\/pontscouverts.com\/blogue\/wp-json\/wp\/v2\/pages\/32656\/revisions"}],"predecessor-version":[{"id":32672,"href":"https:\/\/pontscouverts.com\/blogue\/wp-json\/wp\/v2\/pages\/32656\/revisions\/32672"}],"wp:attachment":[{"href":"https:\/\/pontscouverts.com\/blogue\/wp-json\/wp\/v2\/media?parent=32656"}],"curies":[{"name":"wp","href":"https:\/\/api.w.org\/{rel}","templated":true}]}}