{"id":31420,"date":"2021-04-15T08:43:52","date_gmt":"2021-04-15T12:43:52","guid":{"rendered":"http:\/\/pontscouverts.com\/blogue\/?page_id=31420"},"modified":"2021-04-18T08:32:46","modified_gmt":"2021-04-18T12:32:46","slug":"pont-61-02-16","status":"publish","type":"page","link":"https:\/\/pontscouverts.com\/blogue\/pont-61-02-16\/","title":{"rendered":"Pont 61-02-16"},"content":{"rendered":"<h1 class=\"paragraph_style_2\"><em><strong><span class=\"style_2\" style=\"color: #008000;\">Abitibi-T\u00e9miscamingue<\/span><\/strong><\/em><\/h1>\n<h2 class=\"paragraph_style_3\"><span style=\"color: #000000;\">Taschereau<\/span><\/h2>\n<div id=\"attachment_31423\" style=\"width: 1519px\" class=\"wp-caption alignnone\"><a href=\"http:\/\/pontscouverts.com\/blogue\/wp-content\/uploads\/2021\/04\/61-02-16_Avril1976e.jpg\"><img aria-describedby=\"caption-attachment-31423\" loading=\"lazy\" class=\"wp-image-31423 size-full\" src=\"http:\/\/pontscouverts.com\/blogue\/wp-content\/uploads\/2021\/04\/61-02-16_Avril1976e.jpg\" alt=\"\" width=\"1509\" height=\"921\" srcset=\"https:\/\/pontscouverts.com\/blogue\/wp-content\/uploads\/2021\/04\/61-02-16_Avril1976e.jpg 1509w, https:\/\/pontscouverts.com\/blogue\/wp-content\/uploads\/2021\/04\/61-02-16_Avril1976e-300x183.jpg 300w, https:\/\/pontscouverts.com\/blogue\/wp-content\/uploads\/2021\/04\/61-02-16_Avril1976e-768x469.jpg 768w, https:\/\/pontscouverts.com\/blogue\/wp-content\/uploads\/2021\/04\/61-02-16_Avril1976e-1024x625.jpg 1024w\" sizes=\"(max-width: 1509px) 100vw, 1509px\" \/><\/a><p id=\"caption-attachment-31423\" class=\"wp-caption-text\">Pierre Duff Avril 1976<\/p><\/div>\n<p><span style=\"color: #000000;\"><strong>Construction :<\/strong>\u00a0avant 1946<\/span><br \/>\n<span style=\"color: #000000;\"><strong>Longueur :<\/strong> 81 pieds<\/span><br \/>\n<span style=\"color: #000000;\"><strong>Cours d\u2019eau :<\/strong> Rivi\u00e8re Bellefeuille<\/span><br \/>\n<span style=\"color: #000000;\"><strong>Statut :<\/strong> Remplac\u00e9 en 1977<\/span><br \/>\n<span style=\"color: #000000;\"><strong>Localisation :<\/strong> Chemin des Pionniers (Route 390)<\/span><br \/>\n<span style=\"color: #000000;\"><strong>Type de ferme :<\/strong> Town \u00e9labor\u00e9<\/span><br \/>\n<span style=\"color: #000000;\"><strong>Hauteur libre :<\/strong>\u00a03,65 m<\/span><br \/>\n<span style=\"color: #000000;\"><strong>No officiel :<\/strong> 61-02-16<\/span><br \/>\n<a href=\"http:\/\/taschereau.ao.ca\/fr\/\" target=\"_blank\" rel=\"noopener\"><strong><span style=\"color: #0000ff;\">Site Web de la ville<\/span><\/strong><\/a><br \/>\n<a href=\"https:\/\/goo.gl\/maps\/f1WuJtpTKor32MqT7\" target=\"_blank\" rel=\"noopener\"><strong><span style=\"color: #0000ff;\">Carte Google Street View<\/span><\/strong><\/a><\/p>\n<h2><span style=\"color: #008000;\"><strong>\u00c0 propos de ce pont :<\/strong><\/span><\/h2>\n<p style=\"text-align: justify;\"><span style=\"color: #000000;\">Cette structure n&rsquo;a jamais eu de nom officiel.<\/span><br \/>\n<span style=\"color: #000000;\">Ce pont mesurait 81 pieds, mais si on compte les approches de bois, sa longueur totale \u00e9tait de 141 pieds. Ces courtes passerelles en bois \u00e9taient support\u00e9es par un chevalet.<\/span><br \/>\n<span style=\"color: #000000;\">Cul\u00e9es en bois, non lambriss\u00e9es.<\/span><br \/>\n<span style=\"color: #000000;\">Lambris dispos\u00e9 \u00e0 l&rsquo;horizontale.<\/span><br \/>\n<span style=\"color: #000000;\">Toiture en t\u00f4le.<\/span><br \/>\n<span style=\"color: #000000;\">La hauteur libre de ce pont couvert n&rsquo;\u00e9tait que de 12 pieds (3,45 m).<\/span><br \/>\n<span style=\"color: #000000;\">En 1961, on a remplac\u00e9 les cul\u00e9es et rehauss\u00e9 le pont de 5 pieds. Cette m\u00eame ann\u00e9e, des tiges d&rsquo;acier ont \u00e9t\u00e9 ajout\u00e9es pour solidifier le pont.<\/span><br \/>\n<span style=\"color: #000000;\">Le style de ce pont semble plus ancien que la moyenne des ponts en Abitibi. M\u00eame si l&rsquo;ann\u00e9e 1946 est indiqu\u00e9e comme date de construction du pont dans une publication du MTQ, il est possible que ce pont ait \u00e9t\u00e9 construit dans les ann\u00e9es 20 puisque le chemin existait d\u00e9j\u00e0 \u00e0 ce moment.<\/span><br \/>\n<span style=\"color: #000000;\">Remplac\u00e9 en 1977 par un pont b\u00e9ton-acier.<\/span><br \/>\n<span style=\"color: #000000;\">\u00c0 l&rsquo;origine, la rivi\u00e8re Bellefeuille se nommait rivi\u00e8re\u00a0Kakameonan.<\/span><\/p>\n<h1 style=\"text-align: center;\"><span style=\"color: #333399;\">GALERIE DE PHOTOS<\/span><\/h1>\n\n\t\t<style type=\"text\/css\">\n\t\t\t#gallery-1 {\n\t\t\t\tmargin: auto;\n\t\t\t}\n\t\t\t#gallery-1 .gallery-item {\n\t\t\t\tfloat: left;\n\t\t\t\tmargin-top: 10px;\n\t\t\t\ttext-align: center;\n\t\t\t\twidth: 33%;\n\t\t\t}\n\t\t\t#gallery-1 img {\n\t\t\t\tborder: 2px solid #cfcfcf;\n\t\t\t}\n\t\t\t#gallery-1 .gallery-caption {\n\t\t\t\tmargin-left: 0;\n\t\t\t}\n\t\t\t\/* see gallery_shortcode() in wp-includes\/media.php *\/\n\t\t<\/style>\n\t\t<div id='gallery-1' class='gallery galleryid-31420 gallery-columns-3 gallery-size-thumbnail'><dl class='gallery-item'>\n\t\t\t<dt class='gallery-icon landscape'>\n\t\t\t\t<a href='https:\/\/pontscouverts.com\/blogue\/wp-content\/uploads\/2021\/04\/61-02-16_Avril1976d.jpg'><img width=\"150\" height=\"103\" src=\"https:\/\/pontscouverts.com\/blogue\/wp-content\/uploads\/2021\/04\/61-02-16_Avril1976d-e1618404165801-150x103.jpg\" class=\"attachment-thumbnail size-thumbnail\" alt=\"\" loading=\"lazy\" aria-describedby=\"gallery-1-31432\" \/><\/a>\n\t\t\t<\/dt>\n\t\t\t\t<dd class='wp-caption-text gallery-caption' id='gallery-1-31432'>\n\t\t\t\tPierre Duff Avril 1976\n\t\t\t\t<\/dd><\/dl><dl class='gallery-item'>\n\t\t\t<dt class='gallery-icon landscape'>\n\t\t\t\t<a href='https:\/\/pontscouverts.com\/blogue\/wp-content\/uploads\/2021\/04\/61-02-16_Avril1976b.jpg'><img width=\"150\" height=\"97\" src=\"https:\/\/pontscouverts.com\/blogue\/wp-content\/uploads\/2021\/04\/61-02-16_Avril1976b-e1618404181423-150x97.jpg\" class=\"attachment-thumbnail size-thumbnail\" alt=\"\" loading=\"lazy\" aria-describedby=\"gallery-1-31430\" \/><\/a>\n\t\t\t<\/dt>\n\t\t\t\t<dd class='wp-caption-text gallery-caption' id='gallery-1-31430'>\n\t\t\t\tPierre Duff Avril 1976\n\t\t\t\t<\/dd><\/dl><dl class='gallery-item'>\n\t\t\t<dt class='gallery-icon landscape'>\n\t\t\t\t<a href='https:\/\/pontscouverts.com\/blogue\/wp-content\/uploads\/2021\/04\/61-02-16_Avril1976a.jpg'><img width=\"150\" height=\"99\" src=\"https:\/\/pontscouverts.com\/blogue\/wp-content\/uploads\/2021\/04\/61-02-16_Avril1976a-e1618404197460-150x99.jpg\" class=\"attachment-thumbnail size-thumbnail\" alt=\"\" loading=\"lazy\" aria-describedby=\"gallery-1-31429\" \/><\/a>\n\t\t\t<\/dt>\n\t\t\t\t<dd class='wp-caption-text gallery-caption' id='gallery-1-31429'>\n\t\t\t\tPierre Duff Avril 1976\n\t\t\t\t<\/dd><\/dl><br style=\"clear: both\" \/><dl class='gallery-item'>\n\t\t\t<dt class='gallery-icon landscape'>\n\t\t\t\t<a href='https:\/\/pontscouverts.com\/blogue\/wp-content\/uploads\/2021\/04\/61-02-16_Avril1976c.jpg'><img width=\"150\" height=\"96\" src=\"https:\/\/pontscouverts.com\/blogue\/wp-content\/uploads\/2021\/04\/61-02-16_Avril1976c-e1618404209251-150x96.jpg\" class=\"attachment-thumbnail size-thumbnail\" alt=\"\" loading=\"lazy\" aria-describedby=\"gallery-1-31431\" \/><\/a>\n\t\t\t<\/dt>\n\t\t\t\t<dd class='wp-caption-text gallery-caption' id='gallery-1-31431'>\n\t\t\t\tPierre Duff Avril 1976\n\t\t\t\t<\/dd><\/dl>\n\t\t\t<br style='clear: both' \/>\n\t\t<\/div>\n\n","protected":false},"excerpt":{"rendered":"<p>Abitibi-T\u00e9miscamingue Taschereau Construction :\u00a0avant 1946 Longueur : 81 pieds Cours d\u2019eau : Rivi\u00e8re Bellefeuille Statut : Remplac\u00e9 en 1977 Localisation : Chemin des Pionniers (Route 390) Type de ferme : Town \u00e9labor\u00e9 Hauteur libre :\u00a03,65 m No officiel : 61-02-16 Site Web de la ville Carte Google Street View \u00c0 propos de ce pont : [&hellip;]<\/p>\n","protected":false},"author":1,"featured_media":0,"parent":0,"menu_order":0,"comment_status":"closed","ping_status":"closed","template":"","meta":[],"_links":{"self":[{"href":"https:\/\/pontscouverts.com\/blogue\/wp-json\/wp\/v2\/pages\/31420"}],"collection":[{"href":"https:\/\/pontscouverts.com\/blogue\/wp-json\/wp\/v2\/pages"}],"about":[{"href":"https:\/\/pontscouverts.com\/blogue\/wp-json\/wp\/v2\/types\/page"}],"author":[{"embeddable":true,"href":"https:\/\/pontscouverts.com\/blogue\/wp-json\/wp\/v2\/users\/1"}],"replies":[{"embeddable":true,"href":"https:\/\/pontscouverts.com\/blogue\/wp-json\/wp\/v2\/comments?post=31420"}],"version-history":[{"count":12,"href":"https:\/\/pontscouverts.com\/blogue\/wp-json\/wp\/v2\/pages\/31420\/revisions"}],"predecessor-version":[{"id":31458,"href":"https:\/\/pontscouverts.com\/blogue\/wp-json\/wp\/v2\/pages\/31420\/revisions\/31458"}],"wp:attachment":[{"href":"https:\/\/pontscouverts.com\/blogue\/wp-json\/wp\/v2\/media?parent=31420"}],"curies":[{"name":"wp","href":"https:\/\/api.w.org\/{rel}","templated":true}]}}