{"id":31035,"date":"2021-02-25T08:59:17","date_gmt":"2021-02-25T13:59:17","guid":{"rendered":"http:\/\/pontscouverts.com\/blogue\/?page_id=31035"},"modified":"2021-03-03T10:57:59","modified_gmt":"2021-03-03T15:57:59","slug":"pont-61-01-24-champneuf","status":"publish","type":"page","link":"https:\/\/pontscouverts.com\/blogue\/pont-61-01-24-champneuf\/","title":{"rendered":"Pont 61-01-24"},"content":{"rendered":"<h1 class=\"paragraph_style_2\"><em><strong><span class=\"style_2\" style=\"color: #008000;\">Abitibi-T\u00e9miscamingue<\/span><\/strong><\/em><\/h1>\n<h2 class=\"paragraph_style_3\"><span style=\"color: #000000;\">Champneuf<\/span><\/h2>\n<div id=\"attachment_31038\" style=\"width: 1516px\" class=\"wp-caption alignnone\"><a href=\"http:\/\/pontscouverts.com\/blogue\/wp-content\/uploads\/2021\/02\/61-02-24_Avril1976_b-1.jpg\"><img aria-describedby=\"caption-attachment-31038\" loading=\"lazy\" class=\"wp-image-31038 size-full\" src=\"http:\/\/pontscouverts.com\/blogue\/wp-content\/uploads\/2021\/02\/61-02-24_Avril1976_b-1.jpg\" alt=\"\" width=\"1506\" height=\"924\" srcset=\"https:\/\/pontscouverts.com\/blogue\/wp-content\/uploads\/2021\/02\/61-02-24_Avril1976_b-1.jpg 1506w, https:\/\/pontscouverts.com\/blogue\/wp-content\/uploads\/2021\/02\/61-02-24_Avril1976_b-1-300x184.jpg 300w, https:\/\/pontscouverts.com\/blogue\/wp-content\/uploads\/2021\/02\/61-02-24_Avril1976_b-1-768x471.jpg 768w, https:\/\/pontscouverts.com\/blogue\/wp-content\/uploads\/2021\/02\/61-02-24_Avril1976_b-1-1024x628.jpg 1024w\" sizes=\"(max-width: 1506px) 100vw, 1506px\" \/><\/a><p id=\"caption-attachment-31038\" class=\"wp-caption-text\">Photo : Pierre Duff (Avril 1976)<\/p><\/div>\n<p><span style=\"color: #000000;\"><strong>Construction :<\/strong> 1949<\/span><br \/>\n<span style=\"color: #000000;\"><strong>Longueur : <\/strong>113\u00a0pieds<\/span><br \/>\n<span style=\"color: #000000;\"><strong>Cours d\u2019eau :<\/strong> Rivi\u00e8re Laflamme<\/span><br \/>\n<span style=\"color: #000000;\"><strong>Statut :<\/strong> D\u00e9moli en 1976<\/span><br \/>\n<span style=\"color: #000000;\"><strong>Localisation :<\/strong> Chemin du 1er et 2e Rang Est<\/span><br \/>\n<span style=\"color: #000000;\"><strong>Type de ferme :<\/strong> Town \u00e9labor\u00e9<\/span><br \/>\n<span style=\"color: #000000;\"><strong>Hauteur libre :<\/strong>\u00a04,30 m<\/span><br \/>\n<span style=\"color: #000000;\"><strong>No officiel :<\/strong> 61-01-24<\/span><br \/>\n<a href=\"http:\/\/www.champneuf.ca\" target=\"_blank\" rel=\"noopener\"><strong><span style=\"color: #0000ff;\">Site Web de la ville<\/span><\/strong><\/a><br \/>\n<a href=\"https:\/\/goo.gl\/maps\/JkdJv7CjVNUzbGXj9\" target=\"_blank\" rel=\"noopener\"><strong><span style=\"color: #0000ff;\">Carte Google Street View<\/span><\/strong><\/a><\/p>\n<h2><span style=\"color: #008000;\"><strong>\u00c0 propos de ce pont :<\/strong><\/span><\/h2>\n<p style=\"text-align: justify;\"><span style=\"color: #000000;\">Ce pont couvert \u00e9tait \u00e0 cheval entre les municipalit\u00e9s de Champneuf et celle de La Morandi\u00e8re. Il n&rsquo;a jamais eu de nom officiel.<\/span><br \/>\n<span style=\"color: #000000;\">Pont constitu\u00e9 d&rsquo;une seule trav\u00e9e de 113 pieds (14 panneaux).<\/span><br \/>\n<span style=\"color: #000000;\">Cul\u00e9es en bois, non lambriss\u00e9es.<\/span><br \/>\n<span style=\"color: #000000;\">Ce pont poss\u00e9dait 2 ouvertures lat\u00e9rales de chaque c\u00f4t\u00e9.<\/span><br \/>\n<span style=\"color: #000000;\">Lambris constitu\u00e9 de planches horizontales.<\/span><br \/>\n<span style=\"color: #000000;\">Toiture en t\u00f4le.<\/span><br \/>\n<span style=\"color: #000000;\">\u00c0 l&rsquo;origine, cette structure poss\u00e9dait des portiques cintr\u00e9s, lesquels ont \u00e9t\u00e9 modifi\u00e9s au fil du temps, possiblement apr\u00e8s avoir \u00e9t\u00e9 endommag\u00e9s.<\/span><br \/>\n<span style=\"color: #000000;\">Selon un article publi\u00e9 dans <em>La Gazette du Nord<\/em> le 13 juin 1941,\u00a0un feu de for\u00eat aurait menac\u00e9 le bois appartenant au Minist\u00e8re de la Colonisation qui avait \u00e9t\u00e9 pr\u00e9par\u00e9 pour la construction d\u2019un pont sur ce site. \u00a0C&rsquo;\u00e9tait le\u00a04 juin 1941. L\u2019un des combattants s&rsquo;\u00e9tait noy\u00e9 dans la rivi\u00e8re Laflamme le lendemain.<\/span><\/p>\n<h1 style=\"text-align: center;\"><span style=\"color: #333399;\">GALERIE DE PHOTOS<\/span><\/h1>\n\n\t\t<style type=\"text\/css\">\n\t\t\t#gallery-1 {\n\t\t\t\tmargin: auto;\n\t\t\t}\n\t\t\t#gallery-1 .gallery-item {\n\t\t\t\tfloat: left;\n\t\t\t\tmargin-top: 10px;\n\t\t\t\ttext-align: center;\n\t\t\t\twidth: 33%;\n\t\t\t}\n\t\t\t#gallery-1 img {\n\t\t\t\tborder: 2px solid #cfcfcf;\n\t\t\t}\n\t\t\t#gallery-1 .gallery-caption {\n\t\t\t\tmargin-left: 0;\n\t\t\t}\n\t\t\t\/* see gallery_shortcode() in wp-includes\/media.php *\/\n\t\t<\/style>\n\t\t<div id='gallery-1' class='gallery galleryid-31035 gallery-columns-3 gallery-size-thumbnail'><dl class='gallery-item'>\n\t\t\t<dt class='gallery-icon landscape'>\n\t\t\t\t<a href='https:\/\/pontscouverts.com\/blogue\/wp-content\/uploads\/2021\/02\/61-02-24_Avril1976_c-1.jpg'><img width=\"150\" height=\"97\" src=\"https:\/\/pontscouverts.com\/blogue\/wp-content\/uploads\/2021\/02\/61-02-24_Avril1976_c-1-e1614261415538-150x97.jpg\" class=\"attachment-thumbnail size-thumbnail\" alt=\"\" loading=\"lazy\" aria-describedby=\"gallery-1-31047\" \/><\/a>\n\t\t\t<\/dt>\n\t\t\t\t<dd class='wp-caption-text gallery-caption' id='gallery-1-31047'>\n\t\t\t\tPierre Duff Avril 1976\n\t\t\t\t<\/dd><\/dl><dl class='gallery-item'>\n\t\t\t<dt class='gallery-icon landscape'>\n\t\t\t\t<a href='https:\/\/pontscouverts.com\/blogue\/wp-content\/uploads\/2021\/02\/61-01-24_Avril1976_a.jpg'><img width=\"150\" height=\"105\" src=\"https:\/\/pontscouverts.com\/blogue\/wp-content\/uploads\/2021\/02\/61-01-24_Avril1976_a-e1614261425626-150x105.jpg\" class=\"attachment-thumbnail size-thumbnail\" alt=\"\" loading=\"lazy\" aria-describedby=\"gallery-1-31045\" \/><\/a>\n\t\t\t<\/dt>\n\t\t\t\t<dd class='wp-caption-text gallery-caption' id='gallery-1-31045'>\n\t\t\t\tPierre Duff Avril 1976\n\t\t\t\t<\/dd><\/dl><dl class='gallery-item'>\n\t\t\t<dt class='gallery-icon landscape'>\n\t\t\t\t<a href='https:\/\/pontscouverts.com\/blogue\/wp-content\/uploads\/2021\/02\/61-02-24_Avril1976_b-2.jpg'><img width=\"150\" height=\"92\" src=\"https:\/\/pontscouverts.com\/blogue\/wp-content\/uploads\/2021\/02\/61-02-24_Avril1976_b-2-e1614261434603-150x92.jpg\" class=\"attachment-thumbnail size-thumbnail\" alt=\"\" loading=\"lazy\" aria-describedby=\"gallery-1-31046\" \/><\/a>\n\t\t\t<\/dt>\n\t\t\t\t<dd class='wp-caption-text gallery-caption' id='gallery-1-31046'>\n\t\t\t\tPierre Duff Avril 1976\n\t\t\t\t<\/dd><\/dl><br style=\"clear: both\" \/><dl class='gallery-item'>\n\t\t\t<dt class='gallery-icon landscape'>\n\t\t\t\t<a href='https:\/\/pontscouverts.com\/blogue\/wp-content\/uploads\/2021\/03\/Lundquist1973.jpg'><img width=\"150\" height=\"88\" src=\"https:\/\/pontscouverts.com\/blogue\/wp-content\/uploads\/2021\/03\/Lundquist1973-e1614787065853-150x88.jpg\" class=\"attachment-thumbnail size-thumbnail\" alt=\"\" loading=\"lazy\" aria-describedby=\"gallery-1-31115\" \/><\/a>\n\t\t\t<\/dt>\n\t\t\t\t<dd class='wp-caption-text gallery-caption' id='gallery-1-31115'>\n\t\t\t\tHugo Lundquist 1973\n\t\t\t\t<\/dd><\/dl><dl class='gallery-item'>\n\t\t\t<dt class='gallery-icon landscape'>\n\t\t\t\t<a href='https:\/\/pontscouverts.com\/blogue\/wp-content\/uploads\/2021\/02\/Champneuf01.jpg'><img width=\"150\" height=\"97\" src=\"https:\/\/pontscouverts.com\/blogue\/wp-content\/uploads\/2021\/02\/Champneuf01-e1614261444152-150x97.jpg\" class=\"attachment-thumbnail size-thumbnail\" alt=\"\" loading=\"lazy\" aria-describedby=\"gallery-1-31048\" \/><\/a>\n\t\t\t<\/dt>\n\t\t\t\t<dd class='wp-caption-text gallery-caption' id='gallery-1-31048'>\n\t\t\t\tFrederick C. Wunsch vers 1962 (Fonds SQPC)\n\t\t\t\t<\/dd><\/dl><dl class='gallery-item'>\n\t\t\t<dt class='gallery-icon portrait'>\n\t\t\t\t<a href='https:\/\/pontscouverts.com\/blogue\/wp-content\/uploads\/2021\/02\/Champneuf02.jpg'><img width=\"115\" height=\"150\" src=\"https:\/\/pontscouverts.com\/blogue\/wp-content\/uploads\/2021\/02\/Champneuf02-e1614261453728-115x150.jpg\" class=\"attachment-thumbnail size-thumbnail\" alt=\"\" loading=\"lazy\" aria-describedby=\"gallery-1-31049\" \/><\/a>\n\t\t\t<\/dt>\n\t\t\t\t<dd class='wp-caption-text gallery-caption' id='gallery-1-31049'>\n\t\t\t\tFrederick C. Wunsch vers 1962 (Fonds SQPC)\n\t\t\t\t<\/dd><\/dl><br style=\"clear: both\" \/>\n\t\t<\/div>\n\n","protected":false},"excerpt":{"rendered":"<p>Abitibi-T\u00e9miscamingue Champneuf Construction : 1949 Longueur : 113\u00a0pieds Cours d\u2019eau : Rivi\u00e8re Laflamme Statut : D\u00e9moli en 1976 Localisation : Chemin du 1er et 2e Rang Est Type de ferme : Town \u00e9labor\u00e9 Hauteur libre :\u00a04,30 m No officiel : 61-01-24 Site Web de la ville Carte Google Street View \u00c0 propos de ce pont [&hellip;]<\/p>\n","protected":false},"author":1,"featured_media":0,"parent":0,"menu_order":0,"comment_status":"closed","ping_status":"closed","template":"","meta":[],"_links":{"self":[{"href":"https:\/\/pontscouverts.com\/blogue\/wp-json\/wp\/v2\/pages\/31035"}],"collection":[{"href":"https:\/\/pontscouverts.com\/blogue\/wp-json\/wp\/v2\/pages"}],"about":[{"href":"https:\/\/pontscouverts.com\/blogue\/wp-json\/wp\/v2\/types\/page"}],"author":[{"embeddable":true,"href":"https:\/\/pontscouverts.com\/blogue\/wp-json\/wp\/v2\/users\/1"}],"replies":[{"embeddable":true,"href":"https:\/\/pontscouverts.com\/blogue\/wp-json\/wp\/v2\/comments?post=31035"}],"version-history":[{"count":14,"href":"https:\/\/pontscouverts.com\/blogue\/wp-json\/wp\/v2\/pages\/31035\/revisions"}],"predecessor-version":[{"id":31116,"href":"https:\/\/pontscouverts.com\/blogue\/wp-json\/wp\/v2\/pages\/31035\/revisions\/31116"}],"wp:attachment":[{"href":"https:\/\/pontscouverts.com\/blogue\/wp-json\/wp\/v2\/media?parent=31035"}],"curies":[{"name":"wp","href":"https:\/\/api.w.org\/{rel}","templated":true}]}}