{"id":27958,"date":"2020-05-05T07:53:08","date_gmt":"2020-05-05T11:53:08","guid":{"rendered":"http:\/\/pontscouverts.com\/blogue\/?page_id=27958"},"modified":"2020-05-05T07:53:08","modified_gmt":"2020-05-05T11:53:08","slug":"pont-de-villemontel","status":"publish","type":"page","link":"https:\/\/pontscouverts.com\/blogue\/pont-de-villemontel\/","title":{"rendered":"Pont de Villemontel"},"content":{"rendered":"<h1 class=\"paragraph_style_2\"><em><strong><span class=\"style_2\" style=\"color: #008000;\">Abitibi-T\u00e9miscamingue<\/span><\/strong><\/em><\/h1>\n<h2 class=\"paragraph_style_3\"><span style=\"color: #000000;\">Villemontel (Canton Tr\u00e9cesson)<\/span><\/h2>\n<div id=\"attachment_27961\" style=\"width: 1122px\" class=\"wp-caption alignnone\"><a href=\"http:\/\/pontscouverts.com\/blogue\/wp-content\/uploads\/2020\/05\/61-01-06-villemontel-1973-Hugo-Lundquist4a.jpg\"><img aria-describedby=\"caption-attachment-27961\" loading=\"lazy\" class=\"wp-image-27961 size-full\" src=\"http:\/\/pontscouverts.com\/blogue\/wp-content\/uploads\/2020\/05\/61-01-06-villemontel-1973-Hugo-Lundquist4a.jpg\" alt=\"\" width=\"1112\" height=\"718\" srcset=\"https:\/\/pontscouverts.com\/blogue\/wp-content\/uploads\/2020\/05\/61-01-06-villemontel-1973-Hugo-Lundquist4a.jpg 1112w, https:\/\/pontscouverts.com\/blogue\/wp-content\/uploads\/2020\/05\/61-01-06-villemontel-1973-Hugo-Lundquist4a-e1588678767323-150x97.jpg 150w, https:\/\/pontscouverts.com\/blogue\/wp-content\/uploads\/2020\/05\/61-01-06-villemontel-1973-Hugo-Lundquist4a-300x194.jpg 300w, https:\/\/pontscouverts.com\/blogue\/wp-content\/uploads\/2020\/05\/61-01-06-villemontel-1973-Hugo-Lundquist4a-768x496.jpg 768w, https:\/\/pontscouverts.com\/blogue\/wp-content\/uploads\/2020\/05\/61-01-06-villemontel-1973-Hugo-Lundquist4a-1024x661.jpg 1024w\" sizes=\"(max-width: 1112px) 100vw, 1112px\" \/><\/a><p id=\"caption-attachment-27961\" class=\"wp-caption-text\">Photo : Hugo Lundquist (1973)<\/p><\/div>\n<p><span style=\"color: #000000;\"><strong>Construction :<\/strong> 1950<\/span><br \/>\n<span style=\"color: #000000;\"><strong>Longueur :<\/strong> 97 pieds<\/span><br \/>\n<span style=\"color: #000000;\"><strong>Cours d\u2019eau :<\/strong> Rivi\u00e8re Villemontel<\/span><br \/>\n<span style=\"color: #000000;\"><strong>Statut :<\/strong>\u00a0Emport\u00e9 par la crue des eaux en 1979<\/span><br \/>\n<span style=\"color: #000000;\"><strong>Localisation :<\/strong> Chemin des 2e et 3e Rangs<\/span><br \/>\n<span style=\"color: #000000;\"><strong>Type de ferme :<\/strong> Town \u00e9labor\u00e9<\/span><br \/>\n<span style=\"color: #000000;\"><strong>No officiel :<\/strong> 61-01-06<\/span><br \/>\n<a href=\"https:\/\/www.municipalitedetrecesson.com\" target=\"_blank\" rel=\"noopener\"><strong><span style=\"color: #0000ff;\">Site web de la ville<\/span><\/strong><\/a><\/p>\n<h2><span style=\"color: #008000;\"><strong>\u00c0 propos de ce pont :<\/strong><\/span><\/h2>\n<p style=\"text-align: justify;\"><span style=\"color: #000000;\">Construit en 1950, ce pont n\u2019aura \u00e9t\u00e9 en place que 29 ans.<\/span><br \/>\n<span style=\"color: #000000;\">Les colons avaient abandonn\u00e9 ce rang et l\u2019\u00e9lectricit\u00e9 avait \u00e9t\u00e9 coup\u00e9e comme le montrent les poteaux sans fils sur les photos.<\/span><br \/>\n<span style=\"color: #000000;\">Ce pont \u00e9tait situ\u00e9 sur le Rang 2-3 de Tr\u00e9cesson, lot 8.<\/span><br \/>\n<span style=\"color: #000000;\">Cette route conduisait au <a href=\"http:\/\/www.pontscouverts.com\/Pontscouverts2\/RangII.html\"><span style=\"color: #0000ff;\">pont du Rang II<\/span><\/a> de Launay.<\/span><br \/>\n<span style=\"color: #000000;\">Le pont couvert de Villemontel a \u00e9t\u00e9 emport\u00e9 par la crue des eaux au printemps de 1979.<\/span><br \/>\n<span style=\"color: #000000;\">Le Canton de Tr\u00e9cesson se compose de 2 villages, soit Villemontel et La Ferme.<\/span><\/p>\n<h1 style=\"text-align: center;\"><span style=\"color: #333399;\">GALERIE DE PHOTOS<\/span><\/h1>\n\n\t\t<style type=\"text\/css\">\n\t\t\t#gallery-1 {\n\t\t\t\tmargin: auto;\n\t\t\t}\n\t\t\t#gallery-1 .gallery-item {\n\t\t\t\tfloat: left;\n\t\t\t\tmargin-top: 10px;\n\t\t\t\ttext-align: center;\n\t\t\t\twidth: 33%;\n\t\t\t}\n\t\t\t#gallery-1 img {\n\t\t\t\tborder: 2px solid #cfcfcf;\n\t\t\t}\n\t\t\t#gallery-1 .gallery-caption {\n\t\t\t\tmargin-left: 0;\n\t\t\t}\n\t\t\t\/* see gallery_shortcode() in wp-includes\/media.php *\/\n\t\t<\/style>\n\t\t<div id='gallery-1' class='gallery galleryid-27958 gallery-columns-3 gallery-size-thumbnail'><dl class='gallery-item'>\n\t\t\t<dt class='gallery-icon landscape'>\n\t\t\t\t<a href='https:\/\/pontscouverts.com\/blogue\/wp-content\/uploads\/2020\/05\/61-01-06a.jpg'><img width=\"150\" height=\"99\" src=\"https:\/\/pontscouverts.com\/blogue\/wp-content\/uploads\/2020\/05\/61-01-06a-e1588678734119-150x99.jpg\" class=\"attachment-thumbnail size-thumbnail\" alt=\"\" loading=\"lazy\" aria-describedby=\"gallery-1-27968\" \/><\/a>\n\t\t\t<\/dt>\n\t\t\t\t<dd class='wp-caption-text gallery-caption' id='gallery-1-27968'>\n\t\t\t\tPierre Duff (1979)\n\t\t\t\t<\/dd><\/dl><dl class='gallery-item'>\n\t\t\t<dt class='gallery-icon landscape'>\n\t\t\t\t<a href='https:\/\/pontscouverts.com\/blogue\/wp-content\/uploads\/2020\/05\/61-01-06-villemontel-1976-Pierre-Duff2a.jpg'><img width=\"150\" height=\"94\" src=\"https:\/\/pontscouverts.com\/blogue\/wp-content\/uploads\/2020\/05\/61-01-06-villemontel-1976-Pierre-Duff2a-e1588678745691-150x94.jpg\" class=\"attachment-thumbnail size-thumbnail\" alt=\"\" loading=\"lazy\" aria-describedby=\"gallery-1-27967\" \/><\/a>\n\t\t\t<\/dt>\n\t\t\t\t<dd class='wp-caption-text gallery-caption' id='gallery-1-27967'>\n\t\t\t\tPierre Duff (1976)\n\t\t\t\t<\/dd><\/dl><dl class='gallery-item'>\n\t\t\t<dt class='gallery-icon landscape'>\n\t\t\t\t<a href='https:\/\/pontscouverts.com\/blogue\/wp-content\/uploads\/2020\/05\/61-01-06-villemontel-1973-Hugo-Lundquist1a.jpg'><img width=\"150\" height=\"97\" src=\"https:\/\/pontscouverts.com\/blogue\/wp-content\/uploads\/2020\/05\/61-01-06-villemontel-1973-Hugo-Lundquist1a-e1588678757497-150x97.jpg\" class=\"attachment-thumbnail size-thumbnail\" alt=\"\" loading=\"lazy\" aria-describedby=\"gallery-1-27966\" \/><\/a>\n\t\t\t<\/dt>\n\t\t\t\t<dd class='wp-caption-text gallery-caption' id='gallery-1-27966'>\n\t\t\t\tHugo Lundquist (1973)\n\t\t\t\t<\/dd><\/dl><br style=\"clear: both\" \/><dl class='gallery-item'>\n\t\t\t<dt class='gallery-icon landscape'>\n\t\t\t\t<a href='https:\/\/pontscouverts.com\/blogue\/wp-content\/uploads\/2020\/05\/61-01-06-villemontel-1973-Hugo-Lundquist4a.jpg'><img width=\"150\" height=\"97\" src=\"https:\/\/pontscouverts.com\/blogue\/wp-content\/uploads\/2020\/05\/61-01-06-villemontel-1973-Hugo-Lundquist4a-e1588678767323-150x97.jpg\" class=\"attachment-thumbnail size-thumbnail\" alt=\"\" loading=\"lazy\" aria-describedby=\"gallery-1-27961\" \/><\/a>\n\t\t\t<\/dt>\n\t\t\t\t<dd class='wp-caption-text gallery-caption' id='gallery-1-27961'>\n\t\t\t\tHugo Lundquist (1973)\n\t\t\t\t<\/dd><\/dl><dl class='gallery-item'>\n\t\t\t<dt class='gallery-icon landscape'>\n\t\t\t\t<a href='https:\/\/pontscouverts.com\/blogue\/wp-content\/uploads\/2020\/05\/IMG_6406.jpg'><img width=\"150\" height=\"113\" src=\"https:\/\/pontscouverts.com\/blogue\/wp-content\/uploads\/2020\/05\/IMG_6406-e1588679514202-150x113.jpg\" class=\"attachment-thumbnail size-thumbnail\" alt=\"\" loading=\"lazy\" aria-describedby=\"gallery-1-27971\" \/><\/a>\n\t\t\t<\/dt>\n\t\t\t\t<dd class='wp-caption-text gallery-caption' id='gallery-1-27971'>\n\t\t\t\tPascal Conner Juillet 2019\n\t\t\t\t<\/dd><\/dl><dl class='gallery-item'>\n\t\t\t<dt class='gallery-icon landscape'>\n\t\t\t\t<a href='https:\/\/pontscouverts.com\/blogue\/wp-content\/uploads\/2020\/05\/IMG_6409.jpg'><img width=\"150\" height=\"113\" src=\"https:\/\/pontscouverts.com\/blogue\/wp-content\/uploads\/2020\/05\/IMG_6409-e1588679527981-150x113.jpg\" class=\"attachment-thumbnail size-thumbnail\" alt=\"\" loading=\"lazy\" aria-describedby=\"gallery-1-27972\" \/><\/a>\n\t\t\t<\/dt>\n\t\t\t\t<dd class='wp-caption-text gallery-caption' id='gallery-1-27972'>\n\t\t\t\tPascal Conner Juillet 2019\n\t\t\t\t<\/dd><\/dl><br style=\"clear: both\" \/><dl class='gallery-item'>\n\t\t\t<dt class='gallery-icon portrait'>\n\t\t\t\t<a href='https:\/\/pontscouverts.com\/blogue\/wp-content\/uploads\/2020\/05\/IMG_6404.jpg'><img width=\"113\" height=\"150\" src=\"https:\/\/pontscouverts.com\/blogue\/wp-content\/uploads\/2020\/05\/IMG_6404-e1588679500314-113x150.jpg\" class=\"attachment-thumbnail size-thumbnail\" alt=\"\" loading=\"lazy\" aria-describedby=\"gallery-1-27970\" \/><\/a>\n\t\t\t<\/dt>\n\t\t\t\t<dd class='wp-caption-text gallery-caption' id='gallery-1-27970'>\n\t\t\t\tPascal Conner Juillet 2019\n\t\t\t\t<\/dd><\/dl>\n\t\t\t<br style='clear: both' \/>\n\t\t<\/div>\n\n","protected":false},"excerpt":{"rendered":"<p>Abitibi-T\u00e9miscamingue Villemontel (Canton Tr\u00e9cesson) Construction : 1950 Longueur : 97 pieds Cours d\u2019eau : Rivi\u00e8re Villemontel Statut :\u00a0Emport\u00e9 par la crue des eaux en 1979 Localisation : Chemin des 2e et 3e Rangs Type de ferme : Town \u00e9labor\u00e9 No officiel : 61-01-06 Site web de la ville \u00c0 propos de ce pont : Construit [&hellip;]<\/p>\n","protected":false},"author":1,"featured_media":0,"parent":0,"menu_order":0,"comment_status":"closed","ping_status":"closed","template":"","meta":[],"_links":{"self":[{"href":"https:\/\/pontscouverts.com\/blogue\/wp-json\/wp\/v2\/pages\/27958"}],"collection":[{"href":"https:\/\/pontscouverts.com\/blogue\/wp-json\/wp\/v2\/pages"}],"about":[{"href":"https:\/\/pontscouverts.com\/blogue\/wp-json\/wp\/v2\/types\/page"}],"author":[{"embeddable":true,"href":"https:\/\/pontscouverts.com\/blogue\/wp-json\/wp\/v2\/users\/1"}],"replies":[{"embeddable":true,"href":"https:\/\/pontscouverts.com\/blogue\/wp-json\/wp\/v2\/comments?post=27958"}],"version-history":[{"count":9,"href":"https:\/\/pontscouverts.com\/blogue\/wp-json\/wp\/v2\/pages\/27958\/revisions"}],"predecessor-version":[{"id":27974,"href":"https:\/\/pontscouverts.com\/blogue\/wp-json\/wp\/v2\/pages\/27958\/revisions\/27974"}],"wp:attachment":[{"href":"https:\/\/pontscouverts.com\/blogue\/wp-json\/wp\/v2\/media?parent=27958"}],"curies":[{"name":"wp","href":"https:\/\/api.w.org\/{rel}","templated":true}]}}