{"id":27499,"date":"2020-02-20T08:36:06","date_gmt":"2020-02-20T13:36:06","guid":{"rendered":"http:\/\/pontscouverts.com\/blogue\/?page_id=27499"},"modified":"2021-07-04T09:54:26","modified_gmt":"2021-07-04T13:54:26","slug":"pont-61-61-p3","status":"publish","type":"page","link":"https:\/\/pontscouverts.com\/blogue\/pont-61-61-p3\/","title":{"rendered":"Pont 61-61-P3"},"content":{"rendered":"<h1 class=\"paragraph_style_2\"><em><strong><span class=\"style_2\" style=\"color: #008000;\">Abitibi-T\u00e9miscamingue<\/span><\/strong><\/em><\/h1>\n<h2 class=\"paragraph_style_3\"><span style=\"color: #000000;\">Destor<\/span><\/h2>\n<div id=\"attachment_27484\" style=\"width: 1089px\" class=\"wp-caption alignnone\"><a href=\"http:\/\/pontscouverts.com\/blogue\/wp-content\/uploads\/2020\/02\/003.jpg\"><img aria-describedby=\"caption-attachment-27484\" loading=\"lazy\" class=\"size-full wp-image-27484\" src=\"http:\/\/pontscouverts.com\/blogue\/wp-content\/uploads\/2020\/02\/003.jpg\" alt=\"\" width=\"1079\" height=\"682\" srcset=\"https:\/\/pontscouverts.com\/blogue\/wp-content\/uploads\/2020\/02\/003.jpg 1079w, https:\/\/pontscouverts.com\/blogue\/wp-content\/uploads\/2020\/02\/003-e1582121385714-150x95.jpg 150w, https:\/\/pontscouverts.com\/blogue\/wp-content\/uploads\/2020\/02\/003-300x190.jpg 300w, https:\/\/pontscouverts.com\/blogue\/wp-content\/uploads\/2020\/02\/003-768x485.jpg 768w, https:\/\/pontscouverts.com\/blogue\/wp-content\/uploads\/2020\/02\/003-1024x647.jpg 1024w\" sizes=\"(max-width: 1079px) 100vw, 1079px\" \/><\/a><p id=\"caption-attachment-27484\" class=\"wp-caption-text\">Photo : MTQ 1972<\/p><\/div>\n<div>\n<p><span style=\"color: #000000;\"><strong>Construction :<\/strong>\u00a0date inconnue<\/span><br \/>\n<span style=\"color: #000000;\"><strong>Longueur :<\/strong>\u00a0une trav\u00e9e, longueur inconnue<\/span><br \/>\n<span style=\"color: #000000;\"><strong>Cours d\u2019eau :<\/strong> Rivi\u00e8re Bassignac<\/span><br \/>\n<span style=\"color: #000000;\"><strong>Statut :<\/strong>\u00a0Disparu vers 1973<\/span><br \/>\n<span style=\"color: #000000;\"><strong>Localisation :<\/strong> Chemin des 1er et 2e Rangs<\/span><br \/>\n<span style=\"color: #000000;\"><strong>Type de ferme :<\/strong> Town<\/span><br \/>\n<span style=\"color: #000000;\"><strong>Charge affich\u00e9e :<\/strong> n\/d<\/span><br \/>\n<span style=\"color: #000000;\"><strong>No officiel :<\/strong> 61-61-P3<\/span><br \/>\n<a href=\"http:\/\/www.ville.rouyn-noranda.qc.ca\/fr\/fiche_quartier\/destor\/\" target=\"_blank\" rel=\"noopener\"><strong><span style=\"color: #0000ff;\">Site Web de la ville<\/span><\/strong><\/a><\/p>\n<\/div>\n<div class=\"style_SkipStroke_5 shape-with-text flowDefining\">\n<div class=\"text-content Normal_External_848_742\">\n<div class=\"Normal\">\n<h2><span style=\"color: #008000;\"><strong>\u00c0 propos de ce pont :<\/strong><\/span><\/h2>\n<p style=\"text-align: justify;\"><span style=\"color: #000000;\">Structure mi-hauteur n&rsquo;ayant jamais eu de nom officiel.<\/span><br \/>\n<span style=\"color: #000000;\">On ignore la date de construction de cette structure qui aurait \u00e9t\u00e9 en place jusqu&rsquo;\u00e0 au moins 1973.<\/span><br \/>\n<span style=\"color: #000000;\">Un pilier central en m\u00e9tal avait probablement \u00e9t\u00e9 ajout\u00e9 quelques ann\u00e9es apr\u00e8s la construction du pont.<\/span><br \/>\n<span style=\"color: #000000;\">De nos jours, cette portion du rang s&rsquo;est compl\u00e8tement referm\u00e9e et le site n&rsquo;est plus accessible en voiture.<\/span><\/p>\n<h2><span style=\"color: #008000;\"><strong>Article connexe :<\/strong><\/span><\/h2>\n<ul>\n<li><a href=\"https:\/\/pontscouverts.com\/blogue\/2020\/02\/20\/a-la-decouverte-dun-pont-mi-hauteur-disparu-a-destor\/\"><span style=\"color: #0000ff;\">\u00c0 la d\u00e9couverte d&rsquo;un pont mi-hauteur disparu \u00e0 Destor<\/span><\/a><\/li>\n<\/ul>\n<h1 style=\"text-align: center;\"><span style=\"color: #333399;\">GALERIE DE PHOTOS<\/span><\/h1>\n\n\t\t<style type=\"text\/css\">\n\t\t\t#gallery-1 {\n\t\t\t\tmargin: auto;\n\t\t\t}\n\t\t\t#gallery-1 .gallery-item {\n\t\t\t\tfloat: left;\n\t\t\t\tmargin-top: 10px;\n\t\t\t\ttext-align: center;\n\t\t\t\twidth: 33%;\n\t\t\t}\n\t\t\t#gallery-1 img {\n\t\t\t\tborder: 2px solid #cfcfcf;\n\t\t\t}\n\t\t\t#gallery-1 .gallery-caption {\n\t\t\t\tmargin-left: 0;\n\t\t\t}\n\t\t\t\/* see gallery_shortcode() in wp-includes\/media.php *\/\n\t\t<\/style>\n\t\t<div id='gallery-1' class='gallery galleryid-27499 gallery-columns-3 gallery-size-thumbnail'><dl class='gallery-item'>\n\t\t\t<dt class='gallery-icon landscape'>\n\t\t\t\t<a href='https:\/\/pontscouverts.com\/blogue\/wp-content\/uploads\/2020\/02\/003.jpg'><img width=\"150\" height=\"95\" src=\"https:\/\/pontscouverts.com\/blogue\/wp-content\/uploads\/2020\/02\/003-e1582121385714-150x95.jpg\" class=\"attachment-thumbnail size-thumbnail\" alt=\"\" loading=\"lazy\" aria-describedby=\"gallery-1-27484\" \/><\/a>\n\t\t\t<\/dt>\n\t\t\t\t<dd class='wp-caption-text gallery-caption' id='gallery-1-27484'>\n\t\t\t\tPhoto : MTQ 1972\n\t\t\t\t<\/dd><\/dl><dl class='gallery-item'>\n\t\t\t<dt class='gallery-icon landscape'>\n\t\t\t\t<a href='https:\/\/pontscouverts.com\/blogue\/wp-content\/uploads\/2020\/02\/002.jpg'><img width=\"150\" height=\"86\" src=\"https:\/\/pontscouverts.com\/blogue\/wp-content\/uploads\/2020\/02\/002-e1582121373617-150x86.jpg\" class=\"attachment-thumbnail size-thumbnail\" alt=\"\" loading=\"lazy\" aria-describedby=\"gallery-1-27483\" \/><\/a>\n\t\t\t<\/dt>\n\t\t\t\t<dd class='wp-caption-text gallery-caption' id='gallery-1-27483'>\n\t\t\t\tPhoto : MTQ 1960\n\t\t\t\t<\/dd><\/dl><dl class='gallery-item'>\n\t\t\t<dt class='gallery-icon landscape'>\n\t\t\t\t<a href='https:\/\/pontscouverts.com\/blogue\/wp-content\/uploads\/2020\/02\/001.jpg'><img width=\"150\" height=\"102\" src=\"https:\/\/pontscouverts.com\/blogue\/wp-content\/uploads\/2020\/02\/001-e1582121359204-150x102.jpg\" class=\"attachment-thumbnail size-thumbnail\" alt=\"\" loading=\"lazy\" aria-describedby=\"gallery-1-27482\" \/><\/a>\n\t\t\t<\/dt>\n\t\t\t\t<dd class='wp-caption-text gallery-caption' id='gallery-1-27482'>\n\t\t\t\tPhoto : MTQ 1960\n\t\t\t\t<\/dd><\/dl><br style=\"clear: both\" \/><dl class='gallery-item'>\n\t\t\t<dt class='gallery-icon landscape'>\n\t\t\t\t<a href='https:\/\/pontscouverts.com\/blogue\/wp-content\/uploads\/2020\/02\/IMG_6304.jpg'><img width=\"150\" height=\"112\" src=\"https:\/\/pontscouverts.com\/blogue\/wp-content\/uploads\/2020\/02\/IMG_6304-e1582205714641-150x112.jpg\" class=\"attachment-thumbnail size-thumbnail\" alt=\"\" loading=\"lazy\" aria-describedby=\"gallery-1-27481\" \/><\/a>\n\t\t\t<\/dt>\n\t\t\t\t<dd class='wp-caption-text gallery-caption' id='gallery-1-27481'>\n\t\t\t\tLe site en 2019 (P. Conner)\n\t\t\t\t<\/dd><\/dl><dl class='gallery-item'>\n\t\t\t<dt class='gallery-icon landscape'>\n\t\t\t\t<a href='https:\/\/pontscouverts.com\/blogue\/wp-content\/uploads\/2020\/02\/6161P03b.jpg'><img width=\"150\" height=\"70\" src=\"https:\/\/pontscouverts.com\/blogue\/wp-content\/uploads\/2020\/02\/6161P03b-e1582206979822-150x70.jpg\" class=\"attachment-thumbnail size-thumbnail\" alt=\"\" loading=\"lazy\" aria-describedby=\"gallery-1-27507\" \/><\/a>\n\t\t\t<\/dt>\n\t\t\t\t<dd class='wp-caption-text gallery-caption' id='gallery-1-27507'>\n\t\t\t\tCarte Google Maps 2019\n\t\t\t\t<\/dd><\/dl><dl class='gallery-item'>\n\t\t\t<dt class='gallery-icon landscape'>\n\t\t\t\t<a href='https:\/\/pontscouverts.com\/blogue\/wp-content\/uploads\/2020\/02\/6161P03a.jpg'><img width=\"150\" height=\"70\" src=\"https:\/\/pontscouverts.com\/blogue\/wp-content\/uploads\/2020\/02\/6161P03a-e1582206965192-150x70.jpg\" class=\"attachment-thumbnail size-thumbnail\" alt=\"\" loading=\"lazy\" aria-describedby=\"gallery-1-27506\" \/><\/a>\n\t\t\t<\/dt>\n\t\t\t\t<dd class='wp-caption-text gallery-caption' id='gallery-1-27506'>\n\t\t\t\tCarte Google Maps 2019\n\t\t\t\t<\/dd><\/dl><br style=\"clear: both\" \/>\n\t\t<\/div>\n\n<\/div>\n<\/div>\n<\/div>\n","protected":false},"excerpt":{"rendered":"<p>Abitibi-T\u00e9miscamingue Destor Construction :\u00a0date inconnue Longueur :\u00a0une trav\u00e9e, longueur inconnue Cours d\u2019eau : Rivi\u00e8re Bassignac Statut :\u00a0Disparu vers 1973 Localisation : Chemin des 1er et 2e Rangs Type de ferme : Town Charge affich\u00e9e : n\/d No officiel : 61-61-P3 Site Web de la ville \u00c0 propos de ce pont : Structure mi-hauteur n&rsquo;ayant jamais [&hellip;]<\/p>\n","protected":false},"author":1,"featured_media":0,"parent":0,"menu_order":0,"comment_status":"closed","ping_status":"closed","template":"","meta":[],"_links":{"self":[{"href":"https:\/\/pontscouverts.com\/blogue\/wp-json\/wp\/v2\/pages\/27499"}],"collection":[{"href":"https:\/\/pontscouverts.com\/blogue\/wp-json\/wp\/v2\/pages"}],"about":[{"href":"https:\/\/pontscouverts.com\/blogue\/wp-json\/wp\/v2\/types\/page"}],"author":[{"embeddable":true,"href":"https:\/\/pontscouverts.com\/blogue\/wp-json\/wp\/v2\/users\/1"}],"replies":[{"embeddable":true,"href":"https:\/\/pontscouverts.com\/blogue\/wp-json\/wp\/v2\/comments?post=27499"}],"version-history":[{"count":8,"href":"https:\/\/pontscouverts.com\/blogue\/wp-json\/wp\/v2\/pages\/27499\/revisions"}],"predecessor-version":[{"id":32353,"href":"https:\/\/pontscouverts.com\/blogue\/wp-json\/wp\/v2\/pages\/27499\/revisions\/32353"}],"wp:attachment":[{"href":"https:\/\/pontscouverts.com\/blogue\/wp-json\/wp\/v2\/media?parent=27499"}],"curies":[{"name":"wp","href":"https:\/\/api.w.org\/{rel}","templated":true}]}}