{"id":23702,"date":"2019-03-04T09:16:27","date_gmt":"2019-03-04T14:16:27","guid":{"rendered":"http:\/\/pontscouverts.com\/blogue\/?page_id=23702"},"modified":"2025-12-01T08:31:56","modified_gmt":"2025-12-01T13:31:56","slug":"repertoire","status":"publish","type":"page","link":"https:\/\/pontscouverts.com\/blogue\/repertoire\/","title":{"rendered":"R\u00e9pertoire"},"content":{"rendered":"<h2 style=\"text-align: center;\"><span style=\"color: #ff0000;\"><strong>R\u00e9pertoire 2025 des ponts couverts du Qu\u00e9bec<\/strong><\/span><\/h2>\n<h2 style=\"text-align: center;\"><a href=\"https:\/\/pontscouverts.com\/blogue\/wp-content\/uploads\/2025\/12\/Repertoire_Aout_2025t.pdf\"><strong><span style=\"color: #0000ff;\">Consulter le r\u00e9pertoire<\/span><\/strong><\/a><\/h2>\n<p style=\"text-align: center;\"><strong><span style=\"color: #000000;\">Origines du r\u00e9pertoire<\/span><\/strong><\/p>\n<p><span style=\"color: #000000;\">par G\u00e9rald Arbour<\/span><\/p>\n<p style=\"text-align: justify;\"><span style=\"color: #000000;\">La compilation de donn\u00e9es pour les ponts de bois couverts existants ou disparus au Qu\u00e9bec sur un support\u00a0 informatis\u00e9 remonte \u00e0 1981.\u00a0 Elle est bas\u00e9e sur le syst\u00e8me de num\u00e9rotation d\u00e9velopp\u00e9 par the National Society for the Preservation of Covered Bridges (NSPCB), un organisme am\u00e9ricain fond\u00e9 en 1950 dans le but de promouvoir cet h\u00e9ritage architectural. The NSPCB publie depuis 1956 The World Guide to Covered Bridges (WG).<\/span><\/p>\n<p style=\"text-align: justify;\"><span style=\"color: #000000;\">Au Qu\u00e9bec, la Soci\u00e9t\u00e9 qu\u00e9b\u00e9coise des ponts couverts inc. (SQPC), fond\u00e9e en 1981, faisait ses premiers pas dans les domaines de la recherche et de la mise en valeur des ponts couverts pr\u00e9sents sur le territoire. La SQPC s&rsquo;est donc inspir\u00e9e de ce qui existait en adoptant le mod\u00e8le de classification am\u00e9ricain. Les diff\u00e9rentes \u00e9ditions du WG ont \u00e9t\u00e9 la premi\u00e8re source de renseignements. Par la suite, les photos de famille, les livres consacr\u00e9s \u00e0 un 50e ou 100e anniversaire d&rsquo;un village et l&rsquo;Internet ont \u00e9t\u00e9 mis \u00e0 contribution.<\/span><\/p>\n<p style=\"text-align: justify;\"><span style=\"color: #000000;\">La num\u00e9rotation utilis\u00e9e comprend 6 chiffres. Les deux premiers (61) sont permanents et identifient le Qu\u00e9bec.\u00a0 Les deux suivants (01) sont pour le comt\u00e9. Dans ce cas-ci, Abitibi-Est. La liste des comt\u00e9s (75 \u00e0 l&rsquo;\u00e9poque) est celle de la carte \u00e9lectorale de 1963. Il est entendu que les fronti\u00e8res des comt\u00e9s ont \u00e9t\u00e9 modifi\u00e9es \u00e0 maintes reprises depuis. Par contre, ils ont \u00e9t\u00e9 maintenus dans la classification. Par exemple des ponts r\u00e9pertori\u00e9s dans le comt\u00e9 de Matane ou ceux du comt\u00e9 de Matap\u00e9dia seraient aujourd&rsquo;hui dans la circonscription \u00e9lectorale de Matane-Matap\u00e9dia. Jusqu&rsquo;\u00e0 la prochaine refonte. Les informations sont suffisamment pr\u00e9cises (canton, village, rivi\u00e8re) pour que l&rsquo;utilisateur puisse tout de m\u00eame situer g\u00e9ographiquement le pont d\u00e9crit. De nos jours le num\u00e9ro sert principalement \u00e0 distinguer les ponts entre eux. Finalement, les deux derniers num\u00e9ros identifient le pont dans le comt\u00e9, selon son ordre d&rsquo;inscription. La lettre P indique un pont mi-hauteur. Dans le pr\u00e9sent r\u00e9pertoire, les lignes ombrag\u00e9es sont pour les ponts couverts encore en place.<\/span><\/p>\n<p style=\"text-align: justify;\"><span style=\"color: #000000;\">Il \u00e9tait primordial pour la SQPC d&rsquo;obtenir un portrait le plus fid\u00e8le possible de la distribution de ces ponts sur le territoire, des types de structures \u00e9rig\u00e9es et de leur dur\u00e9e de vie. Monsieur Pierre Duff a cr\u00e9e ce r\u00e9pertoire et il a entrepris d&rsquo;y inscrire les donn\u00e9es fournies par les membres et les chercheurs associ\u00e9s \u00e0 la SQPC. Au fil des ans, 8 versions de ce r\u00e9pertoire ont \u00e9t\u00e9 \u00e9dit\u00e9es, la somme des informations recueillies justifiant une nouvelle parution. Plus tard, Jean-Marie Beaujean succ\u00e9dera \u00e0 Pierre Duff\u00a0 pour la gestion de la liste jusqu&rsquo;\u00e0 la dissolution de la Soci\u00e9t\u00e9 qu\u00e9b\u00e9coise des ponts couverts en 2002.<\/span><\/p>\n<p style=\"text-align: justify;\"><span style=\"color: #000000;\">Les principaux chercheurs associ\u00e9s \u00e0 ce r\u00e9pertoire, G\u00e9rald Arbour et Ga\u00e9tan Forest, d\u00e9tenteurs des donn\u00e9es, ont poursuivi les recherches et depuis la derni\u00e8re mise \u00e0 jour, il est opportun de pr\u00e9senter le fruit de ce travail. Le site Internet d\u00e9di\u00e9 aux ponts couverts est un outil pratique et accessible pour servir de v\u00e9hicule \u00e0 cet instrument de r\u00e9f\u00e9rence.<\/span><\/p>\n<p style=\"text-align: justify;\"><span style=\"color: #000000;\">Cette liste est incompl\u00e8te et comporte assur\u00e9ment des erreurs attribuables \u00e0 des informations orales difficiles \u00e0 v\u00e9rifier ou d&rsquo;autres, parfois contradictoires. Dans tous les cas o\u00f9 vous poss\u00e9deriez de l&rsquo;information susceptible de parfaire ce document, n&rsquo;h\u00e9sitez pas \u00e0 <a href=\"mailto:pascal721@me.com\"><span style=\"color: #0000ff;\">contacter le webmestre<\/span><\/a><\/span>.<\/p>\n<h2 style=\"text-align: center;\"><a href=\"https:\/\/pontscouverts.com\/blogue\/wp-content\/uploads\/2025\/12\/Repertoire_Aout_2025t.pdf\"><strong><span style=\"color: #0000ff;\">Cliquer ici pour acc\u00e9der au r\u00e9pertoire<\/span><\/strong><\/a><\/h2>\n\n\n<p><\/p>\n","protected":false},"excerpt":{"rendered":"<p>R\u00e9pertoire 2025 des ponts couverts du Qu\u00e9bec Consulter le r\u00e9pertoire Origines du r\u00e9pertoire par G\u00e9rald Arbour La compilation de donn\u00e9es pour les ponts de bois couverts existants ou disparus au Qu\u00e9bec sur un support\u00a0 informatis\u00e9 remonte \u00e0 1981.\u00a0 Elle est bas\u00e9e sur le syst\u00e8me de num\u00e9rotation d\u00e9velopp\u00e9 par the National Society for the Preservation of [&hellip;]<\/p>\n","protected":false},"author":1,"featured_media":0,"parent":0,"menu_order":0,"comment_status":"closed","ping_status":"closed","template":"","meta":[],"_links":{"self":[{"href":"https:\/\/pontscouverts.com\/blogue\/wp-json\/wp\/v2\/pages\/23702"}],"collection":[{"href":"https:\/\/pontscouverts.com\/blogue\/wp-json\/wp\/v2\/pages"}],"about":[{"href":"https:\/\/pontscouverts.com\/blogue\/wp-json\/wp\/v2\/types\/page"}],"author":[{"embeddable":true,"href":"https:\/\/pontscouverts.com\/blogue\/wp-json\/wp\/v2\/users\/1"}],"replies":[{"embeddable":true,"href":"https:\/\/pontscouverts.com\/blogue\/wp-json\/wp\/v2\/comments?post=23702"}],"version-history":[{"count":11,"href":"https:\/\/pontscouverts.com\/blogue\/wp-json\/wp\/v2\/pages\/23702\/revisions"}],"predecessor-version":[{"id":41217,"href":"https:\/\/pontscouverts.com\/blogue\/wp-json\/wp\/v2\/pages\/23702\/revisions\/41217"}],"wp:attachment":[{"href":"https:\/\/pontscouverts.com\/blogue\/wp-json\/wp\/v2\/media?parent=23702"}],"curies":[{"name":"wp","href":"https:\/\/api.w.org\/{rel}","templated":true}]}}