{"id":23231,"date":"2019-02-04T13:38:58","date_gmt":"2019-02-04T18:38:58","guid":{"rendered":"http:\/\/pontscouverts.com\/blogue\/?page_id=23231"},"modified":"2022-01-25T12:53:05","modified_gmt":"2022-01-25T17:53:05","slug":"histoires-de-ponts","status":"publish","type":"page","link":"https:\/\/pontscouverts.com\/blogue\/histoires-de-ponts\/","title":{"rendered":"Histoires de ponts"},"content":{"rendered":"<p class=\"paragraph_style_5\"><strong><span style=\"color: #000000;\">Les billets historiques de Ga\u00e9tan Forest :<\/span><\/strong><\/p>\n<ul>\n<li><span style=\"color: #0000ff;\"><a style=\"color: #0000ff;\" href=\"https:\/\/pontscouverts.com\/blogue\/wp-content\/uploads\/2019\/02\/Dollard-des-Ormeaux.pdf\">La colonie Dollard-des-Ormeaux<\/a><\/span><\/li>\n<li><span style=\"color: #0000ff;\"><a style=\"color: #0000ff;\" href=\"https:\/\/pontscouverts.com\/blogue\/wp-content\/uploads\/2019\/02\/Nottaway.pdf\">Nottaway<\/a><\/span><\/li>\n<li><span style=\"color: #0000ff;\"><a style=\"color: #0000ff;\" href=\"https:\/\/pontscouverts.com\/blogue\/wp-content\/uploads\/2019\/02\/La-voie-du-sud.pdf\">La voie du sud<\/a><\/span><\/li>\n<li><span style=\"color: #0000ff;\"><a style=\"color: #0000ff;\" href=\"https:\/\/pontscouverts.com\/blogue\/wp-content\/uploads\/2019\/02\/Traverser-la-fronti\u00e8re.pdf\">Traverser la fronti\u00e8re \u00e0 Mansonville \u00e0 l\u2019\u00e9poque<\/a><\/span><\/li>\n<li><span style=\"color: #0000ff;\"><a style=\"color: #0000ff;\" href=\"https:\/\/pontscouverts.com\/blogue\/wp-content\/uploads\/2019\/02\/611820Le-Nord-et-le-Sud.pdf\">Le Nord et le Sud<\/a><\/span><\/li>\n<li><span style=\"color: #0000ff;\"><a style=\"color: #0000ff;\" href=\"https:\/\/pontscouverts.com\/blogue\/wp-content\/uploads\/2019\/02\/La-route-des-m\u00e9taux-pr\u00e9cieux.pdf\">La route des m\u00e9taux pr\u00e9cieux<\/a><\/span><\/li>\n<li><span style=\"color: #0000ff;\"><a style=\"color: #0000ff;\" href=\"https:\/\/pontscouverts.com\/blogue\/wp-content\/uploads\/2019\/02\/Des-projets-de-colonies-pour-l\u2019apr\u00e8s-guerre_3.pdf\">Des projets de colonies pour l\u2019apr\u00e8s-guerre<\/a><\/span><\/li>\n<li><span style=\"color: #0000ff;\"><a style=\"color: #0000ff;\" href=\"https:\/\/pontscouverts.com\/blogue\/wp-content\/uploads\/2019\/02\/Le-pont-des-Trappistes.pdf\">Du pont Michel-Louis au pont Price<\/a><\/span><\/li>\n<li><span style=\"color: #0000ff;\"><a style=\"color: #0000ff;\" href=\"https:\/\/pontscouverts.com\/blogue\/wp-content\/uploads\/2019\/02\/Le-pont-Tach\u00e9-du-costaud-1\u00e8re-partie.pdf\">Le pont Tach\u00e9 : du costaud<\/a> <span style=\"color: #000000;\">(premi\u00e8re partie)<\/span><\/span><\/li>\n<li><span style=\"color: #0000ff;\"><a style=\"color: #0000ff;\" href=\"https:\/\/pontscouverts.com\/blogue\/wp-content\/uploads\/2019\/02\/Le-pont-Tach\u00e9-du-costaud-2e-partie.pdf\">Le pont Tach\u00e9 : du costaud<\/a> <span style=\"color: #000000;\">(deuxi\u00e8me partie)<\/span><\/span><\/li>\n<li><span style=\"color: #0000ff;\"><a style=\"color: #0000ff;\" href=\"https:\/\/pontscouverts.com\/blogue\/wp-content\/uploads\/2019\/02\/Le-pont-croche-des-Bleus.pdf\">Le pont croche des Bleus<\/a><\/span><\/li>\n<li><a href=\"https:\/\/pontscouverts.com\/blogue\/wp-content\/uploads\/2019\/02\/Epouvante.pdf\"><span style=\"color: #0000ff;\">Le pont de l&rsquo;\u00c9pouvante<\/span><\/a><\/li>\n<li><a href=\"https:\/\/pontscouverts.com\/blogue\/wp-content\/uploads\/2020\/02\/Retour-a-Mistassini2.pdf\"><span style=\"color: #0000ff;\">Retour \u00e0 Mistassini<\/span><\/a><\/li>\n<li><a href=\"https:\/\/pontscouverts.com\/blogue\/wp-content\/uploads\/2021\/01\/La_piece_manquante.pdf\"><span style=\"color: #0000ff;\">La pi\u00e8ce manquante : le sujet d&rsquo;un tableau<\/span><\/a><\/li>\n<li><a href=\"https:\/\/pontscouverts.com\/blogue\/wp-content\/uploads\/2021\/04\/On-entend-plus-sonner-la-cloche.pdf\"><span style=\"color: #0000ff;\">On n&rsquo;entend plus sonner la cloche \u00e0 la Chute \u00e0 Magnan<\/span><\/a><\/li>\n<li><span style=\"color: #000000;\"><a href=\"https:\/\/pontscouverts.com\/blogue\/wp-content\/uploads\/2022\/01\/Par-del\u00e0-les-Monts-1\u00e8re-partie.pdf\"><span style=\"color: #0000ff;\">Par-del\u00e0 les monts<\/span><\/a> (premi\u00e8re partie)<\/span><\/li>\n<li><span style=\"color: #0000ff;\"><a href=\"https:\/\/pontscouverts.com\/blogue\/wp-content\/uploads\/2021\/05\/Par-del\u00e0-les-Monts-2e-partie.pdf\"><span style=\"color: #0000ff;\">Par-del\u00e0 les monts<\/span><\/a> <span style=\"color: #000000;\">(deuxi\u00e8me partie)<\/span><\/span><\/li>\n<li><a href=\"https:\/\/pontscouverts.com\/blogue\/wp-content\/uploads\/2022\/01\/La-signature-de-Ing\u00e9nieur.pdf\"><span style=\"color: #0000ff;\">La signature de l&rsquo;Ing\u00e9nieur<\/span><\/a><\/li>\n<li><a href=\"https:\/\/pontscouverts.com\/blogue\/wp-content\/uploads\/2021\/09\/De-Beaupr\u00e9-\u00e0-Baie-Saint-Paul.pdf\"><span style=\"color: #0000ff;\">De Beaupr\u00e9 \u00e0 Baie-Saint-Paul<\/span><\/a><\/li>\n<\/ul>\n<p><strong><span style=\"color: #000000;\">Les chroniques de G\u00e9rald Arbour :<\/span><\/strong><\/p>\n<p class=\"paragraph_style_13\"><span style=\"color: #0000ff;\"><span class=\"style_4\" style=\"color: #000000;\">Chronique 1 :<\/span> <a style=\"color: #0000ff;\" href=\"https:\/\/pontscouverts.com\/blogue\/wp-content\/uploads\/2019\/03\/Chroniques1.pdf\">Du recyclage \u00e0 Ste-Ursule<\/a><span class=\"style_5\"><br \/>\n<\/span><\/span><\/p>\n<p class=\"paragraph_style_13\"><span style=\"color: #0000ff;\"><span class=\"style_4\" style=\"color: #000000;\">Chronique 2 :<\/span> <a href=\"https:\/\/pontscouverts.com\/blogue\/wp-content\/uploads\/2019\/03\/Chroniques2.pdf\"><span class=\"style_6\"><span style=\"color: #0000ff;\">Un formidable coup d\u2019eau dans les Cantons de l\u2019Est<\/span><\/span><\/a><span class=\"style_5\"><br \/>\n<\/span><\/span><\/p>\n<p class=\"paragraph_style_13\"><span style=\"color: #0000ff;\"><span class=\"style_4\" style=\"color: #000000;\">Chronique 3 :<\/span> <a style=\"color: #0000ff;\" href=\"https:\/\/pontscouverts.com\/blogue\/wp-content\/uploads\/2019\/03\/Chronique3.pdf\">Accommodements temporaires<\/a><\/span><\/p>\n<p class=\"paragraph_style_13\"><span style=\"color: #0000ff;\"><span class=\"style_4\" style=\"color: #000000;\">Chronique 4 : <\/span><a style=\"color: #0000ff;\" href=\"https:\/\/pontscouverts.com\/blogue\/wp-content\/uploads\/2019\/03\/Chronique4.pdf\">Le pont Price : \u00e9volution d\u2019une structure<\/a><\/span><\/p>\n<p class=\"paragraph_style_13\"><span style=\"color: #0000ff;\"><span class=\"style_4\" style=\"color: #000000;\">Chronique 5 : <\/span><a style=\"color: #0000ff;\" href=\"https:\/\/pontscouverts.com\/blogue\/wp-content\/uploads\/2019\/03\/Chronique5.pdf\">Turbulences \u00e0 la chute du Grand-Remous<\/a><span class=\"style_4\"><br \/>\n<\/span><\/span><\/p>\n<p class=\"paragraph_style_13\"><span style=\"color: #0000ff;\"><span class=\"style_4\" style=\"color: #000000;\">Chronique 6 : <\/span><a style=\"color: #0000ff;\" href=\"https:\/\/pontscouverts.com\/blogue\/wp-content\/uploads\/2019\/03\/Chronique06.pdf\">Un gros chantier \u00e0 Val-Alain<\/a><span class=\"style_4\"><br \/>\n<\/span><\/span><\/p>\n<p class=\"paragraph_style_13\"><span style=\"color: #0000ff;\"><span class=\"style_4\" style=\"color: #000000;\">Chronique 7 : <\/span><a style=\"color: #0000ff;\" href=\"https:\/\/pontscouverts.com\/blogue\/wp-content\/uploads\/2019\/03\/Chronique07.pdf\">Un ruisseau \u00e0 franchir<\/a><span class=\"style_4\"><br \/>\n<\/span><\/span><\/p>\n<p class=\"paragraph_style_13\"><span style=\"color: #0000ff;\"><span class=\"style_4\" style=\"color: #000000;\">Chronique 8 : <\/span><a href=\"https:\/\/pontscouverts.com\/blogue\/wp-content\/uploads\/2019\/03\/Chronique-8.pdf\"><span style=\"color: #0000ff;\">La premi\u00e8re traverse Thiffault et son voisin<\/span><\/a><\/span><\/p>\n<p class=\"paragraph_style_14\"><span class=\"style_7\" style=\"color: #000000;\">Hors-s\u00e9rie 1 : <\/span><span style=\"color: #0000ff;\"><a style=\"color: #0000ff;\" href=\"https:\/\/pontscouverts.com\/blogue\/wp-content\/uploads\/2019\/03\/LE-SAINT.pdf\"><span class=\"style_8\">Le Saint-Edgar sous protectorat<\/span><\/a><\/span><\/p>\n<p><span style=\"color: #000000;\">Hors-s\u00e9rie 2 :<\/span> <a href=\"https:\/\/pontscouverts.com\/blogue\/2016\/03\/10\/les-traverses-de-chambly\/\"><span style=\"color: #0000ff;\">Les traverses de Chambly<\/span><\/a><\/p>\n<p><span style=\"color: #000000;\">Hors-s\u00e9rie 3 :<\/span> <a href=\"https:\/\/pontscouverts.com\/blogue\/wp-content\/uploads\/2020\/05\/Ecusson.pdf\"><span style=\"color: #0000ff;\">Au-dela de l&rsquo;image<\/span><\/a><\/p>\n<p><span style=\"color: #000000;\">Hors-s\u00e9rie 4 :<\/span> <a href=\"https:\/\/pontscouverts.com\/blogue\/wp-content\/uploads\/2021\/11\/La-route-des-ponts-couverts.pdf\"><span style=\"color: #0000ff;\">La route des ponts couverts et les guides touristiques<\/span><\/a><\/p>\n","protected":false},"excerpt":{"rendered":"<p>Les billets historiques de Ga\u00e9tan Forest : La colonie Dollard-des-Ormeaux Nottaway La voie du sud Traverser la fronti\u00e8re \u00e0 Mansonville \u00e0 l\u2019\u00e9poque Le Nord et le Sud La route des m\u00e9taux pr\u00e9cieux Des projets de colonies pour l\u2019apr\u00e8s-guerre Du pont Michel-Louis au pont Price Le pont Tach\u00e9 : du costaud (premi\u00e8re partie) Le pont Tach\u00e9 [&hellip;]<\/p>\n","protected":false},"author":1,"featured_media":0,"parent":0,"menu_order":0,"comment_status":"closed","ping_status":"closed","template":"","meta":[],"_links":{"self":[{"href":"https:\/\/pontscouverts.com\/blogue\/wp-json\/wp\/v2\/pages\/23231"}],"collection":[{"href":"https:\/\/pontscouverts.com\/blogue\/wp-json\/wp\/v2\/pages"}],"about":[{"href":"https:\/\/pontscouverts.com\/blogue\/wp-json\/wp\/v2\/types\/page"}],"author":[{"embeddable":true,"href":"https:\/\/pontscouverts.com\/blogue\/wp-json\/wp\/v2\/users\/1"}],"replies":[{"embeddable":true,"href":"https:\/\/pontscouverts.com\/blogue\/wp-json\/wp\/v2\/comments?post=23231"}],"version-history":[{"count":59,"href":"https:\/\/pontscouverts.com\/blogue\/wp-json\/wp\/v2\/pages\/23231\/revisions"}],"predecessor-version":[{"id":34358,"href":"https:\/\/pontscouverts.com\/blogue\/wp-json\/wp\/v2\/pages\/23231\/revisions\/34358"}],"wp:attachment":[{"href":"https:\/\/pontscouverts.com\/blogue\/wp-json\/wp\/v2\/media?parent=23231"}],"curies":[{"name":"wp","href":"https:\/\/api.w.org\/{rel}","templated":true}]}}