{"id":20687,"date":"2018-09-20T21:31:58","date_gmt":"2018-09-21T01:31:58","guid":{"rendered":"http:\/\/pontscouverts.com\/blogue\/?page_id=20687"},"modified":"2021-07-04T10:17:26","modified_gmt":"2021-07-04T14:17:26","slug":"pont-ojima","status":"publish","type":"page","link":"https:\/\/pontscouverts.com\/blogue\/pont-ojima\/","title":{"rendered":"Pont Ojima"},"content":{"rendered":"<h1 class=\"paragraph_style_2\"><span style=\"color: #008000;\"><em><strong><span class=\"style_2\">Abitibi-T\u00e9miscamingue<\/span><\/strong><\/em><\/span><\/h1>\n<h2 class=\"paragraph_style_3\">St-Eug\u00e8ne-de-Chazel (TNO de Rivi\u00e8re-Ojima)<\/h2>\n<div id=\"attachment_20725\" style=\"width: 660px\" class=\"wp-caption alignnone\"><a href=\"http:\/\/pontscouverts.com\/blogue\/wp-content\/uploads\/2018\/09\/Ojima3.jpg\"><img aria-describedby=\"caption-attachment-20725\" loading=\"lazy\" class=\"wp-image-20725\" src=\"http:\/\/pontscouverts.com\/blogue\/wp-content\/uploads\/2018\/09\/Ojima3.jpg\" alt=\"\" width=\"650\" height=\"654\" srcset=\"https:\/\/pontscouverts.com\/blogue\/wp-content\/uploads\/2018\/09\/Ojima3.jpg 736w, https:\/\/pontscouverts.com\/blogue\/wp-content\/uploads\/2018\/09\/Ojima3-150x150.jpg 150w, https:\/\/pontscouverts.com\/blogue\/wp-content\/uploads\/2018\/09\/Ojima3-298x300.jpg 298w\" sizes=\"(max-width: 650px) 100vw, 650px\" \/><\/a><p id=\"caption-attachment-20725\" class=\"wp-caption-text\">Source : MTQ (1970)<\/p><\/div>\n<p><span style=\"color: #000000;\"><strong>Construction :<\/strong> 1953<\/span><br \/>\n<span style=\"color: #000000;\"><strong>Longueur :<\/strong> 81 pieds<\/span><br \/>\n<span style=\"color: #000000;\"><strong>Cours d\u2019eau :<\/strong> Rivi\u00e8re Ojima<\/span><br \/>\n<span style=\"color: #000000;\"><strong>Statut :<\/strong> D\u00e9moli vers 1973<\/span><br \/>\n<span style=\"color: #000000;\"><strong>Localisation :<\/strong> Rangs 8 et 9<\/span><br \/>\n<span style=\"color: #000000;\"><strong>Type de ferme :<\/strong> Town \u00e9labor\u00e9<\/span><br \/>\n<span style=\"color: #000000;\"><strong>No officiel :<\/strong> 61-02-38<\/span><br \/>\n<a href=\"http:\/\/languedoc.ao.ca\/fr\/\" target=\"_blank\" rel=\"noopener\"><strong><span style=\"color: #0000ff;\">Site Web de la ville<\/span><\/strong><\/a><\/p>\n<h2><span style=\"color: #008000;\"><strong>\u00c0 propos de ce pont :<\/strong><\/span><\/h2>\n<p style=\"text-align: justify;\"><span style=\"color: #000000;\">Ce pont a \u00e9t\u00e9 construit en 1953 \u00e0 la demande d\u2019une compagnie foresti\u00e8re de la ville de La Sarre.<\/span><br \/>\n<span style=\"color: #000000;\">Aucun chemin n\u2019a \u00e9t\u00e9 reli\u00e9 \u00e0 ce pont couvert qui n\u2019a donc jamais servi.<\/span><br \/>\n<span style=\"color: #000000;\">Ce pont \u00e9tait situ\u00e9 \u00e0 environ un km du fameux pont Blanc.<\/span><br \/>\n<span style=\"color: #000000;\">Le pont Ojima aurait \u00e9t\u00e9 d\u00e9mont\u00e9 par des gens du coin qui cherchaient du bois pour se construire un chalet.<\/span><\/p>\n<h2><span style=\"color: #008000;\"><strong>Article connexe :<\/strong><\/span><\/h2>\n<ul>\n<li><span style=\"color: #0000ff;\"><a style=\"color: #0000ff;\" href=\"https:\/\/pontscouverts.com\/blogue\/2018\/09\/20\/en-canot-jusquau-site-du-mystique-pont-ojima\/\">En canot jusqu&rsquo;au site du mystique pont Ojima (2018)<\/a><br \/>\n<\/span><\/li>\n<\/ul>\n<h1 style=\"text-align: center;\"><span style=\"color: #333399;\">GALERIE DE PHOTOS<\/span><\/h1>\n\n\t\t<style type=\"text\/css\">\n\t\t\t#gallery-1 {\n\t\t\t\tmargin: auto;\n\t\t\t}\n\t\t\t#gallery-1 .gallery-item {\n\t\t\t\tfloat: left;\n\t\t\t\tmargin-top: 10px;\n\t\t\t\ttext-align: center;\n\t\t\t\twidth: 33%;\n\t\t\t}\n\t\t\t#gallery-1 img {\n\t\t\t\tborder: 2px solid #cfcfcf;\n\t\t\t}\n\t\t\t#gallery-1 .gallery-caption {\n\t\t\t\tmargin-left: 0;\n\t\t\t}\n\t\t\t\/* see gallery_shortcode() in wp-includes\/media.php *\/\n\t\t<\/style>\n\t\t<div id='gallery-1' class='gallery galleryid-20687 gallery-columns-3 gallery-size-thumbnail'><dl class='gallery-item'>\n\t\t\t<dt class='gallery-icon landscape'>\n\t\t\t\t<a href='https:\/\/pontscouverts.com\/blogue\/wp-content\/uploads\/2018\/09\/Ojima001.jpg'><img width=\"150\" height=\"93\" src=\"https:\/\/pontscouverts.com\/blogue\/wp-content\/uploads\/2018\/09\/Ojima001-e1537489031391-150x93.jpg\" class=\"attachment-thumbnail size-thumbnail\" alt=\"\" loading=\"lazy\" aria-describedby=\"gallery-1-20705\" \/><\/a>\n\t\t\t<\/dt>\n\t\t\t\t<dd class='wp-caption-text gallery-caption' id='gallery-1-20705'>\n\t\t\t\tLocalisation Google S. Pratte\n\t\t\t\t<\/dd><\/dl><dl class='gallery-item'>\n\t\t\t<dt class='gallery-icon portrait'>\n\t\t\t\t<a href='https:\/\/pontscouverts.com\/blogue\/wp-content\/uploads\/2018\/09\/Ojima3.jpg'><img width=\"150\" height=\"150\" src=\"https:\/\/pontscouverts.com\/blogue\/wp-content\/uploads\/2018\/09\/Ojima3-150x150.jpg\" class=\"attachment-thumbnail size-thumbnail\" alt=\"\" loading=\"lazy\" aria-describedby=\"gallery-1-20725\" srcset=\"https:\/\/pontscouverts.com\/blogue\/wp-content\/uploads\/2018\/09\/Ojima3-150x150.jpg 150w, https:\/\/pontscouverts.com\/blogue\/wp-content\/uploads\/2018\/09\/Ojima3-298x300.jpg 298w, https:\/\/pontscouverts.com\/blogue\/wp-content\/uploads\/2018\/09\/Ojima3.jpg 736w\" sizes=\"(max-width: 150px) 100vw, 150px\" \/><\/a>\n\t\t\t<\/dt>\n\t\t\t\t<dd class='wp-caption-text gallery-caption' id='gallery-1-20725'>\n\t\t\t\tMTQ (1970)\n\t\t\t\t<\/dd><\/dl><dl class='gallery-item'>\n\t\t\t<dt class='gallery-icon landscape'>\n\t\t\t\t<a href='https:\/\/pontscouverts.com\/blogue\/wp-content\/uploads\/2018\/09\/Ojima2.jpg'><img width=\"150\" height=\"150\" src=\"https:\/\/pontscouverts.com\/blogue\/wp-content\/uploads\/2018\/09\/Ojima2-150x150.jpg\" class=\"attachment-thumbnail size-thumbnail\" alt=\"\" loading=\"lazy\" aria-describedby=\"gallery-1-20724\" \/><\/a>\n\t\t\t<\/dt>\n\t\t\t\t<dd class='wp-caption-text gallery-caption' id='gallery-1-20724'>\n\t\t\t\tMTQ (1970)\n\t\t\t\t<\/dd><\/dl><br style=\"clear: both\" \/><dl class='gallery-item'>\n\t\t\t<dt class='gallery-icon landscape'>\n\t\t\t\t<a href='https:\/\/pontscouverts.com\/blogue\/wp-content\/uploads\/2018\/09\/Ojima1.jpg'><img width=\"150\" height=\"150\" src=\"https:\/\/pontscouverts.com\/blogue\/wp-content\/uploads\/2018\/09\/Ojima1-150x150.jpg\" class=\"attachment-thumbnail size-thumbnail\" alt=\"\" loading=\"lazy\" aria-describedby=\"gallery-1-20723\" \/><\/a>\n\t\t\t<\/dt>\n\t\t\t\t<dd class='wp-caption-text gallery-caption' id='gallery-1-20723'>\n\t\t\t\tMTQ (1970)\n\t\t\t\t<\/dd><\/dl><dl class='gallery-item'>\n\t\t\t<dt class='gallery-icon landscape'>\n\t\t\t\t<a href='https:\/\/pontscouverts.com\/blogue\/wp-content\/uploads\/2018\/09\/Ojima006.jpg'><img width=\"150\" height=\"113\" src=\"https:\/\/pontscouverts.com\/blogue\/wp-content\/uploads\/2018\/09\/Ojima006-e1537489120451-150x113.jpg\" class=\"attachment-thumbnail size-thumbnail\" alt=\"\" loading=\"lazy\" aria-describedby=\"gallery-1-20710\" \/><\/a>\n\t\t\t<\/dt>\n\t\t\t\t<dd class='wp-caption-text gallery-caption' id='gallery-1-20710'>\n\t\t\t\tSimon Pratte Ao\u00fbt 2018\n\t\t\t\t<\/dd><\/dl><dl class='gallery-item'>\n\t\t\t<dt class='gallery-icon landscape'>\n\t\t\t\t<a href='https:\/\/pontscouverts.com\/blogue\/wp-content\/uploads\/2018\/09\/Ojima005.jpg'><img width=\"150\" height=\"113\" src=\"https:\/\/pontscouverts.com\/blogue\/wp-content\/uploads\/2018\/09\/Ojima005-e1537489102650-150x113.jpg\" class=\"attachment-thumbnail size-thumbnail\" alt=\"\" loading=\"lazy\" aria-describedby=\"gallery-1-20709\" \/><\/a>\n\t\t\t<\/dt>\n\t\t\t\t<dd class='wp-caption-text gallery-caption' id='gallery-1-20709'>\n\t\t\t\tSimon Pratte Ao\u00fbt 2018\n\t\t\t\t<\/dd><\/dl><br style=\"clear: both\" \/><dl class='gallery-item'>\n\t\t\t<dt class='gallery-icon landscape'>\n\t\t\t\t<a href='https:\/\/pontscouverts.com\/blogue\/wp-content\/uploads\/2018\/09\/Ojima004.jpg'><img width=\"150\" height=\"113\" src=\"https:\/\/pontscouverts.com\/blogue\/wp-content\/uploads\/2018\/09\/Ojima004-e1537489084115-150x113.jpg\" class=\"attachment-thumbnail size-thumbnail\" alt=\"\" loading=\"lazy\" aria-describedby=\"gallery-1-20708\" \/><\/a>\n\t\t\t<\/dt>\n\t\t\t\t<dd class='wp-caption-text gallery-caption' id='gallery-1-20708'>\n\t\t\t\tSimon Pratte Ao\u00fbt 2018\n\t\t\t\t<\/dd><\/dl><dl class='gallery-item'>\n\t\t\t<dt class='gallery-icon landscape'>\n\t\t\t\t<a href='https:\/\/pontscouverts.com\/blogue\/wp-content\/uploads\/2018\/09\/Ojima003.jpg'><img width=\"150\" height=\"113\" src=\"https:\/\/pontscouverts.com\/blogue\/wp-content\/uploads\/2018\/09\/Ojima003-e1537489066340-150x113.jpg\" class=\"attachment-thumbnail size-thumbnail\" alt=\"\" loading=\"lazy\" aria-describedby=\"gallery-1-20707\" \/><\/a>\n\t\t\t<\/dt>\n\t\t\t\t<dd class='wp-caption-text gallery-caption' id='gallery-1-20707'>\n\t\t\t\tSimon Pratte Ao\u00fbt 2018\n\t\t\t\t<\/dd><\/dl><dl class='gallery-item'>\n\t\t\t<dt class='gallery-icon landscape'>\n\t\t\t\t<a href='https:\/\/pontscouverts.com\/blogue\/wp-content\/uploads\/2018\/09\/Ojima002.jpg'><img width=\"150\" height=\"113\" src=\"https:\/\/pontscouverts.com\/blogue\/wp-content\/uploads\/2018\/09\/Ojima002-e1537489048383-150x113.jpg\" class=\"attachment-thumbnail size-thumbnail\" alt=\"\" loading=\"lazy\" aria-describedby=\"gallery-1-20706\" \/><\/a>\n\t\t\t<\/dt>\n\t\t\t\t<dd class='wp-caption-text gallery-caption' id='gallery-1-20706'>\n\t\t\t\tSimon Pratte Ao\u00fbt 2018\n\t\t\t\t<\/dd><\/dl><br style=\"clear: both\" \/><dl class='gallery-item'>\n\t\t\t<dt class='gallery-icon landscape'>\n\t\t\t\t<a href='https:\/\/pontscouverts.com\/blogue\/wp-content\/uploads\/2018\/09\/Ojima07.jpg'><img width=\"150\" height=\"150\" src=\"https:\/\/pontscouverts.com\/blogue\/wp-content\/uploads\/2018\/09\/Ojima07-150x150.jpg\" class=\"attachment-thumbnail size-thumbnail\" alt=\"\" loading=\"lazy\" aria-describedby=\"gallery-1-20703\" \/><\/a>\n\t\t\t<\/dt>\n\t\t\t\t<dd class='wp-caption-text gallery-caption' id='gallery-1-20703'>\n\t\t\t\tSimon Pratte Ao\u00fbt 2018\n\t\t\t\t<\/dd><\/dl>\n\t\t\t<br style='clear: both' \/>\n\t\t<\/div>\n\n","protected":false},"excerpt":{"rendered":"<p>Abitibi-T\u00e9miscamingue St-Eug\u00e8ne-de-Chazel (TNO de Rivi\u00e8re-Ojima) Construction : 1953 Longueur : 81 pieds Cours d\u2019eau : Rivi\u00e8re Ojima Statut : D\u00e9moli vers 1973 Localisation : Rangs 8 et 9 Type de ferme : Town \u00e9labor\u00e9 No officiel : 61-02-38 Site Web de la ville \u00c0 propos de ce pont : Ce pont a \u00e9t\u00e9 construit en [&hellip;]<\/p>\n","protected":false},"author":1,"featured_media":0,"parent":0,"menu_order":0,"comment_status":"closed","ping_status":"closed","template":"","meta":[],"_links":{"self":[{"href":"https:\/\/pontscouverts.com\/blogue\/wp-json\/wp\/v2\/pages\/20687"}],"collection":[{"href":"https:\/\/pontscouverts.com\/blogue\/wp-json\/wp\/v2\/pages"}],"about":[{"href":"https:\/\/pontscouverts.com\/blogue\/wp-json\/wp\/v2\/types\/page"}],"author":[{"embeddable":true,"href":"https:\/\/pontscouverts.com\/blogue\/wp-json\/wp\/v2\/users\/1"}],"replies":[{"embeddable":true,"href":"https:\/\/pontscouverts.com\/blogue\/wp-json\/wp\/v2\/comments?post=20687"}],"version-history":[{"count":21,"href":"https:\/\/pontscouverts.com\/blogue\/wp-json\/wp\/v2\/pages\/20687\/revisions"}],"predecessor-version":[{"id":32365,"href":"https:\/\/pontscouverts.com\/blogue\/wp-json\/wp\/v2\/pages\/20687\/revisions\/32365"}],"wp:attachment":[{"href":"https:\/\/pontscouverts.com\/blogue\/wp-json\/wp\/v2\/media?parent=20687"}],"curies":[{"name":"wp","href":"https:\/\/api.w.org\/{rel}","templated":true}]}}