{"id":20256,"date":"2018-09-03T19:19:11","date_gmt":"2018-09-03T23:19:11","guid":{"rendered":"http:\/\/pontscouverts.com\/blogue\/?page_id=20256"},"modified":"2025-10-09T20:23:55","modified_gmt":"2025-10-10T00:23:55","slug":"autres-ponts","status":"publish","type":"page","link":"https:\/\/pontscouverts.com\/blogue\/autres-ponts\/","title":{"rendered":"Autres ponts"},"content":{"rendered":"<h2 style=\"text-align: left;\"><span style=\"color: #333399;\">Les ponts couverts du Qu\u00e9bec d\u00e9m\u00e9nag\u00e9s ou de construction r\u00e9cente<\/span><\/h2>\n<p class=\"paragraph_style_4\" style=\"text-align: justify;\"><span style=\"color: #000000;\">Au fil des ann\u00e9es, certains ponts couverts ont \u00e9t\u00e9 d\u00e9m\u00e9nag\u00e9s de leur site original pour diverses raisons. Bien qu\u2019ils poss\u00e8dent une riche histoire, ces ponts ont laiss\u00e9 derri\u00e8re eux une partie importante de leur vie lorsqu\u2019ils ont \u00e9t\u00e9 d\u00e9racin\u00e9s de leur lieu d\u2019origine.<\/span><\/p>\n<p class=\"paragraph_style_4\" style=\"text-align: justify;\"><span style=\"color: #000000;\">Il arrive aussi parfois qu\u2019un pont couvert incendi\u00e9 soit reconstruit par la suite. On retrouve \u00e9galement des ponts couverts \u00e9rig\u00e9s afin d\u2019\u00eatre int\u00e9gr\u00e9s \u00e0 un r\u00e9seau de piste cyclable. On voit m\u00eame \u00e0 l\u2019occasion un pont couvert sur une propri\u00e9t\u00e9 priv\u00e9e ou sur un terrain de golf. Ces structures n\u2019ont aucune valeur historique et ne font certainement pas partie de notre patrimoine b\u00e2ti, mais puisqu\u2019il y a un certain int\u00e9r\u00eat, je vais en inclure sur le site.<\/span><\/p>\n<div id=\"attachment_20263\" style=\"width: 310px\" class=\"wp-caption aligncenter\"><a href=\"http:\/\/pontscouverts.com\/blogue\/wp-content\/uploads\/2018\/09\/DSCN0323.jpg\"><img aria-describedby=\"caption-attachment-20263\" loading=\"lazy\" class=\"wp-image-20263 size-medium\" src=\"http:\/\/pontscouverts.com\/blogue\/wp-content\/uploads\/2018\/09\/DSCN0323-300x225.jpg\" alt=\"\" width=\"300\" height=\"225\" srcset=\"https:\/\/pontscouverts.com\/blogue\/wp-content\/uploads\/2018\/09\/DSCN0323-300x225.jpg 300w, https:\/\/pontscouverts.com\/blogue\/wp-content\/uploads\/2018\/09\/DSCN0323-768x576.jpg 768w, https:\/\/pontscouverts.com\/blogue\/wp-content\/uploads\/2018\/09\/DSCN0323-1024x768.jpg 1024w\" sizes=\"(max-width: 300px) 100vw, 300px\" \/><\/a><p id=\"caption-attachment-20263\" class=\"wp-caption-text\">Le pont Beaus\u00e9jour<\/p><\/div>\n<p><strong><span style=\"color: #ff0000;\">BAS-ST-LAURENT<\/span><\/strong><br \/>\n<a href=\"https:\/\/www.pontscouverts.com\/Pontscouverts1\/Beausejour.html\"><span style=\"color: #0000ff;\">Pont Beaus\u00e9jour<\/span><\/a>\u00a0 \u00a0<span style=\"color: #000000;\">(Amqui)<\/span><br \/>\n<span style=\"color: #0000ff;\"><a style=\"color: #0000ff;\" href=\"https:\/\/www.pontscouverts.com\/Pontscouverts2\/Ste-Florence.html\">Pont de Ste-Florence<\/a> \u00a0 <span style=\"color: #000000;\">(Ste-Florence)<\/span><\/span><\/p>\n<p><strong><span style=\"color: #ff0000;\">CENTRE-DU-QU\u00c9BEC<\/span><\/strong><br \/>\n<a href=\"https:\/\/www.pontscouverts.com\/Pontscouverts1\/Fournier-Tellier.html\"><span style=\"color: #0000ff;\">Pont Fournier-Tellier<\/span><\/a>\u00a0 \u00a0<span style=\"color: #000000;\">(St-Val\u00e8re)<\/span><br \/>\n<span style=\"color: #0000ff;\"><a style=\"color: #0000ff;\" href=\"https:\/\/pontscouverts.com\/blogue\/pont-monaghan\/\">Pont Monaghan (Davitt)<\/a>\u00a0<\/span> \u00a0<span style=\"color: #000000;\">(Drummondville)<\/span><\/p>\n<p><strong><span style=\"color: #ff0000;\">CHAUDI\u00c8RE-APPALACHES<\/span><\/strong><br \/>\n<a href=\"https:\/\/pontscouverts.com\/blogue\/pont-napoleon-grondin\/\"><span style=\"color: #0000ff;\">Pont Napol\u00e9on-Grondin<\/span><\/a>\u00a0 \u00a0(St-\u00c9phrem-Station)<\/p>\n<p><strong><span style=\"color: #ff0000;\">ESTRIE<\/span><\/strong><br \/>\n<a href=\"https:\/\/www.pontscouverts.com\/Pontscouverts1\/Coaticook.html\"><span style=\"color: #0000ff;\">Pont du Parc de la Gorge-de-Coaticook<\/span><\/a>\u00a0 \u00a0<span style=\"color: #000000;\">(Coaticook)<\/span><br \/>\n<a href=\"https:\/\/www.pontscouverts.com\/Pontscouverts2\/Vieux-Moulin.html\"><span style=\"color: #0000ff;\">Pont Paul-\u00c9mile-Gigu\u00e8re<\/span><\/a>\u00a0 \u00a0<span style=\"color: #000000;\">(Ulverton)<\/span><\/p>\n<p><strong><span style=\"color: #ff0000;\">LANAUDI\u00c8RE<\/span><\/strong><br \/>\n<a href=\"https:\/\/pontscouverts.com\/blogue\/pont-edward\/\"><span style=\"color: #0000ff;\">Pont Edward<\/span><\/a>\u00a0 \u00a0<span style=\"color: #000000;\">(Rawdon)<\/span><\/p>\n<p><strong><span style=\"color: #ff0000;\">MONT\u00c9R\u00c9GIE<\/span><\/strong><br \/>\n<a href=\"https:\/\/www.pontscouverts.com\/Pontscouverts2\/St-Jude.html\"><span style=\"color: #0000ff;\">Pont de St-Jude<\/span><\/a>\u00a0 \u00a0<span style=\"color: #000000;\">(St-Jude)<\/span><\/p>\n<p><strong><span style=\"color: #ff0000;\">OUTAOUAIS<\/span><\/strong><br \/>\n<a href=\"https:\/\/www.pontscouverts.com\/Pontscouverts1\/Brabant-Philippe.html\"><span style=\"color: #0000ff;\">Pont Brabant-Philippe<\/span><\/a>\u00a0 \u00a0<span style=\"color: #000000;\">(Gatineau)<\/span><br \/>\n<a href=\"https:\/\/www.pontscouverts.com\/Pontscouverts1\/La_Peche.html\"><span style=\"color: #0000ff;\">Pont du Parc de la Gatineau<\/span><\/a>\u00a0 \u00a0<span style=\"color: #000000;\">(Ste-C\u00e9cile-de-Masham)<\/span><br \/>\n<a href=\"https:\/\/www.pontscouverts.com\/Pontscouverts1\/GendronNouveau.html\"><span style=\"color: #0000ff;\">Pont de Wakefield<\/span><\/a>\u00a0 \u00a0<span style=\"color: #000000;\">(Wakefield)<\/span><br \/>\n<a href=\"https:\/\/www.pontscouverts.com\/Pontscouverts2\/Roland-Houet.html\"><span style=\"color: #0000ff;\">Pont Roland-Hou\u00ebt<\/span><\/a>\u00a0 \u00a0<span style=\"color: #000000;\">(Gatineau)<\/span><\/p>\n<p><strong><span style=\"color: #ff0000;\">SAGUENAY-LAC-ST-JEAN<\/span><\/strong><br \/>\n<a href=\"https:\/\/www.pontscouverts.com\/Pontscouverts2\/Painchaud.html\"><span style=\"color: #0000ff;\">Pont Painchaud<\/span><\/a>\u00a0 <span style=\"color: #000000;\">\u00a0(St-M\u00e9thode)<\/span><\/p>\n<div id=\"attachment_20264\" style=\"width: 600px\" class=\"wp-caption aligncenter\"><a href=\"http:\/\/pontscouverts.com\/blogue\/wp-content\/uploads\/2018\/09\/P8130438.jpg\"><img aria-describedby=\"caption-attachment-20264\" loading=\"lazy\" class=\"wp-image-20264 size-large\" src=\"http:\/\/pontscouverts.com\/blogue\/wp-content\/uploads\/2018\/09\/P8130438-1024x768.jpg\" alt=\"\" width=\"590\" height=\"443\" srcset=\"https:\/\/pontscouverts.com\/blogue\/wp-content\/uploads\/2018\/09\/P8130438-1024x768.jpg 1024w, https:\/\/pontscouverts.com\/blogue\/wp-content\/uploads\/2018\/09\/P8130438-300x225.jpg 300w, https:\/\/pontscouverts.com\/blogue\/wp-content\/uploads\/2018\/09\/P8130438-768x576.jpg 768w\" sizes=\"(max-width: 590px) 100vw, 590px\" \/><\/a><p id=\"caption-attachment-20264\" class=\"wp-caption-text\">Le pont Painchaud<\/p><\/div>\n","protected":false},"excerpt":{"rendered":"<p>Les ponts couverts du Qu\u00e9bec d\u00e9m\u00e9nag\u00e9s ou de construction r\u00e9cente Au fil des ann\u00e9es, certains ponts couverts ont \u00e9t\u00e9 d\u00e9m\u00e9nag\u00e9s de leur site original pour diverses raisons. Bien qu\u2019ils poss\u00e8dent une riche histoire, ces ponts ont laiss\u00e9 derri\u00e8re eux une partie importante de leur vie lorsqu\u2019ils ont \u00e9t\u00e9 d\u00e9racin\u00e9s de leur lieu d\u2019origine. Il arrive [&hellip;]<\/p>\n","protected":false},"author":1,"featured_media":0,"parent":0,"menu_order":0,"comment_status":"closed","ping_status":"closed","template":"","meta":[],"_links":{"self":[{"href":"https:\/\/pontscouverts.com\/blogue\/wp-json\/wp\/v2\/pages\/20256"}],"collection":[{"href":"https:\/\/pontscouverts.com\/blogue\/wp-json\/wp\/v2\/pages"}],"about":[{"href":"https:\/\/pontscouverts.com\/blogue\/wp-json\/wp\/v2\/types\/page"}],"author":[{"embeddable":true,"href":"https:\/\/pontscouverts.com\/blogue\/wp-json\/wp\/v2\/users\/1"}],"replies":[{"embeddable":true,"href":"https:\/\/pontscouverts.com\/blogue\/wp-json\/wp\/v2\/comments?post=20256"}],"version-history":[{"count":18,"href":"https:\/\/pontscouverts.com\/blogue\/wp-json\/wp\/v2\/pages\/20256\/revisions"}],"predecessor-version":[{"id":40883,"href":"https:\/\/pontscouverts.com\/blogue\/wp-json\/wp\/v2\/pages\/20256\/revisions\/40883"}],"wp:attachment":[{"href":"https:\/\/pontscouverts.com\/blogue\/wp-json\/wp\/v2\/media?parent=20256"}],"curies":[{"name":"wp","href":"https:\/\/api.w.org\/{rel}","templated":true}]}}