{"id":2,"date":"2011-11-01T19:37:19","date_gmt":"2011-11-01T23:37:19","guid":{"rendered":"http:\/\/pontscouverts.com\/blogue\/?page_id=2"},"modified":"2024-05-21T09:07:37","modified_gmt":"2024-05-21T13:07:37","slug":"apropos","status":"publish","type":"page","link":"https:\/\/pontscouverts.com\/blogue\/apropos\/","title":{"rendered":"\u00c0 propos de moi"},"content":{"rendered":"<p style=\"text-align: justify;\">Mon nom est Pascal. Je suis natif de Longueuil et j\u2019habite toujours cette ville.<\/p>\n<p style=\"text-align: justify;\">Je travaille comme technicien \u00e0 la r\u00e9f\u00e9rence pour le R\u00e9seau des biblioth\u00e8ques publiques de Longueuil. Mon travail me permet d\u2019acc\u00e9der facilement \u00e0 de la documentation sur le patrimoine qu\u00e9b\u00e9cois, ma grande passion. Tout ce qui porte sur le patrimoine b\u00e2ti m\u2019int\u00e9resse, mais, j\u2019affectionne particuli\u00e8rement les ponts couverts.<\/p>\n<p style=\"text-align: justify;\">Je suis le webmestre de ce site depuis mai 2008.\u00a0 Au d\u00e9part, j\u2019avais peu de connaissances sur le sujet. Apr\u00e8s avoir visit\u00e9 plus d\u2019une fois tous les ponts couverts du Qu\u00e9bec, avoir lu sur le sujet, en avoir parl\u00e9 avec des experts et avoir \u00e9crit un blogue \u00e0 raison de 5 jours semaine, je demeure toujours un amateur mais \u2026 un amateur avis\u00e9.<\/p>\n<div id=\"attachment_36383\" style=\"width: 510px\" class=\"wp-caption aligncenter\"><a href=\"https:\/\/pontscouverts.com\/blogue\/wp-content\/uploads\/2022\/12\/DSC_0190.jpg\"><img aria-describedby=\"caption-attachment-36383\" loading=\"lazy\" class=\"wp-image-36383\" src=\"https:\/\/pontscouverts.com\/blogue\/wp-content\/uploads\/2022\/12\/DSC_0190-1024x683.jpg\" alt=\"\" width=\"500\" height=\"333\" srcset=\"https:\/\/pontscouverts.com\/blogue\/wp-content\/uploads\/2022\/12\/DSC_0190-1024x683.jpg 1024w, https:\/\/pontscouverts.com\/blogue\/wp-content\/uploads\/2022\/12\/DSC_0190-300x200.jpg 300w, https:\/\/pontscouverts.com\/blogue\/wp-content\/uploads\/2022\/12\/DSC_0190-768x512.jpg 768w, https:\/\/pontscouverts.com\/blogue\/wp-content\/uploads\/2022\/12\/DSC_0190-624x416.jpg 624w\" sizes=\"(max-width: 500px) 100vw, 500px\" \/><\/a><p id=\"caption-attachment-36383\" class=\"wp-caption-text\">Photo : Sylvie Cr\u00e9peault<\/p><\/div>\n<p style=\"text-align: justify;\">Cette passion occupe une bonne partie de mes loisirs. La r\u00e9daction d\u2019un blogue demande beaucoup de temps. Pour alimenter ce blogue, je me dois de visiter les ponts fr\u00e9quemment afin de v\u00e9rifier les changements positifs ou n\u00e9gatifs qui sont survenus. Quand mon horaire de travail me le permet, je me rends aussi aux diff\u00e9rentes activit\u00e9s\u00a0 associ\u00e9es \u00e0 ce sujet (inauguration, f\u00eate, conf\u00e9rence). Quand je ne peux y assister, je d\u00e9l\u00e8gue un membre de ma famille ou un ami afin d\u2019avoir un compte-rendu et des photos de l\u2019\u00e9v\u00e9nement.<\/p>\n<p style=\"text-align: justify;\">Cr\u00e9er un site web et l\u2019avoir enrichi depuis 2008 m\u2019apporte une tr\u00e8s grande satisfaction. Durant ces ann\u00e9es, je me suis fait des amis, des alli\u00e9s, des collaborateurs pr\u00e9cieux. Gr\u00e2ce \u00e0 eux, je suis inform\u00e9 rapidement des nouvelles relatives aux ponts couverts. Je re\u00e7ois des photos r\u00e9centes ou d\u2019archives, des articles de journaux et des constats de visites qui me permettent d\u2019alimenter mon blogue. La g\u00e9n\u00e9rosit\u00e9 de ces personnes n\u2019a d\u2019\u00e9gale que leur amour du patrimoine.<\/p>\n<p style=\"text-align: justify;\">Bonne visite sur le site. Vos commentaires sont toujours appr\u00e9ci\u00e9s.<\/p>\n<p style=\"text-align: justify;\">Pour me joindre, <a href=\"mailto:pascal721@me.com\">cliquez ici<\/a><\/p>\n<p style=\"text-align: justify;\">Pascal<\/p>\n","protected":false},"excerpt":{"rendered":"<p>Mon nom est Pascal. Je suis natif de Longueuil et j\u2019habite toujours cette ville. Je travaille comme technicien \u00e0 la r\u00e9f\u00e9rence pour le R\u00e9seau des biblioth\u00e8ques publiques de Longueuil. Mon travail me permet d\u2019acc\u00e9der facilement \u00e0 de la documentation sur le patrimoine qu\u00e9b\u00e9cois, ma grande passion. Tout ce qui porte sur le patrimoine b\u00e2ti m\u2019int\u00e9resse, [&hellip;]<\/p>\n","protected":false},"author":1,"featured_media":0,"parent":0,"menu_order":0,"comment_status":"open","ping_status":"open","template":"","meta":[],"_links":{"self":[{"href":"https:\/\/pontscouverts.com\/blogue\/wp-json\/wp\/v2\/pages\/2"}],"collection":[{"href":"https:\/\/pontscouverts.com\/blogue\/wp-json\/wp\/v2\/pages"}],"about":[{"href":"https:\/\/pontscouverts.com\/blogue\/wp-json\/wp\/v2\/types\/page"}],"author":[{"embeddable":true,"href":"https:\/\/pontscouverts.com\/blogue\/wp-json\/wp\/v2\/users\/1"}],"replies":[{"embeddable":true,"href":"https:\/\/pontscouverts.com\/blogue\/wp-json\/wp\/v2\/comments?post=2"}],"version-history":[{"count":14,"href":"https:\/\/pontscouverts.com\/blogue\/wp-json\/wp\/v2\/pages\/2\/revisions"}],"predecessor-version":[{"id":38913,"href":"https:\/\/pontscouverts.com\/blogue\/wp-json\/wp\/v2\/pages\/2\/revisions\/38913"}],"wp:attachment":[{"href":"https:\/\/pontscouverts.com\/blogue\/wp-json\/wp\/v2\/media?parent=2"}],"curies":[{"name":"wp","href":"https:\/\/api.w.org\/{rel}","templated":true}]}}