{"id":19427,"date":"2018-08-24T09:47:29","date_gmt":"2018-08-24T13:47:29","guid":{"rendered":"http:\/\/pontscouverts.com\/blogue\/?page_id=19427"},"modified":"2025-12-01T08:32:29","modified_gmt":"2025-12-01T13:32:29","slug":"accueil","status":"publish","type":"page","link":"https:\/\/pontscouverts.com\/blogue\/accueil\/","title":{"rendered":"Accueil"},"content":{"rendered":"<h3 style=\"text-align: center;\"><strong><span style=\"color: #333399;\">Bienvenue sur ce site consacr\u00e9 aux ponts couverts du Qu\u00e9bec<\/span><\/strong><\/h3>\n<p style=\"text-align: justify;\"><span style=\"color: #000000;\">Mon nom est Pascal Conner. Ce site web personnel est n\u00e9 d\u2019un int\u00e9r\u00eat pour la photographie, l\u2019histoire, l\u2019\u00e9volution des technologies et bien s\u00fbr pour les ponts couverts du Qu\u00e9bec. Il constitue une bonne source d\u2019information et de r\u00e9f\u00e9rence sur les ponts couverts de notre belle province. Le site est mis \u00e0 jour presque quotidiennement du lundi au vendredi. J\u2019ajoute de nouvelles photos, des articles de journaux, des nouvelles, des commentaires ou des d\u00e9tails int\u00e9ressants sur nos ponts couverts actuels ou disparus.<\/span><\/p>\n<div id=\"attachment_19102\" style=\"width: 510px\" class=\"wp-caption aligncenter\"><a href=\"http:\/\/pontscouverts.com\/blogue\/wp-content\/uploads\/2018\/06\/IMG_0957.jpg\"><img aria-describedby=\"caption-attachment-19102\" loading=\"lazy\" class=\"wp-image-19102\" src=\"http:\/\/pontscouverts.com\/blogue\/wp-content\/uploads\/2018\/06\/IMG_0957-300x225.jpg\" alt=\"\" width=\"500\" height=\"375\" srcset=\"https:\/\/pontscouverts.com\/blogue\/wp-content\/uploads\/2018\/06\/IMG_0957-300x225.jpg 300w, https:\/\/pontscouverts.com\/blogue\/wp-content\/uploads\/2018\/06\/IMG_0957-e1583164357864-150x113.jpg 150w, https:\/\/pontscouverts.com\/blogue\/wp-content\/uploads\/2018\/06\/IMG_0957-768x576.jpg 768w, https:\/\/pontscouverts.com\/blogue\/wp-content\/uploads\/2018\/06\/IMG_0957-1024x768.jpg 1024w\" sizes=\"(max-width: 500px) 100vw, 500px\" \/><\/a><p id=\"caption-attachment-19102\" class=\"wp-caption-text\">Le pont Rouge de Ste-Jeanne-d&rsquo;Arc<\/p><\/div>\n<h3><span style=\"color: #000000;\">Visitez quotidiennement la page <span style=\"color: #0000ff;\"><span class=\"style_1\"><a href=\"https:\/\/pontscouverts.com\/blogue\/\"><span style=\"color: #0000ff;\">blogue sur les ponts<\/span><\/a>\u00a0<\/span><\/span>pour conna\u00eetre toutes les nouveaut\u00e9s.<\/span><\/h3>\n<hr \/>\n<p style=\"text-align: justify;\"><a href=\"http:\/\/pontscouverts.com\/blogue\/wp-content\/uploads\/2018\/08\/logopontage-leveled.jpg\"><img loading=\"lazy\" class=\"wp-image-19751 size-full aligncenter\" src=\"http:\/\/pontscouverts.com\/blogue\/wp-content\/uploads\/2018\/08\/logopontage-leveled.jpg\" alt=\"\" width=\"559\" height=\"298\" srcset=\"https:\/\/pontscouverts.com\/blogue\/wp-content\/uploads\/2018\/08\/logopontage-leveled.jpg 559w, https:\/\/pontscouverts.com\/blogue\/wp-content\/uploads\/2018\/08\/logopontage-leveled-300x160.jpg 300w\" sizes=\"(max-width: 559px) 100vw, 559px\" \/><\/a><br \/>\n<span style=\"color: #000000;\">Consultez les <a href=\"https:\/\/www.pontscouverts.com\/Pontscouverts2\/Pontages.html\"><strong><span style=\"color: #0000ff;\">archives du Pont\u2019\u00e2ge<\/span><\/strong><\/a>. Publi\u00e9s entre 1981 et 2002, les 87 num\u00e9ros de ce p\u00e9riodique contiennent plus de 800 pages d\u2019informations et de photos sur les ponts couverts.<\/span><\/p>\n<hr \/>\n<h1 style=\"text-align: center;\"><span style=\"color: #ff0000;\"><strong>R\u00e9pertoire 2025<\/strong><\/span><\/h1>\n<h2 style=\"text-align: center;\"><a href=\"https:\/\/pontscouverts.com\/blogue\/wp-content\/uploads\/2025\/12\/Repertoire_Aout_2025t.pdf\"><span style=\"color: #0000ff;\"><em>Les ponts couverts du Qu\u00e9bec, d\u2019hier \u00e0 aujourd\u2019hui<\/em><\/span><\/a><\/h2>\n<hr \/>\n<h1 style=\"text-align: center;\"><strong><span style=\"color: #ff0000;\">\u00c0 PROPOS DU SITE<\/span><\/strong><\/h1>\n<p style=\"text-align: justify;\"><span style=\"color: #000000;\">Les ponts ont \u00e9t\u00e9 class\u00e9s par r\u00e9gions pour s\u2019y retrouver plus facilement. En cliquant sur le nom du pont, vous obtiendrez des informations sur celui-ci, des anecdotes, de nombreuses photos ainsi qu\u2019un extrait vid\u00e9o.\u00a0Les renseignements utilis\u00e9s pour les fiches techniques des ponts ont \u00e9t\u00e9 pris dans l\u2019incontournable livre <a href=\"https:\/\/www.renaud-bray.com\/Livres_Produit.aspx?id=637460&amp;def=Ponts+couverts+au+Qu\u00e9bec(Les)%2cCOLLECTIF%2c2551196361\" target=\"_blank\" rel=\"noopener\"><span style=\"color: #0000ff;\"><em>\u201cLes ponts couverts au Qu\u00e9bec\u201d<\/em><\/span><\/a>, disponible en librairie.<\/span><\/p>\n<p style=\"text-align: justify;\"><a href=\"http:\/\/pontscouverts.com\/blogue\/wp-content\/uploads\/2018\/08\/pont-livre.jpg\"><img loading=\"lazy\" class=\"aligncenter wp-image-19752 size-medium\" src=\"http:\/\/pontscouverts.com\/blogue\/wp-content\/uploads\/2018\/08\/pont-livre-254x300.jpg\" alt=\"\" width=\"254\" height=\"300\" srcset=\"https:\/\/pontscouverts.com\/blogue\/wp-content\/uploads\/2018\/08\/pont-livre-254x300.jpg 254w, https:\/\/pontscouverts.com\/blogue\/wp-content\/uploads\/2018\/08\/pont-livre-768x908.jpg 768w, https:\/\/pontscouverts.com\/blogue\/wp-content\/uploads\/2018\/08\/pont-livre-866x1024.jpg 866w, https:\/\/pontscouverts.com\/blogue\/wp-content\/uploads\/2018\/08\/pont-livre.jpg 2033w\" sizes=\"(max-width: 254px) 100vw, 254px\" \/><\/a><\/p>\n<p style=\"text-align: justify;\"><span style=\"color: #000000;\">Certaines informations ont aussi \u00e9t\u00e9 prises dans le livre <span style=\"color: #ff0000;\"><em>\u201cLes ponts rouges du Qu\u00e9bec\u201d<\/em><\/span>, publi\u00e9 en 1999. Les photos utilis\u00e9es pour agr\u00e9menter ce site sont les miennes ou celles de pr\u00e9cieux collaborateurs. Lorsqu\u2019il ne s\u2019agit pas de mes photos, je mentionne toujours la source. Les cartes g\u00e9ographiques qui indiquent l\u2019emplacement des ponts ont \u00e9t\u00e9 prises sur le site du Minist\u00e8re des Transports du Qu\u00e9bec ou bien sur Google Maps.<\/span><\/p>\n<div id=\"attachment_19754\" style=\"width: 600px\" class=\"wp-caption alignnone\"><a href=\"http:\/\/pontscouverts.com\/blogue\/wp-content\/uploads\/2018\/08\/P7230663.jpg\"><img aria-describedby=\"caption-attachment-19754\" loading=\"lazy\" class=\"wp-image-19754 size-large\" src=\"http:\/\/pontscouverts.com\/blogue\/wp-content\/uploads\/2018\/08\/P7230663-1024x768.jpg\" alt=\"\" width=\"590\" height=\"443\" srcset=\"https:\/\/pontscouverts.com\/blogue\/wp-content\/uploads\/2018\/08\/P7230663-1024x768.jpg 1024w, https:\/\/pontscouverts.com\/blogue\/wp-content\/uploads\/2018\/08\/P7230663-300x225.jpg 300w, https:\/\/pontscouverts.com\/blogue\/wp-content\/uploads\/2018\/08\/P7230663-768x576.jpg 768w\" sizes=\"(max-width: 590px) 100vw, 590px\" \/><\/a><p id=\"caption-attachment-19754\" class=\"wp-caption-text\">Le pont de Des Rivi\u00e8res \u00e0 Notre-Dame-de-Stanbridge<\/p><\/div>\n<h1 style=\"text-align: center;\"><span style=\"color: #333399;\">BONNE VISITE<\/span><\/h1>\n","protected":false},"excerpt":{"rendered":"<p>Bienvenue sur ce site consacr\u00e9 aux ponts couverts du Qu\u00e9bec Mon nom est Pascal Conner. Ce site web personnel est n\u00e9 d\u2019un int\u00e9r\u00eat pour la photographie, l\u2019histoire, l\u2019\u00e9volution des technologies et bien s\u00fbr pour les ponts couverts du Qu\u00e9bec. Il constitue une bonne source d\u2019information et de r\u00e9f\u00e9rence sur les ponts couverts de notre belle [&hellip;]<\/p>\n","protected":false},"author":1,"featured_media":0,"parent":0,"menu_order":0,"comment_status":"closed","ping_status":"closed","template":"","meta":[],"_links":{"self":[{"href":"https:\/\/pontscouverts.com\/blogue\/wp-json\/wp\/v2\/pages\/19427"}],"collection":[{"href":"https:\/\/pontscouverts.com\/blogue\/wp-json\/wp\/v2\/pages"}],"about":[{"href":"https:\/\/pontscouverts.com\/blogue\/wp-json\/wp\/v2\/types\/page"}],"author":[{"embeddable":true,"href":"https:\/\/pontscouverts.com\/blogue\/wp-json\/wp\/v2\/users\/1"}],"replies":[{"embeddable":true,"href":"https:\/\/pontscouverts.com\/blogue\/wp-json\/wp\/v2\/comments?post=19427"}],"version-history":[{"count":23,"href":"https:\/\/pontscouverts.com\/blogue\/wp-json\/wp\/v2\/pages\/19427\/revisions"}],"predecessor-version":[{"id":41218,"href":"https:\/\/pontscouverts.com\/blogue\/wp-json\/wp\/v2\/pages\/19427\/revisions\/41218"}],"wp:attachment":[{"href":"https:\/\/pontscouverts.com\/blogue\/wp-json\/wp\/v2\/media?parent=19427"}],"curies":[{"name":"wp","href":"https:\/\/api.w.org\/{rel}","templated":true}]}}